{"id":10148,"date":"2024-08-31T07:43:34","date_gmt":"2024-08-31T04:43:34","guid":{"rendered":"https:\/\/dev.indreasada.com\/privacy-policy\/"},"modified":"2026-03-23T21:04:55","modified_gmt":"2026-03-23T19:04:55","slug":"privatumo-politika","status":"publish","type":"page","link":"https:\/\/indreasada.com\/lt\/privatumo-politika\/","title":{"rendered":"Privatumo Politika"},"content":{"rendered":"<section class=\"l-section wpb_row height_small\"><div class=\"l-section-h i-cf\"><div class=\"g-cols vc_row via_grid cols_1 laptops-cols_inherit tablets-cols_inherit mobiles-cols_1 valign_top type_default stacking_default\"><div class=\"wpb_column vc_column_container\"><div class=\"vc_column-inner\"><div class=\"wpb_text_column\"><div class=\"wpb_wrapper\"><h3>Privatumo politika svetain\u0117s IndreAsada.com<\/h3>\n<p><strong>\u012esigaliojimo data:<\/strong> 2024-11-24<br \/>\n<strong>Paskutin\u012f kart\u0105 atnaujinta:<\/strong> 2024-11-24<\/p>\n<hr \/>\n<h3>Kas mes esame<\/h3>\n<p>\u0160i svetain\u0117, <a href=\"http:\/\/www.indreasada.com\/\" target=\"_blank\" rel=\"noopener\">www.indreasada.com<\/a>, priklauso ir yra valdoma \u012fmon\u0117s \u201eIndre Asada Ltd\u201c. Tai platforma, skirta pagerinti lietuvi\u0173 ir angl\u0173 kalbomis kalban\u010di\u0173 \u017emoni\u0173 psichin\u0119 ir fizin\u0119 gerov\u0119 visame pasaulyje. Teikiame meditacij\u0173, s\u0105moningumo mokym\u0173 ir internetini\u0173 kurs\u0173 paslaugas, siekdami holistinio asmeninio tobul\u0117jimo.<\/p>\n<hr \/>\n<h3>Kokius asmens duomenis renkame ir kod\u0117l juos renkame<\/h3>\n<h4>Komentarai<\/h4>\n<p>Kai lankytojai palieka komentarus svetain\u0117je, renkame komentaro formoje pateiktus duomenis, taip pat lankytojo IP adres\u0105 ir nar\u0161ykl\u0117s vartotojo agento informacij\u0105. \u0160i informacija naudojama apsaugai nuo brukal\u0173.<br \/>\nBe to, anonimin\u0117 eilut\u0117, sukurta pagal j\u016bs\u0173 el. pa\u0161to adres\u0105 (vadinama \u201emai\u0161a\u201c), gali b\u016bti siun\u010diama \u012f \u201eGravatar\u201c paslaug\u0105, kad b\u016bt\u0173 patikrinta, ar ja naudojat\u0117s. \u201eGravatar\u201c privatumo politika yra pasiekiama <a href=\"https:\/\/automattic.com\/privacy\/\" target=\"_blank\" rel=\"noopener\">\u010dia<\/a>. Patvirtinus j\u016bs\u0173 komentar\u0105, j\u016bs\u0173 profilio nuotrauka (jei taikoma) gali b\u016bti vie\u0161ai matoma komentaro kontekste.<\/p>\n<hr \/>\n<h4>Medijos failai<\/h4>\n<p>Jei \u012fkeliate nuotraukas \u012f m\u016bs\u0173 svetain\u0119, venkite nuotrauk\u0173 su \u012fterptais vietos duomenimis (EXIF GPS). Svetain\u0117s lankytojai gali atsisi\u0173sti ir i\u0161gauti \u0161iuos vietos duomenis i\u0161 j\u016bs\u0173 \u012fkelt\u0173 nuotrauk\u0173.<\/p>\n<hr \/>\n<h4>Slapukai<\/h4>\n<ul>\n<li><strong>Komentarai:<\/strong> Palikdami komentar\u0105, galite pasirinkti i\u0161saugoti savo vard\u0105, el. pa\u0161to adres\u0105 ir svetain\u0119 slapukuose. \u0160ie slapukai galioja vienerius metus.<\/li>\n<li><strong>Prisijungimo informacija:<\/strong> Prisijungus \u012fra\u0161ome slapukus, kad i\u0161saugotume j\u016bs\u0173 prisijungimo informacij\u0105 ir ekrano nuostat\u0173 pasirinkimus. Prisijungimo slapukai galioja dvi dienas, o ekrano nuostat\u0173 slapukai \u2013 vienerius metus. Jei pasirinksite \u201eAtsiminti mane\u201c, j\u016bs\u0173 prisijungimas galios dvi savaites.<\/li>\n<li><strong>Laikini slapukai:<\/strong> Apsilankius prisijungimo puslapyje, bus nustatytas laikinas slapukas, kuris tikrina, ar j\u016bs\u0173 nar\u0161ykl\u0117 priima slapukus. \u0160is slapukas neturi asmens duomen\u0173 ir bus i\u0161trintas u\u017edarius nar\u0161ykl\u0119.<\/li>\n<li><strong>Straipsni\u0173 redagavimas\/publikavimas:<\/strong> Jei redaguojate arba publikuojate straipsn\u012f, slapukas su straipsnio ID bus i\u0161saugotas ir galios 1 dien\u0105.<\/li>\n<\/ul>\n<hr \/>\n<h4>\u012eterptas turinys i\u0161 kit\u0173 svetaini\u0173<\/h4>\n<p>Straipsniuose ar kursuose svetain\u0117je gali b\u016bti \u012fterptas turinys (pvz., vaizdo \u012fra\u0161ai, straipsniai ir kt.). \u012eterptas turinys elgiasi taip, lyg lankytojas b\u016bt\u0173 apsilank\u0119s kitoje svetain\u0117je. \u0160ios svetain\u0117s gali rinkti duomenis apie jus, naudoti slapukus ir steb\u0117ti j\u016bs\u0173 s\u0105veik\u0105 su \u012fterptu turiniu, \u012fskaitant s\u0105veik\u0105, jei turite paskyr\u0105 toje svetain\u0117je.<\/p>\n<hr \/>\n<h3>Kam dalijam\u0117s j\u016bs\u0173 duomenimis<\/h3>\n<p>Jei pra\u0161ote slapta\u017eod\u017eio atstatymo, j\u016bs\u0173 IP adresas bus \u012ftrauktas \u012f atstatymo el. lai\u0161k\u0105.<br \/>\nMes neparduodame ir nesidalijame j\u016bs\u0173 duomenimis su tre\u010di\u0173j\u0173 \u0161ali\u0173 reklamuotojais. Duomenys, perduoti pagrindiniams paslaug\u0173 teik\u0117jams, pvz., \u201eCloudflare\u201c, yra apsaugoti j\u0173 privatumo politikos.<\/p>\n<hr \/>\n<h3>Kiek laiko saugome j\u016bs\u0173 duomenis<\/h3>\n<ul>\n<li><strong>Komentarai:<\/strong> Saugomi neribot\u0105 laik\u0105, kad b\u016bt\u0173 u\u017etikrintas sklandus atsakym\u0173 procesas.<\/li>\n<li><strong>Naudotoj\u0173 paskyros:<\/strong> Informacija, pateikta registruojantis, saugoma saugiai. Naudotojai gali per\u017ei\u016br\u0117ti, redaguoti ar i\u0161trinti savo asmens duomenis bet kuriuo metu, i\u0161skyrus naudotojo vard\u0105.<\/li>\n<\/ul>\n<hr \/>\n<h3>J\u016bs\u0173 teis\u0117s d\u0117l j\u016bs\u0173 duomen\u0173<\/h3>\n<p>J\u016bs galite pra\u0161yti gauti eksportuot\u0105 j\u016bs\u0173 asmens duomen\u0173 fail\u0105, \u012fskaitant j\u016bs\u0173 pateiktus duomenis. Taip pat galite pra\u0161yti i\u0161trinti j\u016bs\u0173 asmens duomenis, i\u0161skyrus tuos, kuriuos privalome saugoti d\u0117l administracini\u0173, teisini\u0173 ar saugumo prie\u017eas\u010di\u0173.<\/p>\n<hr \/>\n<h3>Kur siun\u010diami j\u016bs\u0173 duomenys<\/h3>\n<p>Lankytoj\u0173 komentarai gali b\u016bti tikrinami naudojant automatizuot\u0105 apsaugos nuo brukal\u0173 paslaug\u0105.<\/p>\n<hr \/>\n<h3>Kaip mes saugome j\u016bs\u0173 duomenis<\/h3>\n<p>M\u016bs\u0173 serveriai naudoja standartines saugumo priemones, \u012fskaitant:<\/p>\n<ul>\n<li>Saugias serverio konfig\u016bracijas.<\/li>\n<li>Reguliarius atnaujinimus ir pa\u017eeid\u017eiamum\u0173 steb\u0117sen\u0105.<\/li>\n<\/ul>\n<p>Mes taip pat bendradarbiaujame su \u201eCloudflare\u201c, kad u\u017etikrintume optimal\u0173 j\u016bs\u0173 duomen\u0173 saugum\u0105 ir na\u0161um\u0105.<\/p>\n<hr \/>\n<h3>Kontaktin\u0117 informacija<\/h3>\n<p>Jeigu turite klausim\u0173 d\u0117l \u0161ios privatumo politikos ar norite pasinaudoti savo teis\u0117mis, susisiekite su mumis:<br \/>\n<strong>El. pa\u0161tas:<\/strong> <a href=\"mailto:info@indreasada.com\">info@indreasada.com<\/a><\/p>\n<p>\u0160i privatumo politika bus atnaujinama pagal poreik\u012f, siekiant atspind\u0117ti paslaug\u0173 ar teisini\u0173 reikalavim\u0173 pakeitimus.<\/p>\n<\/div><\/div><\/div><\/div><\/div><\/div><\/section>\n","protected":false},"excerpt":{"rendered":"Privatumo politika svetain\u0117s IndreAsada.com \u012esigaliojimo data: 2024-11-24 Paskutin\u012f kart\u0105 atnaujinta: 2024-11-24 Kas mes esame \u0160i svetain\u0117, www.indreasada.com, priklauso ir yra valdoma \u012fmon\u0117s \u201eIndre Asada Ltd\u201c. Tai platforma, skirta pagerinti lietuvi\u0173 ir angl\u0173 kalbomis kalban\u010di\u0173 \u017emoni\u0173 psichin\u0119 ir fizin\u0119 gerov\u0119 visame pasaulyje. Teikiame meditacij\u0173, s\u0105moningumo mokym\u0173 ir internetini\u0173 kurs\u0173 paslaugas, siekdami holistinio asmeninio tobul\u0117jimo. Kokius asmens...","protected":false},"author":1,"featured_media":0,"parent":0,"menu_order":0,"comment_status":"closed","ping_status":"open","template":"","meta":{"_acf_changed":false,"footnotes":""},"class_list":["post-10148","page","type-page","status-publish","hentry"],"acf":[],"yoast_head":"<!-- This site is optimized with the Yoast SEO Premium plugin v27.3 (Yoast SEO v27.3) - https:\/\/yoast.com\/product\/yoast-seo-premium-wordpress\/ -->\n<title>Privatumo Politika - Indre Asada<\/title>\n<meta name=\"description\" content=\"Learn how IndreAsada.com protects your privacy. Our detailed privacy policy explains how we collect, use, and safeguard your data, ensuring transparency and security for all users. Contact us for any questions.\" \/>\n<meta name=\"robots\" content=\"index, follow, max-snippet:-1, max-image-preview:large, max-video-preview:-1\" \/>\n<link rel=\"canonical\" href=\"https:\/\/indreasada.com\/lt\/privatumo-politika\/\" \/>\n<meta property=\"og:locale\" content=\"lt_LT\" \/>\n<meta property=\"og:type\" content=\"article\" \/>\n<meta property=\"og:title\" content=\"Privatumo Politika\" \/>\n<meta property=\"og:description\" content=\"Learn how IndreAsada.com protects your privacy. Our detailed privacy policy explains how we collect, use, and safeguard your data, ensuring transparency and security for all users. Contact us for any questions.\" \/>\n<meta property=\"og:url\" content=\"https:\/\/indreasada.com\/lt\/privatumo-politika\/\" \/>\n<meta property=\"og:site_name\" content=\"Indre Asada\" \/>\n<meta property=\"article:publisher\" content=\"https:\/\/www.facebook.com\/asada.indre\/\" \/>\n<meta property=\"article:modified_time\" content=\"2026-03-23T19:04:55+00:00\" \/>\n<meta name=\"twitter:card\" content=\"summary_large_image\" \/>\n<meta name=\"twitter:label1\" content=\"Est. reading time\" \/>\n\t<meta name=\"twitter:data1\" content=\"3 minut\u0117s\" \/>\n<script type=\"application\/ld+json\" class=\"yoast-schema-graph\">{\"@context\":\"https:\\\/\\\/schema.org\",\"@graph\":[{\"@type\":\"WebPage\",\"@id\":\"https:\\\/\\\/indreasada.com\\\/lt\\\/privatumo-politika\\\/\",\"url\":\"https:\\\/\\\/indreasada.com\\\/lt\\\/privatumo-politika\\\/\",\"name\":\"Privatumo Politika - Indre Asada\",\"isPartOf\":{\"@id\":\"https:\\\/\\\/indreasada.com\\\/lt\\\/#website\"},\"datePublished\":\"2024-08-31T04:43:34+00:00\",\"dateModified\":\"2026-03-23T19:04:55+00:00\",\"description\":\"Learn how IndreAsada.com protects your privacy. Our detailed privacy policy explains how we collect, use, and safeguard your data, ensuring transparency and security for all users. Contact us for any questions.\",\"breadcrumb\":{\"@id\":\"https:\\\/\\\/indreasada.com\\\/lt\\\/privatumo-politika\\\/#breadcrumb\"},\"inLanguage\":\"lt-LT\",\"potentialAction\":[{\"@type\":\"ReadAction\",\"target\":[\"https:\\\/\\\/indreasada.com\\\/lt\\\/privatumo-politika\\\/\"]}]},{\"@type\":\"BreadcrumbList\",\"@id\":\"https:\\\/\\\/indreasada.com\\\/lt\\\/privatumo-politika\\\/#breadcrumb\",\"itemListElement\":[{\"@type\":\"ListItem\",\"position\":1,\"name\":\"Home\",\"item\":\"https:\\\/\\\/indreasada.com\\\/lt\\\/\"},{\"@type\":\"ListItem\",\"position\":2,\"name\":\"Privatumo Politika\"}]},{\"@type\":\"WebSite\",\"@id\":\"https:\\\/\\\/indreasada.com\\\/lt\\\/#website\",\"url\":\"https:\\\/\\\/indreasada.com\\\/lt\\\/\",\"name\":\"Staging Indre Asada\",\"description\":\"Holistic Healing for Mind, Body, and Soul\",\"publisher\":{\"@id\":\"https:\\\/\\\/indreasada.com\\\/lt\\\/#organization\"},\"potentialAction\":[{\"@type\":\"SearchAction\",\"target\":{\"@type\":\"EntryPoint\",\"urlTemplate\":\"https:\\\/\\\/indreasada.com\\\/lt\\\/?s={search_term_string}\"},\"query-input\":{\"@type\":\"PropertyValueSpecification\",\"valueRequired\":true,\"valueName\":\"search_term_string\"}}],\"inLanguage\":\"lt-LT\"},{\"@type\":\"Organization\",\"@id\":\"https:\\\/\\\/indreasada.com\\\/lt\\\/#organization\",\"name\":\"Indre Asada\",\"url\":\"https:\\\/\\\/indreasada.com\\\/lt\\\/\",\"logo\":{\"@type\":\"ImageObject\",\"inLanguage\":\"lt-LT\",\"@id\":\"https:\\\/\\\/indreasada.com\\\/lt\\\/#\\\/schema\\\/logo\\\/image\\\/\",\"url\":\"\",\"contentUrl\":\"\",\"caption\":\"Indre Asada\"},\"image\":{\"@id\":\"https:\\\/\\\/indreasada.com\\\/lt\\\/#\\\/schema\\\/logo\\\/image\\\/\"},\"sameAs\":[\"https:\\\/\\\/www.facebook.com\\\/asada.indre\\\/\",\"https:\\\/\\\/www.youtube.com\\\/channel\\\/UCDLmKiMAxLtSrl12ddsQMqA\",\"https:\\\/\\\/t.me\\\/indreasadabendravimas\",\"https:\\\/\\\/www.instagram.com\\\/indreasada\\\/\"]}]}<\/script>\n<!-- \/ Yoast SEO Premium plugin. -->","yoast_head_json":{"title":"Privatumo Politika - Indre Asada","description":"Learn how IndreAsada.com protects your privacy. Our detailed privacy policy explains how we collect, use, and safeguard your data, ensuring transparency and security for all users. Contact us for any questions.","robots":{"index":"index","follow":"follow","max-snippet":"max-snippet:-1","max-image-preview":"max-image-preview:large","max-video-preview":"max-video-preview:-1"},"canonical":"https:\/\/indreasada.com\/lt\/privatumo-politika\/","og_locale":"lt_LT","og_type":"article","og_title":"Privatumo Politika","og_description":"Learn how IndreAsada.com protects your privacy. Our detailed privacy policy explains how we collect, use, and safeguard your data, ensuring transparency and security for all users. Contact us for any questions.","og_url":"https:\/\/indreasada.com\/lt\/privatumo-politika\/","og_site_name":"Indre Asada","article_publisher":"https:\/\/www.facebook.com\/asada.indre\/","article_modified_time":"2026-03-23T19:04:55+00:00","twitter_card":"summary_large_image","twitter_misc":{"Est. reading time":"3 minut\u0117s"},"schema":{"@context":"https:\/\/schema.org","@graph":[{"@type":"WebPage","@id":"https:\/\/indreasada.com\/lt\/privatumo-politika\/","url":"https:\/\/indreasada.com\/lt\/privatumo-politika\/","name":"Privatumo Politika - Indre Asada","isPartOf":{"@id":"https:\/\/indreasada.com\/lt\/#website"},"datePublished":"2024-08-31T04:43:34+00:00","dateModified":"2026-03-23T19:04:55+00:00","description":"Learn how IndreAsada.com protects your privacy. Our detailed privacy policy explains how we collect, use, and safeguard your data, ensuring transparency and security for all users. Contact us for any questions.","breadcrumb":{"@id":"https:\/\/indreasada.com\/lt\/privatumo-politika\/#breadcrumb"},"inLanguage":"lt-LT","potentialAction":[{"@type":"ReadAction","target":["https:\/\/indreasada.com\/lt\/privatumo-politika\/"]}]},{"@type":"BreadcrumbList","@id":"https:\/\/indreasada.com\/lt\/privatumo-politika\/#breadcrumb","itemListElement":[{"@type":"ListItem","position":1,"name":"Home","item":"https:\/\/indreasada.com\/lt\/"},{"@type":"ListItem","position":2,"name":"Privatumo Politika"}]},{"@type":"WebSite","@id":"https:\/\/indreasada.com\/lt\/#website","url":"https:\/\/indreasada.com\/lt\/","name":"Staging Indre Asada","description":"Holistic Healing for Mind, Body, and Soul","publisher":{"@id":"https:\/\/indreasada.com\/lt\/#organization"},"potentialAction":[{"@type":"SearchAction","target":{"@type":"EntryPoint","urlTemplate":"https:\/\/indreasada.com\/lt\/?s={search_term_string}"},"query-input":{"@type":"PropertyValueSpecification","valueRequired":true,"valueName":"search_term_string"}}],"inLanguage":"lt-LT"},{"@type":"Organization","@id":"https:\/\/indreasada.com\/lt\/#organization","name":"Indre Asada","url":"https:\/\/indreasada.com\/lt\/","logo":{"@type":"ImageObject","inLanguage":"lt-LT","@id":"https:\/\/indreasada.com\/lt\/#\/schema\/logo\/image\/","url":"","contentUrl":"","caption":"Indre Asada"},"image":{"@id":"https:\/\/indreasada.com\/lt\/#\/schema\/logo\/image\/"},"sameAs":["https:\/\/www.facebook.com\/asada.indre\/","https:\/\/www.youtube.com\/channel\/UCDLmKiMAxLtSrl12ddsQMqA","https:\/\/t.me\/indreasadabendravimas","https:\/\/www.instagram.com\/indreasada\/"]}]}},"jetpack_sharing_enabled":true,"_links":{"self":[{"href":"https:\/\/indreasada.com\/lt\/wp-json\/wp\/v2\/pages\/10148","targetHints":{"allow":["GET"]}}],"collection":[{"href":"https:\/\/indreasada.com\/lt\/wp-json\/wp\/v2\/pages"}],"about":[{"href":"https:\/\/indreasada.com\/lt\/wp-json\/wp\/v2\/types\/page"}],"author":[{"embeddable":true,"href":"https:\/\/indreasada.com\/lt\/wp-json\/wp\/v2\/users\/1"}],"replies":[{"embeddable":true,"href":"https:\/\/indreasada.com\/lt\/wp-json\/wp\/v2\/comments?post=10148"}],"version-history":[{"count":1,"href":"https:\/\/indreasada.com\/lt\/wp-json\/wp\/v2\/pages\/10148\/revisions"}],"predecessor-version":[{"id":32751,"href":"https:\/\/indreasada.com\/lt\/wp-json\/wp\/v2\/pages\/10148\/revisions\/32751"}],"wp:attachment":[{"href":"https:\/\/indreasada.com\/lt\/wp-json\/wp\/v2\/media?parent=10148"}],"curies":[{"name":"wp","href":"https:\/\/api.w.org\/{rel}","templated":true}]}}