{"id":22465,"date":"2025-09-14T14:45:09","date_gmt":"2025-09-14T11:45:09","guid":{"rendered":"https:\/\/indreasada.com\/?page_id=22465"},"modified":"2025-09-14T19:10:33","modified_gmt":"2025-09-14T16:10:33","slug":"padekos-ir-parama","status":"publish","type":"page","link":"https:\/\/indreasada.com\/lt\/padekos-ir-parama\/","title":{"rendered":"Pad\u0117kos ir parama"},"content":{"rendered":"<section class=\"l-section wpb_row height_medium with_img\"><div class=\"l-section-img\" role=\"img\" aria-label=\"Home Page Indre Asada Header\" data-img-width=\"1732\" data-img-height=\"529\" style=\"background-image: url(https:\/\/indreasada.com\/wp-content\/uploads\/2024\/11\/1-1.jpg);\"><\/div><div class=\"l-section-h i-cf\"><div class=\"g-cols vc_row via_grid cols_1 laptops-cols_inherit tablets-cols_inherit mobiles-cols_1 valign_top type_default stacking_default\"><div class=\"wpb_column vc_column_container\"><div class=\"vc_column-inner\"><div class=\"wpb_text_column us_custom_0068b94e has_text_color\"><div class=\"wpb_wrapper\"><h1 style=\"text-align: center;\">\u0160viesos r\u0117m\u0117j\u0173 erdv\u0117<\/h1>\n<\/div><\/div><\/div><\/div><\/div><\/div><\/section><section class=\"l-section wpb_row height_small\"><div class=\"l-section-h i-cf\"><div class=\"g-cols vc_row via_grid cols_2-1 laptops-cols_inherit tablets-cols_inherit mobiles-cols_1 valign_top type_default stacking_default\"><div class=\"wpb_column vc_column_container\"><div class=\"vc_column-inner\"><div class=\"wpb_text_column\"><div class=\"wpb_wrapper\"><h3><span style=\"font-size: 3em; font-weight: bold; font-family: 'Gwendolyn', serif;\">D<\/span><strong data-start=\"415\" data-end=\"459\">aug \u0161viesos ir meil\u0117s tavo pasirinkimui<\/strong><\/h3>\n<div id=\"model-response-message-contentr_8d769cd5bdaf919a\" class=\"markdown markdown-main-panel enable-updated-hr-color\" dir=\"ltr\">\n<div>\n<p data-start=\"466\" data-end=\"634\">Tavo sprendimas dalintis \u0161viesa \u2013 tai kur kas daugiau nei pad\u0117ka ar parama. Tai tavo \u0161irdies intencija, kuri pasiekia sielas, klaid\u017eiojan\u010dias tamsoje ir ie\u0161kan\u010dias pagalbos.<\/p>\n<p data-start=\"641\" data-end=\"818\">Tavo pasirinkimas prisid\u0117ti prie \u0161viesos darbo gali tapti raktu ne tik \u012f tavo artim\u0173j\u0173 \u0161irdis. Jis taip pat atveria tavo paties \u0161ird\u012f gausai, pri\u0117mimui ir prasmingam buvimui.<\/p>\n<p data-start=\"825\" data-end=\"907\">D\u0117kojame tau u\u017e tai, kad padedi skleisti \u0161vies\u0105, s\u0105moningum\u0105 ir meil\u0119 visame pasaulyje. Kiekvienas veiksmas, kylantis i\u0161 \u0161irdies, yra tavo ind\u0117lis \u012f geresn\u012f pasaul\u012f.<\/p>\n<p data-start=\"825\" data-end=\"907\"><b>Garantuojame tavo duomen\u0173 konfidencialum\u0105. Tavo vardas ir aukos suma nebus vie\u0161inami.<\/b><\/p>\n<\/div>\n<\/div>\n<\/div><\/div><\/div><\/div><div class=\"wpb_column vc_column_container\"><div class=\"vc_column-inner\"><div data-us-scroll=\"{&quot;from_initial_position&quot;:&quot;0&quot;,&quot;start_position&quot;:&quot;0%&quot;,&quot;end_position&quot;:&quot;100%&quot;,&quot;delay&quot;:&quot;0.1s&quot;,&quot;opacity_direction&quot;:&quot;out-in&quot;}\" class=\"w-image hide_on_tablets hide_on_mobiles has_scroll_effects has_opacity align_center\"><div class=\"w-image-h\"><img decoding=\"async\" width=\"500\" height=\"500\" src=\"https:\/\/indreasada.com\/wp-content\/uploads\/2025\/09\/Tavo-misija-su-indre-asada2.png\" class=\"attachment-large size-large\" alt=\"Tavo misija su indre asada\" loading=\"lazy\" srcset=\"https:\/\/indreasada.com\/wp-content\/uploads\/2025\/09\/Tavo-misija-su-indre-asada2.png 500w, https:\/\/indreasada.com\/wp-content\/uploads\/2025\/09\/Tavo-misija-su-indre-asada2-300x300.png 300w, https:\/\/indreasada.com\/wp-content\/uploads\/2025\/09\/Tavo-misija-su-indre-asada2-150x150.png 150w, https:\/\/indreasada.com\/wp-content\/uploads\/2025\/09\/Tavo-misija-su-indre-asada2-50x50.png 50w\" sizes=\"auto, (max-width: 500px) 100vw, 500px\" \/><\/div><\/div><\/div><\/div><\/div><\/div><\/section><section class=\"l-section wpb_row height_small\"><div class=\"l-section-h i-cf\"><div class=\"g-cols vc_row via_grid cols_3 laptops-cols_inherit tablets-cols_inherit mobiles-cols_1 valign_top type_default stacking_default\"><div class=\"wpb_column vc_column_container hide_on_default hide_on_laptops\"><div class=\"vc_column-inner\"><div data-us-scroll=\"{&quot;from_initial_position&quot;:&quot;0&quot;,&quot;start_position&quot;:&quot;0%&quot;,&quot;end_position&quot;:&quot;100%&quot;,&quot;delay&quot;:&quot;0.1s&quot;,&quot;opacity_direction&quot;:&quot;out-in&quot;}\" class=\"w-image hide_on_default hide_on_laptops has_scroll_effects has_opacity align_center\"><div class=\"w-image-h\"><img decoding=\"async\" width=\"300\" height=\"300\" src=\"https:\/\/indreasada.com\/wp-content\/uploads\/2025\/09\/Tavo-misija-su-indre-asada2-300x300.png\" class=\"attachment-medium size-medium\" alt=\"Tavo misija su indre asada\" loading=\"lazy\" srcset=\"https:\/\/indreasada.com\/wp-content\/uploads\/2025\/09\/Tavo-misija-su-indre-asada2-300x300.png 300w, https:\/\/indreasada.com\/wp-content\/uploads\/2025\/09\/Tavo-misija-su-indre-asada2-150x150.png 150w, https:\/\/indreasada.com\/wp-content\/uploads\/2025\/09\/Tavo-misija-su-indre-asada2-50x50.png 50w, https:\/\/indreasada.com\/wp-content\/uploads\/2025\/09\/Tavo-misija-su-indre-asada2.png 500w\" sizes=\"auto, (max-width: 300px) 100vw, 300px\" \/><\/div><\/div><\/div><\/div><\/div><\/div><\/section><section class=\"l-section wpb_row height_small\"><div class=\"l-section-overlay\" style=\"background:var(--color-background-indre-light)\"><\/div><div class=\"l-section-h i-cf\"><div class=\"g-cols vc_row via_grid cols_2 laptops-cols_inherit tablets-cols_inherit mobiles-cols_1 valign_top type_default stacking_default\"><div class=\"wpb_column vc_column_container\"><div class=\"vc_column-inner\"><div class=\"wpb_text_column\"><div class=\"wpb_wrapper\"><h3><span style=\"font-size: 3em; font-weight: bold; font-family: 'Gwendolyn', serif;\">P<\/span><b>asirink savo \u0161viesos dal\u012f<\/b><\/h3>\n<p>\u0160iame lange gali pasirinkti, kaip nori prisid\u0117ti prie m\u016bs\u0173 misijos. Tavo ind\u0117lis \u2013 tai \u0161viesos dalel\u0117, kuri padeda kurti geresn\u012f pasaul\u012f.<\/p>\n<p><b>Pasirink viena is siulomu sumu<\/b>, arba \u012fvesk savo norim\u0105 sum\u0105 \u017eemiau.<\/p>\n<p>Taip pat gali:<\/p>\n<ul>\n<li><b>Para\u0161yti mums trump\u0105 \u017einut\u0119<\/b>, jei nori pasidalinti savo mintimis ar intencija.<\/li>\n<li><b>Pa\u017eym\u0117ti, kad nori b\u016bti informuotas<\/b>. Mes \u012ftrauksime tave \u012f speciali\u0105 el. pa\u0161to grup\u0119, kurioje dalinsim\u0117s, kaip tavo parama kei\u010dia pasaul\u012f.<\/li>\n<\/ul>\n<p>Kai jau pasirinksi sum\u0105 ir visas tau svarbias parinktis, spausk mygtuk\u0105 <b>\u201eDovanoti\u201c<\/b>. B\u016bsi nukreiptas \u012f saug\u0173 atsiskaitymo puslap\u012f, kur gal\u0117si atsiskaityti tau patogiausiu b\u016bdu.<\/p>\n<\/div><\/div><\/div><\/div><div class=\"wpb_column vc_column_container\"><div class=\"vc_column-inner\">[vc_raw_html]JTVCaWFkX2RvbmF0aW9uX2Zvcm0lMEQlMEElMjAlMjAlMjAlMjBwcm9kdWN0X2lkJTNEJTIyMjI0NDAlMjIlMEQlMEElMjAlMjAlMjAlMjBhbW91bnRzJTNEJTIyMTAlMkMyNSUyQzUwJTJDMTAwJTIyJTBEJTBBJTIwJTIwJTIwJTIwbWluX2Ftb3VudCUzRCUyMjUlMjIlMEQlMEElMjAlMjAlMjAlMjBtYXhfYW1vdW50JTNEJTIyMTAwMDAlMjIlMEQlMEElMjAlMjAlMjAlMjBzaG93X3Byb2dyZXNzJTNEJTIyZmFsc2UlMjIlMEQlMEElMjAlMjAlMjAlMjBlbmFibGVfZGVkaWNhdGlvbiUzRCUyMmZhbHNlJTIyJTBEJTBBJTVEJTBEJTBB[\/vc_raw_html]<\/div><\/div><\/div><\/div><\/section><section class=\"l-section wpb_row height_small\"><div class=\"l-section-overlay\" style=\"background:var(--color-background-indre-light)\"><\/div><div class=\"l-section-h i-cf\"><div class=\"g-cols vc_row via_grid cols_1-2 laptops-cols_inherit tablets-cols_inherit mobiles-cols_1 valign_top type_default stacking_default\"><div class=\"wpb_column vc_column_container\"><div class=\"vc_column-inner\"><div data-us-scroll=\"{&quot;from_initial_position&quot;:&quot;0&quot;,&quot;start_position&quot;:&quot;0%&quot;,&quot;end_position&quot;:&quot;100%&quot;,&quot;delay&quot;:&quot;0.1s&quot;,&quot;opacity_direction&quot;:&quot;out-in&quot;}\" class=\"w-image hide_on_tablets hide_on_mobiles has_scroll_effects has_opacity align_center\"><div class=\"w-image-h\"><img decoding=\"async\" width=\"466\" height=\"861\" src=\"https:\/\/indreasada.com\/wp-content\/uploads\/2024\/11\/ornamentas-1.png\" class=\"attachment-large size-large\" alt=\"\" loading=\"lazy\" srcset=\"https:\/\/indreasada.com\/wp-content\/uploads\/2024\/11\/ornamentas-1.png 466w, https:\/\/indreasada.com\/wp-content\/uploads\/2024\/11\/ornamentas-1-162x300.png 162w\" sizes=\"auto, (max-width: 466px) 100vw, 466px\" \/><\/div><\/div><\/div><\/div><div class=\"wpb_column vc_column_container\"><div class=\"vc_column-inner\"><div class=\"wpb_text_column\"><div class=\"wpb_wrapper\"><h3><span style=\"font-size: 3em; font-weight: bold; font-family: 'Gwendolyn', serif;\">T<\/span><b>avo pad\u0117ka ar parama padeda mums:<\/b><\/h3>\n<ul>\n<li><b>Kurti<\/b> saugias ir jaukias erdves transformacijai, gijimui ir s\u0105moningam augimui.<\/li>\n<li><b>Auginti<\/b> bendruomen\u0119, kurioje kiekvienas jau\u010diasi priimtas, matomas ir svarbus.<\/li>\n<li><b>Kurti<\/b> turin\u012f, kuris pasiekia, \u017eadina ir \u012fkvepia \u2013 tiek pradedan\u010dius, tiek tuos, kurie jau yra savo kelyje.<\/li>\n<li><b>I\u0161pl\u0117sti<\/b> misij\u0105, kad \u0161viesa sklist\u0173 trimis kalbomis ir pasiekt\u0173 dar daugiau siel\u0173.<\/li>\n<li><b>Dalintis<\/b> \u0161viesa per meditacijas, mokymus ir gyvus susitikimus \u012fvairiomis kalbomis.<\/li>\n<li><b>Sukurti<\/b> \u0161ird\u012f atverian\u010di\u0105 erdv\u0119 bendrystei, sielos poilsiui ir vidiniam augimui.<\/li>\n<\/ul>\n<\/div><\/div><\/div><\/div><\/div><\/div><\/section><section class=\"l-section wpb_row height_small\"><div class=\"l-section-overlay\" style=\"background:var(--color-background-indre-light)\"><\/div><div class=\"l-section-h i-cf\"><div class=\"g-cols vc_row via_grid cols_1-4-1 laptops-cols_inherit tablets-cols_inherit mobiles-cols_1 valign_top type_default stacking_default\"><div class=\"wpb_column vc_column_container\"><div class=\"vc_column-inner\"><\/div><\/div><div class=\"wpb_column vc_column_container\"><div class=\"vc_column-inner\"><div class=\"wpb_text_column us_custom_4a593b65 us_animate_this\"><div class=\"wpb_wrapper\"><h3><span style=\"font-size: 3em; font-weight: bold; font-family: 'Gwendolyn', serif;\">S<\/span>u kiekviena i\u0161gydyta Siela pasaulis tampa geresnis \u2013 tai dovana, kuri\u0105 dovanoji sau.<\/h3>\n<\/div><\/div><\/div><\/div><div class=\"wpb_column vc_column_container\"><div class=\"vc_column-inner\"><\/div><\/div><\/div><\/div><\/section><section class=\"l-section wpb_row height_small\"><div class=\"l-section-h i-cf\"><div class=\"g-cols vc_row via_grid cols_1-4-1 laptops-cols_inherit tablets-cols_inherit mobiles-cols_1 valign_top type_default stacking_default\"><div class=\"wpb_column vc_column_container\"><div class=\"vc_column-inner\"><\/div><\/div><div class=\"wpb_column vc_column_container\"><div class=\"vc_column-inner\"><div class=\"wpb_text_column\"><div class=\"wpb_wrapper\"><h3><span style=\"font-size: 3em; font-weight: bold; font-family: 'Gwendolyn', serif;\">J<\/span><b>ei \u010dia esi pirm\u0105 kart\u0105\u2026<\/b><\/h3>\n<p>Jei apsilankei \u010dia pirm\u0105 kart\u0105 ir dar nesp\u0117jai pa\u017einti m\u016bs\u0173 erdv\u0117s, labai kvie\u010diu tai padaryti dabar!<\/p>\n<p><b>Atrask<\/b> m\u016bs\u0173 meditacij\u0173 erdv\u0119 \u2013 viet\u0105, kurioje tav\u0119s laukia ramyb\u0117, vidin\u0117 galia ir \u0161irdies \u0161viesa.<\/p>\n<p>Taip pat kvie\u010diu:<\/p>\n<ul>\n<li><b>U\u017esukti \u012f m\u016bs\u0173 <a href=\"https:\/\/indreasada.com\/lt\/blogas\/\">tinklara\u0161t\u012f<\/a><\/b> \u2013 ten dalinuosi \u012f\u017evalgomis, \u012frankiais ir \u0161viesos kelio temomis.<\/li>\n<li><b>Apsilankyti parduotuv\u0117je<\/b> \u2013 kur rasi vertingus kursus, meditacijas ir kvietimus \u012f gyvus susitikimus.<\/li>\n<li><b>Susipa\u017einti su m\u016bs\u0173 kursu <a href=\"https:\/\/indreasada.com\/lt\/produktas\/gyvenimo-balansas-pamatai\/\">\u201eGyvenimo balansas\u201c<\/a><\/b>. Tai viena giliausi\u0173 kelioni\u0173 \u012f save, kuri jau \u0161imtams \u017emoni\u0173 pad\u0117jo atkurti ramyb\u0119, energij\u0105 ir ai\u0161kum\u0105.<\/li>\n<\/ul>\n<p>Ir \u017einoma, <a href=\"https:\/\/indreasada.com\/lt\/kontaktai\/\"><b>u\u017esiprenumeruok<\/b><\/a> m\u016bs\u0173 naujienlai\u0161k\u012f, kad nepraleistum dovan\u0173, nauj\u0173 \u012fra\u0161\u0173 ar tiesiogini\u0173 transliacij\u0173.<\/p>\n<p>Jei jauti, kad tau reikia pagalbos, patarimo, ar tiesiog ne\u017einai nuo ko prad\u0117ti \u2013 <a href=\"https:\/\/indreasada.com\/lt\/kontaktai\/\"><b>kvie\u010diu susisiekti su manimi<\/b><\/a> d\u0117l trumpo 15 minu\u010di\u0173 pokalbio. Kartu surasime atsakymus ir ai\u0161kum\u0105 tavo kelyje.<\/p>\n<p>\u0160viesa sklinda tada, kai esame kartu.<\/p>\n<\/div><\/div><div class=\"w-btn-wrapper align_center\"><a class=\"w-btn us-btn-style_1 us_custom_eb849559 popmake-10426\" href=\"\/lt\/kontaktai\/\"><span class=\"w-btn-label\">Susisiekti su mumis<\/span><\/a><\/div><\/div><\/div><div class=\"wpb_column vc_column_container\"><div class=\"vc_column-inner\"><\/div><\/div><\/div><\/div><\/section><section class=\"l-section wpb_row height_small\"><div class=\"l-section-h i-cf\"><div class=\"g-cols vc_row via_grid cols_1-4-1 laptops-cols_inherit tablets-cols_inherit mobiles-cols_1 valign_top type_default stacking_default\"><div class=\"wpb_column vc_column_container\"><div class=\"vc_column-inner\"><div class=\"w-image align_center\"><div class=\"w-image-h\"><img decoding=\"async\" width=\"584\" height=\"405\" src=\"https:\/\/indreasada.com\/wp-content\/uploads\/2024\/11\/10.png\" class=\"attachment-large size-large\" alt=\"\" loading=\"lazy\" srcset=\"https:\/\/indreasada.com\/wp-content\/uploads\/2024\/11\/10.png 584w, https:\/\/indreasada.com\/wp-content\/uploads\/2024\/11\/10-300x208.png 300w\" sizes=\"auto, (max-width: 584px) 100vw, 584px\" \/><\/div><\/div><\/div><\/div><div class=\"wpb_column vc_column_container\"><div class=\"vc_column-inner\"><div class=\"wpb_text_column\"><div class=\"wpb_wrapper\"><blockquote>\n<p style=\"text-align: center;\"><em>Daug \u0161viesos ir meil\u0117s tau, teb\u016bna tau atlyginta daugiariopai pagal tavo \u0161ird\u012f.<\/em><\/p>\n<\/blockquote>\n<h3><\/h3>\n<\/div><\/div><\/div><\/div><div class=\"wpb_column vc_column_container\"><div class=\"vc_column-inner\"><div data-us-scroll=\"{&quot;from_initial_position&quot;:&quot;0&quot;,&quot;start_position&quot;:&quot;0%&quot;,&quot;end_position&quot;:&quot;100%&quot;,&quot;delay&quot;:&quot;0.1s&quot;,&quot;opacity_direction&quot;:&quot;out-in&quot;}\" class=\"w-image hide_on_tablets hide_on_mobiles has_scroll_effects has_opacity align_center\"><div class=\"w-image-h\"><img decoding=\"async\" width=\"862\" height=\"467\" src=\"https:\/\/indreasada.com\/wp-content\/uploads\/2024\/11\/3.png\" class=\"attachment-large size-large\" alt=\"\" loading=\"lazy\" srcset=\"https:\/\/indreasada.com\/wp-content\/uploads\/2024\/11\/3.png 862w, https:\/\/indreasada.com\/wp-content\/uploads\/2024\/11\/3-300x163.png 300w, https:\/\/indreasada.com\/wp-content\/uploads\/2024\/11\/3-600x325.png 600w\" sizes=\"auto, (max-width: 862px) 100vw, 862px\" \/><\/div><\/div><\/div><\/div><\/div><\/div><\/section><section class=\"l-section wpb_row height_small with_img\"><div class=\"l-section-img\" role=\"img\" aria-label=\"Bottom image Indre Asada services\" data-img-width=\"1440\" data-img-height=\"169\" style=\"background-image: url(https:\/\/indreasada.com\/wp-content\/uploads\/2024\/11\/3.jpg);\"><\/div><div class=\"l-section-h i-cf\"><div class=\"g-cols vc_row via_grid cols_1 laptops-cols_inherit tablets-cols_inherit mobiles-cols_1 valign_top type_default stacking_default\"><div class=\"wpb_column vc_column_container\"><div class=\"vc_column-inner\"><\/div><\/div><\/div><\/div><\/section>\n","protected":false},"excerpt":{"rendered":"\u0160viesos r\u0117m\u0117j\u0173 erdv\u0117 Daug \u0161viesos ir meil\u0117s tavo pasirinkimui Tavo sprendimas dalintis \u0161viesa \u2013 tai kur kas daugiau nei pad\u0117ka ar parama. Tai tavo \u0161irdies intencija, kuri pasiekia sielas, klaid\u017eiojan\u010dias tamsoje ir ie\u0161kan\u010dias pagalbos. Tavo pasirinkimas prisid\u0117ti prie \u0161viesos darbo gali tapti raktu ne tik \u012f tavo artim\u0173j\u0173 \u0161irdis. Jis taip pat atveria tavo paties...","protected":false},"author":1,"featured_media":0,"parent":0,"menu_order":0,"comment_status":"closed","ping_status":"closed","template":"","meta":{"_acf_changed":false,"footnotes":""},"class_list":["post-22465","page","type-page","status-publish","hentry"],"acf":[],"yoast_head":"<!-- This site is optimized with the Yoast SEO Premium plugin v27.3 (Yoast SEO v27.3) - https:\/\/yoast.com\/product\/yoast-seo-premium-wordpress\/ -->\n<title>Pad\u0117kos ir parama - Indre Asada<\/title>\n<meta name=\"description\" content=\"Kiekviena pad\u0117ka ar parama, kylanti i\u0161 \u0161irdies, yra ind\u0117lis \u012f geresn\u012f pasaul\u012f. Tapk dalimi didesnio plano prisijungdamas prie Indre Asada misijos pl\u0117tros\" \/>\n<meta name=\"robots\" content=\"index, follow, max-snippet:-1, max-image-preview:large, max-video-preview:-1\" \/>\n<link rel=\"canonical\" href=\"https:\/\/indreasada.com\/lt\/padekos-ir-parama\/\" \/>\n<meta property=\"og:locale\" content=\"lt_LT\" \/>\n<meta property=\"og:type\" content=\"article\" \/>\n<meta property=\"og:title\" content=\"Pad\u0117kos ir parama\" \/>\n<meta property=\"og:description\" content=\"Kiekviena pad\u0117ka ar parama, kylanti i\u0161 \u0161irdies, yra ind\u0117lis \u012f geresn\u012f pasaul\u012f. Tapk dalimi didesnio plano prisijungdamas prie Indre Asada misijos pl\u0117tros\" \/>\n<meta property=\"og:url\" content=\"https:\/\/indreasada.com\/lt\/padekos-ir-parama\/\" \/>\n<meta property=\"og:site_name\" content=\"Indre Asada\" \/>\n<meta property=\"article:publisher\" content=\"https:\/\/www.facebook.com\/asada.indre\/\" \/>\n<meta property=\"article:modified_time\" content=\"2025-09-14T16:10:33+00:00\" \/>\n<meta name=\"twitter:card\" content=\"summary_large_image\" \/>\n<meta name=\"twitter:label1\" content=\"Est. reading time\" \/>\n\t<meta name=\"twitter:data1\" content=\"3 minut\u0117s\" \/>\n<script type=\"application\/ld+json\" class=\"yoast-schema-graph\">{\"@context\":\"https:\\\/\\\/schema.org\",\"@graph\":[{\"@type\":\"WebPage\",\"@id\":\"https:\\\/\\\/indreasada.com\\\/lt\\\/padekos-ir-parama\\\/\",\"url\":\"https:\\\/\\\/indreasada.com\\\/lt\\\/padekos-ir-parama\\\/\",\"name\":\"Pad\u0117kos ir parama - Indre Asada\",\"isPartOf\":{\"@id\":\"https:\\\/\\\/indreasada.com\\\/lt\\\/#website\"},\"datePublished\":\"2025-09-14T11:45:09+00:00\",\"dateModified\":\"2025-09-14T16:10:33+00:00\",\"description\":\"Kiekviena pad\u0117ka ar parama, kylanti i\u0161 \u0161irdies, yra ind\u0117lis \u012f geresn\u012f pasaul\u012f. Tapk dalimi didesnio plano prisijungdamas prie Indre Asada misijos pl\u0117tros\",\"breadcrumb\":{\"@id\":\"https:\\\/\\\/indreasada.com\\\/lt\\\/padekos-ir-parama\\\/#breadcrumb\"},\"inLanguage\":\"lt-LT\",\"potentialAction\":[{\"@type\":\"ReadAction\",\"target\":[\"https:\\\/\\\/indreasada.com\\\/lt\\\/padekos-ir-parama\\\/\"]}]},{\"@type\":\"BreadcrumbList\",\"@id\":\"https:\\\/\\\/indreasada.com\\\/lt\\\/padekos-ir-parama\\\/#breadcrumb\",\"itemListElement\":[{\"@type\":\"ListItem\",\"position\":1,\"name\":\"Home\",\"item\":\"https:\\\/\\\/indreasada.com\\\/lt\\\/\"},{\"@type\":\"ListItem\",\"position\":2,\"name\":\"Pad\u0117kos ir parama\"}]},{\"@type\":\"WebSite\",\"@id\":\"https:\\\/\\\/indreasada.com\\\/lt\\\/#website\",\"url\":\"https:\\\/\\\/indreasada.com\\\/lt\\\/\",\"name\":\"Staging Indre Asada\",\"description\":\"Holistic Healing for Mind, Body, and Soul\",\"publisher\":{\"@id\":\"https:\\\/\\\/indreasada.com\\\/lt\\\/#organization\"},\"potentialAction\":[{\"@type\":\"SearchAction\",\"target\":{\"@type\":\"EntryPoint\",\"urlTemplate\":\"https:\\\/\\\/indreasada.com\\\/lt\\\/?s={search_term_string}\"},\"query-input\":{\"@type\":\"PropertyValueSpecification\",\"valueRequired\":true,\"valueName\":\"search_term_string\"}}],\"inLanguage\":\"lt-LT\"},{\"@type\":\"Organization\",\"@id\":\"https:\\\/\\\/indreasada.com\\\/lt\\\/#organization\",\"name\":\"Indre Asada\",\"url\":\"https:\\\/\\\/indreasada.com\\\/lt\\\/\",\"logo\":{\"@type\":\"ImageObject\",\"inLanguage\":\"lt-LT\",\"@id\":\"https:\\\/\\\/indreasada.com\\\/lt\\\/#\\\/schema\\\/logo\\\/image\\\/\",\"url\":\"\",\"contentUrl\":\"\",\"caption\":\"Indre Asada\"},\"image\":{\"@id\":\"https:\\\/\\\/indreasada.com\\\/lt\\\/#\\\/schema\\\/logo\\\/image\\\/\"},\"sameAs\":[\"https:\\\/\\\/www.facebook.com\\\/asada.indre\\\/\",\"https:\\\/\\\/www.youtube.com\\\/channel\\\/UCDLmKiMAxLtSrl12ddsQMqA\",\"https:\\\/\\\/t.me\\\/indreasadabendravimas\",\"https:\\\/\\\/www.instagram.com\\\/indreasada\\\/\"]}]}<\/script>\n<!-- \/ Yoast SEO Premium plugin. -->","yoast_head_json":{"title":"Pad\u0117kos ir parama - Indre Asada","description":"Kiekviena pad\u0117ka ar parama, kylanti i\u0161 \u0161irdies, yra ind\u0117lis \u012f geresn\u012f pasaul\u012f. Tapk dalimi didesnio plano prisijungdamas prie Indre Asada misijos pl\u0117tros","robots":{"index":"index","follow":"follow","max-snippet":"max-snippet:-1","max-image-preview":"max-image-preview:large","max-video-preview":"max-video-preview:-1"},"canonical":"https:\/\/indreasada.com\/lt\/padekos-ir-parama\/","og_locale":"lt_LT","og_type":"article","og_title":"Pad\u0117kos ir parama","og_description":"Kiekviena pad\u0117ka ar parama, kylanti i\u0161 \u0161irdies, yra ind\u0117lis \u012f geresn\u012f pasaul\u012f. Tapk dalimi didesnio plano prisijungdamas prie Indre Asada misijos pl\u0117tros","og_url":"https:\/\/indreasada.com\/lt\/padekos-ir-parama\/","og_site_name":"Indre Asada","article_publisher":"https:\/\/www.facebook.com\/asada.indre\/","article_modified_time":"2025-09-14T16:10:33+00:00","twitter_card":"summary_large_image","twitter_misc":{"Est. reading time":"3 minut\u0117s"},"schema":{"@context":"https:\/\/schema.org","@graph":[{"@type":"WebPage","@id":"https:\/\/indreasada.com\/lt\/padekos-ir-parama\/","url":"https:\/\/indreasada.com\/lt\/padekos-ir-parama\/","name":"Pad\u0117kos ir parama - Indre Asada","isPartOf":{"@id":"https:\/\/indreasada.com\/lt\/#website"},"datePublished":"2025-09-14T11:45:09+00:00","dateModified":"2025-09-14T16:10:33+00:00","description":"Kiekviena pad\u0117ka ar parama, kylanti i\u0161 \u0161irdies, yra ind\u0117lis \u012f geresn\u012f pasaul\u012f. Tapk dalimi didesnio plano prisijungdamas prie Indre Asada misijos pl\u0117tros","breadcrumb":{"@id":"https:\/\/indreasada.com\/lt\/padekos-ir-parama\/#breadcrumb"},"inLanguage":"lt-LT","potentialAction":[{"@type":"ReadAction","target":["https:\/\/indreasada.com\/lt\/padekos-ir-parama\/"]}]},{"@type":"BreadcrumbList","@id":"https:\/\/indreasada.com\/lt\/padekos-ir-parama\/#breadcrumb","itemListElement":[{"@type":"ListItem","position":1,"name":"Home","item":"https:\/\/indreasada.com\/lt\/"},{"@type":"ListItem","position":2,"name":"Pad\u0117kos ir parama"}]},{"@type":"WebSite","@id":"https:\/\/indreasada.com\/lt\/#website","url":"https:\/\/indreasada.com\/lt\/","name":"Staging Indre Asada","description":"Holistic Healing for Mind, Body, and Soul","publisher":{"@id":"https:\/\/indreasada.com\/lt\/#organization"},"potentialAction":[{"@type":"SearchAction","target":{"@type":"EntryPoint","urlTemplate":"https:\/\/indreasada.com\/lt\/?s={search_term_string}"},"query-input":{"@type":"PropertyValueSpecification","valueRequired":true,"valueName":"search_term_string"}}],"inLanguage":"lt-LT"},{"@type":"Organization","@id":"https:\/\/indreasada.com\/lt\/#organization","name":"Indre Asada","url":"https:\/\/indreasada.com\/lt\/","logo":{"@type":"ImageObject","inLanguage":"lt-LT","@id":"https:\/\/indreasada.com\/lt\/#\/schema\/logo\/image\/","url":"","contentUrl":"","caption":"Indre Asada"},"image":{"@id":"https:\/\/indreasada.com\/lt\/#\/schema\/logo\/image\/"},"sameAs":["https:\/\/www.facebook.com\/asada.indre\/","https:\/\/www.youtube.com\/channel\/UCDLmKiMAxLtSrl12ddsQMqA","https:\/\/t.me\/indreasadabendravimas","https:\/\/www.instagram.com\/indreasada\/"]}]}},"jetpack_sharing_enabled":true,"_links":{"self":[{"href":"https:\/\/indreasada.com\/lt\/wp-json\/wp\/v2\/pages\/22465","targetHints":{"allow":["GET"]}}],"collection":[{"href":"https:\/\/indreasada.com\/lt\/wp-json\/wp\/v2\/pages"}],"about":[{"href":"https:\/\/indreasada.com\/lt\/wp-json\/wp\/v2\/types\/page"}],"author":[{"embeddable":true,"href":"https:\/\/indreasada.com\/lt\/wp-json\/wp\/v2\/users\/1"}],"replies":[{"embeddable":true,"href":"https:\/\/indreasada.com\/lt\/wp-json\/wp\/v2\/comments?post=22465"}],"version-history":[{"count":9,"href":"https:\/\/indreasada.com\/lt\/wp-json\/wp\/v2\/pages\/22465\/revisions"}],"predecessor-version":[{"id":22515,"href":"https:\/\/indreasada.com\/lt\/wp-json\/wp\/v2\/pages\/22465\/revisions\/22515"}],"wp:attachment":[{"href":"https:\/\/indreasada.com\/lt\/wp-json\/wp\/v2\/media?parent=22465"}],"curies":[{"name":"wp","href":"https:\/\/api.w.org\/{rel}","templated":true}]}}