{"id":8684,"date":"2024-08-31T16:14:49","date_gmt":"2024-08-31T13:14:49","guid":{"rendered":"http:\/\/dev.indreasada.com\/contacts\/"},"modified":"2026-04-16T14:45:36","modified_gmt":"2026-04-16T11:45:36","slug":"kontaktai","status":"publish","type":"page","link":"https:\/\/indreasada.com\/lt\/kontaktai\/","title":{"rendered":"Kontaktai"},"content":{"rendered":"<section class=\"l-section wpb_row height_medium with_img\"><div class=\"l-section-img\" role=\"img\" aria-label=\"indreasada.com kontakt\" data-img-width=\"1580\" data-img-height=\"1052\" style=\"background-image: url(https:\/\/indreasada.com\/wp-content\/uploads\/2024\/11\/10-1.jpg);\"><\/div><div class=\"l-section-h i-cf\"><div class=\"g-cols vc_row via_grid cols_1 laptops-cols_inherit tablets-cols_inherit mobiles-cols_1 valign_top type_default stacking_default\"><div class=\"wpb_column vc_column_container\"><div class=\"vc_column-inner\"><div class=\"wpb_text_column us_custom_0068b94e has_text_color\"><div class=\"wpb_wrapper\"><h1 style=\"text-align: center;\">Susisiekime<\/h1>\n<\/div><\/div><\/div><\/div><\/div><\/div><\/section><section class=\"l-section wpb_row height_small\"><div class=\"l-section-h i-cf\"><div class=\"g-cols vc_row via_grid cols_1 laptops-cols_inherit tablets-cols_inherit mobiles-cols_1 valign_top type_default stacking_default\"><div class=\"wpb_column vc_column_container\"><div class=\"vc_column-inner\"><div class=\"wpb_text_column\"><div class=\"wpb_wrapper\"><h4 style=\"text-align: left;\">Jei turi klausim\u0105, nori rezervuoti 15 min. pokalb\u012f ar individuali\u0105 sesij\u0105, u\u017epildyk form\u0105 \u017eemiau.<br \/>\nJei prie\u0161 ra\u0161ant nori daugiau ai\u0161kumo, puslapio apa\u010dioje rasi atsakymus \u012f da\u017eniausiai u\u017eduodamus klausimus.<\/h4>\n<\/div><\/div><\/div><\/div><\/div><\/div><\/section><section class=\"l-section wpb_row height_small\"><div class=\"l-section-h i-cf\"><div class=\"g-cols vc_row via_grid cols_1-4-1 laptops-cols_inherit tablets-cols_inherit mobiles-cols_1 valign_top type_default stacking_default\"><div class=\"wpb_column vc_column_container us_custom_9cf479d2\"><div class=\"vc_column-inner\"><\/div><\/div><div class=\"wpb_column vc_column_container us_custom_9cf479d2\"><div class=\"vc_column-overlay\" style=\"background:var(--color-background-indre-green)\"><\/div><div class=\"vc_column-inner\"><div class=\"wpb_text_column us_custom_614ff08b\"><div class=\"wpb_wrapper\"><h3><\/h3>\n<h3 style=\"text-align: center;\">Kur mane rasti<\/h3>\n<\/div><\/div><div class=\"w-socials us_custom_70c1f719 color_brand shape_rounded style_solid hover_fade\" style=\"--gap:0.2em;\"><div class=\"w-socials-list\"><div class=\"w-socials-item facebook\"><a target=\"_blank\" href=\"https:\/\/www.facebook.com\/asada.indre\" class=\"w-socials-item-link\" aria-label=\"Facebook\"><span class=\"w-socials-item-link-hover\"><\/span><i class=\"fab fa-facebook\"><\/i><\/a><div class=\"w-socials-item-popup\"><span>Facebook<\/span><\/div><\/div><div class=\"w-socials-item youtube\"><a target=\"_blank\" href=\"https:\/\/www.youtube.com\/@IndreAsada\" class=\"w-socials-item-link\" aria-label=\"YouTube\"><span class=\"w-socials-item-link-hover\"><\/span><i class=\"fab fa-youtube\"><\/i><\/a><div class=\"w-socials-item-popup\"><span>YouTube<\/span><\/div><\/div><div class=\"w-socials-item telegram\"><a target=\"_blank\" href=\"https:\/\/t.me\/indreasadabendravimas\" class=\"w-socials-item-link\" aria-label=\"Telegram\"><span class=\"w-socials-item-link-hover\"><\/span><i class=\"fab fa-telegram\"><\/i><\/a><div class=\"w-socials-item-popup\"><span>Telegram<\/span><\/div><\/div><div class=\"w-socials-item instagram\"><a target=\"_blank\" href=\"https:\/\/www.instagram.com\/indreasada\/\" class=\"w-socials-item-link\" aria-label=\"Instagram\"><span class=\"w-socials-item-link-hover\"><\/span><i class=\"fab fa-instagram\"><\/i><\/a><div class=\"w-socials-item-popup\"><span>Instagram<\/span><\/div><\/div><\/div><\/div><\/div><\/div><div class=\"wpb_column vc_column_container\"><div class=\"vc_column-inner\"><\/div><\/div><\/div><\/div><\/section><section class=\"l-section wpb_row height_small\"><div class=\"l-section-h i-cf\"><div class=\"g-cols vc_row via_grid cols_1 laptops-cols_inherit tablets-cols_inherit mobiles-cols_1 valign_top type_default stacking_default\"><div class=\"wpb_column vc_column_container\"><div class=\"vc_column-inner\"><div class=\"wpb_text_column\"><div class=\"wpb_wrapper\"><h3 data-start=\"164\" data-end=\"355\">Para\u0161yk man<\/h3>\n<p data-start=\"164\" data-end=\"355\">Pra\u0161au u\u017epildyti form\u0105 kuo tiksliau, kad gal\u0117\u010diau ai\u0161kiai suprasti tavo klausim\u0105 ir atsakyti tinkamiausiai.<br data-start=\"1293\" data-end=\"1296\" \/>Jei nori gauti mano naujienlai\u0161kius, pa\u017eym\u0117k atitinkam\u0105 laukel\u012f.<br data-start=\"1364\" data-end=\"1367\" \/>Pasirink, d\u0117l ko kreipiesi, patvirtink privatumo politik\u0105 ir spausk \u201eSi\u0173sti\u201c.<\/p>\n<\/div><\/div><\/div><\/div><\/div><\/div><\/section><section class=\"l-section wpb_row height_small\"><div class=\"l-section-h i-cf\"><div class=\"g-cols vc_row via_grid cols_1 laptops-cols_inherit tablets-cols_inherit mobiles-cols_1 valign_top type_default stacking_default\"><div class=\"wpb_column vc_column_container\"><div class=\"vc_column-inner\"><div class=\"w-separator size_medium\"><\/div><\/div><\/div><\/div><\/div><\/section><section class=\"l-section wpb_row us_custom_6f0935f2 height_small\"><div class=\"l-section-h i-cf\"><div class=\"g-cols vc_row via_grid cols_2-1 laptops-cols_inherit tablets-cols_inherit mobiles-cols_1 valign_top type_default stacking_default\"><div class=\"wpb_column vc_column_container\"><div class=\"vc_column-inner\"><div class=\"wpb_text_column\"><div class=\"wpb_wrapper\">\n<div class=\"wpcf7 no-js\" id=\"wpcf7-f12528-o1\" lang=\"lt-LT\" dir=\"ltr\" data-wpcf7-id=\"12528\">\n<div class=\"screen-reader-response\"><p role=\"status\" aria-live=\"polite\" aria-atomic=\"true\"><\/p> <ul><\/ul><\/div>\n<form action=\"\/lt\/wp-json\/wp\/v2\/pages\/8684#wpcf7-f12528-o1\" method=\"post\" class=\"wpcf7-form init\" aria-label=\"Kontakt\u0173 forma\" novalidate=\"novalidate\" data-status=\"init\">\n<fieldset class=\"hidden-fields-container\"><input type=\"hidden\" name=\"_wpcf7\" value=\"12528\" \/><input type=\"hidden\" name=\"_wpcf7_version\" value=\"6.1.5\" \/><input type=\"hidden\" name=\"_wpcf7_locale\" value=\"lt_LT\" \/><input type=\"hidden\" name=\"_wpcf7_unit_tag\" value=\"wpcf7-f12528-o1\" \/><input type=\"hidden\" name=\"_wpcf7_container_post\" value=\"0\" \/><input type=\"hidden\" name=\"_wpcf7_posted_data_hash\" value=\"\" \/>\n<\/fieldset>\n<p><label for=\"vardas\">Vardas<\/label><br \/>\n<span class=\"wpcf7-form-control-wrap\" data-name=\"vardas\"><input size=\"40\" maxlength=\"400\" class=\"wpcf7-form-control wpcf7-text wpcf7-validates-as-required\" aria-required=\"true\" aria-invalid=\"false\" placeholder=\"\u012evesk savo vard\u0105\" value=\"\" type=\"text\" name=\"vardas\" \/><\/span>\n<\/p>\n<p><label for=\"pavarde\">Pavard\u0117<\/label><br \/>\n<span class=\"wpcf7-form-control-wrap\" data-name=\"pavarde\"><input size=\"40\" maxlength=\"400\" class=\"wpcf7-form-control wpcf7-text wpcf7-validates-as-required\" aria-required=\"true\" aria-invalid=\"false\" placeholder=\"\u012evesk savo pavard\u0119\" value=\"\" type=\"text\" name=\"pavarde\" \/><\/span>\n<\/p>\n<p><label for=\"email\">El. pa\u0161tas<\/label><br \/>\n<span class=\"wpcf7-form-control-wrap\" data-name=\"email\"><input size=\"40\" maxlength=\"400\" class=\"wpcf7-form-control wpcf7-email wpcf7-validates-as-required wpcf7-text wpcf7-validates-as-email\" aria-required=\"true\" aria-invalid=\"false\" placeholder=\"\u012evesk savo el. pa\u0161to adres\u0105\" value=\"\" type=\"email\" name=\"email\" \/><\/span>\n<\/p>\n<p><label for=\"telefono-salies-kodas\">Telefono \u0161alies kodas<\/label><br \/>\n<span class=\"wpcf7-form-control-wrap\" data-name=\"telefono-salies-kodas\"><input size=\"40\" maxlength=\"400\" class=\"wpcf7-form-control wpcf7-text wpcf7-validates-as-required\" aria-required=\"true\" aria-invalid=\"false\" placeholder=\"\u012evesk savo \u0161alies kod\u0105 (pvz., +370)\" value=\"\" type=\"text\" name=\"telefono-salies-kodas\" \/><\/span>\n<\/p>\n<p><label for=\"telefonas\">Telefono numeris<\/label><br \/>\n<span class=\"wpcf7-form-control-wrap\" data-name=\"telefonas\"><input size=\"40\" maxlength=\"400\" class=\"wpcf7-form-control wpcf7-text wpcf7-validates-as-required\" aria-required=\"true\" aria-invalid=\"false\" placeholder=\"\u012evesk savo telefono numer\u012f\" value=\"\" type=\"text\" name=\"telefonas\" \/><\/span>\n<\/p>\n<p><label for=\"tema\">Tema<\/label><br \/>\n<span class=\"wpcf7-form-control-wrap\" data-name=\"tema\"><input size=\"40\" maxlength=\"400\" class=\"wpcf7-form-control wpcf7-text\" aria-invalid=\"false\" placeholder=\"\u012evesk \u017einut\u0117s tem\u0105\" value=\"\" type=\"text\" name=\"tema\" \/><\/span>\n<\/p>\n<p><label for=\"zinute\">J\u016bs\u0173 \u017einut\u0117<\/label><br \/>\n<span class=\"wpcf7-form-control-wrap\" data-name=\"zinute\"><textarea cols=\"40\" rows=\"10\" maxlength=\"2000\" class=\"wpcf7-form-control wpcf7-textarea wpcf7-validates-as-required\" aria-required=\"true\" aria-invalid=\"false\" placeholder=\"\u012evesk savo \u017einut\u0119\" name=\"zinute\"><\/textarea><\/span>\n<\/p>\n<p><label for=\"paslaugos\">Pasirink paslaugas:<\/label><br \/>\n<span class=\"wpcf7-form-control-wrap\" data-name=\"paslaugos\"><span class=\"wpcf7-form-control wpcf7-checkbox wpcf7-validates-as-required\"><span class=\"wpcf7-list-item first\"><label><input type=\"checkbox\" name=\"paslaugos[]\" value=\"15 minu\u010di\u0173 pokalbis\" \/><span class=\"wpcf7-list-item-label\">15 minu\u010di\u0173 pokalbis<\/span><\/label><\/span><span class=\"wpcf7-list-item last\"><label><input type=\"checkbox\" name=\"paslaugos[]\" value=\"Individuali sesija\" \/><span class=\"wpcf7-list-item-label\">Individuali sesija<\/span><\/label><\/span><\/span><\/span>\n<\/p>\n<p><label for=\"newsletter-consent\">Ar nor\u0117tum gauti naujienlai\u0161k\u012f?<\/label><br \/>\n<span class=\"wpcf7-form-control-wrap\" data-name=\"newsletter-consent\"><span class=\"wpcf7-form-control wpcf7-checkbox\"><span class=\"wpcf7-list-item first last\"><label><input type=\"checkbox\" name=\"newsletter-consent[]\" value=\"Taip, nor\u0117\u010diau gauti naujienlai\u0161k\u012f\" \/><span class=\"wpcf7-list-item-label\">Taip, nor\u0117\u010diau gauti naujienlai\u0161k\u012f<\/span><\/label><\/span><\/span><\/span>\n<\/p>\n<p><label for=\"privacy-consent\">Privatumo politika<\/label><br \/>\n<span class=\"wpcf7-form-control-wrap\" data-name=\"privacy-consent\"><span class=\"wpcf7-form-control wpcf7-checkbox wpcf7-validates-as-required\"><span class=\"wpcf7-list-item first last\"><label><input type=\"checkbox\" name=\"privacy-consent[]\" value=\"Sutinku su privatumo politika\" \/><span class=\"wpcf7-list-item-label\">Sutinku su privatumo politika<\/span><\/label><\/span><\/span><\/span>\n<\/p>\n<p><a href=\"\/privatumo-politika\/\" target=\"_blank\">Per\u017ei\u016br\u0117ti privatumo politik\u0105<\/a>\n<\/p>\n<div class=\"cf7-cf-turnstile\" style=\"margin-top: 0px; margin-bottom: -15px;\"> <div id=\"cf-turnstile-cf7-4213596487\" class=\"cf-turnstile\" data-sitekey=\"0x4AAAAAACnUsFKxqyuiwcK_\" data-theme=\"light\" data-language=\"auto\" data-size=\"normal\" data-retry=\"auto\" data-retry-interval=\"1000\" data-refresh-expired=\"auto\" data-refresh-timeout=\"auto\" data-action=\"contact-form-7\" data-callback=\"turnstileCF7Callback\" data-appearance=\"always\"><\/div> <script>document.addEventListener(\"DOMContentLoaded\", function() { setTimeout(function(){ var e=document.getElementById(\"cf-turnstile-cf7-4213596487\"); if(e&&!e.innerHTML.trim()){turnstile.render(e, {sitekey:\"0x4AAAAAACnUsFKxqyuiwcK_\"});} }, 200); });<\/script> <br class=\"cf-turnstile-br cf-turnstile-br-cf7-4213596487\"> <style>#cf-turnstile-cf7-4213596487 { margin-left: -15px; }<\/style> <script>document.addEventListener(\"DOMContentLoaded\",function(){document.querySelectorAll('.wpcf7-form').forEach(function(e){e.addEventListener('submit',function(){if(document.getElementById('cf-turnstile-cf7-4213596487')){setTimeout(function(){turnstile.reset('#cf-turnstile-cf7-4213596487');},1000)}})})});<\/script> <\/div><br\/><input class=\"wpcf7-form-control wpcf7-submit has-spinner\" type=\"submit\" value=\"Si\u0173sti\" \/>\n<\/p><div class=\"wpcf7-response-output\" aria-hidden=\"true\"><\/div>\n<\/form>\n<\/div>\n\n<\/div><\/div><\/div><\/div><div class=\"wpb_column vc_column_container\"><div class=\"vc_column-inner\"><\/div><\/div><\/div><\/div><\/section><section class=\"l-section wpb_row height_small\"><div class=\"l-section-h i-cf\"><div class=\"g-cols vc_row via_grid cols_2 laptops-cols_inherit tablets-cols_inherit mobiles-cols_1 valign_top type_default stacking_default\"><div class=\"wpb_column vc_column_container\"><div class=\"vc_column-inner\"><div class=\"wpb_text_column\"><div class=\"wpb_wrapper\"><p><strong>Atsakymai \u012f da\u017eniausiai kylan\u010dius klausimus<\/strong><\/p>\n<p>Jei prie\u0161 ra\u0161ant nori daugiau ai\u0161kumo, \u017eemiau rasi atsakymus \u012f da\u017eniausiai u\u017eduodamus klausimus apie mano darb\u0105, kursus, galimus etapus ir temas, su kuriomis \u017emon\u0117s da\u017eniausiai ateina.<\/p>\n<p>Tai gali pad\u0117ti grei\u010diau suprasti, nuo ko prad\u0117ti ir kuris kelias tau \u0161iuo metu tinkamiausias.<\/p>\n<\/div><\/div><div class=\"w-btn-wrapper align_none\"><a class=\"w-btn us-btn-style_1\" href=\"\/lt\/dazniausiai-uzduodami-klausimai\/\"><span class=\"w-btn-label\">Per\u017ei\u016br\u0117ti DUK<\/span><\/a><\/div><\/div><\/div><div class=\"wpb_column vc_column_container\"><div class=\"vc_column-inner\"><div class=\"wpb_text_column\"><div class=\"wpb_wrapper\"><p data-start=\"1813\" data-end=\"1856\"><strong data-start=\"1813\" data-end=\"1856\">Technin\u0117 pagalba ir da\u017eniausi klausimai<\/strong><\/p>\n<p data-start=\"1858\" data-end=\"2020\">\u010cia rasi atsakymus \u012f da\u017eniausiai pasitaikan\u010dius techninius klausimus apie registracij\u0105, prisijungim\u0105, mok\u0117jimus, kurs\u0173 prieig\u0105, el. lai\u0161kus ir sesij\u0173 rezervacij\u0105.<\/p>\n<p data-start=\"2164\" data-end=\"2233\">Jei \u010dia nerasi atsakymo ir problema liks nei\u0161spr\u0119sta, susisiek su mumis tiesiogiai.<\/p>\n<\/div><\/div><div class=\"w-btn-wrapper align_none\"><a class=\"w-btn us-btn-style_1\" href=\"\/lt\/dazniausiai-uzduodami-techniniai-klausimai\/\"><span class=\"w-btn-label\">Per\u017ei\u016br\u0117ti technin\u0119 pagalb\u0105<\/span><\/a><\/div><\/div><\/div><\/div><\/div><\/section><section class=\"l-section wpb_row height_small with_img\"><div class=\"l-section-img\" role=\"img\" aria-label=\"Bottom image indre Asada menu about Apie mus\" data-img-width=\"1440\" data-img-height=\"264\" style=\"background-image: url(https:\/\/indreasada.com\/wp-content\/uploads\/2024\/11\/13.jpg);\"><\/div><div class=\"l-section-h i-cf\"><div class=\"g-cols vc_row via_grid cols_1 laptops-cols_inherit tablets-cols_inherit mobiles-cols_1 valign_top type_default stacking_default\"><div class=\"wpb_column vc_column_container\"><div class=\"vc_column-inner\"><\/div><\/div><\/div><\/div><\/section>\n","protected":false},"excerpt":{"rendered":"Susisiekime Jei turi klausim\u0105, nori rezervuoti 15 min. pokalb\u012f ar individuali\u0105 sesij\u0105, u\u017epildyk form\u0105 \u017eemiau. Jei prie\u0161 ra\u0161ant nori daugiau ai\u0161kumo, puslapio apa\u010dioje rasi atsakymus \u012f da\u017eniausiai u\u017eduodamus klausimus. Kur mane rasti FacebookYouTubeTelegramInstagramPara\u0161yk man Pra\u0161au u\u017epildyti form\u0105 kuo tiksliau, kad gal\u0117\u010diau ai\u0161kiai suprasti tavo klausim\u0105 ir atsakyti tinkamiausiai.Jei nori gauti mano naujienlai\u0161kius, pa\u017eym\u0117k atitinkam\u0105 laukel\u012f.Pasirink,...","protected":false},"author":1,"featured_media":0,"parent":0,"menu_order":0,"comment_status":"closed","ping_status":"closed","template":"","meta":{"_acf_changed":false,"footnotes":""},"class_list":["post-8684","page","type-page","status-publish","hentry"],"acf":[],"yoast_head":"<!-- This site is optimized with the Yoast SEO Premium plugin v27.3 (Yoast SEO v27.3) - https:\/\/yoast.com\/product\/yoast-seo-premium-wordpress\/ -->\n<title>Kontaktai - Indre Asada<\/title>\n<meta name=\"robots\" content=\"index, follow, max-snippet:-1, max-image-preview:large, max-video-preview:-1\" \/>\n<link rel=\"canonical\" href=\"https:\/\/indreasada.com\/lt\/kontaktai\/\" \/>\n<meta property=\"og:locale\" content=\"lt_LT\" \/>\n<meta property=\"og:type\" content=\"article\" \/>\n<meta property=\"og:title\" content=\"Kontaktai\" \/>\n<meta property=\"og:url\" content=\"https:\/\/indreasada.com\/lt\/kontaktai\/\" \/>\n<meta property=\"og:site_name\" content=\"Indre Asada\" \/>\n<meta property=\"article:publisher\" content=\"https:\/\/www.facebook.com\/asada.indre\/\" \/>\n<meta property=\"article:modified_time\" content=\"2026-04-16T11:45:36+00:00\" \/>\n<meta name=\"twitter:card\" content=\"summary_large_image\" \/>\n<meta name=\"twitter:label1\" content=\"Est. reading time\" \/>\n\t<meta name=\"twitter:data1\" content=\"1 minut\u0117\" \/>\n<script type=\"application\/ld+json\" class=\"yoast-schema-graph\">{\"@context\":\"https:\\\/\\\/schema.org\",\"@graph\":[{\"@type\":\"WebPage\",\"@id\":\"https:\\\/\\\/indreasada.com\\\/lt\\\/kontaktai\\\/\",\"url\":\"https:\\\/\\\/indreasada.com\\\/lt\\\/kontaktai\\\/\",\"name\":\"Kontaktai - Indre Asada\",\"isPartOf\":{\"@id\":\"https:\\\/\\\/indreasada.com\\\/lt\\\/#website\"},\"datePublished\":\"2024-08-31T13:14:49+00:00\",\"dateModified\":\"2026-04-16T11:45:36+00:00\",\"breadcrumb\":{\"@id\":\"https:\\\/\\\/indreasada.com\\\/lt\\\/kontaktai\\\/#breadcrumb\"},\"inLanguage\":\"lt-LT\",\"potentialAction\":[{\"@type\":\"ReadAction\",\"target\":[\"https:\\\/\\\/indreasada.com\\\/lt\\\/kontaktai\\\/\"]}]},{\"@type\":\"BreadcrumbList\",\"@id\":\"https:\\\/\\\/indreasada.com\\\/lt\\\/kontaktai\\\/#breadcrumb\",\"itemListElement\":[{\"@type\":\"ListItem\",\"position\":1,\"name\":\"Home\",\"item\":\"https:\\\/\\\/indreasada.com\\\/lt\\\/\"},{\"@type\":\"ListItem\",\"position\":2,\"name\":\"Kontaktai\"}]},{\"@type\":\"WebSite\",\"@id\":\"https:\\\/\\\/indreasada.com\\\/lt\\\/#website\",\"url\":\"https:\\\/\\\/indreasada.com\\\/lt\\\/\",\"name\":\"Staging Indre Asada\",\"description\":\"Holistic Healing for Mind, Body, and Soul\",\"publisher\":{\"@id\":\"https:\\\/\\\/indreasada.com\\\/lt\\\/#organization\"},\"potentialAction\":[{\"@type\":\"SearchAction\",\"target\":{\"@type\":\"EntryPoint\",\"urlTemplate\":\"https:\\\/\\\/indreasada.com\\\/lt\\\/?s={search_term_string}\"},\"query-input\":{\"@type\":\"PropertyValueSpecification\",\"valueRequired\":true,\"valueName\":\"search_term_string\"}}],\"inLanguage\":\"lt-LT\"},{\"@type\":\"Organization\",\"@id\":\"https:\\\/\\\/indreasada.com\\\/lt\\\/#organization\",\"name\":\"Indre Asada\",\"url\":\"https:\\\/\\\/indreasada.com\\\/lt\\\/\",\"logo\":{\"@type\":\"ImageObject\",\"inLanguage\":\"lt-LT\",\"@id\":\"https:\\\/\\\/indreasada.com\\\/lt\\\/#\\\/schema\\\/logo\\\/image\\\/\",\"url\":\"\",\"contentUrl\":\"\",\"caption\":\"Indre Asada\"},\"image\":{\"@id\":\"https:\\\/\\\/indreasada.com\\\/lt\\\/#\\\/schema\\\/logo\\\/image\\\/\"},\"sameAs\":[\"https:\\\/\\\/www.facebook.com\\\/asada.indre\\\/\",\"https:\\\/\\\/www.youtube.com\\\/channel\\\/UCDLmKiMAxLtSrl12ddsQMqA\",\"https:\\\/\\\/t.me\\\/indreasadabendravimas\",\"https:\\\/\\\/www.instagram.com\\\/indreasada\\\/\"]}]}<\/script>\n<!-- \/ Yoast SEO Premium plugin. -->","yoast_head_json":{"title":"Kontaktai - Indre Asada","robots":{"index":"index","follow":"follow","max-snippet":"max-snippet:-1","max-image-preview":"max-image-preview:large","max-video-preview":"max-video-preview:-1"},"canonical":"https:\/\/indreasada.com\/lt\/kontaktai\/","og_locale":"lt_LT","og_type":"article","og_title":"Kontaktai","og_url":"https:\/\/indreasada.com\/lt\/kontaktai\/","og_site_name":"Indre Asada","article_publisher":"https:\/\/www.facebook.com\/asada.indre\/","article_modified_time":"2026-04-16T11:45:36+00:00","twitter_card":"summary_large_image","twitter_misc":{"Est. reading time":"1 minut\u0117"},"schema":{"@context":"https:\/\/schema.org","@graph":[{"@type":"WebPage","@id":"https:\/\/indreasada.com\/lt\/kontaktai\/","url":"https:\/\/indreasada.com\/lt\/kontaktai\/","name":"Kontaktai - Indre Asada","isPartOf":{"@id":"https:\/\/indreasada.com\/lt\/#website"},"datePublished":"2024-08-31T13:14:49+00:00","dateModified":"2026-04-16T11:45:36+00:00","breadcrumb":{"@id":"https:\/\/indreasada.com\/lt\/kontaktai\/#breadcrumb"},"inLanguage":"lt-LT","potentialAction":[{"@type":"ReadAction","target":["https:\/\/indreasada.com\/lt\/kontaktai\/"]}]},{"@type":"BreadcrumbList","@id":"https:\/\/indreasada.com\/lt\/kontaktai\/#breadcrumb","itemListElement":[{"@type":"ListItem","position":1,"name":"Home","item":"https:\/\/indreasada.com\/lt\/"},{"@type":"ListItem","position":2,"name":"Kontaktai"}]},{"@type":"WebSite","@id":"https:\/\/indreasada.com\/lt\/#website","url":"https:\/\/indreasada.com\/lt\/","name":"Staging Indre Asada","description":"Holistic Healing for Mind, Body, and Soul","publisher":{"@id":"https:\/\/indreasada.com\/lt\/#organization"},"potentialAction":[{"@type":"SearchAction","target":{"@type":"EntryPoint","urlTemplate":"https:\/\/indreasada.com\/lt\/?s={search_term_string}"},"query-input":{"@type":"PropertyValueSpecification","valueRequired":true,"valueName":"search_term_string"}}],"inLanguage":"lt-LT"},{"@type":"Organization","@id":"https:\/\/indreasada.com\/lt\/#organization","name":"Indre Asada","url":"https:\/\/indreasada.com\/lt\/","logo":{"@type":"ImageObject","inLanguage":"lt-LT","@id":"https:\/\/indreasada.com\/lt\/#\/schema\/logo\/image\/","url":"","contentUrl":"","caption":"Indre Asada"},"image":{"@id":"https:\/\/indreasada.com\/lt\/#\/schema\/logo\/image\/"},"sameAs":["https:\/\/www.facebook.com\/asada.indre\/","https:\/\/www.youtube.com\/channel\/UCDLmKiMAxLtSrl12ddsQMqA","https:\/\/t.me\/indreasadabendravimas","https:\/\/www.instagram.com\/indreasada\/"]}]}},"jetpack_sharing_enabled":true,"_links":{"self":[{"href":"https:\/\/indreasada.com\/lt\/wp-json\/wp\/v2\/pages\/8684","targetHints":{"allow":["GET"]}}],"collection":[{"href":"https:\/\/indreasada.com\/lt\/wp-json\/wp\/v2\/pages"}],"about":[{"href":"https:\/\/indreasada.com\/lt\/wp-json\/wp\/v2\/types\/page"}],"author":[{"embeddable":true,"href":"https:\/\/indreasada.com\/lt\/wp-json\/wp\/v2\/users\/1"}],"replies":[{"embeddable":true,"href":"https:\/\/indreasada.com\/lt\/wp-json\/wp\/v2\/comments?post=8684"}],"version-history":[{"count":20,"href":"https:\/\/indreasada.com\/lt\/wp-json\/wp\/v2\/pages\/8684\/revisions"}],"predecessor-version":[{"id":32947,"href":"https:\/\/indreasada.com\/lt\/wp-json\/wp\/v2\/pages\/8684\/revisions\/32947"}],"wp:attachment":[{"href":"https:\/\/indreasada.com\/lt\/wp-json\/wp\/v2\/media?parent=8684"}],"curies":[{"name":"wp","href":"https:\/\/api.w.org\/{rel}","templated":true}]}}