{"id":10274,"date":"2024-11-26T17:47:01","date_gmt":"2024-11-26T17:47:01","guid":{"rendered":"https:\/\/dev.indreasada.com\/?post_type=product&#038;p=10274"},"modified":"2026-03-24T13:52:56","modified_gmt":"2026-03-24T11:52:56","slug":"turbo-i-meditacija","status":"publish","type":"product","link":"https:\/\/indreasada.com\/lt\/produktas\/turbo-i-meditacija\/","title":{"rendered":"Turbo I Meditacija"},"content":{"rendered":"<p>Turbo 1 meditacija \u2013 tai itin stipri ir koncentruota meditacijos sesija, sukurta kaip viso Gyvenimo balanso kurso esm\u0117 ir koncentratas. \u0160ioje unikalioje 2 valand\u0173 meditacijoje sujungtos svarbiausios kurso dalys, kurios padeda pasiekti vidin\u0119 harmonij\u0105, atsipalaidavim\u0105 ir sav\u0119s suvokim\u0105. \u0160i meditacija skirta tiems, kurie nori sustiprinti transformacijas per trump\u0105 laik\u0105. Tai intensyvus b\u016bdas atgauti gyvenimo balans\u0105 ir atkurti emocin\u0119 bei fizin\u0119 pusiausvyr\u0105.<br \/>\nPraktika sukurta labiau patyrusiems meditacijos praktikuotojams. Jos metu galite pajusti gil\u0173 pradirbim. Turbo 1 meditacija yra puikus pasirinkimas tiems, kurie ie\u0161ko greito, ta\u010diau efektyvaus kelio \u012f asmenin\u012f augim\u0105 ir s\u0105moningum\u0105. Tai geras pagrindas jud\u0117ti toliau. Meditacija yra Gyvenimo kurso dalis.<\/p>\n","protected":false},"excerpt":{"rendered":"<p>Turbo 1 meditacija \u2013 intensyvi 2 valand\u0173 sesija, skirta vidinei harmonijai ir gyvenimo balansui atkurti. Tai viso Gyvenimo balanso kurso koncentratas.<\/p>\n","protected":false},"featured_media":32832,"template":"","meta":{"_acf_changed":false},"product_brand":[],"product_cat":[15],"product_tag":[159,195,110,181,111,144,143,123],"class_list":{"0":"post-10274","1":"product","2":"type-product","3":"status-publish","4":"has-post-thumbnail","6":"product_cat-uncategorized","7":"product_tag-emociju-gydymas","8":"product_tag-jausmu-isgydymas","9":"product_tag-pasamones-blokai","10":"product_tag-pasitikejimo-sustiprinimas","11":"product_tag-savivertes-isgydymas","12":"product_tag-savo-vidaus-isgydymas","13":"product_tag-transformacija","14":"product_tag-vidine-harmonija","16":"first","17":"instock","18":"virtual","19":"sold-individually","20":"purchasable","21":"product-type-simple"},"acf":[],"yoast_head":"<!-- This site is optimized with the Yoast SEO Premium plugin v27.3 (Yoast SEO v27.3) - https:\/\/yoast.com\/product\/yoast-seo-premium-wordpress\/ -->\n<title>Turbo I Meditacija - Indre Asada<\/title>\n<meta name=\"description\" content=\"Turbo 1 meditacija \u2013 stipri 2 valand\u0173 praktika, apimanti viso Gyvenimo balanso kurso esmines dalis. Patirkite transformacij\u0105 ir atgaukite gyvenimo balans\u0105.\" \/>\n<meta name=\"robots\" content=\"index, follow, max-snippet:-1, max-image-preview:large, max-video-preview:-1\" \/>\n<link rel=\"canonical\" href=\"https:\/\/indreasada.com\/lt\/produktas\/turbo-i-meditacija\/\" \/>\n<meta property=\"og:locale\" content=\"lt_LT\" \/>\n<meta property=\"og:type\" content=\"article\" \/>\n<meta property=\"og:title\" content=\"Turbo I Meditacija\" \/>\n<meta property=\"og:description\" content=\"Turbo 1 meditacija \u2013 stipri 2 valand\u0173 praktika, apimanti viso Gyvenimo balanso kurso esmines dalis. Patirkite transformacij\u0105 ir atgaukite gyvenimo balans\u0105.\" \/>\n<meta property=\"og:url\" content=\"https:\/\/indreasada.com\/lt\/produktas\/turbo-i-meditacija\/\" \/>\n<meta property=\"og:site_name\" content=\"Indre Asada\" \/>\n<meta property=\"article:publisher\" content=\"https:\/\/www.facebook.com\/asada.indre\/\" \/>\n<meta property=\"article:modified_time\" content=\"2026-03-24T11:52:56+00:00\" \/>\n<meta property=\"og:image\" content=\"https:\/\/indreasada.com\/wp-content\/uploads\/2024\/11\/turbo1.jpg\" \/>\n\t<meta property=\"og:image:width\" content=\"380\" \/>\n\t<meta property=\"og:image:height\" content=\"250\" \/>\n\t<meta property=\"og:image:type\" content=\"image\/jpeg\" \/>\n<meta name=\"twitter:card\" content=\"summary_large_image\" \/>\n<meta name=\"twitter:label1\" content=\"Est. reading time\" \/>\n\t<meta name=\"twitter:data1\" content=\"1 minut\u0117\" \/>\n<script type=\"application\/ld+json\" class=\"yoast-schema-graph\">{\"@context\":\"https:\\\/\\\/schema.org\",\"@graph\":[{\"@type\":\"WebPage\",\"@id\":\"https:\\\/\\\/indreasada.com\\\/lt\\\/produktas\\\/turbo-i-meditacija\\\/\",\"url\":\"https:\\\/\\\/indreasada.com\\\/lt\\\/produktas\\\/turbo-i-meditacija\\\/\",\"name\":\"Turbo I Meditacija - Indre Asada\",\"isPartOf\":{\"@id\":\"https:\\\/\\\/indreasada.com\\\/lt\\\/#website\"},\"primaryImageOfPage\":{\"@id\":\"https:\\\/\\\/indreasada.com\\\/lt\\\/produktas\\\/turbo-i-meditacija\\\/#primaryimage\"},\"image\":{\"@id\":\"https:\\\/\\\/indreasada.com\\\/lt\\\/produktas\\\/turbo-i-meditacija\\\/#primaryimage\"},\"thumbnailUrl\":\"https:\\\/\\\/indreasada.com\\\/wp-content\\\/uploads\\\/2026\\\/03\\\/GYVENIMO-akademija-turvo-1-.-png.png\",\"datePublished\":\"2024-11-26T17:47:01+00:00\",\"dateModified\":\"2026-03-24T11:52:56+00:00\",\"description\":\"Turbo 1 meditacija \u2013 stipri 2 valand\u0173 praktika, apimanti viso Gyvenimo balanso kurso esmines dalis. Patirkite transformacij\u0105 ir atgaukite gyvenimo balans\u0105.\",\"breadcrumb\":{\"@id\":\"https:\\\/\\\/indreasada.com\\\/lt\\\/produktas\\\/turbo-i-meditacija\\\/#breadcrumb\"},\"inLanguage\":\"lt-LT\",\"potentialAction\":[{\"@type\":\"ReadAction\",\"target\":[\"https:\\\/\\\/indreasada.com\\\/lt\\\/produktas\\\/turbo-i-meditacija\\\/\"]}]},{\"@type\":\"ImageObject\",\"inLanguage\":\"lt-LT\",\"@id\":\"https:\\\/\\\/indreasada.com\\\/lt\\\/produktas\\\/turbo-i-meditacija\\\/#primaryimage\",\"url\":\"https:\\\/\\\/indreasada.com\\\/wp-content\\\/uploads\\\/2026\\\/03\\\/GYVENIMO-akademija-turvo-1-.-png.png\",\"contentUrl\":\"https:\\\/\\\/indreasada.com\\\/wp-content\\\/uploads\\\/2026\\\/03\\\/GYVENIMO-akademija-turvo-1-.-png.png\",\"width\":950,\"height\":625,\"caption\":\"GYVENIMO akademija turvo 1 . png\"},{\"@type\":\"BreadcrumbList\",\"@id\":\"https:\\\/\\\/indreasada.com\\\/lt\\\/produktas\\\/turbo-i-meditacija\\\/#breadcrumb\",\"itemListElement\":[{\"@type\":\"ListItem\",\"position\":1,\"name\":\"Home\",\"item\":\"https:\\\/\\\/indreasada.com\\\/lt\\\/\"},{\"@type\":\"ListItem\",\"position\":2,\"name\":\"Gyvenimo akademija &#8211; Visi kursai\",\"item\":\"https:\\\/\\\/indreasada.com\\\/lt\\\/visi-kursai\\\/\"},{\"@type\":\"ListItem\",\"position\":3,\"name\":\"Turbo I Meditacija\"}]},{\"@type\":\"WebSite\",\"@id\":\"https:\\\/\\\/indreasada.com\\\/lt\\\/#website\",\"url\":\"https:\\\/\\\/indreasada.com\\\/lt\\\/\",\"name\":\"Staging Indre Asada\",\"description\":\"Holistic Healing for Mind, Body, and Soul\",\"publisher\":{\"@id\":\"https:\\\/\\\/indreasada.com\\\/lt\\\/#organization\"},\"potentialAction\":[{\"@type\":\"SearchAction\",\"target\":{\"@type\":\"EntryPoint\",\"urlTemplate\":\"https:\\\/\\\/indreasada.com\\\/lt\\\/?s={search_term_string}\"},\"query-input\":{\"@type\":\"PropertyValueSpecification\",\"valueRequired\":true,\"valueName\":\"search_term_string\"}}],\"inLanguage\":\"lt-LT\"},{\"@type\":\"Organization\",\"@id\":\"https:\\\/\\\/indreasada.com\\\/lt\\\/#organization\",\"name\":\"Indre Asada\",\"url\":\"https:\\\/\\\/indreasada.com\\\/lt\\\/\",\"logo\":{\"@type\":\"ImageObject\",\"inLanguage\":\"lt-LT\",\"@id\":\"https:\\\/\\\/indreasada.com\\\/lt\\\/#\\\/schema\\\/logo\\\/image\\\/\",\"url\":\"\",\"contentUrl\":\"\",\"caption\":\"Indre Asada\"},\"image\":{\"@id\":\"https:\\\/\\\/indreasada.com\\\/lt\\\/#\\\/schema\\\/logo\\\/image\\\/\"},\"sameAs\":[\"https:\\\/\\\/www.facebook.com\\\/asada.indre\\\/\",\"https:\\\/\\\/www.youtube.com\\\/channel\\\/UCDLmKiMAxLtSrl12ddsQMqA\",\"https:\\\/\\\/t.me\\\/indreasadabendravimas\",\"https:\\\/\\\/www.instagram.com\\\/indreasada\\\/\"]}]}<\/script>\n<!-- \/ Yoast SEO Premium plugin. -->","yoast_head_json":{"title":"Turbo I Meditacija - Indre Asada","description":"Turbo 1 meditacija \u2013 stipri 2 valand\u0173 praktika, apimanti viso Gyvenimo balanso kurso esmines dalis. Patirkite transformacij\u0105 ir atgaukite gyvenimo balans\u0105.","robots":{"index":"index","follow":"follow","max-snippet":"max-snippet:-1","max-image-preview":"max-image-preview:large","max-video-preview":"max-video-preview:-1"},"canonical":"https:\/\/indreasada.com\/lt\/produktas\/turbo-i-meditacija\/","og_locale":"lt_LT","og_type":"article","og_title":"Turbo I Meditacija","og_description":"Turbo 1 meditacija \u2013 stipri 2 valand\u0173 praktika, apimanti viso Gyvenimo balanso kurso esmines dalis. Patirkite transformacij\u0105 ir atgaukite gyvenimo balans\u0105.","og_url":"https:\/\/indreasada.com\/lt\/produktas\/turbo-i-meditacija\/","og_site_name":"Indre Asada","article_publisher":"https:\/\/www.facebook.com\/asada.indre\/","article_modified_time":"2026-03-24T11:52:56+00:00","og_image":[{"width":380,"height":250,"url":"https:\/\/indreasada.com\/wp-content\/uploads\/2024\/11\/turbo1.jpg","type":"image\/jpeg"}],"twitter_card":"summary_large_image","twitter_misc":{"Est. reading time":"1 minut\u0117"},"schema":{"@context":"https:\/\/schema.org","@graph":[{"@type":"WebPage","@id":"https:\/\/indreasada.com\/lt\/produktas\/turbo-i-meditacija\/","url":"https:\/\/indreasada.com\/lt\/produktas\/turbo-i-meditacija\/","name":"Turbo I Meditacija - Indre Asada","isPartOf":{"@id":"https:\/\/indreasada.com\/lt\/#website"},"primaryImageOfPage":{"@id":"https:\/\/indreasada.com\/lt\/produktas\/turbo-i-meditacija\/#primaryimage"},"image":{"@id":"https:\/\/indreasada.com\/lt\/produktas\/turbo-i-meditacija\/#primaryimage"},"thumbnailUrl":"https:\/\/indreasada.com\/wp-content\/uploads\/2026\/03\/GYVENIMO-akademija-turvo-1-.-png.png","datePublished":"2024-11-26T17:47:01+00:00","dateModified":"2026-03-24T11:52:56+00:00","description":"Turbo 1 meditacija \u2013 stipri 2 valand\u0173 praktika, apimanti viso Gyvenimo balanso kurso esmines dalis. Patirkite transformacij\u0105 ir atgaukite gyvenimo balans\u0105.","breadcrumb":{"@id":"https:\/\/indreasada.com\/lt\/produktas\/turbo-i-meditacija\/#breadcrumb"},"inLanguage":"lt-LT","potentialAction":[{"@type":"ReadAction","target":["https:\/\/indreasada.com\/lt\/produktas\/turbo-i-meditacija\/"]}]},{"@type":"ImageObject","inLanguage":"lt-LT","@id":"https:\/\/indreasada.com\/lt\/produktas\/turbo-i-meditacija\/#primaryimage","url":"https:\/\/indreasada.com\/wp-content\/uploads\/2026\/03\/GYVENIMO-akademija-turvo-1-.-png.png","contentUrl":"https:\/\/indreasada.com\/wp-content\/uploads\/2026\/03\/GYVENIMO-akademija-turvo-1-.-png.png","width":950,"height":625,"caption":"GYVENIMO akademija turvo 1 . png"},{"@type":"BreadcrumbList","@id":"https:\/\/indreasada.com\/lt\/produktas\/turbo-i-meditacija\/#breadcrumb","itemListElement":[{"@type":"ListItem","position":1,"name":"Home","item":"https:\/\/indreasada.com\/lt\/"},{"@type":"ListItem","position":2,"name":"Gyvenimo akademija &#8211; Visi kursai","item":"https:\/\/indreasada.com\/lt\/visi-kursai\/"},{"@type":"ListItem","position":3,"name":"Turbo I Meditacija"}]},{"@type":"WebSite","@id":"https:\/\/indreasada.com\/lt\/#website","url":"https:\/\/indreasada.com\/lt\/","name":"Staging Indre Asada","description":"Holistic Healing for Mind, Body, and Soul","publisher":{"@id":"https:\/\/indreasada.com\/lt\/#organization"},"potentialAction":[{"@type":"SearchAction","target":{"@type":"EntryPoint","urlTemplate":"https:\/\/indreasada.com\/lt\/?s={search_term_string}"},"query-input":{"@type":"PropertyValueSpecification","valueRequired":true,"valueName":"search_term_string"}}],"inLanguage":"lt-LT"},{"@type":"Organization","@id":"https:\/\/indreasada.com\/lt\/#organization","name":"Indre Asada","url":"https:\/\/indreasada.com\/lt\/","logo":{"@type":"ImageObject","inLanguage":"lt-LT","@id":"https:\/\/indreasada.com\/lt\/#\/schema\/logo\/image\/","url":"","contentUrl":"","caption":"Indre Asada"},"image":{"@id":"https:\/\/indreasada.com\/lt\/#\/schema\/logo\/image\/"},"sameAs":["https:\/\/www.facebook.com\/asada.indre\/","https:\/\/www.youtube.com\/channel\/UCDLmKiMAxLtSrl12ddsQMqA","https:\/\/t.me\/indreasadabendravimas","https:\/\/www.instagram.com\/indreasada\/"]}]}},"jetpack_sharing_enabled":true,"_links":{"self":[{"href":"https:\/\/indreasada.com\/lt\/wp-json\/wp\/v2\/product\/10274","targetHints":{"allow":["GET"]}}],"collection":[{"href":"https:\/\/indreasada.com\/lt\/wp-json\/wp\/v2\/product"}],"about":[{"href":"https:\/\/indreasada.com\/lt\/wp-json\/wp\/v2\/types\/product"}],"wp:featuredmedia":[{"embeddable":true,"href":"https:\/\/indreasada.com\/lt\/wp-json\/wp\/v2\/media\/32832"}],"wp:attachment":[{"href":"https:\/\/indreasada.com\/lt\/wp-json\/wp\/v2\/media?parent=10274"}],"wp:term":[{"taxonomy":"product_brand","embeddable":true,"href":"https:\/\/indreasada.com\/lt\/wp-json\/wp\/v2\/product_brand?post=10274"},{"taxonomy":"product_cat","embeddable":true,"href":"https:\/\/indreasada.com\/lt\/wp-json\/wp\/v2\/product_cat?post=10274"},{"taxonomy":"product_tag","embeddable":true,"href":"https:\/\/indreasada.com\/lt\/wp-json\/wp\/v2\/product_tag?post=10274"}],"curies":[{"name":"wp","href":"https:\/\/api.w.org\/{rel}","templated":true}]}}