{"id":10286,"date":"2024-11-26T20:56:20","date_gmt":"2024-11-26T18:56:20","guid":{"rendered":"https:\/\/dev.indreasada.com\/?post_type=product&#038;p=10286"},"modified":"2026-03-24T14:32:33","modified_gmt":"2026-03-24T12:32:33","slug":"kaip-isitikinimai-uzkerta-pinigu-srauta","status":"publish","type":"product","link":"https:\/\/indreasada.com\/lt\/produktas\/kaip-isitikinimai-uzkerta-pinigu-srauta\/","title":{"rendered":"Kaip \u012fsitikinimai u\u017ekerta keli\u0105 \u012f gaus\u0105"},"content":{"rendered":"<p>Vebinaras apie pinig\u0173 sraut\u0105 ribojan\u010dius \u012fsitikinimus \u2013 tai i\u0161samus ir prakti\u0161kas u\u017esi\u0117mimas, skirtas pad\u0117ti suprasti pas\u0105mon\u0117s program\u0173 \u012ftak\u0105 J\u016bs\u0173 finansinei situacijai ir gyvenimui. \u0160iame vebinare nagrin\u0117sime, kaip pas\u0105mon\u0117s \u012fsitikinimai formuoja m\u016bs\u0173 sprendimus ir riboja galimybes veikti bei keisti savo aplink\u0105. Su\u017einosite, kok\u012f vaidmen\u012f atlieka k\u016bno programos, kai siekiate asmenini\u0173 ar finansini\u0173 tiksl\u0173.<\/p>\n<p>Dalyviai gaus praktinius patarimus, kaip atpa\u017einti ir pa\u0161alinti \u012fsitikinimus, kurie trukdo pinig\u0173 srauto tek\u0117jimui. Speciali meditacija \u201eAtverianti pinig\u0173 kanal\u0105\u201c pad\u0117s atlaisvinti energinius blokus ir pagerinti ry\u0161\u012f su finansine gausa. U\u017esi\u0117mimas skirtas ne tik analizei, bet ir praktiniams veiksmams, kuriuos gal\u0117site pritaikyti i\u0161 karto.<\/p>\n<p>Be to, vebinare gilinamasi \u012f emocij\u0173, jausm\u0173 ir pas\u0105mon\u0117s poveik\u012f J\u016bs\u0173 pasirinkimams, o dvasinio energetinio gydymo metodai pad\u0117s i\u0161spr\u0119sti gilumines problemas. Tai unikalus u\u017esi\u0117mimas, leid\u017eiantis atkurti finansin\u0119 harmonij\u0105 ir atverti naujas galimybes.<\/p>\n<p>&nbsp;<\/p>\n","protected":false},"excerpt":{"rendered":"<p>Vebinaras apie pinig\u0173 sraut\u0105 pad\u0117s suprasti ir pa\u0161alinti pas\u0105mon\u0117s programas, ribojan\u010dias J\u016bs\u0173 finansus. Speciali meditacija atvers pinig\u0173 kanal\u0105 ir suteiks praktinius sprendimus!<\/p>\n","protected":false},"featured_media":32852,"template":"","meta":{"_acf_changed":false},"product_brand":[],"product_cat":[178],"product_tag":[128],"class_list":{"0":"post-10286","1":"product","2":"type-product","3":"status-publish","4":"has-post-thumbnail","6":"product_cat-vebinarai","7":"product_tag-pinigai-ir-pinigu-blokai","9":"first","10":"instock","11":"virtual","12":"sold-individually","13":"purchasable","14":"product-type-simple"},"acf":[],"yoast_head":"<!-- This site is optimized with the Yoast SEO Premium plugin v27.3 (Yoast SEO v27.3) - https:\/\/yoast.com\/product\/yoast-seo-premium-wordpress\/ -->\n<title>Kaip \u012fsitikinimai u\u017ekerta keli\u0105 \u012f gaus\u0105 - Indre Asada<\/title>\n<meta name=\"description\" content=\"Atraskite ir pa\u0161alinkite \u012fsitikinimus, ribojan\u010dius pinig\u0173 sraut\u0105. Dalyvaukite vebinare su meditacija, kurioje su\u017einosite, kaip pas\u0105mon\u0117 veikia J\u016bs\u0173 finansin\u0119 situacij\u0105, ir atverkite pinig\u0173 kanal\u0105.\" \/>\n<meta name=\"robots\" content=\"index, follow, max-snippet:-1, max-image-preview:large, max-video-preview:-1\" \/>\n<link rel=\"canonical\" href=\"https:\/\/indreasada.com\/lt\/produktas\/kaip-isitikinimai-uzkerta-pinigu-srauta\/\" \/>\n<meta property=\"og:locale\" content=\"lt_LT\" \/>\n<meta property=\"og:type\" content=\"article\" \/>\n<meta property=\"og:title\" content=\"Kaip \u012fsitikinimai u\u017ekerta keli\u0105 \u012f gaus\u0105\" \/>\n<meta property=\"og:description\" content=\"Atraskite ir pa\u0161alinkite \u012fsitikinimus, ribojan\u010dius pinig\u0173 sraut\u0105. Dalyvaukite vebinare su meditacija, kurioje su\u017einosite, kaip pas\u0105mon\u0117 veikia J\u016bs\u0173 finansin\u0119 situacij\u0105, ir atverkite pinig\u0173 kanal\u0105.\" \/>\n<meta property=\"og:url\" content=\"https:\/\/indreasada.com\/lt\/produktas\/kaip-isitikinimai-uzkerta-pinigu-srauta\/\" \/>\n<meta property=\"og:site_name\" content=\"Indre Asada\" \/>\n<meta property=\"article:publisher\" content=\"https:\/\/www.facebook.com\/asada.indre\/\" \/>\n<meta property=\"article:modified_time\" content=\"2026-03-24T12:32:33+00:00\" \/>\n<meta property=\"og:image\" content=\"https:\/\/indreasada.com\/wp-content\/uploads\/2024\/11\/GYVENIMO-BALANSAS_20241129_093351_0001.png\" \/>\n\t<meta property=\"og:image:width\" content=\"380\" \/>\n\t<meta property=\"og:image:height\" content=\"250\" \/>\n\t<meta property=\"og:image:type\" content=\"image\/png\" \/>\n<meta name=\"twitter:card\" content=\"summary_large_image\" \/>\n<meta name=\"twitter:label1\" content=\"Est. reading time\" \/>\n\t<meta name=\"twitter:data1\" content=\"1 minut\u0117\" \/>\n<script type=\"application\/ld+json\" class=\"yoast-schema-graph\">{\"@context\":\"https:\\\/\\\/schema.org\",\"@graph\":[{\"@type\":\"WebPage\",\"@id\":\"https:\\\/\\\/indreasada.com\\\/lt\\\/produktas\\\/kaip-isitikinimai-uzkerta-pinigu-srauta\\\/\",\"url\":\"https:\\\/\\\/indreasada.com\\\/lt\\\/produktas\\\/kaip-isitikinimai-uzkerta-pinigu-srauta\\\/\",\"name\":\"Kaip \u012fsitikinimai u\u017ekerta keli\u0105 \u012f gaus\u0105 - Indre Asada\",\"isPartOf\":{\"@id\":\"https:\\\/\\\/indreasada.com\\\/lt\\\/#website\"},\"primaryImageOfPage\":{\"@id\":\"https:\\\/\\\/indreasada.com\\\/lt\\\/produktas\\\/kaip-isitikinimai-uzkerta-pinigu-srauta\\\/#primaryimage\"},\"image\":{\"@id\":\"https:\\\/\\\/indreasada.com\\\/lt\\\/produktas\\\/kaip-isitikinimai-uzkerta-pinigu-srauta\\\/#primaryimage\"},\"thumbnailUrl\":\"https:\\\/\\\/indreasada.com\\\/wp-content\\\/uploads\\\/2026\\\/03\\\/GYVENIMO-akademija-isitikinimai-ir-gausa.png\",\"datePublished\":\"2024-11-26T18:56:20+00:00\",\"dateModified\":\"2026-03-24T12:32:33+00:00\",\"description\":\"Atraskite ir pa\u0161alinkite \u012fsitikinimus, ribojan\u010dius pinig\u0173 sraut\u0105. Dalyvaukite vebinare su meditacija, kurioje su\u017einosite, kaip pas\u0105mon\u0117 veikia J\u016bs\u0173 finansin\u0119 situacij\u0105, ir atverkite pinig\u0173 kanal\u0105.\",\"breadcrumb\":{\"@id\":\"https:\\\/\\\/indreasada.com\\\/lt\\\/produktas\\\/kaip-isitikinimai-uzkerta-pinigu-srauta\\\/#breadcrumb\"},\"inLanguage\":\"lt-LT\",\"potentialAction\":[{\"@type\":\"ReadAction\",\"target\":[\"https:\\\/\\\/indreasada.com\\\/lt\\\/produktas\\\/kaip-isitikinimai-uzkerta-pinigu-srauta\\\/\"]}]},{\"@type\":\"ImageObject\",\"inLanguage\":\"lt-LT\",\"@id\":\"https:\\\/\\\/indreasada.com\\\/lt\\\/produktas\\\/kaip-isitikinimai-uzkerta-pinigu-srauta\\\/#primaryimage\",\"url\":\"https:\\\/\\\/indreasada.com\\\/wp-content\\\/uploads\\\/2026\\\/03\\\/GYVENIMO-akademija-isitikinimai-ir-gausa.png\",\"contentUrl\":\"https:\\\/\\\/indreasada.com\\\/wp-content\\\/uploads\\\/2026\\\/03\\\/GYVENIMO-akademija-isitikinimai-ir-gausa.png\",\"width\":950,\"height\":625,\"caption\":\"GYVENIMO akademija isitikinimai ir gausa\"},{\"@type\":\"BreadcrumbList\",\"@id\":\"https:\\\/\\\/indreasada.com\\\/lt\\\/produktas\\\/kaip-isitikinimai-uzkerta-pinigu-srauta\\\/#breadcrumb\",\"itemListElement\":[{\"@type\":\"ListItem\",\"position\":1,\"name\":\"Home\",\"item\":\"https:\\\/\\\/indreasada.com\\\/lt\\\/\"},{\"@type\":\"ListItem\",\"position\":2,\"name\":\"Gyvenimo akademija &#8211; Visi kursai\",\"item\":\"https:\\\/\\\/indreasada.com\\\/lt\\\/visi-kursai\\\/\"},{\"@type\":\"ListItem\",\"position\":3,\"name\":\"Kaip \u012fsitikinimai u\u017ekerta keli\u0105 \u012f gaus\u0105\"}]},{\"@type\":\"WebSite\",\"@id\":\"https:\\\/\\\/indreasada.com\\\/lt\\\/#website\",\"url\":\"https:\\\/\\\/indreasada.com\\\/lt\\\/\",\"name\":\"Staging Indre Asada\",\"description\":\"Holistic Healing for Mind, Body, and Soul\",\"publisher\":{\"@id\":\"https:\\\/\\\/indreasada.com\\\/lt\\\/#organization\"},\"potentialAction\":[{\"@type\":\"SearchAction\",\"target\":{\"@type\":\"EntryPoint\",\"urlTemplate\":\"https:\\\/\\\/indreasada.com\\\/lt\\\/?s={search_term_string}\"},\"query-input\":{\"@type\":\"PropertyValueSpecification\",\"valueRequired\":true,\"valueName\":\"search_term_string\"}}],\"inLanguage\":\"lt-LT\"},{\"@type\":\"Organization\",\"@id\":\"https:\\\/\\\/indreasada.com\\\/lt\\\/#organization\",\"name\":\"Indre Asada\",\"url\":\"https:\\\/\\\/indreasada.com\\\/lt\\\/\",\"logo\":{\"@type\":\"ImageObject\",\"inLanguage\":\"lt-LT\",\"@id\":\"https:\\\/\\\/indreasada.com\\\/lt\\\/#\\\/schema\\\/logo\\\/image\\\/\",\"url\":\"\",\"contentUrl\":\"\",\"caption\":\"Indre Asada\"},\"image\":{\"@id\":\"https:\\\/\\\/indreasada.com\\\/lt\\\/#\\\/schema\\\/logo\\\/image\\\/\"},\"sameAs\":[\"https:\\\/\\\/www.facebook.com\\\/asada.indre\\\/\",\"https:\\\/\\\/www.youtube.com\\\/channel\\\/UCDLmKiMAxLtSrl12ddsQMqA\",\"https:\\\/\\\/t.me\\\/indreasadabendravimas\",\"https:\\\/\\\/www.instagram.com\\\/indreasada\\\/\"]}]}<\/script>\n<!-- \/ Yoast SEO Premium plugin. -->","yoast_head_json":{"title":"Kaip \u012fsitikinimai u\u017ekerta keli\u0105 \u012f gaus\u0105 - Indre Asada","description":"Atraskite ir pa\u0161alinkite \u012fsitikinimus, ribojan\u010dius pinig\u0173 sraut\u0105. Dalyvaukite vebinare su meditacija, kurioje su\u017einosite, kaip pas\u0105mon\u0117 veikia J\u016bs\u0173 finansin\u0119 situacij\u0105, ir atverkite pinig\u0173 kanal\u0105.","robots":{"index":"index","follow":"follow","max-snippet":"max-snippet:-1","max-image-preview":"max-image-preview:large","max-video-preview":"max-video-preview:-1"},"canonical":"https:\/\/indreasada.com\/lt\/produktas\/kaip-isitikinimai-uzkerta-pinigu-srauta\/","og_locale":"lt_LT","og_type":"article","og_title":"Kaip \u012fsitikinimai u\u017ekerta keli\u0105 \u012f gaus\u0105","og_description":"Atraskite ir pa\u0161alinkite \u012fsitikinimus, ribojan\u010dius pinig\u0173 sraut\u0105. Dalyvaukite vebinare su meditacija, kurioje su\u017einosite, kaip pas\u0105mon\u0117 veikia J\u016bs\u0173 finansin\u0119 situacij\u0105, ir atverkite pinig\u0173 kanal\u0105.","og_url":"https:\/\/indreasada.com\/lt\/produktas\/kaip-isitikinimai-uzkerta-pinigu-srauta\/","og_site_name":"Indre Asada","article_publisher":"https:\/\/www.facebook.com\/asada.indre\/","article_modified_time":"2026-03-24T12:32:33+00:00","og_image":[{"width":380,"height":250,"url":"https:\/\/indreasada.com\/wp-content\/uploads\/2024\/11\/GYVENIMO-BALANSAS_20241129_093351_0001.png","type":"image\/png"}],"twitter_card":"summary_large_image","twitter_misc":{"Est. reading time":"1 minut\u0117"},"schema":{"@context":"https:\/\/schema.org","@graph":[{"@type":"WebPage","@id":"https:\/\/indreasada.com\/lt\/produktas\/kaip-isitikinimai-uzkerta-pinigu-srauta\/","url":"https:\/\/indreasada.com\/lt\/produktas\/kaip-isitikinimai-uzkerta-pinigu-srauta\/","name":"Kaip \u012fsitikinimai u\u017ekerta keli\u0105 \u012f gaus\u0105 - Indre Asada","isPartOf":{"@id":"https:\/\/indreasada.com\/lt\/#website"},"primaryImageOfPage":{"@id":"https:\/\/indreasada.com\/lt\/produktas\/kaip-isitikinimai-uzkerta-pinigu-srauta\/#primaryimage"},"image":{"@id":"https:\/\/indreasada.com\/lt\/produktas\/kaip-isitikinimai-uzkerta-pinigu-srauta\/#primaryimage"},"thumbnailUrl":"https:\/\/indreasada.com\/wp-content\/uploads\/2026\/03\/GYVENIMO-akademija-isitikinimai-ir-gausa.png","datePublished":"2024-11-26T18:56:20+00:00","dateModified":"2026-03-24T12:32:33+00:00","description":"Atraskite ir pa\u0161alinkite \u012fsitikinimus, ribojan\u010dius pinig\u0173 sraut\u0105. Dalyvaukite vebinare su meditacija, kurioje su\u017einosite, kaip pas\u0105mon\u0117 veikia J\u016bs\u0173 finansin\u0119 situacij\u0105, ir atverkite pinig\u0173 kanal\u0105.","breadcrumb":{"@id":"https:\/\/indreasada.com\/lt\/produktas\/kaip-isitikinimai-uzkerta-pinigu-srauta\/#breadcrumb"},"inLanguage":"lt-LT","potentialAction":[{"@type":"ReadAction","target":["https:\/\/indreasada.com\/lt\/produktas\/kaip-isitikinimai-uzkerta-pinigu-srauta\/"]}]},{"@type":"ImageObject","inLanguage":"lt-LT","@id":"https:\/\/indreasada.com\/lt\/produktas\/kaip-isitikinimai-uzkerta-pinigu-srauta\/#primaryimage","url":"https:\/\/indreasada.com\/wp-content\/uploads\/2026\/03\/GYVENIMO-akademija-isitikinimai-ir-gausa.png","contentUrl":"https:\/\/indreasada.com\/wp-content\/uploads\/2026\/03\/GYVENIMO-akademija-isitikinimai-ir-gausa.png","width":950,"height":625,"caption":"GYVENIMO akademija isitikinimai ir gausa"},{"@type":"BreadcrumbList","@id":"https:\/\/indreasada.com\/lt\/produktas\/kaip-isitikinimai-uzkerta-pinigu-srauta\/#breadcrumb","itemListElement":[{"@type":"ListItem","position":1,"name":"Home","item":"https:\/\/indreasada.com\/lt\/"},{"@type":"ListItem","position":2,"name":"Gyvenimo akademija &#8211; Visi kursai","item":"https:\/\/indreasada.com\/lt\/visi-kursai\/"},{"@type":"ListItem","position":3,"name":"Kaip \u012fsitikinimai u\u017ekerta keli\u0105 \u012f gaus\u0105"}]},{"@type":"WebSite","@id":"https:\/\/indreasada.com\/lt\/#website","url":"https:\/\/indreasada.com\/lt\/","name":"Staging Indre Asada","description":"Holistic Healing for Mind, Body, and Soul","publisher":{"@id":"https:\/\/indreasada.com\/lt\/#organization"},"potentialAction":[{"@type":"SearchAction","target":{"@type":"EntryPoint","urlTemplate":"https:\/\/indreasada.com\/lt\/?s={search_term_string}"},"query-input":{"@type":"PropertyValueSpecification","valueRequired":true,"valueName":"search_term_string"}}],"inLanguage":"lt-LT"},{"@type":"Organization","@id":"https:\/\/indreasada.com\/lt\/#organization","name":"Indre Asada","url":"https:\/\/indreasada.com\/lt\/","logo":{"@type":"ImageObject","inLanguage":"lt-LT","@id":"https:\/\/indreasada.com\/lt\/#\/schema\/logo\/image\/","url":"","contentUrl":"","caption":"Indre Asada"},"image":{"@id":"https:\/\/indreasada.com\/lt\/#\/schema\/logo\/image\/"},"sameAs":["https:\/\/www.facebook.com\/asada.indre\/","https:\/\/www.youtube.com\/channel\/UCDLmKiMAxLtSrl12ddsQMqA","https:\/\/t.me\/indreasadabendravimas","https:\/\/www.instagram.com\/indreasada\/"]}]}},"jetpack_sharing_enabled":true,"_links":{"self":[{"href":"https:\/\/indreasada.com\/lt\/wp-json\/wp\/v2\/product\/10286","targetHints":{"allow":["GET"]}}],"collection":[{"href":"https:\/\/indreasada.com\/lt\/wp-json\/wp\/v2\/product"}],"about":[{"href":"https:\/\/indreasada.com\/lt\/wp-json\/wp\/v2\/types\/product"}],"wp:featuredmedia":[{"embeddable":true,"href":"https:\/\/indreasada.com\/lt\/wp-json\/wp\/v2\/media\/32852"}],"wp:attachment":[{"href":"https:\/\/indreasada.com\/lt\/wp-json\/wp\/v2\/media?parent=10286"}],"wp:term":[{"taxonomy":"product_brand","embeddable":true,"href":"https:\/\/indreasada.com\/lt\/wp-json\/wp\/v2\/product_brand?post=10286"},{"taxonomy":"product_cat","embeddable":true,"href":"https:\/\/indreasada.com\/lt\/wp-json\/wp\/v2\/product_cat?post=10286"},{"taxonomy":"product_tag","embeddable":true,"href":"https:\/\/indreasada.com\/lt\/wp-json\/wp\/v2\/product_tag?post=10286"}],"curies":[{"name":"wp","href":"https:\/\/api.w.org\/{rel}","templated":true}]}}