{"id":12762,"date":"2024-12-10T23:40:00","date_gmt":"2024-12-10T21:40:00","guid":{"rendered":"https:\/\/indreasada.com\/?post_type=product&#038;p=12762"},"modified":"2025-09-06T12:31:25","modified_gmt":"2025-09-06T09:31:25","slug":"trys-ramybes-meditacijos","status":"publish","type":"product","link":"https:\/\/indreasada.com\/lt\/produktas\/trys-ramybes-meditacijos\/","title":{"rendered":"Trys ramyb\u0117s meditacijos"},"content":{"rendered":"<p>M\u016bs\u0173 kal\u0117din\u0117 dovana Jums &#8211; TRYS RAMYB\u0116S MEDITACIJOS<\/p>\n<p><strong>Svarbu<\/strong>: nor\u0117dami atverti dovan\u0105:<br \/>\n<span style=\"font-size: 1.3rem; letter-spacing: 0em;\">1. Prisijunkite prie m\u016bs\u0173 svetain\u0117s. Jei dar nesate u\u017esiregistrav\u0119, maloniai kvie\u010diame tai padaryti.<\/span><\/p>\n<p><span style=\"font-size: 1.3rem; letter-spacing: 0em;\">2. \u012esid\u0117kite prek\u0119 \u012f krep\u0161el\u012f ir u\u017ebaikite pirkim\u0105, kaina 1,00 eur (pritaikyta 99% nuolaida). Kai u\u017esakymas bus patvirtintas, dovana atsiras <strong>J\u016bs\u0173 paskyroje<\/strong>.<\/span><\/p>\n<p><span style=\"font-size: 1.3rem; letter-spacing: 0em;\">3. Atsidarykite savo paskyr\u0105, ten J\u016bs\u0173 lauks dovana.<\/span><\/p>\n<p><span style=\"font-weight: 400;\">\u0160ios trumpos, bet veiksmingos, meditacijos &#8211; tai kvietimas sustoti, nurimti ir atrasti vidin\u0119 pusiausvyr\u0105 \u0161ventiniame laike ir kasdienyb\u0117je. <\/span><\/p>\n<p><span style=\"font-weight: 400;\">Jos pad\u0117s:<\/span><\/p>\n<ul>\n<li style=\"font-weight: 400;\" aria-level=\"1\"><span style=\"font-weight: 400;\">Atkurti ry\u0161\u012f su savo vidine ramybe;<\/span><\/li>\n<li style=\"font-weight: 400;\" aria-level=\"1\"><span style=\"font-weight: 400;\">Suvaldyti kylant\u012f stres\u0105 ar nusivylim\u0105;<\/span><\/li>\n<li style=\"font-weight: 400;\" aria-level=\"1\"><span style=\"font-weight: 400;\">Atsiverti \u0161ventinei nuotaikai net ir nenumatyt\u0173 situacij\u0173 metu.<\/span><\/li>\n<\/ul>\n","protected":false},"excerpt":{"rendered":"<p><span style=\"font-weight: 400;\">\u0160ios trumpos, bet veiksmingos, meditacijos &#8211; tai kvietimas sustoti, nurimti ir atrasti vidin\u0119 pusiausvyr\u0105 \u0161ventiniame laike ir kasdienyb\u0117je.<br \/>\n<\/span>Jos pad\u0117s:<\/p>\n<ul>\n<li style=\"font-weight: 400;\" aria-level=\"1\"><span style=\"font-weight: 400;\">Atkurti ry\u0161\u012f su savo vidine ramybe;<\/span><\/li>\n<li style=\"font-weight: 400;\" aria-level=\"1\"><span style=\"font-weight: 400;\">Suvaldyti kylant\u012f stres\u0105 ar nusivylim\u0105;<\/span><\/li>\n<li style=\"font-weight: 400;\" aria-level=\"1\"><span style=\"font-weight: 400;\">Atsiverti \u0161ventinei nuotaikai net ir nenumatyt\u0173 situacij\u0173 metu.<\/span><\/li>\n<\/ul>\n","protected":false},"featured_media":12813,"template":"","meta":{"_acf_changed":false},"product_brand":[],"product_cat":[244],"product_tag":[248,249],"class_list":{"0":"post-12762","1":"product","2":"type-product","3":"status-publish","4":"has-post-thumbnail","6":"product_cat-dovanos","7":"product_tag-meditacija","8":"product_tag-ramybe","10":"first","11":"instock","12":"virtual","13":"sold-individually","14":"purchasable","15":"product-type-simple"},"acf":[],"yoast_head":"<!-- This site is optimized with the Yoast SEO Premium plugin v27.3 (Yoast SEO v27.3) - https:\/\/yoast.com\/product\/yoast-seo-premium-wordpress\/ -->\n<title>Trys ramyb\u0117s meditacijos - Indre Asada<\/title>\n<meta name=\"description\" content=\"Trys meditacijos su Indre Asada \u2013 Kal\u0117din\u0117 dovana indreasada.com puslapio vartotojams. Tai kvietimas sustoti, nurimti ir atrasti vidin\u0119 pusiausvyr\u0105.\" \/>\n<meta name=\"robots\" content=\"index, follow, max-snippet:-1, max-image-preview:large, max-video-preview:-1\" \/>\n<link rel=\"canonical\" href=\"https:\/\/indreasada.com\/lt\/produktas\/trys-ramybes-meditacijos\/\" \/>\n<meta property=\"og:locale\" content=\"lt_LT\" \/>\n<meta property=\"og:type\" content=\"article\" \/>\n<meta property=\"og:title\" content=\"Trys ramyb\u0117s meditacijos\" \/>\n<meta property=\"og:description\" content=\"Trys meditacijos su Indre Asada \u2013 Kal\u0117din\u0117 dovana indreasada.com puslapio vartotojams. Tai kvietimas sustoti, nurimti ir atrasti vidin\u0119 pusiausvyr\u0105.\" \/>\n<meta property=\"og:url\" content=\"https:\/\/indreasada.com\/lt\/produktas\/trys-ramybes-meditacijos\/\" \/>\n<meta property=\"og:site_name\" content=\"Indre Asada\" \/>\n<meta property=\"article:publisher\" content=\"https:\/\/www.facebook.com\/asada.indre\/\" \/>\n<meta property=\"article:modified_time\" content=\"2025-09-06T09:31:25+00:00\" \/>\n<meta property=\"og:image\" content=\"https:\/\/indreasada.com\/wp-content\/uploads\/2024\/12\/photo_2024-12-12_13-15-33.jpg\" \/>\n\t<meta property=\"og:image:width\" content=\"380\" \/>\n\t<meta property=\"og:image:height\" content=\"250\" \/>\n\t<meta property=\"og:image:type\" content=\"image\/jpeg\" \/>\n<meta name=\"twitter:card\" content=\"summary_large_image\" \/>\n<meta name=\"twitter:label1\" content=\"Est. reading time\" \/>\n\t<meta name=\"twitter:data1\" content=\"1 minut\u0117\" \/>\n<script type=\"application\/ld+json\" class=\"yoast-schema-graph\">{\"@context\":\"https:\\\/\\\/schema.org\",\"@graph\":[{\"@type\":\"WebPage\",\"@id\":\"https:\\\/\\\/indreasada.com\\\/lt\\\/produktas\\\/trys-ramybes-meditacijos\\\/\",\"url\":\"https:\\\/\\\/indreasada.com\\\/lt\\\/produktas\\\/trys-ramybes-meditacijos\\\/\",\"name\":\"Trys ramyb\u0117s meditacijos - Indre Asada\",\"isPartOf\":{\"@id\":\"https:\\\/\\\/indreasada.com\\\/lt\\\/#website\"},\"primaryImageOfPage\":{\"@id\":\"https:\\\/\\\/indreasada.com\\\/lt\\\/produktas\\\/trys-ramybes-meditacijos\\\/#primaryimage\"},\"image\":{\"@id\":\"https:\\\/\\\/indreasada.com\\\/lt\\\/produktas\\\/trys-ramybes-meditacijos\\\/#primaryimage\"},\"thumbnailUrl\":\"https:\\\/\\\/indreasada.com\\\/wp-content\\\/uploads\\\/2024\\\/12\\\/photo_2024-12-12_13-15-33.jpg\",\"datePublished\":\"2024-12-10T21:40:00+00:00\",\"dateModified\":\"2025-09-06T09:31:25+00:00\",\"description\":\"Trys meditacijos su Indre Asada \u2013 Kal\u0117din\u0117 dovana indreasada.com puslapio vartotojams. Tai kvietimas sustoti, nurimti ir atrasti vidin\u0119 pusiausvyr\u0105.\",\"breadcrumb\":{\"@id\":\"https:\\\/\\\/indreasada.com\\\/lt\\\/produktas\\\/trys-ramybes-meditacijos\\\/#breadcrumb\"},\"inLanguage\":\"lt-LT\",\"potentialAction\":[{\"@type\":\"ReadAction\",\"target\":[\"https:\\\/\\\/indreasada.com\\\/lt\\\/produktas\\\/trys-ramybes-meditacijos\\\/\"]}]},{\"@type\":\"ImageObject\",\"inLanguage\":\"lt-LT\",\"@id\":\"https:\\\/\\\/indreasada.com\\\/lt\\\/produktas\\\/trys-ramybes-meditacijos\\\/#primaryimage\",\"url\":\"https:\\\/\\\/indreasada.com\\\/wp-content\\\/uploads\\\/2024\\\/12\\\/photo_2024-12-12_13-15-33.jpg\",\"contentUrl\":\"https:\\\/\\\/indreasada.com\\\/wp-content\\\/uploads\\\/2024\\\/12\\\/photo_2024-12-12_13-15-33.jpg\",\"width\":380,\"height\":250,\"caption\":\"Dovana trys ramybes meditacijos, kaledos 2024\"},{\"@type\":\"BreadcrumbList\",\"@id\":\"https:\\\/\\\/indreasada.com\\\/lt\\\/produktas\\\/trys-ramybes-meditacijos\\\/#breadcrumb\",\"itemListElement\":[{\"@type\":\"ListItem\",\"position\":1,\"name\":\"Home\",\"item\":\"https:\\\/\\\/indreasada.com\\\/lt\\\/\"},{\"@type\":\"ListItem\",\"position\":2,\"name\":\"Gyvenimo akademija &#8211; Visi kursai\",\"item\":\"https:\\\/\\\/indreasada.com\\\/lt\\\/visi-kursai\\\/\"},{\"@type\":\"ListItem\",\"position\":3,\"name\":\"Trys ramyb\u0117s meditacijos\"}]},{\"@type\":\"WebSite\",\"@id\":\"https:\\\/\\\/indreasada.com\\\/lt\\\/#website\",\"url\":\"https:\\\/\\\/indreasada.com\\\/lt\\\/\",\"name\":\"Staging Indre Asada\",\"description\":\"Holistic Healing for Mind, Body, and Soul\",\"publisher\":{\"@id\":\"https:\\\/\\\/indreasada.com\\\/lt\\\/#organization\"},\"potentialAction\":[{\"@type\":\"SearchAction\",\"target\":{\"@type\":\"EntryPoint\",\"urlTemplate\":\"https:\\\/\\\/indreasada.com\\\/lt\\\/?s={search_term_string}\"},\"query-input\":{\"@type\":\"PropertyValueSpecification\",\"valueRequired\":true,\"valueName\":\"search_term_string\"}}],\"inLanguage\":\"lt-LT\"},{\"@type\":\"Organization\",\"@id\":\"https:\\\/\\\/indreasada.com\\\/lt\\\/#organization\",\"name\":\"Indre Asada\",\"url\":\"https:\\\/\\\/indreasada.com\\\/lt\\\/\",\"logo\":{\"@type\":\"ImageObject\",\"inLanguage\":\"lt-LT\",\"@id\":\"https:\\\/\\\/indreasada.com\\\/lt\\\/#\\\/schema\\\/logo\\\/image\\\/\",\"url\":\"\",\"contentUrl\":\"\",\"caption\":\"Indre Asada\"},\"image\":{\"@id\":\"https:\\\/\\\/indreasada.com\\\/lt\\\/#\\\/schema\\\/logo\\\/image\\\/\"},\"sameAs\":[\"https:\\\/\\\/www.facebook.com\\\/asada.indre\\\/\",\"https:\\\/\\\/www.youtube.com\\\/channel\\\/UCDLmKiMAxLtSrl12ddsQMqA\",\"https:\\\/\\\/t.me\\\/indreasadabendravimas\",\"https:\\\/\\\/www.instagram.com\\\/indreasada\\\/\"]}]}<\/script>\n<!-- \/ Yoast SEO Premium plugin. -->","yoast_head_json":{"title":"Trys ramyb\u0117s meditacijos - Indre Asada","description":"Trys meditacijos su Indre Asada \u2013 Kal\u0117din\u0117 dovana indreasada.com puslapio vartotojams. Tai kvietimas sustoti, nurimti ir atrasti vidin\u0119 pusiausvyr\u0105.","robots":{"index":"index","follow":"follow","max-snippet":"max-snippet:-1","max-image-preview":"max-image-preview:large","max-video-preview":"max-video-preview:-1"},"canonical":"https:\/\/indreasada.com\/lt\/produktas\/trys-ramybes-meditacijos\/","og_locale":"lt_LT","og_type":"article","og_title":"Trys ramyb\u0117s meditacijos","og_description":"Trys meditacijos su Indre Asada \u2013 Kal\u0117din\u0117 dovana indreasada.com puslapio vartotojams. Tai kvietimas sustoti, nurimti ir atrasti vidin\u0119 pusiausvyr\u0105.","og_url":"https:\/\/indreasada.com\/lt\/produktas\/trys-ramybes-meditacijos\/","og_site_name":"Indre Asada","article_publisher":"https:\/\/www.facebook.com\/asada.indre\/","article_modified_time":"2025-09-06T09:31:25+00:00","og_image":[{"width":380,"height":250,"url":"https:\/\/indreasada.com\/wp-content\/uploads\/2024\/12\/photo_2024-12-12_13-15-33.jpg","type":"image\/jpeg"}],"twitter_card":"summary_large_image","twitter_misc":{"Est. reading time":"1 minut\u0117"},"schema":{"@context":"https:\/\/schema.org","@graph":[{"@type":"WebPage","@id":"https:\/\/indreasada.com\/lt\/produktas\/trys-ramybes-meditacijos\/","url":"https:\/\/indreasada.com\/lt\/produktas\/trys-ramybes-meditacijos\/","name":"Trys ramyb\u0117s meditacijos - Indre Asada","isPartOf":{"@id":"https:\/\/indreasada.com\/lt\/#website"},"primaryImageOfPage":{"@id":"https:\/\/indreasada.com\/lt\/produktas\/trys-ramybes-meditacijos\/#primaryimage"},"image":{"@id":"https:\/\/indreasada.com\/lt\/produktas\/trys-ramybes-meditacijos\/#primaryimage"},"thumbnailUrl":"https:\/\/indreasada.com\/wp-content\/uploads\/2024\/12\/photo_2024-12-12_13-15-33.jpg","datePublished":"2024-12-10T21:40:00+00:00","dateModified":"2025-09-06T09:31:25+00:00","description":"Trys meditacijos su Indre Asada \u2013 Kal\u0117din\u0117 dovana indreasada.com puslapio vartotojams. Tai kvietimas sustoti, nurimti ir atrasti vidin\u0119 pusiausvyr\u0105.","breadcrumb":{"@id":"https:\/\/indreasada.com\/lt\/produktas\/trys-ramybes-meditacijos\/#breadcrumb"},"inLanguage":"lt-LT","potentialAction":[{"@type":"ReadAction","target":["https:\/\/indreasada.com\/lt\/produktas\/trys-ramybes-meditacijos\/"]}]},{"@type":"ImageObject","inLanguage":"lt-LT","@id":"https:\/\/indreasada.com\/lt\/produktas\/trys-ramybes-meditacijos\/#primaryimage","url":"https:\/\/indreasada.com\/wp-content\/uploads\/2024\/12\/photo_2024-12-12_13-15-33.jpg","contentUrl":"https:\/\/indreasada.com\/wp-content\/uploads\/2024\/12\/photo_2024-12-12_13-15-33.jpg","width":380,"height":250,"caption":"Dovana trys ramybes meditacijos, kaledos 2024"},{"@type":"BreadcrumbList","@id":"https:\/\/indreasada.com\/lt\/produktas\/trys-ramybes-meditacijos\/#breadcrumb","itemListElement":[{"@type":"ListItem","position":1,"name":"Home","item":"https:\/\/indreasada.com\/lt\/"},{"@type":"ListItem","position":2,"name":"Gyvenimo akademija &#8211; Visi kursai","item":"https:\/\/indreasada.com\/lt\/visi-kursai\/"},{"@type":"ListItem","position":3,"name":"Trys ramyb\u0117s meditacijos"}]},{"@type":"WebSite","@id":"https:\/\/indreasada.com\/lt\/#website","url":"https:\/\/indreasada.com\/lt\/","name":"Staging Indre Asada","description":"Holistic Healing for Mind, Body, and Soul","publisher":{"@id":"https:\/\/indreasada.com\/lt\/#organization"},"potentialAction":[{"@type":"SearchAction","target":{"@type":"EntryPoint","urlTemplate":"https:\/\/indreasada.com\/lt\/?s={search_term_string}"},"query-input":{"@type":"PropertyValueSpecification","valueRequired":true,"valueName":"search_term_string"}}],"inLanguage":"lt-LT"},{"@type":"Organization","@id":"https:\/\/indreasada.com\/lt\/#organization","name":"Indre Asada","url":"https:\/\/indreasada.com\/lt\/","logo":{"@type":"ImageObject","inLanguage":"lt-LT","@id":"https:\/\/indreasada.com\/lt\/#\/schema\/logo\/image\/","url":"","contentUrl":"","caption":"Indre Asada"},"image":{"@id":"https:\/\/indreasada.com\/lt\/#\/schema\/logo\/image\/"},"sameAs":["https:\/\/www.facebook.com\/asada.indre\/","https:\/\/www.youtube.com\/channel\/UCDLmKiMAxLtSrl12ddsQMqA","https:\/\/t.me\/indreasadabendravimas","https:\/\/www.instagram.com\/indreasada\/"]}]}},"jetpack_sharing_enabled":true,"_links":{"self":[{"href":"https:\/\/indreasada.com\/lt\/wp-json\/wp\/v2\/product\/12762","targetHints":{"allow":["GET"]}}],"collection":[{"href":"https:\/\/indreasada.com\/lt\/wp-json\/wp\/v2\/product"}],"about":[{"href":"https:\/\/indreasada.com\/lt\/wp-json\/wp\/v2\/types\/product"}],"wp:featuredmedia":[{"embeddable":true,"href":"https:\/\/indreasada.com\/lt\/wp-json\/wp\/v2\/media\/12813"}],"wp:attachment":[{"href":"https:\/\/indreasada.com\/lt\/wp-json\/wp\/v2\/media?parent=12762"}],"wp:term":[{"taxonomy":"product_brand","embeddable":true,"href":"https:\/\/indreasada.com\/lt\/wp-json\/wp\/v2\/product_brand?post=12762"},{"taxonomy":"product_cat","embeddable":true,"href":"https:\/\/indreasada.com\/lt\/wp-json\/wp\/v2\/product_cat?post=12762"},{"taxonomy":"product_tag","embeddable":true,"href":"https:\/\/indreasada.com\/lt\/wp-json\/wp\/v2\/product_tag?post=12762"}],"curies":[{"name":"wp","href":"https:\/\/api.w.org\/{rel}","templated":true}]}}