{"id":13738,"date":"2024-12-14T18:11:27","date_gmt":"2024-12-14T16:11:27","guid":{"rendered":"https:\/\/indreasada.com\/product\/2025-atveriame-uzdanga-kartu-2\/"},"modified":"2025-10-02T15:36:15","modified_gmt":"2025-10-02T12:36:15","slug":"2025-atveriame-uzdanga-kartu__trashed","status":"publish","type":"product","link":"https:\/\/indreasada.com\/lt\/produktas\/2025-atveriame-uzdanga-kartu__trashed\/","title":{"rendered":"2025 Atveriame u\u017edang\u0105 kartu"},"content":{"rendered":"<p>Naujametinis renginys<\/p>\n<p>Tris dienas i\u0161 eil\u0117s j\u016bs\u0173 laukia u\u017eduotys su meditacijomis, kurios pad\u0117s pasiruo\u0161ti ne tik Naujametiniam seminarui, bet ir visiems ateinantiems metams.<\/p>\n<p>Taip pat ruo\u0161iama visa eil\u0117 siurpriz\u0173 ir bonus\u0173!<\/p>\n<p>&nbsp;<\/p>\n","protected":false},"excerpt":{"rendered":"<p>Naujametinis renginys Tris dienas i\u0161 eil\u0117s j\u016bs\u0173 laukia u\u017eduotys su meditacijomis, kurios pad\u0117s pasiruo\u0161ti ne tik Naujametiniam seminarui, bet ir visiems ateinantiems metams. Taip pat ruo\u0161iama visa eil\u0117 siurpriz\u0173 ir bonus\u0173! &nbsp;<\/p>\n","protected":false},"featured_media":0,"template":"","meta":{"_acf_changed":false},"product_brand":[],"product_cat":[176],"product_tag":[251,252,250],"class_list":{"0":"post-13738","1":"product","2":"type-product","3":"status-publish","5":"product_cat-seminarai","6":"product_tag-meditcija","7":"product_tag-naujametinis-renginys","8":"product_tag-seminaras","10":"first","11":"instock","12":"virtual","13":"sold-individually","14":"purchasable","15":"product-type-simple"},"acf":[],"yoast_head":"<!-- This site is optimized with the Yoast SEO Premium plugin v27.2 (Yoast SEO v27.2) - https:\/\/yoast.com\/product\/yoast-seo-premium-wordpress\/ -->\n<title>2025 Atveriame u\u017edang\u0105 kartu - Indre Asada<\/title>\n<meta name=\"description\" content=\"Naujametinis seminaras su Indre Asada ir Erika Giniotis. Keturios dienos online kartu, su u\u017eduotimis ir meditacijomis, kurios pad\u0117s pasiruo\u0161ti 2025tiems\" \/>\n<meta name=\"robots\" content=\"index, follow, max-snippet:-1, max-image-preview:large, max-video-preview:-1\" \/>\n<link rel=\"canonical\" href=\"https:\/\/indreasada.com\/lt\/produktas\/2025-atveriame-uzdanga-kartu__trashed\/\" \/>\n<meta property=\"og:locale\" content=\"lt_LT\" \/>\n<meta property=\"og:type\" content=\"article\" \/>\n<meta property=\"og:title\" content=\"2025 Atveriame u\u017edang\u0105 kartu\" \/>\n<meta property=\"og:description\" content=\"Naujametinis seminaras su Indre Asada ir Erika Giniotis. Keturios dienos online kartu, su u\u017eduotimis ir meditacijomis, kurios pad\u0117s pasiruo\u0161ti 2025tiems\" \/>\n<meta property=\"og:url\" content=\"https:\/\/indreasada.com\/lt\/produktas\/2025-atveriame-uzdanga-kartu__trashed\/\" \/>\n<meta property=\"og:site_name\" content=\"Indre Asada\" \/>\n<meta property=\"article:publisher\" content=\"https:\/\/www.facebook.com\/asada.indre\/\" \/>\n<meta property=\"article:modified_time\" content=\"2025-10-02T12:36:15+00:00\" \/>\n<meta property=\"og:image\" content=\"https:\/\/indreasada.com\/wp-content\/uploads\/2024\/12\/seminaras-Atveriame-uzdanga-kartu-su-Indre-Asada.jpg\" \/>\n\t<meta property=\"og:image:width\" content=\"380\" \/>\n\t<meta property=\"og:image:height\" content=\"250\" \/>\n\t<meta property=\"og:image:type\" content=\"image\/jpeg\" \/>\n<meta name=\"twitter:card\" content=\"summary_large_image\" \/>\n<meta name=\"twitter:label1\" content=\"Est. reading time\" \/>\n\t<meta name=\"twitter:data1\" content=\"1 minut\u0117\" \/>\n<script type=\"application\/ld+json\" class=\"yoast-schema-graph\">{\"@context\":\"https:\/\/schema.org\",\"@graph\":[{\"@type\":\"WebPage\",\"@id\":\"https:\/\/indreasada.com\/lt\/produktas\/2025-atveriame-uzdanga-kartu__trashed\/\",\"url\":\"https:\/\/indreasada.com\/lt\/produktas\/2025-atveriame-uzdanga-kartu__trashed\/\",\"name\":\"2025 Atveriame u\u017edang\u0105 kartu - Indre Asada\",\"isPartOf\":{\"@id\":\"https:\/\/indreasada.com\/lt\/#website\"},\"datePublished\":\"2024-12-14T16:11:27+00:00\",\"dateModified\":\"2025-10-02T12:36:15+00:00\",\"description\":\"Naujametinis seminaras su Indre Asada ir Erika Giniotis. Keturios dienos online kartu, su u\u017eduotimis ir meditacijomis, kurios pad\u0117s pasiruo\u0161ti 2025tiems\",\"breadcrumb\":{\"@id\":\"https:\/\/indreasada.com\/lt\/produktas\/2025-atveriame-uzdanga-kartu__trashed\/#breadcrumb\"},\"inLanguage\":\"lt-LT\",\"potentialAction\":[{\"@type\":\"ReadAction\",\"target\":[\"https:\/\/indreasada.com\/lt\/produktas\/2025-atveriame-uzdanga-kartu__trashed\/\"]}]},{\"@type\":\"BreadcrumbList\",\"@id\":\"https:\/\/indreasada.com\/lt\/produktas\/2025-atveriame-uzdanga-kartu__trashed\/#breadcrumb\",\"itemListElement\":[{\"@type\":\"ListItem\",\"position\":1,\"name\":\"Home\",\"item\":\"https:\/\/indreasada.com\/lt\/\"},{\"@type\":\"ListItem\",\"position\":2,\"name\":\"Gyvenimo akademija &#8211; Visi kursai\",\"item\":\"https:\/\/indreasada.com\/lt\/visi-kursai\/\"},{\"@type\":\"ListItem\",\"position\":3,\"name\":\"2025 Atveriame u\u017edang\u0105 kartu\"}]},{\"@type\":\"WebSite\",\"@id\":\"https:\/\/indreasada.com\/lt\/#website\",\"url\":\"https:\/\/indreasada.com\/lt\/\",\"name\":\"Staging Indre Asada\",\"description\":\"Holistic Healing for Mind, Body, and Soul\",\"publisher\":{\"@id\":\"https:\/\/indreasada.com\/lt\/#organization\"},\"potentialAction\":[{\"@type\":\"SearchAction\",\"target\":{\"@type\":\"EntryPoint\",\"urlTemplate\":\"https:\/\/indreasada.com\/lt\/?s={search_term_string}\"},\"query-input\":{\"@type\":\"PropertyValueSpecification\",\"valueRequired\":true,\"valueName\":\"search_term_string\"}}],\"inLanguage\":\"lt-LT\"},{\"@type\":\"Organization\",\"@id\":\"https:\/\/indreasada.com\/lt\/#organization\",\"name\":\"Indre Asada\",\"url\":\"https:\/\/indreasada.com\/lt\/\",\"logo\":{\"@type\":\"ImageObject\",\"inLanguage\":\"lt-LT\",\"@id\":\"https:\/\/indreasada.com\/lt\/#\/schema\/logo\/image\/\",\"url\":\"\",\"contentUrl\":\"\",\"caption\":\"Indre Asada\"},\"image\":{\"@id\":\"https:\/\/indreasada.com\/lt\/#\/schema\/logo\/image\/\"},\"sameAs\":[\"https:\/\/www.facebook.com\/asada.indre\/\",\"https:\/\/www.youtube.com\/channel\/UCDLmKiMAxLtSrl12ddsQMqA\",\"https:\/\/t.me\/indreasadabendravimas\",\"https:\/\/www.instagram.com\/indreasada\/\"]}]}<\/script>\n<!-- \/ Yoast SEO Premium plugin. -->","yoast_head_json":{"title":"2025 Atveriame u\u017edang\u0105 kartu - Indre Asada","description":"Naujametinis seminaras su Indre Asada ir Erika Giniotis. Keturios dienos online kartu, su u\u017eduotimis ir meditacijomis, kurios pad\u0117s pasiruo\u0161ti 2025tiems","robots":{"index":"index","follow":"follow","max-snippet":"max-snippet:-1","max-image-preview":"max-image-preview:large","max-video-preview":"max-video-preview:-1"},"canonical":"https:\/\/indreasada.com\/lt\/produktas\/2025-atveriame-uzdanga-kartu__trashed\/","og_locale":"lt_LT","og_type":"article","og_title":"2025 Atveriame u\u017edang\u0105 kartu","og_description":"Naujametinis seminaras su Indre Asada ir Erika Giniotis. Keturios dienos online kartu, su u\u017eduotimis ir meditacijomis, kurios pad\u0117s pasiruo\u0161ti 2025tiems","og_url":"https:\/\/indreasada.com\/lt\/produktas\/2025-atveriame-uzdanga-kartu__trashed\/","og_site_name":"Indre Asada","article_publisher":"https:\/\/www.facebook.com\/asada.indre\/","article_modified_time":"2025-10-02T12:36:15+00:00","og_image":[{"width":380,"height":250,"url":"https:\/\/indreasada.com\/wp-content\/uploads\/2024\/12\/seminaras-Atveriame-uzdanga-kartu-su-Indre-Asada.jpg","type":"image\/jpeg"}],"twitter_card":"summary_large_image","twitter_misc":{"Est. reading time":"1 minut\u0117"},"schema":{"@context":"https:\/\/schema.org","@graph":[{"@type":"WebPage","@id":"https:\/\/indreasada.com\/lt\/produktas\/2025-atveriame-uzdanga-kartu__trashed\/","url":"https:\/\/indreasada.com\/lt\/produktas\/2025-atveriame-uzdanga-kartu__trashed\/","name":"2025 Atveriame u\u017edang\u0105 kartu - Indre Asada","isPartOf":{"@id":"https:\/\/indreasada.com\/lt\/#website"},"datePublished":"2024-12-14T16:11:27+00:00","dateModified":"2025-10-02T12:36:15+00:00","description":"Naujametinis seminaras su Indre Asada ir Erika Giniotis. Keturios dienos online kartu, su u\u017eduotimis ir meditacijomis, kurios pad\u0117s pasiruo\u0161ti 2025tiems","breadcrumb":{"@id":"https:\/\/indreasada.com\/lt\/produktas\/2025-atveriame-uzdanga-kartu__trashed\/#breadcrumb"},"inLanguage":"lt-LT","potentialAction":[{"@type":"ReadAction","target":["https:\/\/indreasada.com\/lt\/produktas\/2025-atveriame-uzdanga-kartu__trashed\/"]}]},{"@type":"BreadcrumbList","@id":"https:\/\/indreasada.com\/lt\/produktas\/2025-atveriame-uzdanga-kartu__trashed\/#breadcrumb","itemListElement":[{"@type":"ListItem","position":1,"name":"Home","item":"https:\/\/indreasada.com\/lt\/"},{"@type":"ListItem","position":2,"name":"Gyvenimo akademija &#8211; Visi kursai","item":"https:\/\/indreasada.com\/lt\/visi-kursai\/"},{"@type":"ListItem","position":3,"name":"2025 Atveriame u\u017edang\u0105 kartu"}]},{"@type":"WebSite","@id":"https:\/\/indreasada.com\/lt\/#website","url":"https:\/\/indreasada.com\/lt\/","name":"Staging Indre Asada","description":"Holistic Healing for Mind, Body, and Soul","publisher":{"@id":"https:\/\/indreasada.com\/lt\/#organization"},"potentialAction":[{"@type":"SearchAction","target":{"@type":"EntryPoint","urlTemplate":"https:\/\/indreasada.com\/lt\/?s={search_term_string}"},"query-input":{"@type":"PropertyValueSpecification","valueRequired":true,"valueName":"search_term_string"}}],"inLanguage":"lt-LT"},{"@type":"Organization","@id":"https:\/\/indreasada.com\/lt\/#organization","name":"Indre Asada","url":"https:\/\/indreasada.com\/lt\/","logo":{"@type":"ImageObject","inLanguage":"lt-LT","@id":"https:\/\/indreasada.com\/lt\/#\/schema\/logo\/image\/","url":"","contentUrl":"","caption":"Indre Asada"},"image":{"@id":"https:\/\/indreasada.com\/lt\/#\/schema\/logo\/image\/"},"sameAs":["https:\/\/www.facebook.com\/asada.indre\/","https:\/\/www.youtube.com\/channel\/UCDLmKiMAxLtSrl12ddsQMqA","https:\/\/t.me\/indreasadabendravimas","https:\/\/www.instagram.com\/indreasada\/"]}]}},"jetpack_sharing_enabled":true,"_links":{"self":[{"href":"https:\/\/indreasada.com\/lt\/wp-json\/wp\/v2\/product\/13738","targetHints":{"allow":["GET"]}}],"collection":[{"href":"https:\/\/indreasada.com\/lt\/wp-json\/wp\/v2\/product"}],"about":[{"href":"https:\/\/indreasada.com\/lt\/wp-json\/wp\/v2\/types\/product"}],"wp:attachment":[{"href":"https:\/\/indreasada.com\/lt\/wp-json\/wp\/v2\/media?parent=13738"}],"wp:term":[{"taxonomy":"product_brand","embeddable":true,"href":"https:\/\/indreasada.com\/lt\/wp-json\/wp\/v2\/product_brand?post=13738"},{"taxonomy":"product_cat","embeddable":true,"href":"https:\/\/indreasada.com\/lt\/wp-json\/wp\/v2\/product_cat?post=13738"},{"taxonomy":"product_tag","embeddable":true,"href":"https:\/\/indreasada.com\/lt\/wp-json\/wp\/v2\/product_tag?post=13738"}],"curies":[{"name":"wp","href":"https:\/\/api.w.org\/{rel}","templated":true}]}}