{"id":20004,"date":"2026-03-01T15:48:24","date_gmt":"2026-03-01T13:48:24","guid":{"rendered":"https:\/\/indreasada.com\/?post_type=product&#038;p=20004"},"modified":"2026-04-09T16:16:48","modified_gmt":"2026-04-09T13:16:48","slug":"moters-verte","status":"publish","type":"product","link":"https:\/\/indreasada.com\/lt\/produktas\/moters-verte\/","title":{"rendered":"Moters vert\u0117"},"content":{"rendered":"<h3><strong>Moters vert\u0117<\/strong><\/h3>\n<p data-start=\"726\" data-end=\"958\">Tai antrasis Gyvenimo akademijos etapas moteriai, kuri jau turi pamatus ir yra pasiruo\u0161usi eiti giliau \u2013 \u012f vidin\u0119 sistem\u0105, i\u0161 kurios formuojasi jos vert\u0117, santykis su savimi, ribos, moteri\u0161kumas ir gyvenimo pasirinkimai.<\/p>\n<p data-start=\"960\" data-end=\"1155\">\u0160iame etape dirbame su gilesniais sav\u0119s atmetimo, prisitaikymo, kalt\u0117s, g\u0117dos ir vidinio nepakankamumo modeliais, kurie veikia moters santyk\u012f su savimi, k\u016bnu, artumu, motinyste ir santykiais.<\/p>\n<p data-start=\"1157\" data-end=\"1310\">Tai ne prad\u0117jimas i\u0161 naujo. Tai sekantis \u017eingsnis po Laikas gyvevti toms, kurios yra pasiruo\u0161usios eiti giliau.<\/p>\n<p data-start=\"1312\" data-end=\"1346\"><strong>Pla\u010diau apie \u0161\u012f kurs\u0105 <a href=\"https:\/\/indreasada.com\/lt\/verta-sveika-laiminga\/\">rasi \u010dia<\/a><\/strong><\/p>\n<p data-start=\"1348\" data-end=\"1542\">\u201eB\u016bti ta tikr\u0105ja savimi yra \u017eymiai lengviau, nei apsimesti tuo, kuo nesi. Anks\u010diau \u017einojau, kad reikia b\u016bti savimi, bet tik kurse \u201eVerta\u201c i\u0161mokau, kaip tai paversti realybe.\u201c \u2014 Danguol\u0117 Mic.<\/p>\n<p><strong>D\u0117l nuolaid\u0173 ar bonus\u0173 taikymo:<\/strong> vienai registracijai taikoma viena palankiausia tuo metu galiojanti nauda.<br \/>\nBonusai, dovanos ar v\u0117liau \u012f program\u0105 \u012ftraukta med\u017eiaga n\u0117ra kompensuojami atgaline data ir n\u0117ra sumuojami su kitomis nuolaidomis.<\/p>\n<p>&nbsp;<\/p>\n","protected":false},"excerpt":{"rendered":"<p class=\"ai-optimize-27 ai-optimize-introduction\">Kursas moterims, skirtas vidin\u0117s savivert\u0117s atk\u016brimui ir gyvenimo transformacijai.<\/p>\n","protected":false},"featured_media":32906,"template":"","meta":{"_acf_changed":false},"product_brand":[],"product_cat":[174],"product_tag":[],"class_list":{"0":"post-20004","1":"product","2":"type-product","3":"status-publish","4":"has-post-thumbnail","6":"product_cat-etapas","8":"first","9":"instock","10":"shipping-taxable","11":"product-type-external"},"acf":[],"yoast_head":"<!-- This site is optimized with the Yoast SEO Premium plugin v27.5 (Yoast SEO v27.5) - https:\/\/yoast.com\/product\/yoast-seo-premium-wordpress\/ -->\n<title>Moters vert\u0117 - Indre Asada<\/title>\n<meta name=\"description\" content=\"Moters vert\u0117 tai antrasis Gvenimo akademijos etapas kur atkuriame moters vert\u0119, ribas, santyk\u012f su savimi ir vidines sistemas.\" \/>\n<meta name=\"robots\" content=\"index, follow, max-snippet:-1, max-image-preview:large, max-video-preview:-1\" \/>\n<link rel=\"canonical\" href=\"https:\/\/indreasada.com\/lt\/produktas\/moters-verte\/\" \/>\n<meta property=\"og:locale\" content=\"lt_LT\" \/>\n<meta property=\"og:type\" content=\"article\" \/>\n<meta property=\"og:title\" content=\"Moters vert\u0117\" \/>\n<meta property=\"og:description\" content=\"Moters vert\u0117 tai antrasis Gvenimo akademijos etapas kur atkuriame moters vert\u0119, ribas, santyk\u012f su savimi ir vidines sistemas.\" \/>\n<meta property=\"og:url\" content=\"https:\/\/indreasada.com\/lt\/produktas\/moters-verte\/\" \/>\n<meta property=\"og:site_name\" content=\"Indre Asada\" \/>\n<meta property=\"article:publisher\" content=\"https:\/\/www.facebook.com\/asada.indre\/\" \/>\n<meta property=\"article:modified_time\" content=\"2026-04-09T13:16:48+00:00\" \/>\n<meta property=\"og:image\" content=\"https:\/\/indreasada.com\/wp-content\/uploads\/2026\/03\/gyvenimo-akademija-moters-verte.png\" \/>\n\t<meta property=\"og:image:width\" content=\"1\" \/>\n\t<meta property=\"og:image:height\" content=\"1\" \/>\n\t<meta property=\"og:image:type\" content=\"image\/png\" \/>\n<meta name=\"twitter:card\" content=\"summary_large_image\" \/>\n<meta name=\"twitter:label1\" content=\"Est. reading time\" \/>\n\t<meta name=\"twitter:data1\" content=\"1 minut\u0117\" \/>\n<script type=\"application\/ld+json\" class=\"yoast-schema-graph\">{\"@context\":\"https:\\\/\\\/schema.org\",\"@graph\":[{\"@type\":\"WebPage\",\"@id\":\"https:\\\/\\\/indreasada.com\\\/lt\\\/produktas\\\/moters-verte\\\/\",\"url\":\"https:\\\/\\\/indreasada.com\\\/lt\\\/produktas\\\/moters-verte\\\/\",\"name\":\"Moters vert\u0117 - Indre Asada\",\"isPartOf\":{\"@id\":\"https:\\\/\\\/indreasada.com\\\/lt\\\/#website\"},\"primaryImageOfPage\":{\"@id\":\"https:\\\/\\\/indreasada.com\\\/lt\\\/produktas\\\/moters-verte\\\/#primaryimage\"},\"image\":{\"@id\":\"https:\\\/\\\/indreasada.com\\\/lt\\\/produktas\\\/moters-verte\\\/#primaryimage\"},\"thumbnailUrl\":\"https:\\\/\\\/indreasada.com\\\/wp-content\\\/uploads\\\/2026\\\/03\\\/gyvenimo-akademija-moters-verte.png\",\"datePublished\":\"2026-03-01T13:48:24+00:00\",\"dateModified\":\"2026-04-09T13:16:48+00:00\",\"description\":\"Moters vert\u0117 tai antrasis Gvenimo akademijos etapas kur atkuriame moters vert\u0119, ribas, santyk\u012f su savimi ir vidines sistemas.\",\"breadcrumb\":{\"@id\":\"https:\\\/\\\/indreasada.com\\\/lt\\\/produktas\\\/moters-verte\\\/#breadcrumb\"},\"inLanguage\":\"lt-LT\",\"potentialAction\":[{\"@type\":\"ReadAction\",\"target\":[\"https:\\\/\\\/indreasada.com\\\/lt\\\/produktas\\\/moters-verte\\\/\"]}]},{\"@type\":\"ImageObject\",\"inLanguage\":\"lt-LT\",\"@id\":\"https:\\\/\\\/indreasada.com\\\/lt\\\/produktas\\\/moters-verte\\\/#primaryimage\",\"url\":\"https:\\\/\\\/indreasada.com\\\/wp-content\\\/uploads\\\/2026\\\/03\\\/gyvenimo-akademija-moters-verte.png\",\"contentUrl\":\"https:\\\/\\\/indreasada.com\\\/wp-content\\\/uploads\\\/2026\\\/03\\\/gyvenimo-akademija-moters-verte.png\",\"caption\":\"gyvenimo akademija, moters verte\"},{\"@type\":\"BreadcrumbList\",\"@id\":\"https:\\\/\\\/indreasada.com\\\/lt\\\/produktas\\\/moters-verte\\\/#breadcrumb\",\"itemListElement\":[{\"@type\":\"ListItem\",\"position\":1,\"name\":\"Home\",\"item\":\"https:\\\/\\\/indreasada.com\\\/lt\\\/\"},{\"@type\":\"ListItem\",\"position\":2,\"name\":\"Gyvenimo akademija &#8211; Visi kursai\",\"item\":\"https:\\\/\\\/indreasada.com\\\/lt\\\/visi-kursai\\\/\"},{\"@type\":\"ListItem\",\"position\":3,\"name\":\"Moters vert\u0117\"}]},{\"@type\":\"WebSite\",\"@id\":\"https:\\\/\\\/indreasada.com\\\/lt\\\/#website\",\"url\":\"https:\\\/\\\/indreasada.com\\\/lt\\\/\",\"name\":\"Staging Indre Asada\",\"description\":\"Holistic Healing for Mind, Body, and Soul\",\"publisher\":{\"@id\":\"https:\\\/\\\/indreasada.com\\\/lt\\\/#organization\"},\"potentialAction\":[{\"@type\":\"SearchAction\",\"target\":{\"@type\":\"EntryPoint\",\"urlTemplate\":\"https:\\\/\\\/indreasada.com\\\/lt\\\/?s={search_term_string}\"},\"query-input\":{\"@type\":\"PropertyValueSpecification\",\"valueRequired\":true,\"valueName\":\"search_term_string\"}}],\"inLanguage\":\"lt-LT\"},{\"@type\":\"Organization\",\"@id\":\"https:\\\/\\\/indreasada.com\\\/lt\\\/#organization\",\"name\":\"Indre Asada\",\"url\":\"https:\\\/\\\/indreasada.com\\\/lt\\\/\",\"logo\":{\"@type\":\"ImageObject\",\"inLanguage\":\"lt-LT\",\"@id\":\"https:\\\/\\\/indreasada.com\\\/lt\\\/#\\\/schema\\\/logo\\\/image\\\/\",\"url\":\"\",\"contentUrl\":\"\",\"caption\":\"Indre Asada\"},\"image\":{\"@id\":\"https:\\\/\\\/indreasada.com\\\/lt\\\/#\\\/schema\\\/logo\\\/image\\\/\"},\"sameAs\":[\"https:\\\/\\\/www.facebook.com\\\/asada.indre\\\/\",\"https:\\\/\\\/www.youtube.com\\\/channel\\\/UCDLmKiMAxLtSrl12ddsQMqA\",\"https:\\\/\\\/t.me\\\/indreasadabendravimas\",\"https:\\\/\\\/www.instagram.com\\\/indreasada\\\/\"]}]}<\/script>\n<!-- \/ Yoast SEO Premium plugin. -->","yoast_head_json":{"title":"Moters vert\u0117 - Indre Asada","description":"Moters vert\u0117 tai antrasis Gvenimo akademijos etapas kur atkuriame moters vert\u0119, ribas, santyk\u012f su savimi ir vidines sistemas.","robots":{"index":"index","follow":"follow","max-snippet":"max-snippet:-1","max-image-preview":"max-image-preview:large","max-video-preview":"max-video-preview:-1"},"canonical":"https:\/\/indreasada.com\/lt\/produktas\/moters-verte\/","og_locale":"lt_LT","og_type":"article","og_title":"Moters vert\u0117","og_description":"Moters vert\u0117 tai antrasis Gvenimo akademijos etapas kur atkuriame moters vert\u0119, ribas, santyk\u012f su savimi ir vidines sistemas.","og_url":"https:\/\/indreasada.com\/lt\/produktas\/moters-verte\/","og_site_name":"Indre Asada","article_publisher":"https:\/\/www.facebook.com\/asada.indre\/","article_modified_time":"2026-04-09T13:16:48+00:00","og_image":[{"url":"https:\/\/indreasada.com\/wp-content\/uploads\/2026\/03\/gyvenimo-akademija-moters-verte.png","width":1,"height":1,"type":"image\/png"}],"twitter_card":"summary_large_image","twitter_misc":{"Est. reading time":"1 minut\u0117"},"schema":{"@context":"https:\/\/schema.org","@graph":[{"@type":"WebPage","@id":"https:\/\/indreasada.com\/lt\/produktas\/moters-verte\/","url":"https:\/\/indreasada.com\/lt\/produktas\/moters-verte\/","name":"Moters vert\u0117 - Indre Asada","isPartOf":{"@id":"https:\/\/indreasada.com\/lt\/#website"},"primaryImageOfPage":{"@id":"https:\/\/indreasada.com\/lt\/produktas\/moters-verte\/#primaryimage"},"image":{"@id":"https:\/\/indreasada.com\/lt\/produktas\/moters-verte\/#primaryimage"},"thumbnailUrl":"https:\/\/indreasada.com\/wp-content\/uploads\/2026\/03\/gyvenimo-akademija-moters-verte.png","datePublished":"2026-03-01T13:48:24+00:00","dateModified":"2026-04-09T13:16:48+00:00","description":"Moters vert\u0117 tai antrasis Gvenimo akademijos etapas kur atkuriame moters vert\u0119, ribas, santyk\u012f su savimi ir vidines sistemas.","breadcrumb":{"@id":"https:\/\/indreasada.com\/lt\/produktas\/moters-verte\/#breadcrumb"},"inLanguage":"lt-LT","potentialAction":[{"@type":"ReadAction","target":["https:\/\/indreasada.com\/lt\/produktas\/moters-verte\/"]}]},{"@type":"ImageObject","inLanguage":"lt-LT","@id":"https:\/\/indreasada.com\/lt\/produktas\/moters-verte\/#primaryimage","url":"https:\/\/indreasada.com\/wp-content\/uploads\/2026\/03\/gyvenimo-akademija-moters-verte.png","contentUrl":"https:\/\/indreasada.com\/wp-content\/uploads\/2026\/03\/gyvenimo-akademija-moters-verte.png","caption":"gyvenimo akademija, moters verte"},{"@type":"BreadcrumbList","@id":"https:\/\/indreasada.com\/lt\/produktas\/moters-verte\/#breadcrumb","itemListElement":[{"@type":"ListItem","position":1,"name":"Home","item":"https:\/\/indreasada.com\/lt\/"},{"@type":"ListItem","position":2,"name":"Gyvenimo akademija &#8211; Visi kursai","item":"https:\/\/indreasada.com\/lt\/visi-kursai\/"},{"@type":"ListItem","position":3,"name":"Moters vert\u0117"}]},{"@type":"WebSite","@id":"https:\/\/indreasada.com\/lt\/#website","url":"https:\/\/indreasada.com\/lt\/","name":"Staging Indre Asada","description":"Holistic Healing for Mind, Body, and Soul","publisher":{"@id":"https:\/\/indreasada.com\/lt\/#organization"},"potentialAction":[{"@type":"SearchAction","target":{"@type":"EntryPoint","urlTemplate":"https:\/\/indreasada.com\/lt\/?s={search_term_string}"},"query-input":{"@type":"PropertyValueSpecification","valueRequired":true,"valueName":"search_term_string"}}],"inLanguage":"lt-LT"},{"@type":"Organization","@id":"https:\/\/indreasada.com\/lt\/#organization","name":"Indre Asada","url":"https:\/\/indreasada.com\/lt\/","logo":{"@type":"ImageObject","inLanguage":"lt-LT","@id":"https:\/\/indreasada.com\/lt\/#\/schema\/logo\/image\/","url":"","contentUrl":"","caption":"Indre Asada"},"image":{"@id":"https:\/\/indreasada.com\/lt\/#\/schema\/logo\/image\/"},"sameAs":["https:\/\/www.facebook.com\/asada.indre\/","https:\/\/www.youtube.com\/channel\/UCDLmKiMAxLtSrl12ddsQMqA","https:\/\/t.me\/indreasadabendravimas","https:\/\/www.instagram.com\/indreasada\/"]}]}},"jetpack_sharing_enabled":true,"_links":{"self":[{"href":"https:\/\/indreasada.com\/lt\/wp-json\/wp\/v2\/product\/20004","targetHints":{"allow":["GET"]}}],"collection":[{"href":"https:\/\/indreasada.com\/lt\/wp-json\/wp\/v2\/product"}],"about":[{"href":"https:\/\/indreasada.com\/lt\/wp-json\/wp\/v2\/types\/product"}],"wp:featuredmedia":[{"embeddable":true,"href":"https:\/\/indreasada.com\/lt\/wp-json\/wp\/v2\/media\/32906"}],"wp:attachment":[{"href":"https:\/\/indreasada.com\/lt\/wp-json\/wp\/v2\/media?parent=20004"}],"wp:term":[{"taxonomy":"product_brand","embeddable":true,"href":"https:\/\/indreasada.com\/lt\/wp-json\/wp\/v2\/product_brand?post=20004"},{"taxonomy":"product_cat","embeddable":true,"href":"https:\/\/indreasada.com\/lt\/wp-json\/wp\/v2\/product_cat?post=20004"},{"taxonomy":"product_tag","embeddable":true,"href":"https:\/\/indreasada.com\/lt\/wp-json\/wp\/v2\/product_tag?post=20004"}],"curies":[{"name":"wp","href":"https:\/\/api.w.org\/{rel}","templated":true}]}}