{"id":20531,"date":"2025-06-13T20:50:40","date_gmt":"2025-06-13T17:50:40","guid":{"rendered":"https:\/\/indreasada.com\/?post_type=product&#038;p=20531"},"modified":"2026-04-09T16:22:58","modified_gmt":"2026-04-09T13:22:58","slug":"laikas-gyventi","status":"publish","type":"product","link":"https:\/\/indreasada.com\/lt\/produktas\/laikas-gyventi\/","title":{"rendered":"Laikas gyventi"},"content":{"rendered":"<h3><strong>Laikas gyventi<\/strong><\/h3>\n<p>tai pirmas Gyvenimo akademijos etapas, kuriame stabilizuojasi <strong data-start=\"317\" data-end=\"335\">vidin\u0117 sistema<\/strong>: nerv\u0173 sistemos b\u016bsena, pas\u0105mon\u0117s programos ir automatin\u0117s reakcijos.<br data-start=\"405\" data-end=\"408\" \/>Kai sistema nurimsta, gyvenimo vairas nat\u016braliai gr\u012f\u017eta \u012f tavo rankas \u2013 ne per spaudim\u0105, o per ai\u0161kum\u0105.<\/p>\n<h3>Kod\u0117l verta rinktis \u0161\u012f keli\u0105<\/h3>\n<p data-start=\"546\" data-end=\"682\">Tai n\u0117ra motyvacinis turinys.<br data-start=\"575\" data-end=\"578\" \/>Tai procesas, kuris veda \u012f \u0161akn\u012f: <strong data-start=\"612\" data-end=\"659\">pas\u0105mon\u0119, emocines reakcijas ir k\u016bno b\u016bsen\u0105<\/strong> \u2013 vienoje strukt\u016broje.<\/p>\n<p data-start=\"684\" data-end=\"854\">\u010cia ugdai ne \u201epozityvum\u0105\u201c, o <strong data-start=\"713\" data-end=\"728\">s\u0105moningum\u0105<\/strong>, kuris kei\u010dia mechanizm\u0105:<br data-start=\"754\" data-end=\"757\" \/>kod\u0117l kartojasi tie patys scenarijai ir kaip prad\u0117ti rinktis i\u0161 ramyb\u0117s, o ne i\u0161 senos reakcijos.<\/p>\n<h3 data-start=\"856\" data-end=\"884\">Kam skirtas \u0161is \u017eingsnis<\/h3>\n<p data-start=\"885\" data-end=\"999\">\u0160is kelias tinka, jei nori ne trumpam palengv\u0117jimui, o <strong data-start=\"940\" data-end=\"971\">vidin\u0117s strukt\u016bros poky\u010diui<\/strong>, kuris pakelia gyvenimo kokyb\u0119.<\/p>\n<p>K\u0105 gauni:<\/p>\n<p><strong>95+ \u012fra\u0161yt\u0173 pamok\u0173<\/strong> \u2013 savo tempu<\/p>\n<p><strong>16 gyv\u0173 susitikim\u0173<\/strong> \u2013 kiekvien\u0105 pirmadien\u012f<\/p>\n<p><strong>4 m\u0117nesiai palaikymo<\/strong> \u2013 Telegram grup\u0117je<\/p>\n<p>Transformacin\u0117s meditacijos<\/p>\n<p>Prieiga visam gyvenimui<\/p>\n<p><strong>Daugiau apie \u0161\u012f keli\u0105\u00a0 <a href=\"https:\/\/indreasada.com\/lt\/laikas-gyventi\/\">SKAITYK \u010cIA<\/a><\/strong><\/p>\n<p>D\u0117l nuolaid\u0173 ar bonus\u0173 taikymo: vienai registracijai taikoma viena palankiausia tuo metu galiojanti nauda.<br \/>\nBonusai, dovanos ar v\u0117liau \u012f program\u0105 \u012ftraukta med\u017eiaga n\u0117ra kompensuojami atgaline data ir n\u0117ra sumuojami su kitomis nuolaidomis.<strong><br \/>\n<\/strong><\/p>\n<hr \/>\n<h3>K\u0105 sako dalyviai:<\/h3>\n<p>\u2b50\u2b50\u2b50\u2b50\u2b50 <em>\u201eJau\u010diuosi naujai u\u017egimusi.&#8221;<\/em> \u2014 Inga<\/p>\n<p>\u2b50\u2b50\u2b50\u2b50\u2b50 <em>\u201eViskas stojo \u012f savo vietas.&#8221;<\/em> \u2014 I\u0161 anketos<\/p>\n<p>\u2b50\u2b50\u2b50\u2b50\u2b50 <em>\u201eJ\u016bs kei\u010diate \u017emoni\u0173 gyvenimus.&#8221;<\/em> \u2014 Gerda<\/p>\n<p>Daugiau atsiliepim\u0173 skaityk <a href=\"https:\/\/www.trustpilot.com\/review\/indreasada.com?languages=lt\" target=\"_blank\" rel=\"noopener\">Trustpilot<\/a> .<\/p>\n<p>Google atsiliepimus <a href=\"https:\/\/www.google.com\/maps\/place\/Indre+Asada+Ltd.\/@46.952891,-74.0910776,3z\/data=!4m8!3m7!1s0xaa18bcc270830df1:0xd1c1427254f77e1f!8m2!3d46.952891!4d-74.0910776!9m1!1b1!16s%2Fg%2F11y6fc_v35?hl=en-US&amp;entry=ttu&amp;g_ep=EgoyMDI1MTIwOS4wIKXMDSoKLDEwMDc5MjA2N0gBUAM%3D\" target=\"_blank\" rel=\"noopener\">rasi \u010cIA<\/a><\/p>\n<p>&nbsp;<\/p>\n<p>&nbsp;<\/p>\n","protected":false},"excerpt":{"rendered":"<p class=\"ai-optimize-24\">Gyvenimo balanso pamatai &#8211; tai 4 m\u0117nesi\u0173 kelion\u0117 \u012f s\u0105moningum\u0105 ir nauj\u0105 gyvenimo kokyb\u0119 su Indre Asada.<\/p>\n","protected":false},"featured_media":32907,"template":"","meta":{"_acf_changed":false},"product_brand":[],"product_cat":[174],"product_tag":[],"class_list":{"0":"post-20531","1":"product","2":"type-product","3":"status-publish","4":"has-post-thumbnail","6":"product_cat-etapas","8":"first","9":"instock","10":"sale","11":"virtual","12":"sold-individually","13":"purchasable","14":"product-type-simple"},"acf":[],"yoast_head":"<!-- This site is optimized with the Yoast SEO Premium plugin v27.3 (Yoast SEO v27.3) - https:\/\/yoast.com\/product\/yoast-seo-premium-wordpress\/ -->\n<title>Laikas gyventi - Indre Asada<\/title>\n<meta name=\"description\" content=\"Laikas gyventi \u2013 tai pirmas Gyvenimo akademijos etapas, kuriame stabilizuojasi vidin\u0117 sistema, pas\u0105mon\u0117s programos ir automatin\u0117s reakcijos.\" \/>\n<meta name=\"robots\" content=\"index, follow, max-snippet:-1, max-image-preview:large, max-video-preview:-1\" \/>\n<link rel=\"canonical\" href=\"https:\/\/indreasada.com\/lt\/produktas\/laikas-gyventi\/\" \/>\n<meta property=\"og:locale\" content=\"lt_LT\" \/>\n<meta property=\"og:type\" content=\"article\" \/>\n<meta property=\"og:title\" content=\"Laikas gyventi\" \/>\n<meta property=\"og:description\" content=\"Laikas gyventi \u2013 tai pirmas Gyvenimo akademijos etapas, kuriame stabilizuojasi vidin\u0117 sistema, pas\u0105mon\u0117s programos ir automatin\u0117s reakcijos.\" \/>\n<meta property=\"og:url\" content=\"https:\/\/indreasada.com\/lt\/produktas\/laikas-gyventi\/\" \/>\n<meta property=\"og:site_name\" content=\"Indre Asada\" \/>\n<meta property=\"article:publisher\" content=\"https:\/\/www.facebook.com\/asada.indre\/\" \/>\n<meta property=\"article:modified_time\" content=\"2026-04-09T13:22:58+00:00\" \/>\n<meta property=\"og:image\" content=\"https:\/\/indreasada.com\/wp-content\/uploads\/2026\/03\/gyvenimo-akademija-laikas-gyventi.png\" \/>\n\t<meta property=\"og:image:width\" content=\"1\" \/>\n\t<meta property=\"og:image:height\" content=\"1\" \/>\n\t<meta property=\"og:image:type\" content=\"image\/png\" \/>\n<meta name=\"twitter:card\" content=\"summary_large_image\" \/>\n<meta name=\"twitter:label1\" content=\"Est. reading time\" \/>\n\t<meta name=\"twitter:data1\" content=\"2 minut\u0117s\" \/>\n<script type=\"application\/ld+json\" class=\"yoast-schema-graph\">{\"@context\":\"https:\\\/\\\/schema.org\",\"@graph\":[{\"@type\":\"WebPage\",\"@id\":\"https:\\\/\\\/indreasada.com\\\/lt\\\/produktas\\\/laikas-gyventi\\\/\",\"url\":\"https:\\\/\\\/indreasada.com\\\/lt\\\/produktas\\\/laikas-gyventi\\\/\",\"name\":\"Laikas gyventi - Indre Asada\",\"isPartOf\":{\"@id\":\"https:\\\/\\\/indreasada.com\\\/lt\\\/#website\"},\"primaryImageOfPage\":{\"@id\":\"https:\\\/\\\/indreasada.com\\\/lt\\\/produktas\\\/laikas-gyventi\\\/#primaryimage\"},\"image\":{\"@id\":\"https:\\\/\\\/indreasada.com\\\/lt\\\/produktas\\\/laikas-gyventi\\\/#primaryimage\"},\"thumbnailUrl\":\"https:\\\/\\\/indreasada.com\\\/wp-content\\\/uploads\\\/2026\\\/03\\\/gyvenimo-akademija-laikas-gyventi.png\",\"datePublished\":\"2025-06-13T17:50:40+00:00\",\"dateModified\":\"2026-04-09T13:22:58+00:00\",\"description\":\"Laikas gyventi \u2013 tai pirmas Gyvenimo akademijos etapas, kuriame stabilizuojasi vidin\u0117 sistema, pas\u0105mon\u0117s programos ir automatin\u0117s reakcijos.\",\"breadcrumb\":{\"@id\":\"https:\\\/\\\/indreasada.com\\\/lt\\\/produktas\\\/laikas-gyventi\\\/#breadcrumb\"},\"inLanguage\":\"lt-LT\",\"potentialAction\":[{\"@type\":\"ReadAction\",\"target\":[\"https:\\\/\\\/indreasada.com\\\/lt\\\/produktas\\\/laikas-gyventi\\\/\"]}]},{\"@type\":\"ImageObject\",\"inLanguage\":\"lt-LT\",\"@id\":\"https:\\\/\\\/indreasada.com\\\/lt\\\/produktas\\\/laikas-gyventi\\\/#primaryimage\",\"url\":\"https:\\\/\\\/indreasada.com\\\/wp-content\\\/uploads\\\/2026\\\/03\\\/gyvenimo-akademija-laikas-gyventi.png\",\"contentUrl\":\"https:\\\/\\\/indreasada.com\\\/wp-content\\\/uploads\\\/2026\\\/03\\\/gyvenimo-akademija-laikas-gyventi.png\",\"caption\":\"gyvenimo akademija, laikas gyventi\"},{\"@type\":\"BreadcrumbList\",\"@id\":\"https:\\\/\\\/indreasada.com\\\/lt\\\/produktas\\\/laikas-gyventi\\\/#breadcrumb\",\"itemListElement\":[{\"@type\":\"ListItem\",\"position\":1,\"name\":\"Home\",\"item\":\"https:\\\/\\\/indreasada.com\\\/lt\\\/\"},{\"@type\":\"ListItem\",\"position\":2,\"name\":\"Gyvenimo akademija &#8211; Visi kursai\",\"item\":\"https:\\\/\\\/indreasada.com\\\/lt\\\/visi-kursai\\\/\"},{\"@type\":\"ListItem\",\"position\":3,\"name\":\"Laikas gyventi\"}]},{\"@type\":\"WebSite\",\"@id\":\"https:\\\/\\\/indreasada.com\\\/lt\\\/#website\",\"url\":\"https:\\\/\\\/indreasada.com\\\/lt\\\/\",\"name\":\"Staging Indre Asada\",\"description\":\"Holistic Healing for Mind, Body, and Soul\",\"publisher\":{\"@id\":\"https:\\\/\\\/indreasada.com\\\/lt\\\/#organization\"},\"potentialAction\":[{\"@type\":\"SearchAction\",\"target\":{\"@type\":\"EntryPoint\",\"urlTemplate\":\"https:\\\/\\\/indreasada.com\\\/lt\\\/?s={search_term_string}\"},\"query-input\":{\"@type\":\"PropertyValueSpecification\",\"valueRequired\":true,\"valueName\":\"search_term_string\"}}],\"inLanguage\":\"lt-LT\"},{\"@type\":\"Organization\",\"@id\":\"https:\\\/\\\/indreasada.com\\\/lt\\\/#organization\",\"name\":\"Indre Asada\",\"url\":\"https:\\\/\\\/indreasada.com\\\/lt\\\/\",\"logo\":{\"@type\":\"ImageObject\",\"inLanguage\":\"lt-LT\",\"@id\":\"https:\\\/\\\/indreasada.com\\\/lt\\\/#\\\/schema\\\/logo\\\/image\\\/\",\"url\":\"\",\"contentUrl\":\"\",\"caption\":\"Indre Asada\"},\"image\":{\"@id\":\"https:\\\/\\\/indreasada.com\\\/lt\\\/#\\\/schema\\\/logo\\\/image\\\/\"},\"sameAs\":[\"https:\\\/\\\/www.facebook.com\\\/asada.indre\\\/\",\"https:\\\/\\\/www.youtube.com\\\/channel\\\/UCDLmKiMAxLtSrl12ddsQMqA\",\"https:\\\/\\\/t.me\\\/indreasadabendravimas\",\"https:\\\/\\\/www.instagram.com\\\/indreasada\\\/\"]}]}<\/script>\n<!-- \/ Yoast SEO Premium plugin. -->","yoast_head_json":{"title":"Laikas gyventi - Indre Asada","description":"Laikas gyventi \u2013 tai pirmas Gyvenimo akademijos etapas, kuriame stabilizuojasi vidin\u0117 sistema, pas\u0105mon\u0117s programos ir automatin\u0117s reakcijos.","robots":{"index":"index","follow":"follow","max-snippet":"max-snippet:-1","max-image-preview":"max-image-preview:large","max-video-preview":"max-video-preview:-1"},"canonical":"https:\/\/indreasada.com\/lt\/produktas\/laikas-gyventi\/","og_locale":"lt_LT","og_type":"article","og_title":"Laikas gyventi","og_description":"Laikas gyventi \u2013 tai pirmas Gyvenimo akademijos etapas, kuriame stabilizuojasi vidin\u0117 sistema, pas\u0105mon\u0117s programos ir automatin\u0117s reakcijos.","og_url":"https:\/\/indreasada.com\/lt\/produktas\/laikas-gyventi\/","og_site_name":"Indre Asada","article_publisher":"https:\/\/www.facebook.com\/asada.indre\/","article_modified_time":"2026-04-09T13:22:58+00:00","og_image":[{"url":"https:\/\/indreasada.com\/wp-content\/uploads\/2026\/03\/gyvenimo-akademija-laikas-gyventi.png","width":1,"height":1,"type":"image\/png"}],"twitter_card":"summary_large_image","twitter_misc":{"Est. reading time":"2 minut\u0117s"},"schema":{"@context":"https:\/\/schema.org","@graph":[{"@type":"WebPage","@id":"https:\/\/indreasada.com\/lt\/produktas\/laikas-gyventi\/","url":"https:\/\/indreasada.com\/lt\/produktas\/laikas-gyventi\/","name":"Laikas gyventi - Indre Asada","isPartOf":{"@id":"https:\/\/indreasada.com\/lt\/#website"},"primaryImageOfPage":{"@id":"https:\/\/indreasada.com\/lt\/produktas\/laikas-gyventi\/#primaryimage"},"image":{"@id":"https:\/\/indreasada.com\/lt\/produktas\/laikas-gyventi\/#primaryimage"},"thumbnailUrl":"https:\/\/indreasada.com\/wp-content\/uploads\/2026\/03\/gyvenimo-akademija-laikas-gyventi.png","datePublished":"2025-06-13T17:50:40+00:00","dateModified":"2026-04-09T13:22:58+00:00","description":"Laikas gyventi \u2013 tai pirmas Gyvenimo akademijos etapas, kuriame stabilizuojasi vidin\u0117 sistema, pas\u0105mon\u0117s programos ir automatin\u0117s reakcijos.","breadcrumb":{"@id":"https:\/\/indreasada.com\/lt\/produktas\/laikas-gyventi\/#breadcrumb"},"inLanguage":"lt-LT","potentialAction":[{"@type":"ReadAction","target":["https:\/\/indreasada.com\/lt\/produktas\/laikas-gyventi\/"]}]},{"@type":"ImageObject","inLanguage":"lt-LT","@id":"https:\/\/indreasada.com\/lt\/produktas\/laikas-gyventi\/#primaryimage","url":"https:\/\/indreasada.com\/wp-content\/uploads\/2026\/03\/gyvenimo-akademija-laikas-gyventi.png","contentUrl":"https:\/\/indreasada.com\/wp-content\/uploads\/2026\/03\/gyvenimo-akademija-laikas-gyventi.png","caption":"gyvenimo akademija, laikas gyventi"},{"@type":"BreadcrumbList","@id":"https:\/\/indreasada.com\/lt\/produktas\/laikas-gyventi\/#breadcrumb","itemListElement":[{"@type":"ListItem","position":1,"name":"Home","item":"https:\/\/indreasada.com\/lt\/"},{"@type":"ListItem","position":2,"name":"Gyvenimo akademija &#8211; Visi kursai","item":"https:\/\/indreasada.com\/lt\/visi-kursai\/"},{"@type":"ListItem","position":3,"name":"Laikas gyventi"}]},{"@type":"WebSite","@id":"https:\/\/indreasada.com\/lt\/#website","url":"https:\/\/indreasada.com\/lt\/","name":"Staging Indre Asada","description":"Holistic Healing for Mind, Body, and Soul","publisher":{"@id":"https:\/\/indreasada.com\/lt\/#organization"},"potentialAction":[{"@type":"SearchAction","target":{"@type":"EntryPoint","urlTemplate":"https:\/\/indreasada.com\/lt\/?s={search_term_string}"},"query-input":{"@type":"PropertyValueSpecification","valueRequired":true,"valueName":"search_term_string"}}],"inLanguage":"lt-LT"},{"@type":"Organization","@id":"https:\/\/indreasada.com\/lt\/#organization","name":"Indre Asada","url":"https:\/\/indreasada.com\/lt\/","logo":{"@type":"ImageObject","inLanguage":"lt-LT","@id":"https:\/\/indreasada.com\/lt\/#\/schema\/logo\/image\/","url":"","contentUrl":"","caption":"Indre Asada"},"image":{"@id":"https:\/\/indreasada.com\/lt\/#\/schema\/logo\/image\/"},"sameAs":["https:\/\/www.facebook.com\/asada.indre\/","https:\/\/www.youtube.com\/channel\/UCDLmKiMAxLtSrl12ddsQMqA","https:\/\/t.me\/indreasadabendravimas","https:\/\/www.instagram.com\/indreasada\/"]}]}},"jetpack_sharing_enabled":true,"_links":{"self":[{"href":"https:\/\/indreasada.com\/lt\/wp-json\/wp\/v2\/product\/20531","targetHints":{"allow":["GET"]}}],"collection":[{"href":"https:\/\/indreasada.com\/lt\/wp-json\/wp\/v2\/product"}],"about":[{"href":"https:\/\/indreasada.com\/lt\/wp-json\/wp\/v2\/types\/product"}],"wp:featuredmedia":[{"embeddable":true,"href":"https:\/\/indreasada.com\/lt\/wp-json\/wp\/v2\/media\/32907"}],"wp:attachment":[{"href":"https:\/\/indreasada.com\/lt\/wp-json\/wp\/v2\/media?parent=20531"}],"wp:term":[{"taxonomy":"product_brand","embeddable":true,"href":"https:\/\/indreasada.com\/lt\/wp-json\/wp\/v2\/product_brand?post=20531"},{"taxonomy":"product_cat","embeddable":true,"href":"https:\/\/indreasada.com\/lt\/wp-json\/wp\/v2\/product_cat?post=20531"},{"taxonomy":"product_tag","embeddable":true,"href":"https:\/\/indreasada.com\/lt\/wp-json\/wp\/v2\/product_tag?post=20531"}],"curies":[{"name":"wp","href":"https:\/\/api.w.org\/{rel}","templated":true}]}}