{"id":20970,"date":"2025-07-11T19:14:42","date_gmt":"2025-07-11T16:14:42","guid":{"rendered":"https:\/\/indreasada.com\/?post_type=product&#038;p=20970"},"modified":"2026-03-24T14:10:03","modified_gmt":"2026-03-24T12:10:03","slug":"kraujotaka-vidine-tekme-psichosomatika","status":"publish","type":"product","link":"https:\/\/indreasada.com\/lt\/produktas\/kraujotaka-vidine-tekme-psichosomatika\/","title":{"rendered":"Kraujotaka &#8211; k\u0105 rodo k\u016bnas"},"content":{"rendered":"<p>&nbsp;<\/p>\n<p>Seminare \u201e<strong>Kraujotaka \u2013 vidin\u0117 t\u0117km\u0117 \u2013 psichosomatika \u2013 kaip susigra\u017einti sveikat\u0105\u201c<\/strong> tyrin\u0117jame, kaip veikia kraujas, kaip teka gyvybin\u0117 energija m\u016bs\u0173 k\u016bne, ir kaip \u0161irdis \u2013 ne tik raumuo, bet tikrasis sielos kanalas \u2013 reaguoja \u012f m\u016bs\u0173 mintis, emocijas, santykius ir pasirinkimus.<\/p>\n<p>Tai ypatingai svarbu tiems, kurie nori suprasti ne tik save, bet ir pad\u0117ti savo artimiesiems. Kalbame apie tai, kod\u0117l b\u016btina \u017einoti tikr\u0105sias lig\u0173 prie\u017eastis, kad i\u0161silaisvintume i\u0161 baim\u0117mis gr\u012fstos sistemos ir ne\u012fkristume \u012f farmacin\u0117s pramon\u0117s tinklus.<\/p>\n<p>Aptariame statin\u0173 (cholesterolio ma\u017einimo vaist\u0173) poveik\u012f bei rizikas ir dalijam\u0117s, k\u0105 galima daryti nat\u016braliai \u2013 s\u0105moningai, gyvai, be \u017ealos organizmui.<\/p>\n<p>Tyrin\u0117jame kraujo ir \u0161irdies sutrikimus psichosomatiniu po\u017ei\u016briu: gilinam\u0117s \u012f emocinius, pas\u0105moninius konfliktus, kurie slypi u\u017e toki\u0173 b\u016bkli\u0173 kaip hipertenzija, aritmija, ven\u0173 varikoz\u0117, trombai, infarktas ir kitos.<\/p>\n<p>Atskleid\u017eiame, kokios vidin\u0117s \u017eaizdos, traumos ar \u012fsitikinimai i\u0161judina \u0161ias ligas, kokie pavojai kyla, kai jas ignoruojame, ir kokie \u012frankiai padeda prad\u0117ti tikr\u0105 gijim\u0105.<\/p>\n<p>\u0160is seminaras \u2013 tai gili vidin\u0117 kelion\u0117 link \u0161irdies, s\u0105moningumo ir gyvybin\u0117s t\u0117km\u0117s atstatymo, skirta tam, kad gal\u0117tume atne\u0161ti \u0161vies\u0105 ten, kur jos labiausiai reikia.<\/p>\n<p>Ligos kurias per\u017ei\u016br\u0117sime:<\/p>\n<ol>\n<li><strong>Hipertenzija<\/strong> \u2013 <em>auk\u0161tas spaudimas, galvos skausmai, \u0161irdies plakimas;\u00a0<\/em><\/li>\n<li><strong>Hipotenzija<\/strong> \u2013 <em>silpnumas, mieguistumas, da\u017enas nuovargis;\u00a0<\/em><\/li>\n<li><strong>Aritmija<\/strong> \u2013 <em>\u0161irdies ritmo permu\u0161imai, nerimas, galvos svaigimas;\u00a0<\/em><\/li>\n<li><strong>Prie\u0161ird\u017ei\u0173 virp\u0117jimas<\/strong> \u2013 <em>chaoti\u0161kas \u0161irdies plakimas, dusulys, nerimas;\u00a0<\/em><\/li>\n<li><strong>Tachikardija<\/strong> \u2013 <em>pada\u017en\u0117j\u0119s \u0161irdies ritmas, spaudimas kr\u016btin\u0117je;\u00a0<\/em><\/li>\n<li><strong>Bradikardija<\/strong> \u2013 <em>sul\u0117t\u0117j\u0119s ritmas, silpnumas, vangumas;\u00a0<\/em><\/li>\n<li><strong>\u0160irdies nepakankamumas<\/strong> \u2013 <em>dusulys, koj\u0173 tinimas, nuovargis;\u00a0<\/em><\/li>\n<li><strong>I\u0161emin\u0117 \u0161irdies liga<\/strong> \u2013 <em>kr\u016btin\u0117s skausmas, dusulys, baim\u0117;\u00a0<\/em><\/li>\n<li><strong>Miokardo infarktas<\/strong> \u2013 <em>stiprus kr\u016btin\u0117s skausmas, mirties baim\u0117;\u00a0<\/em><\/li>\n<li><strong>Angina pectoris<\/strong> \u2013 <em>spaudimas kr\u016btin\u0117je, skausmas fizinio kr\u016bvio metu;\u00a0<\/em><\/li>\n<li><strong>\u0160irdies vo\u017etuv\u0173 ligos<\/strong> \u2013 <em>dusulys, nuovargis, \u0161irdies \u016b\u017eesiai;\u00a0<\/em><\/li>\n<li><strong>Kardiomiopatija<\/strong> \u2013 <em>dusulys, \u0161irdies plakimas, nuovargis;\u00a0<\/em><\/li>\n<li><strong>Miokarditas<\/strong> \u2013 <em>kr\u016btin\u0117s skausmas, temperat\u016bra, silpnumas;\u00a0<\/em><\/li>\n<li><strong>Perikarditas<\/strong> \u2013 <em>a\u0161trus kr\u016btin\u0117s skausmas, sunkumas kv\u0117puoti;\u00a0<\/em><\/li>\n<li><strong>Endokarditas<\/strong> \u2013 <em>kar\u0161\u010diavimas, nuovargis, kraujavimai;\u00a0<\/em><\/li>\n<li><strong>Aortos aneurizma<\/strong> \u2013 <em>tyliai besivystanti, pavojus ply\u0161ti;\u00a0<\/em><\/li>\n<li><strong>Aortos ply\u0161imas<\/strong> \u2013<em> staigus stiprus skausmas, gyvybei pavojinga;\u00a0<\/em><\/li>\n<li><strong>Ven\u0173 varikoz\u0117<\/strong> \u2013<em> i\u0161sipl\u0117tusios venos, koj\u0173 sunkumas;\u00a0<\/em><\/li>\n<li><strong>Gili\u0173j\u0173 ven\u0173 tromboz\u0117<\/strong> \u2013 <em>kojos skausmas, tinimas, pavojus plau\u010di\u0173 embolijai;\u00a0<\/em><\/li>\n<li><strong>Plau\u010di\u0173 embolija<\/strong> \u2013 <em>dusulys, skausmas, galimas s\u0105mon\u0117s netekimas;\u00a0<\/em><\/li>\n<li><strong>Trombai (bendrai)<\/strong> \u2013 <em>u\u017esikim\u0161usi kraujotaka, skausmas, pavojus gyvybei;\u00a0<\/em><\/li>\n<li><strong>Cholesterolis (padid\u0117j\u0119s)<\/strong> \u2013<em> da\u017eniausiai nejuntamas, rizika aterosklerozei;\u00a0<\/em><\/li>\n<li><strong>Ateroskleroz\u0117<\/strong> \u2013 <em>kraujagysli\u0173 siaur\u0117jimas, kraujotakos sutrikimai;\u00a0<\/em><\/li>\n<li><strong>Raynaud sindromas<\/strong> \u2013 <em>pir\u0161t\u0173 \u0161alimas, spalvos poky\u010diai, tirpimas;\u00a0<\/em><\/li>\n<li><strong>Insultas<\/strong> \u2013 <em>staigus paraly\u017eius, kalbos praradimas, sutrikusi s\u0105mon\u0117;\u00a0<\/em><\/li>\n<li><strong>L\u0117tinis veninis nepakankamumas<\/strong> \u2013 <em>tinimas, sunkumas, odos poky\u010diai;\u00a0<\/em><\/li>\n<li><strong>Kraujavimai (m\u0117lyn\u0117s, trap\u016bs kapiliarai)<\/strong> \u2013 <em>kraujosruvos, trapumas;\u00a0<\/em><\/li>\n<li><strong>Leukemija<\/strong> \u2013 <em>silpnumas, imuniteto nebuvimas, kraujavimai;\u00a0<\/em><\/li>\n<li><strong>Hemofilija<\/strong> \u2013 <em>kraujavimas nesustojus, pavojingi su\u017eeidimai;\u00a0<\/em><\/li>\n<\/ol>\n<p data-start=\"202\" data-end=\"476\">Tai ne tik \u017eini\u0173 susitikimas \u2013 tai s\u0105moningumo ir vidinio suvokimo kelion\u0117.<\/p>\n<p data-start=\"1134\" data-end=\"1218\">Pasinerkime \u012f \u017einias, kurios <strong data-start=\"1183\" data-end=\"1217\">gydo ne tik k\u016bn\u0105, bet ir siel\u0105<\/strong>.<\/p>\n","protected":false},"excerpt":{"rendered":"<p data-start=\"0\" data-end=\"79\"><strong>Seminaras \u201eKraujotaka \u2013 vidin\u0117 t\u0117km\u0117\u201c gilinosi \u012f kraujotakos ir \u0161irdies sutrikimus psichosomatin\u0117s perspektyvos kontekste.<\/strong><\/p>\n<article class=\"text-token-text-primary w-full focus:outline-none scroll-mt-[calc(var(--header-height)+min(200px,max(70px,20svh)))]\" dir=\"auto\" tabindex=\"-1\" data-turn-id=\"request-WEB:8fb44397-a99f-47fd-be9b-950bb2ae4278-6\" data-testid=\"conversation-turn-4\" data-scroll-anchor=\"true\" data-turn=\"assistant\">\n<div class=\"text-base my-auto mx-auto pb-10 [--thread-content-margin:--spacing(4)] @[37rem]:[--thread-content-margin:--spacing(6)] @[72rem]:[--thread-content-margin:--spacing(16)] px-(--thread-content-margin)\">\n<div class=\"[--thread-content-max-width:32rem] @[34rem]:[--thread-content-max-width:40rem] @[64rem]:[--thread-content-max-width:48rem] mx-auto max-w-(--thread-content-max-width) flex-1 group\/turn-messages focus-visible:outline-hidden relative flex w-full min-w-0 flex-col agent-turn\" tabindex=\"-1\">\n<div class=\"flex max-w-full flex-col grow\">\n<div class=\"min-h-8 text-message relative flex w-full flex-col items-end gap-2 text-start break-words whitespace-normal [.text-message+&amp;]:mt-5\" dir=\"auto\" data-message-author-role=\"assistant\" data-message-id=\"d7a31291-463d-4cc7-b113-c56c76cbbcaa\" data-message-model-slug=\"gpt-4-1-mini\">\n<div class=\"flex w-full flex-col gap-1 empty:hidden first:pt-[3px]\">\n<div class=\"markdown prose dark:prose-invert w-full break-words light markdown-new-styling\">\n<p data-start=\"169\" data-end=\"283\">I\u0161samiai tyrin\u0117jame, kaip kraujas ir \u0161irdis atspindi m\u016bs\u0173 emocin\u0119 b\u016bsen\u0105, pas\u0105moninius \u012fsitikinimus bei santykius.<\/p>\n<p data-start=\"285\" data-end=\"434\">Analizuojame 29 ligas, tokias kaip hipertenzija, aritmija, infarktas, ven\u0173 varikoz\u0117, trombai ir kitas, aptardami j\u0173 simptomus bei vidines prie\u017eastis.<\/p>\n<p data-start=\"436\" data-end=\"522\">Suprantame, kaip ligos susiformuoja d\u0117l nei\u0161spr\u0119st\u0173 emocij\u0173, traum\u0173 ir min\u010di\u0173 modeli\u0173.<\/p>\n<p data-start=\"524\" data-end=\"611\">Diskutuojame apie statin\u0173 poveik\u012f, rizikas bei nat\u016bralius ir s\u0105moningus sveikimo b\u016bdus.<\/p>\n<p data-start=\"613\" data-end=\"761\">Seminaras padeda geriau suprasti save, suteikia \u017eini\u0173, kaip pad\u0117ti artimiesiems, \u012fveikti baimes ir i\u0161likti nepriklausomiems nuo farmacin\u0117s sistemos.<\/p>\n<p data-start=\"763\" data-end=\"840\" data-is-last-node=\"\" data-is-only-node=\"\">Tai kelion\u0117 link sveikos gyvybin\u0117s t\u0117km\u0117s, vidinio ai\u0161kumo ir \u0161irdies gydymo.<\/p>\n<\/div>\n<\/div>\n<\/div>\n<\/div>\n<\/div>\n<\/div>\n<\/article>\n","protected":false},"featured_media":32824,"template":"","meta":{"_acf_changed":false},"product_brand":[],"product_cat":[176],"product_tag":[277,276],"class_list":{"0":"post-20970","1":"product","2":"type-product","3":"status-publish","4":"has-post-thumbnail","6":"product_cat-seminarai","7":"product_tag-ligu-psichosomatika","8":"product_tag-psichosomatika","10":"first","11":"instock","12":"virtual","13":"sold-individually","14":"purchasable","15":"product-type-simple"},"acf":[],"yoast_head":"<!-- This site is optimized with the Yoast SEO Premium plugin v27.2 (Yoast SEO v27.2) - https:\/\/yoast.com\/product\/yoast-seo-premium-wordpress\/ -->\n<title>Kraujotaka - k\u0105 rodo k\u016bnas - Indre Asada<\/title>\n<meta name=\"description\" content=\"Su\u017einok, kaip \u0161irdis ir kraujas atspindi tavo vidin\u012f pasaul\u012f. Psichosomatika, holistinis gydymas, tikrosios prie\u017eastys ir i\u0161eitys \u2013 viename seminare.\" \/>\n<meta name=\"robots\" content=\"index, follow, max-snippet:-1, max-image-preview:large, max-video-preview:-1\" \/>\n<link rel=\"canonical\" href=\"https:\/\/indreasada.com\/lt\/produktas\/kraujotaka-vidine-tekme-psichosomatika\/\" \/>\n<meta property=\"og:locale\" content=\"lt_LT\" \/>\n<meta property=\"og:type\" content=\"article\" \/>\n<meta property=\"og:title\" content=\"Kraujotaka - k\u0105 rodo k\u016bnas\" \/>\n<meta property=\"og:description\" content=\"Su\u017einok, kaip \u0161irdis ir kraujas atspindi tavo vidin\u012f pasaul\u012f. Psichosomatika, holistinis gydymas, tikrosios prie\u017eastys ir i\u0161eitys \u2013 viename seminare.\" \/>\n<meta property=\"og:url\" content=\"https:\/\/indreasada.com\/lt\/produktas\/kraujotaka-vidine-tekme-psichosomatika\/\" \/>\n<meta property=\"og:site_name\" content=\"Indre Asada\" \/>\n<meta property=\"article:publisher\" content=\"https:\/\/www.facebook.com\/asada.indre\/\" \/>\n<meta property=\"article:modified_time\" content=\"2026-03-24T12:10:03+00:00\" \/>\n<meta property=\"og:image\" content=\"https:\/\/indreasada.com\/wp-content\/uploads\/2025\/07\/kraujotakos-ir-sirdies-ligu-psichosomatika-seminaras-su-indre-asada.jpg\" \/>\n\t<meta property=\"og:image:width\" content=\"380\" \/>\n\t<meta property=\"og:image:height\" content=\"250\" \/>\n\t<meta property=\"og:image:type\" content=\"image\/jpeg\" \/>\n<meta name=\"twitter:card\" content=\"summary_large_image\" \/>\n<meta name=\"twitter:label1\" content=\"Est. reading time\" \/>\n\t<meta name=\"twitter:data1\" content=\"2 minut\u0117s\" \/>\n<script type=\"application\/ld+json\" class=\"yoast-schema-graph\">{\"@context\":\"https:\/\/schema.org\",\"@graph\":[{\"@type\":\"WebPage\",\"@id\":\"https:\/\/indreasada.com\/lt\/produktas\/kraujotaka-vidine-tekme-psichosomatika\/\",\"url\":\"https:\/\/indreasada.com\/lt\/produktas\/kraujotaka-vidine-tekme-psichosomatika\/\",\"name\":\"Kraujotaka - k\u0105 rodo k\u016bnas - Indre Asada\",\"isPartOf\":{\"@id\":\"https:\/\/indreasada.com\/lt\/#website\"},\"primaryImageOfPage\":{\"@id\":\"https:\/\/indreasada.com\/lt\/produktas\/kraujotaka-vidine-tekme-psichosomatika\/#primaryimage\"},\"image\":{\"@id\":\"https:\/\/indreasada.com\/lt\/produktas\/kraujotaka-vidine-tekme-psichosomatika\/#primaryimage\"},\"thumbnailUrl\":\"https:\/\/indreasada.com\/wp-content\/uploads\/2026\/03\/GYVENIMO-akademija-kraujotaka-ka-rodo-kunas.png\",\"datePublished\":\"2025-07-11T16:14:42+00:00\",\"dateModified\":\"2026-03-24T12:10:03+00:00\",\"description\":\"Su\u017einok, kaip \u0161irdis ir kraujas atspindi tavo vidin\u012f pasaul\u012f. Psichosomatika, holistinis gydymas, tikrosios prie\u017eastys ir i\u0161eitys \u2013 viename seminare.\",\"breadcrumb\":{\"@id\":\"https:\/\/indreasada.com\/lt\/produktas\/kraujotaka-vidine-tekme-psichosomatika\/#breadcrumb\"},\"inLanguage\":\"lt-LT\",\"potentialAction\":[{\"@type\":\"ReadAction\",\"target\":[\"https:\/\/indreasada.com\/lt\/produktas\/kraujotaka-vidine-tekme-psichosomatika\/\"]}]},{\"@type\":\"ImageObject\",\"inLanguage\":\"lt-LT\",\"@id\":\"https:\/\/indreasada.com\/lt\/produktas\/kraujotaka-vidine-tekme-psichosomatika\/#primaryimage\",\"url\":\"https:\/\/indreasada.com\/wp-content\/uploads\/2026\/03\/GYVENIMO-akademija-kraujotaka-ka-rodo-kunas.png\",\"contentUrl\":\"https:\/\/indreasada.com\/wp-content\/uploads\/2026\/03\/GYVENIMO-akademija-kraujotaka-ka-rodo-kunas.png\",\"width\":950,\"height\":625,\"caption\":\"GYVENIMO akademija kraujotaka ka rodo kunas\"},{\"@type\":\"BreadcrumbList\",\"@id\":\"https:\/\/indreasada.com\/lt\/produktas\/kraujotaka-vidine-tekme-psichosomatika\/#breadcrumb\",\"itemListElement\":[{\"@type\":\"ListItem\",\"position\":1,\"name\":\"Home\",\"item\":\"https:\/\/indreasada.com\/lt\/\"},{\"@type\":\"ListItem\",\"position\":2,\"name\":\"Gyvenimo akademija &#8211; Visi kursai\",\"item\":\"https:\/\/indreasada.com\/lt\/visi-kursai\/\"},{\"@type\":\"ListItem\",\"position\":3,\"name\":\"Kraujotaka &#8211; k\u0105 rodo k\u016bnas\"}]},{\"@type\":\"WebSite\",\"@id\":\"https:\/\/indreasada.com\/lt\/#website\",\"url\":\"https:\/\/indreasada.com\/lt\/\",\"name\":\"Staging Indre Asada\",\"description\":\"Holistic Healing for Mind, Body, and Soul\",\"publisher\":{\"@id\":\"https:\/\/indreasada.com\/lt\/#organization\"},\"potentialAction\":[{\"@type\":\"SearchAction\",\"target\":{\"@type\":\"EntryPoint\",\"urlTemplate\":\"https:\/\/indreasada.com\/lt\/?s={search_term_string}\"},\"query-input\":{\"@type\":\"PropertyValueSpecification\",\"valueRequired\":true,\"valueName\":\"search_term_string\"}}],\"inLanguage\":\"lt-LT\"},{\"@type\":\"Organization\",\"@id\":\"https:\/\/indreasada.com\/lt\/#organization\",\"name\":\"Indre Asada\",\"url\":\"https:\/\/indreasada.com\/lt\/\",\"logo\":{\"@type\":\"ImageObject\",\"inLanguage\":\"lt-LT\",\"@id\":\"https:\/\/indreasada.com\/lt\/#\/schema\/logo\/image\/\",\"url\":\"\",\"contentUrl\":\"\",\"caption\":\"Indre Asada\"},\"image\":{\"@id\":\"https:\/\/indreasada.com\/lt\/#\/schema\/logo\/image\/\"},\"sameAs\":[\"https:\/\/www.facebook.com\/asada.indre\/\",\"https:\/\/www.youtube.com\/channel\/UCDLmKiMAxLtSrl12ddsQMqA\",\"https:\/\/t.me\/indreasadabendravimas\",\"https:\/\/www.instagram.com\/indreasada\/\"]}]}<\/script>\n<!-- \/ Yoast SEO Premium plugin. -->","yoast_head_json":{"title":"Kraujotaka - k\u0105 rodo k\u016bnas - Indre Asada","description":"Su\u017einok, kaip \u0161irdis ir kraujas atspindi tavo vidin\u012f pasaul\u012f. Psichosomatika, holistinis gydymas, tikrosios prie\u017eastys ir i\u0161eitys \u2013 viename seminare.","robots":{"index":"index","follow":"follow","max-snippet":"max-snippet:-1","max-image-preview":"max-image-preview:large","max-video-preview":"max-video-preview:-1"},"canonical":"https:\/\/indreasada.com\/lt\/produktas\/kraujotaka-vidine-tekme-psichosomatika\/","og_locale":"lt_LT","og_type":"article","og_title":"Kraujotaka - k\u0105 rodo k\u016bnas","og_description":"Su\u017einok, kaip \u0161irdis ir kraujas atspindi tavo vidin\u012f pasaul\u012f. Psichosomatika, holistinis gydymas, tikrosios prie\u017eastys ir i\u0161eitys \u2013 viename seminare.","og_url":"https:\/\/indreasada.com\/lt\/produktas\/kraujotaka-vidine-tekme-psichosomatika\/","og_site_name":"Indre Asada","article_publisher":"https:\/\/www.facebook.com\/asada.indre\/","article_modified_time":"2026-03-24T12:10:03+00:00","og_image":[{"width":380,"height":250,"url":"https:\/\/indreasada.com\/wp-content\/uploads\/2025\/07\/kraujotakos-ir-sirdies-ligu-psichosomatika-seminaras-su-indre-asada.jpg","type":"image\/jpeg"}],"twitter_card":"summary_large_image","twitter_misc":{"Est. reading time":"2 minut\u0117s"},"schema":{"@context":"https:\/\/schema.org","@graph":[{"@type":"WebPage","@id":"https:\/\/indreasada.com\/lt\/produktas\/kraujotaka-vidine-tekme-psichosomatika\/","url":"https:\/\/indreasada.com\/lt\/produktas\/kraujotaka-vidine-tekme-psichosomatika\/","name":"Kraujotaka - k\u0105 rodo k\u016bnas - Indre Asada","isPartOf":{"@id":"https:\/\/indreasada.com\/lt\/#website"},"primaryImageOfPage":{"@id":"https:\/\/indreasada.com\/lt\/produktas\/kraujotaka-vidine-tekme-psichosomatika\/#primaryimage"},"image":{"@id":"https:\/\/indreasada.com\/lt\/produktas\/kraujotaka-vidine-tekme-psichosomatika\/#primaryimage"},"thumbnailUrl":"https:\/\/indreasada.com\/wp-content\/uploads\/2026\/03\/GYVENIMO-akademija-kraujotaka-ka-rodo-kunas.png","datePublished":"2025-07-11T16:14:42+00:00","dateModified":"2026-03-24T12:10:03+00:00","description":"Su\u017einok, kaip \u0161irdis ir kraujas atspindi tavo vidin\u012f pasaul\u012f. Psichosomatika, holistinis gydymas, tikrosios prie\u017eastys ir i\u0161eitys \u2013 viename seminare.","breadcrumb":{"@id":"https:\/\/indreasada.com\/lt\/produktas\/kraujotaka-vidine-tekme-psichosomatika\/#breadcrumb"},"inLanguage":"lt-LT","potentialAction":[{"@type":"ReadAction","target":["https:\/\/indreasada.com\/lt\/produktas\/kraujotaka-vidine-tekme-psichosomatika\/"]}]},{"@type":"ImageObject","inLanguage":"lt-LT","@id":"https:\/\/indreasada.com\/lt\/produktas\/kraujotaka-vidine-tekme-psichosomatika\/#primaryimage","url":"https:\/\/indreasada.com\/wp-content\/uploads\/2026\/03\/GYVENIMO-akademija-kraujotaka-ka-rodo-kunas.png","contentUrl":"https:\/\/indreasada.com\/wp-content\/uploads\/2026\/03\/GYVENIMO-akademija-kraujotaka-ka-rodo-kunas.png","width":950,"height":625,"caption":"GYVENIMO akademija kraujotaka ka rodo kunas"},{"@type":"BreadcrumbList","@id":"https:\/\/indreasada.com\/lt\/produktas\/kraujotaka-vidine-tekme-psichosomatika\/#breadcrumb","itemListElement":[{"@type":"ListItem","position":1,"name":"Home","item":"https:\/\/indreasada.com\/lt\/"},{"@type":"ListItem","position":2,"name":"Gyvenimo akademija &#8211; Visi kursai","item":"https:\/\/indreasada.com\/lt\/visi-kursai\/"},{"@type":"ListItem","position":3,"name":"Kraujotaka &#8211; k\u0105 rodo k\u016bnas"}]},{"@type":"WebSite","@id":"https:\/\/indreasada.com\/lt\/#website","url":"https:\/\/indreasada.com\/lt\/","name":"Staging Indre Asada","description":"Holistic Healing for Mind, Body, and Soul","publisher":{"@id":"https:\/\/indreasada.com\/lt\/#organization"},"potentialAction":[{"@type":"SearchAction","target":{"@type":"EntryPoint","urlTemplate":"https:\/\/indreasada.com\/lt\/?s={search_term_string}"},"query-input":{"@type":"PropertyValueSpecification","valueRequired":true,"valueName":"search_term_string"}}],"inLanguage":"lt-LT"},{"@type":"Organization","@id":"https:\/\/indreasada.com\/lt\/#organization","name":"Indre Asada","url":"https:\/\/indreasada.com\/lt\/","logo":{"@type":"ImageObject","inLanguage":"lt-LT","@id":"https:\/\/indreasada.com\/lt\/#\/schema\/logo\/image\/","url":"","contentUrl":"","caption":"Indre Asada"},"image":{"@id":"https:\/\/indreasada.com\/lt\/#\/schema\/logo\/image\/"},"sameAs":["https:\/\/www.facebook.com\/asada.indre\/","https:\/\/www.youtube.com\/channel\/UCDLmKiMAxLtSrl12ddsQMqA","https:\/\/t.me\/indreasadabendravimas","https:\/\/www.instagram.com\/indreasada\/"]}]}},"jetpack_sharing_enabled":true,"_links":{"self":[{"href":"https:\/\/indreasada.com\/lt\/wp-json\/wp\/v2\/product\/20970","targetHints":{"allow":["GET"]}}],"collection":[{"href":"https:\/\/indreasada.com\/lt\/wp-json\/wp\/v2\/product"}],"about":[{"href":"https:\/\/indreasada.com\/lt\/wp-json\/wp\/v2\/types\/product"}],"wp:featuredmedia":[{"embeddable":true,"href":"https:\/\/indreasada.com\/lt\/wp-json\/wp\/v2\/media\/32824"}],"wp:attachment":[{"href":"https:\/\/indreasada.com\/lt\/wp-json\/wp\/v2\/media?parent=20970"}],"wp:term":[{"taxonomy":"product_brand","embeddable":true,"href":"https:\/\/indreasada.com\/lt\/wp-json\/wp\/v2\/product_brand?post=20970"},{"taxonomy":"product_cat","embeddable":true,"href":"https:\/\/indreasada.com\/lt\/wp-json\/wp\/v2\/product_cat?post=20970"},{"taxonomy":"product_tag","embeddable":true,"href":"https:\/\/indreasada.com\/lt\/wp-json\/wp\/v2\/product_tag?post=20970"}],"curies":[{"name":"wp","href":"https:\/\/api.w.org\/{rel}","templated":true}]}}