{"id":22044,"date":"2026-03-01T16:31:38","date_gmt":"2026-03-01T14:31:38","guid":{"rendered":"https:\/\/indreasada.com\/?post_type=product&#038;p=22044"},"modified":"2026-04-09T16:15:46","modified_gmt":"2026-04-09T13:15:46","slug":"klestejimas","status":"publish","type":"product","link":"https:\/\/indreasada.com\/lt\/produktas\/klestejimas\/","title":{"rendered":"Klest\u0117jimas"},"content":{"rendered":"<h3>Klest\u0117jimas<\/h3>\n<p data-start=\"617\" data-end=\"814\"><strong data-start=\"617\" data-end=\"814\">Tre\u010dias Gyvenimo akademijos etapas <\/strong>tiems, kurie jau pra\u0117jo ankstesnius \u017eingsnius ir yra pasiruo\u0161\u0119 giliau pa\u017evelgti \u012f savo santyk\u012f su pinigais, verte, saugumu ir leidimu priimti daugiau.<\/p>\n<p data-start=\"432\" data-end=\"682\">\u0160iame etape dirbama su pas\u0105moniniais tr\u016bkumo modeliais, finansine \u012ftampa, nevertumu, kalt\u0117s jausmu priimti, vidiniu nesaugumu tur\u0117ti daugiau ir tais vidiniais konfliktais, kurie formuoja pinig\u0173 sprendimus, pasirinkimus bei bendr\u0105 gyvenimo kokyb\u0119.<\/p>\n<p data-start=\"684\" data-end=\"981\">Pinigai taip pat dalyvauja \u017emogaus vidin\u0117je b\u016bsenoje, saugumo jausme, atsakomyb\u0117je, laisv\u0117je rinktis ir santykyje su savo verte. Tod\u0117l \u0161iame etape gilinamasi ne tik \u012f finansinius rezultatus, bet ir \u012f <strong>vidin\u0119 sistem\u0105, i\u0161 kurios tie rezultatai atsiranda.<\/strong><\/p>\n<p data-start=\"983\" data-end=\"1257\">Viduje rasi \u012fra\u0161ytas pamokas, meditacijas, praktinius \u017eingsnius, temas apie paveld\u0117tus tr\u016bkumo modelius, leidim\u0105 priimti daugiau, finansin\u012f s\u0105moningum\u0105 ir geb\u0117jim\u0105 i\u0161likti stabilesniam besikei\u010dian\u010dioje aplinkoje.<\/p>\n<p>Mokytis gali savo tempu, o prieiga lieka visam gyvenimui.<\/p>\n<p data-start=\"1011\" data-end=\"1073\">Pla\u010diau apie \u0161\u012f etap\u0105 <a href=\"https:\/\/indreasada.com\/lt\/klestejimas\/\">skaityk \u010dia<\/a><\/p>\n<p><strong>D\u0117l nuolaid\u0173 ar bonus\u0173 taikymo:<\/strong> vienai registracijai taikoma viena palankiausia tuo metu galiojanti nauda.<br \/>\nBonusai, dovanos ar v\u0117liau \u012f program\u0105 \u012ftraukta med\u017eiaga n\u0117ra kompensuojami atgaline data ir n\u0117ra sumuojami su kitomis nuolaidomis.<\/p>\n","protected":false},"excerpt":{"rendered":"<p>Unikalus kursas, skirtas finansin\u0117s ir asmenin\u0117s gausos k\u016brimui bei vidinei harmonijai.<\/p>\n","protected":false},"featured_media":32905,"template":"","meta":{"_acf_changed":false},"product_brand":[],"product_cat":[174],"product_tag":[],"class_list":{"0":"post-22044","1":"product","2":"type-product","3":"status-publish","4":"has-post-thumbnail","6":"product_cat-etapas","8":"first","9":"instock","10":"sold-individually","11":"shipping-taxable","12":"product-type-external"},"acf":[],"yoast_head":"<!-- This site is optimized with the Yoast SEO Premium plugin v27.5 (Yoast SEO v27.5) - https:\/\/yoast.com\/product\/yoast-seo-premium-wordpress\/ -->\n<title>Klest\u0117jimas - Indre Asada<\/title>\n<meta name=\"description\" content=\"Klest\u0117jimas\u2013 tre\u010dias Gyvenimo akademijos etapas kur atsatatome santyk\u012f su pinigais, verte, saugumu ir leidimu priimti daugiau\" \/>\n<meta name=\"robots\" content=\"index, follow, max-snippet:-1, max-image-preview:large, max-video-preview:-1\" \/>\n<link rel=\"canonical\" href=\"https:\/\/indreasada.com\/lt\/produktas\/klestejimas\/\" \/>\n<meta property=\"og:locale\" content=\"lt_LT\" \/>\n<meta property=\"og:type\" content=\"article\" \/>\n<meta property=\"og:title\" content=\"Klest\u0117jimas\" \/>\n<meta property=\"og:description\" content=\"Klest\u0117jimas\u2013 tre\u010dias Gyvenimo akademijos etapas kur atsatatome santyk\u012f su pinigais, verte, saugumu ir leidimu priimti daugiau\" \/>\n<meta property=\"og:url\" content=\"https:\/\/indreasada.com\/lt\/produktas\/klestejimas\/\" \/>\n<meta property=\"og:site_name\" content=\"Indre Asada\" \/>\n<meta property=\"article:publisher\" content=\"https:\/\/www.facebook.com\/asada.indre\/\" \/>\n<meta property=\"article:modified_time\" content=\"2026-04-09T13:15:46+00:00\" \/>\n<meta property=\"og:image\" content=\"https:\/\/indreasada.com\/wp-content\/uploads\/2026\/03\/gyvenimo-akademija-klestejimas.png\" \/>\n\t<meta property=\"og:image:width\" content=\"1\" \/>\n\t<meta property=\"og:image:height\" content=\"1\" \/>\n\t<meta property=\"og:image:type\" content=\"image\/png\" \/>\n<meta name=\"twitter:card\" content=\"summary_large_image\" \/>\n<meta name=\"twitter:label1\" content=\"Est. reading time\" \/>\n\t<meta name=\"twitter:data1\" content=\"1 minut\u0117\" \/>\n<script type=\"application\/ld+json\" class=\"yoast-schema-graph\">{\"@context\":\"https:\\\/\\\/schema.org\",\"@graph\":[{\"@type\":\"WebPage\",\"@id\":\"https:\\\/\\\/indreasada.com\\\/lt\\\/produktas\\\/klestejimas\\\/\",\"url\":\"https:\\\/\\\/indreasada.com\\\/lt\\\/produktas\\\/klestejimas\\\/\",\"name\":\"Klest\u0117jimas - Indre Asada\",\"isPartOf\":{\"@id\":\"https:\\\/\\\/indreasada.com\\\/lt\\\/#website\"},\"primaryImageOfPage\":{\"@id\":\"https:\\\/\\\/indreasada.com\\\/lt\\\/produktas\\\/klestejimas\\\/#primaryimage\"},\"image\":{\"@id\":\"https:\\\/\\\/indreasada.com\\\/lt\\\/produktas\\\/klestejimas\\\/#primaryimage\"},\"thumbnailUrl\":\"https:\\\/\\\/indreasada.com\\\/wp-content\\\/uploads\\\/2026\\\/03\\\/gyvenimo-akademija-klestejimas.png\",\"datePublished\":\"2026-03-01T14:31:38+00:00\",\"dateModified\":\"2026-04-09T13:15:46+00:00\",\"description\":\"Klest\u0117jimas\u2013 tre\u010dias Gyvenimo akademijos etapas kur atsatatome santyk\u012f su pinigais, verte, saugumu ir leidimu priimti daugiau\",\"breadcrumb\":{\"@id\":\"https:\\\/\\\/indreasada.com\\\/lt\\\/produktas\\\/klestejimas\\\/#breadcrumb\"},\"inLanguage\":\"lt-LT\",\"potentialAction\":[{\"@type\":\"ReadAction\",\"target\":[\"https:\\\/\\\/indreasada.com\\\/lt\\\/produktas\\\/klestejimas\\\/\"]}]},{\"@type\":\"ImageObject\",\"inLanguage\":\"lt-LT\",\"@id\":\"https:\\\/\\\/indreasada.com\\\/lt\\\/produktas\\\/klestejimas\\\/#primaryimage\",\"url\":\"https:\\\/\\\/indreasada.com\\\/wp-content\\\/uploads\\\/2026\\\/03\\\/gyvenimo-akademija-klestejimas.png\",\"contentUrl\":\"https:\\\/\\\/indreasada.com\\\/wp-content\\\/uploads\\\/2026\\\/03\\\/gyvenimo-akademija-klestejimas.png\",\"caption\":\"gyvenimo akademija, klestejimas\"},{\"@type\":\"BreadcrumbList\",\"@id\":\"https:\\\/\\\/indreasada.com\\\/lt\\\/produktas\\\/klestejimas\\\/#breadcrumb\",\"itemListElement\":[{\"@type\":\"ListItem\",\"position\":1,\"name\":\"Home\",\"item\":\"https:\\\/\\\/indreasada.com\\\/lt\\\/\"},{\"@type\":\"ListItem\",\"position\":2,\"name\":\"Gyvenimo akademija &#8211; Visi kursai\",\"item\":\"https:\\\/\\\/indreasada.com\\\/lt\\\/visi-kursai\\\/\"},{\"@type\":\"ListItem\",\"position\":3,\"name\":\"Klest\u0117jimas\"}]},{\"@type\":\"WebSite\",\"@id\":\"https:\\\/\\\/indreasada.com\\\/lt\\\/#website\",\"url\":\"https:\\\/\\\/indreasada.com\\\/lt\\\/\",\"name\":\"Staging Indre Asada\",\"description\":\"Holistic Healing for Mind, Body, and Soul\",\"publisher\":{\"@id\":\"https:\\\/\\\/indreasada.com\\\/lt\\\/#organization\"},\"potentialAction\":[{\"@type\":\"SearchAction\",\"target\":{\"@type\":\"EntryPoint\",\"urlTemplate\":\"https:\\\/\\\/indreasada.com\\\/lt\\\/?s={search_term_string}\"},\"query-input\":{\"@type\":\"PropertyValueSpecification\",\"valueRequired\":true,\"valueName\":\"search_term_string\"}}],\"inLanguage\":\"lt-LT\"},{\"@type\":\"Organization\",\"@id\":\"https:\\\/\\\/indreasada.com\\\/lt\\\/#organization\",\"name\":\"Indre Asada\",\"url\":\"https:\\\/\\\/indreasada.com\\\/lt\\\/\",\"logo\":{\"@type\":\"ImageObject\",\"inLanguage\":\"lt-LT\",\"@id\":\"https:\\\/\\\/indreasada.com\\\/lt\\\/#\\\/schema\\\/logo\\\/image\\\/\",\"url\":\"\",\"contentUrl\":\"\",\"caption\":\"Indre Asada\"},\"image\":{\"@id\":\"https:\\\/\\\/indreasada.com\\\/lt\\\/#\\\/schema\\\/logo\\\/image\\\/\"},\"sameAs\":[\"https:\\\/\\\/www.facebook.com\\\/asada.indre\\\/\",\"https:\\\/\\\/www.youtube.com\\\/channel\\\/UCDLmKiMAxLtSrl12ddsQMqA\",\"https:\\\/\\\/t.me\\\/indreasadabendravimas\",\"https:\\\/\\\/www.instagram.com\\\/indreasada\\\/\"]}]}<\/script>\n<!-- \/ Yoast SEO Premium plugin. -->","yoast_head_json":{"title":"Klest\u0117jimas - Indre Asada","description":"Klest\u0117jimas\u2013 tre\u010dias Gyvenimo akademijos etapas kur atsatatome santyk\u012f su pinigais, verte, saugumu ir leidimu priimti daugiau","robots":{"index":"index","follow":"follow","max-snippet":"max-snippet:-1","max-image-preview":"max-image-preview:large","max-video-preview":"max-video-preview:-1"},"canonical":"https:\/\/indreasada.com\/lt\/produktas\/klestejimas\/","og_locale":"lt_LT","og_type":"article","og_title":"Klest\u0117jimas","og_description":"Klest\u0117jimas\u2013 tre\u010dias Gyvenimo akademijos etapas kur atsatatome santyk\u012f su pinigais, verte, saugumu ir leidimu priimti daugiau","og_url":"https:\/\/indreasada.com\/lt\/produktas\/klestejimas\/","og_site_name":"Indre Asada","article_publisher":"https:\/\/www.facebook.com\/asada.indre\/","article_modified_time":"2026-04-09T13:15:46+00:00","og_image":[{"url":"https:\/\/indreasada.com\/wp-content\/uploads\/2026\/03\/gyvenimo-akademija-klestejimas.png","width":1,"height":1,"type":"image\/png"}],"twitter_card":"summary_large_image","twitter_misc":{"Est. reading time":"1 minut\u0117"},"schema":{"@context":"https:\/\/schema.org","@graph":[{"@type":"WebPage","@id":"https:\/\/indreasada.com\/lt\/produktas\/klestejimas\/","url":"https:\/\/indreasada.com\/lt\/produktas\/klestejimas\/","name":"Klest\u0117jimas - Indre Asada","isPartOf":{"@id":"https:\/\/indreasada.com\/lt\/#website"},"primaryImageOfPage":{"@id":"https:\/\/indreasada.com\/lt\/produktas\/klestejimas\/#primaryimage"},"image":{"@id":"https:\/\/indreasada.com\/lt\/produktas\/klestejimas\/#primaryimage"},"thumbnailUrl":"https:\/\/indreasada.com\/wp-content\/uploads\/2026\/03\/gyvenimo-akademija-klestejimas.png","datePublished":"2026-03-01T14:31:38+00:00","dateModified":"2026-04-09T13:15:46+00:00","description":"Klest\u0117jimas\u2013 tre\u010dias Gyvenimo akademijos etapas kur atsatatome santyk\u012f su pinigais, verte, saugumu ir leidimu priimti daugiau","breadcrumb":{"@id":"https:\/\/indreasada.com\/lt\/produktas\/klestejimas\/#breadcrumb"},"inLanguage":"lt-LT","potentialAction":[{"@type":"ReadAction","target":["https:\/\/indreasada.com\/lt\/produktas\/klestejimas\/"]}]},{"@type":"ImageObject","inLanguage":"lt-LT","@id":"https:\/\/indreasada.com\/lt\/produktas\/klestejimas\/#primaryimage","url":"https:\/\/indreasada.com\/wp-content\/uploads\/2026\/03\/gyvenimo-akademija-klestejimas.png","contentUrl":"https:\/\/indreasada.com\/wp-content\/uploads\/2026\/03\/gyvenimo-akademija-klestejimas.png","caption":"gyvenimo akademija, klestejimas"},{"@type":"BreadcrumbList","@id":"https:\/\/indreasada.com\/lt\/produktas\/klestejimas\/#breadcrumb","itemListElement":[{"@type":"ListItem","position":1,"name":"Home","item":"https:\/\/indreasada.com\/lt\/"},{"@type":"ListItem","position":2,"name":"Gyvenimo akademija &#8211; Visi kursai","item":"https:\/\/indreasada.com\/lt\/visi-kursai\/"},{"@type":"ListItem","position":3,"name":"Klest\u0117jimas"}]},{"@type":"WebSite","@id":"https:\/\/indreasada.com\/lt\/#website","url":"https:\/\/indreasada.com\/lt\/","name":"Staging Indre Asada","description":"Holistic Healing for Mind, Body, and Soul","publisher":{"@id":"https:\/\/indreasada.com\/lt\/#organization"},"potentialAction":[{"@type":"SearchAction","target":{"@type":"EntryPoint","urlTemplate":"https:\/\/indreasada.com\/lt\/?s={search_term_string}"},"query-input":{"@type":"PropertyValueSpecification","valueRequired":true,"valueName":"search_term_string"}}],"inLanguage":"lt-LT"},{"@type":"Organization","@id":"https:\/\/indreasada.com\/lt\/#organization","name":"Indre Asada","url":"https:\/\/indreasada.com\/lt\/","logo":{"@type":"ImageObject","inLanguage":"lt-LT","@id":"https:\/\/indreasada.com\/lt\/#\/schema\/logo\/image\/","url":"","contentUrl":"","caption":"Indre Asada"},"image":{"@id":"https:\/\/indreasada.com\/lt\/#\/schema\/logo\/image\/"},"sameAs":["https:\/\/www.facebook.com\/asada.indre\/","https:\/\/www.youtube.com\/channel\/UCDLmKiMAxLtSrl12ddsQMqA","https:\/\/t.me\/indreasadabendravimas","https:\/\/www.instagram.com\/indreasada\/"]}]}},"jetpack_sharing_enabled":true,"_links":{"self":[{"href":"https:\/\/indreasada.com\/lt\/wp-json\/wp\/v2\/product\/22044","targetHints":{"allow":["GET"]}}],"collection":[{"href":"https:\/\/indreasada.com\/lt\/wp-json\/wp\/v2\/product"}],"about":[{"href":"https:\/\/indreasada.com\/lt\/wp-json\/wp\/v2\/types\/product"}],"wp:featuredmedia":[{"embeddable":true,"href":"https:\/\/indreasada.com\/lt\/wp-json\/wp\/v2\/media\/32905"}],"wp:attachment":[{"href":"https:\/\/indreasada.com\/lt\/wp-json\/wp\/v2\/media?parent=22044"}],"wp:term":[{"taxonomy":"product_brand","embeddable":true,"href":"https:\/\/indreasada.com\/lt\/wp-json\/wp\/v2\/product_brand?post=22044"},{"taxonomy":"product_cat","embeddable":true,"href":"https:\/\/indreasada.com\/lt\/wp-json\/wp\/v2\/product_cat?post=22044"},{"taxonomy":"product_tag","embeddable":true,"href":"https:\/\/indreasada.com\/lt\/wp-json\/wp\/v2\/product_tag?post=22044"}],"curies":[{"name":"wp","href":"https:\/\/api.w.org\/{rel}","templated":true}]}}