{"id":22563,"date":"2025-09-16T17:08:55","date_gmt":"2025-09-16T14:08:55","guid":{"rendered":"https:\/\/indreasada.com\/?post_type=product&#038;p=22563"},"modified":"2026-03-24T14:39:39","modified_gmt":"2026-03-24T12:39:39","slug":"ryto-meditacijos","status":"publish","type":"product","link":"https:\/\/indreasada.com\/lt\/produktas\/ryto-meditacijos\/","title":{"rendered":"Ryto meditacijos"},"content":{"rendered":"<h3><b>Ryto meditacijos<\/b><\/h3>\n<p>\u0160iame kurse rasi dvi ryto meditacijas lietuvi\u0173 kalba, sukurtas tam, kad tavo diena prasid\u0117t\u0173 lengviau, ai\u0161kiau ir harmoningiau. Juk kiekvienas rytas \u2013 tai nauja prad\u017eia, nauja proga paleisti vakaryk\u0161t\u0119 \u012ftamp\u0105, prisipildyti energijos ir susiderinti su savo auk\u0161\u010diausiais tikslais.<\/p>\n<p>Ryto meditacijos padeda tau:<\/p>\n<ul>\n<li><b>\u0160velniai<\/b> pa\u017eadinti k\u016bn\u0105 ir prot\u0105, be jokio streso.<\/li>\n<li><b>\u012esijungti<\/b> \u012f gili\u0105 d\u0117kingumo ir ramyb\u0117s b\u016bsen\u0105.<\/li>\n<li><b>Susikoncentruoti<\/b> \u012f svarbiausius dienos tikslus.<\/li>\n<li><b>Sukurti<\/b> nuostabi\u0105 dien\u0105 ne tik sau, bet ir savo artimiesiems.<\/li>\n<li><b>Atsiverti<\/b> d\u017eiaugsmui ir lengvumui.<\/li>\n<\/ul>\n<p>Viena i\u0161 meditacij\u0173 sukurta pagal \u201eThetaHealing\u00ae\u201c metod\u0105, o antroji \u2013 mano asmeniniu b\u016bdu. Gali pasirinkti t\u0105, kuri \u0161iuo metu labiausiai tave atliepia, arba kaitalioti jas, kad kiekvienas rytas b\u016bt\u0173 vis kitoks ir ypatingas.<\/p>\n<p>Reguliariai praktikuojant pamatysi, kad tavo dienos taps lengvesn\u0117s, ai\u0161kesn\u0117s, o vidin\u0117 b\u016bsena \u2013 stabilesn\u0117 ir kupina \u012fkv\u0117pimo.<\/p>\n","protected":false},"excerpt":{"rendered":"<p>Ryto meditacijos \u0160iame kurse rasi dvi ryto meditacijas lietuvi\u0173 kalba, sukurtas tam, kad tavo diena prasid\u0117t\u0173 lengviau, ai\u0161kiau ir harmoningiau. Juk kiekvienas rytas \u2013 tai nauja prad\u017eia, nauja proga paleisti vakaryk\u0161t\u0119 \u012ftamp\u0105, prisipildyti energijos ir susiderinti su savo auk\u0161\u010diausiais tikslais. Ryto meditacijos padeda tau: \u0160velniai pa\u017eadinti k\u016bn\u0105 ir prot\u0105, be jokio streso. \u012esijungti \u012f gili\u0105&#8230;<\/p>\n","protected":false},"featured_media":32827,"template":"","meta":{"_acf_changed":false},"product_brand":[],"product_cat":[177],"product_tag":[],"class_list":{"0":"post-22563","1":"product","2":"type-product","3":"status-publish","4":"has-post-thumbnail","6":"product_cat-meditacijos","8":"first","9":"instock","10":"virtual","11":"purchasable","12":"product-type-simple"},"acf":[],"yoast_head":"<!-- This site is optimized with the Yoast SEO Premium plugin v27.3 (Yoast SEO v27.3) - https:\/\/yoast.com\/product\/yoast-seo-premium-wordpress\/ -->\n<title>Ryto meditacijos - Indre Asada<\/title>\n<meta name=\"description\" content=\"Ryto meditacijos lietuvi\u0173 kalba \u2013 ThetaHealing\u00ae ir Indre Asada metodais. Prad\u0117k savo dien\u0105 su ai\u0161kumu, ramybe ir \u012fkv\u0117pimu.\" \/>\n<meta name=\"robots\" content=\"index, follow, max-snippet:-1, max-image-preview:large, max-video-preview:-1\" \/>\n<link rel=\"canonical\" href=\"https:\/\/indreasada.com\/lt\/produktas\/ryto-meditacijos\/\" \/>\n<meta property=\"og:locale\" content=\"lt_LT\" \/>\n<meta property=\"og:type\" content=\"article\" \/>\n<meta property=\"og:title\" content=\"Ryto meditacijos\" \/>\n<meta property=\"og:description\" content=\"Ryto meditacijos lietuvi\u0173 kalba \u2013 ThetaHealing\u00ae ir Indre Asada metodais. Prad\u0117k savo dien\u0105 su ai\u0161kumu, ramybe ir \u012fkv\u0117pimu.\" \/>\n<meta property=\"og:url\" content=\"https:\/\/indreasada.com\/lt\/produktas\/ryto-meditacijos\/\" \/>\n<meta property=\"og:site_name\" content=\"Indre Asada\" \/>\n<meta property=\"article:publisher\" content=\"https:\/\/www.facebook.com\/asada.indre\/\" \/>\n<meta property=\"article:modified_time\" content=\"2026-03-24T12:39:39+00:00\" \/>\n<meta property=\"og:image\" content=\"https:\/\/indreasada.com\/wp-content\/uploads\/2026\/03\/GYVENIMO-akademija-ryto-meditacija.png\" \/>\n\t<meta property=\"og:image:width\" content=\"950\" \/>\n\t<meta property=\"og:image:height\" content=\"625\" \/>\n\t<meta property=\"og:image:type\" content=\"image\/png\" \/>\n<meta name=\"twitter:card\" content=\"summary_large_image\" \/>\n<meta name=\"twitter:label1\" content=\"Est. reading time\" \/>\n\t<meta name=\"twitter:data1\" content=\"1 minut\u0117\" \/>\n<script type=\"application\/ld+json\" class=\"yoast-schema-graph\">{\"@context\":\"https:\\\/\\\/schema.org\",\"@graph\":[{\"@type\":\"WebPage\",\"@id\":\"https:\\\/\\\/indreasada.com\\\/lt\\\/produktas\\\/ryto-meditacijos\\\/\",\"url\":\"https:\\\/\\\/indreasada.com\\\/lt\\\/produktas\\\/ryto-meditacijos\\\/\",\"name\":\"Ryto meditacijos - Indre Asada\",\"isPartOf\":{\"@id\":\"https:\\\/\\\/indreasada.com\\\/lt\\\/#website\"},\"primaryImageOfPage\":{\"@id\":\"https:\\\/\\\/indreasada.com\\\/lt\\\/produktas\\\/ryto-meditacijos\\\/#primaryimage\"},\"image\":{\"@id\":\"https:\\\/\\\/indreasada.com\\\/lt\\\/produktas\\\/ryto-meditacijos\\\/#primaryimage\"},\"thumbnailUrl\":\"https:\\\/\\\/indreasada.com\\\/wp-content\\\/uploads\\\/2026\\\/03\\\/GYVENIMO-akademija-ryto-meditacija.png\",\"datePublished\":\"2025-09-16T14:08:55+00:00\",\"dateModified\":\"2026-03-24T12:39:39+00:00\",\"description\":\"Ryto meditacijos lietuvi\u0173 kalba \u2013 ThetaHealing\u00ae ir Indre Asada metodais. Prad\u0117k savo dien\u0105 su ai\u0161kumu, ramybe ir \u012fkv\u0117pimu.\",\"breadcrumb\":{\"@id\":\"https:\\\/\\\/indreasada.com\\\/lt\\\/produktas\\\/ryto-meditacijos\\\/#breadcrumb\"},\"inLanguage\":\"lt-LT\",\"potentialAction\":[{\"@type\":\"ReadAction\",\"target\":[\"https:\\\/\\\/indreasada.com\\\/lt\\\/produktas\\\/ryto-meditacijos\\\/\"]}]},{\"@type\":\"ImageObject\",\"inLanguage\":\"lt-LT\",\"@id\":\"https:\\\/\\\/indreasada.com\\\/lt\\\/produktas\\\/ryto-meditacijos\\\/#primaryimage\",\"url\":\"https:\\\/\\\/indreasada.com\\\/wp-content\\\/uploads\\\/2026\\\/03\\\/GYVENIMO-akademija-ryto-meditacija.png\",\"contentUrl\":\"https:\\\/\\\/indreasada.com\\\/wp-content\\\/uploads\\\/2026\\\/03\\\/GYVENIMO-akademija-ryto-meditacija.png\",\"width\":950,\"height\":625,\"caption\":\"GYVENIMO akademija ryto meditacija\"},{\"@type\":\"BreadcrumbList\",\"@id\":\"https:\\\/\\\/indreasada.com\\\/lt\\\/produktas\\\/ryto-meditacijos\\\/#breadcrumb\",\"itemListElement\":[{\"@type\":\"ListItem\",\"position\":1,\"name\":\"Home\",\"item\":\"https:\\\/\\\/indreasada.com\\\/lt\\\/\"},{\"@type\":\"ListItem\",\"position\":2,\"name\":\"Gyvenimo akademija &#8211; Visi kursai\",\"item\":\"https:\\\/\\\/indreasada.com\\\/lt\\\/visi-kursai\\\/\"},{\"@type\":\"ListItem\",\"position\":3,\"name\":\"Ryto meditacijos\"}]},{\"@type\":\"WebSite\",\"@id\":\"https:\\\/\\\/indreasada.com\\\/lt\\\/#website\",\"url\":\"https:\\\/\\\/indreasada.com\\\/lt\\\/\",\"name\":\"Staging Indre Asada\",\"description\":\"Holistic Healing for Mind, Body, and Soul\",\"publisher\":{\"@id\":\"https:\\\/\\\/indreasada.com\\\/lt\\\/#organization\"},\"potentialAction\":[{\"@type\":\"SearchAction\",\"target\":{\"@type\":\"EntryPoint\",\"urlTemplate\":\"https:\\\/\\\/indreasada.com\\\/lt\\\/?s={search_term_string}\"},\"query-input\":{\"@type\":\"PropertyValueSpecification\",\"valueRequired\":true,\"valueName\":\"search_term_string\"}}],\"inLanguage\":\"lt-LT\"},{\"@type\":\"Organization\",\"@id\":\"https:\\\/\\\/indreasada.com\\\/lt\\\/#organization\",\"name\":\"Indre Asada\",\"url\":\"https:\\\/\\\/indreasada.com\\\/lt\\\/\",\"logo\":{\"@type\":\"ImageObject\",\"inLanguage\":\"lt-LT\",\"@id\":\"https:\\\/\\\/indreasada.com\\\/lt\\\/#\\\/schema\\\/logo\\\/image\\\/\",\"url\":\"\",\"contentUrl\":\"\",\"caption\":\"Indre Asada\"},\"image\":{\"@id\":\"https:\\\/\\\/indreasada.com\\\/lt\\\/#\\\/schema\\\/logo\\\/image\\\/\"},\"sameAs\":[\"https:\\\/\\\/www.facebook.com\\\/asada.indre\\\/\",\"https:\\\/\\\/www.youtube.com\\\/channel\\\/UCDLmKiMAxLtSrl12ddsQMqA\",\"https:\\\/\\\/t.me\\\/indreasadabendravimas\",\"https:\\\/\\\/www.instagram.com\\\/indreasada\\\/\"]}]}<\/script>\n<!-- \/ Yoast SEO Premium plugin. -->","yoast_head_json":{"title":"Ryto meditacijos - Indre Asada","description":"Ryto meditacijos lietuvi\u0173 kalba \u2013 ThetaHealing\u00ae ir Indre Asada metodais. Prad\u0117k savo dien\u0105 su ai\u0161kumu, ramybe ir \u012fkv\u0117pimu.","robots":{"index":"index","follow":"follow","max-snippet":"max-snippet:-1","max-image-preview":"max-image-preview:large","max-video-preview":"max-video-preview:-1"},"canonical":"https:\/\/indreasada.com\/lt\/produktas\/ryto-meditacijos\/","og_locale":"lt_LT","og_type":"article","og_title":"Ryto meditacijos","og_description":"Ryto meditacijos lietuvi\u0173 kalba \u2013 ThetaHealing\u00ae ir Indre Asada metodais. Prad\u0117k savo dien\u0105 su ai\u0161kumu, ramybe ir \u012fkv\u0117pimu.","og_url":"https:\/\/indreasada.com\/lt\/produktas\/ryto-meditacijos\/","og_site_name":"Indre Asada","article_publisher":"https:\/\/www.facebook.com\/asada.indre\/","article_modified_time":"2026-03-24T12:39:39+00:00","og_image":[{"width":950,"height":625,"url":"https:\/\/indreasada.com\/wp-content\/uploads\/2026\/03\/GYVENIMO-akademija-ryto-meditacija.png","type":"image\/png"}],"twitter_card":"summary_large_image","twitter_misc":{"Est. reading time":"1 minut\u0117"},"schema":{"@context":"https:\/\/schema.org","@graph":[{"@type":"WebPage","@id":"https:\/\/indreasada.com\/lt\/produktas\/ryto-meditacijos\/","url":"https:\/\/indreasada.com\/lt\/produktas\/ryto-meditacijos\/","name":"Ryto meditacijos - Indre Asada","isPartOf":{"@id":"https:\/\/indreasada.com\/lt\/#website"},"primaryImageOfPage":{"@id":"https:\/\/indreasada.com\/lt\/produktas\/ryto-meditacijos\/#primaryimage"},"image":{"@id":"https:\/\/indreasada.com\/lt\/produktas\/ryto-meditacijos\/#primaryimage"},"thumbnailUrl":"https:\/\/indreasada.com\/wp-content\/uploads\/2026\/03\/GYVENIMO-akademija-ryto-meditacija.png","datePublished":"2025-09-16T14:08:55+00:00","dateModified":"2026-03-24T12:39:39+00:00","description":"Ryto meditacijos lietuvi\u0173 kalba \u2013 ThetaHealing\u00ae ir Indre Asada metodais. Prad\u0117k savo dien\u0105 su ai\u0161kumu, ramybe ir \u012fkv\u0117pimu.","breadcrumb":{"@id":"https:\/\/indreasada.com\/lt\/produktas\/ryto-meditacijos\/#breadcrumb"},"inLanguage":"lt-LT","potentialAction":[{"@type":"ReadAction","target":["https:\/\/indreasada.com\/lt\/produktas\/ryto-meditacijos\/"]}]},{"@type":"ImageObject","inLanguage":"lt-LT","@id":"https:\/\/indreasada.com\/lt\/produktas\/ryto-meditacijos\/#primaryimage","url":"https:\/\/indreasada.com\/wp-content\/uploads\/2026\/03\/GYVENIMO-akademija-ryto-meditacija.png","contentUrl":"https:\/\/indreasada.com\/wp-content\/uploads\/2026\/03\/GYVENIMO-akademija-ryto-meditacija.png","width":950,"height":625,"caption":"GYVENIMO akademija ryto meditacija"},{"@type":"BreadcrumbList","@id":"https:\/\/indreasada.com\/lt\/produktas\/ryto-meditacijos\/#breadcrumb","itemListElement":[{"@type":"ListItem","position":1,"name":"Home","item":"https:\/\/indreasada.com\/lt\/"},{"@type":"ListItem","position":2,"name":"Gyvenimo akademija &#8211; Visi kursai","item":"https:\/\/indreasada.com\/lt\/visi-kursai\/"},{"@type":"ListItem","position":3,"name":"Ryto meditacijos"}]},{"@type":"WebSite","@id":"https:\/\/indreasada.com\/lt\/#website","url":"https:\/\/indreasada.com\/lt\/","name":"Staging Indre Asada","description":"Holistic Healing for Mind, Body, and Soul","publisher":{"@id":"https:\/\/indreasada.com\/lt\/#organization"},"potentialAction":[{"@type":"SearchAction","target":{"@type":"EntryPoint","urlTemplate":"https:\/\/indreasada.com\/lt\/?s={search_term_string}"},"query-input":{"@type":"PropertyValueSpecification","valueRequired":true,"valueName":"search_term_string"}}],"inLanguage":"lt-LT"},{"@type":"Organization","@id":"https:\/\/indreasada.com\/lt\/#organization","name":"Indre Asada","url":"https:\/\/indreasada.com\/lt\/","logo":{"@type":"ImageObject","inLanguage":"lt-LT","@id":"https:\/\/indreasada.com\/lt\/#\/schema\/logo\/image\/","url":"","contentUrl":"","caption":"Indre Asada"},"image":{"@id":"https:\/\/indreasada.com\/lt\/#\/schema\/logo\/image\/"},"sameAs":["https:\/\/www.facebook.com\/asada.indre\/","https:\/\/www.youtube.com\/channel\/UCDLmKiMAxLtSrl12ddsQMqA","https:\/\/t.me\/indreasadabendravimas","https:\/\/www.instagram.com\/indreasada\/"]}]}},"jetpack_sharing_enabled":true,"_links":{"self":[{"href":"https:\/\/indreasada.com\/lt\/wp-json\/wp\/v2\/product\/22563","targetHints":{"allow":["GET"]}}],"collection":[{"href":"https:\/\/indreasada.com\/lt\/wp-json\/wp\/v2\/product"}],"about":[{"href":"https:\/\/indreasada.com\/lt\/wp-json\/wp\/v2\/types\/product"}],"wp:featuredmedia":[{"embeddable":true,"href":"https:\/\/indreasada.com\/lt\/wp-json\/wp\/v2\/media\/32827"}],"wp:attachment":[{"href":"https:\/\/indreasada.com\/lt\/wp-json\/wp\/v2\/media?parent=22563"}],"wp:term":[{"taxonomy":"product_brand","embeddable":true,"href":"https:\/\/indreasada.com\/lt\/wp-json\/wp\/v2\/product_brand?post=22563"},{"taxonomy":"product_cat","embeddable":true,"href":"https:\/\/indreasada.com\/lt\/wp-json\/wp\/v2\/product_cat?post=22563"},{"taxonomy":"product_tag","embeddable":true,"href":"https:\/\/indreasada.com\/lt\/wp-json\/wp\/v2\/product_tag?post=22563"}],"curies":[{"name":"wp","href":"https:\/\/api.w.org\/{rel}","templated":true}]}}