{"id":23164,"date":"2025-10-20T16:42:20","date_gmt":"2025-10-20T13:42:20","guid":{"rendered":"https:\/\/indreasada.com\/?post_type=product&#038;p=23164"},"modified":"2026-04-16T20:23:01","modified_gmt":"2026-04-16T17:23:01","slug":"naujasis-laikas-pinigai-technologijos-ir-tavo-laisve","status":"publish","type":"product","link":"https:\/\/indreasada.com\/lt\/produktas\/naujasis-laikas-pinigai-technologijos-ir-tavo-laisve\/","title":{"rendered":"Pingu ateitis: kaip pasiruosti"},"content":{"rendered":"<h2 class=\"text-xl font-bold text-text-100 mt-1 -mb-0.5\"><strong>Naujasis laikas \u2013 pinigai, technologijos ir Tavo laisv\u0117<\/strong><\/h2>\n<h3 class=\"text-lg font-bold text-text-100 mt-1 -mb-1.5\"><em>Suk\u016briau \u0161\u012f kurs\u0105 \u017emon\u0117ms, kurie, kaip ir a\u0161 ka\u017ekada, galvojo &#8216;tai ne apie mane&#8217;. Dabar \u017einau \u2013 tai apie mus visus. Ir noriu, kad tu jaustumeis ramus, kai kiti panikuos.&#8221;<\/em> \u2014 <em>Indre<\/em><\/h3>\n<p class=\"whitespace-normal break-words\">Pasaulis kei\u010diasi grei\u010diau nei kada nors anks\u010diau. Pinigai tampa skaitmeniniais. Technologijos \u012fsiver\u017eia \u012f kiekvien\u0105 gyvenimo srit\u012f. Vyriausyb\u0117s kuria naujus kontrol\u0117s mechanizmus. O tu galb\u016bt jauti, kad visa tai vyksta per greitai \u2013 ir nei\u0161vengiama baim\u0117, nesaugumas, netikrumas ima valdyti tavo mintis.<\/p>\n<p class=\"whitespace-normal break-words\"><strong>Bet kas b\u016bt\u0173, jei gal\u0117tum suprasti, kas vyksta, ir pasijusti PASIRENG\u0118S naujajai erai \u2013 ramiai, s\u0105moningai ir su pasitik\u0117jimu?<\/strong><\/p>\n<p class=\"whitespace-normal break-words\">\u0160is kursas sukurtas specialiai <strong>\u017emon\u0117ms<\/strong>, kurie nori \u017einoti ties\u0105 apie kriptovaliutas, tokenizavim\u0105, skaitmenin\u0119 ateit\u012f \u2013 ir kurie nori <strong>i\u0161saugoti savo laisv\u0119, finansin\u0119 nepriklausomyb\u0119 ir vidin\u0119 ramyb\u0119<\/strong> per \u0161iuos poky\u010dius.<\/p>\n<h3><strong>Kaina 301 EUR<\/strong><\/h3>\n<p class=\"font-claude-response-body break-words whitespace-normal\">Kursas auga kartu su jumis \u2013 jau <strong>9 valandos pamok\u0173<\/strong><br \/>\n<b>Du gyvi susitikimai \u010diate, \u012fra\u0161ai laukia j\u016bs\u0173<br \/>\nBus daugiau<\/b><\/p>\n<p><strong>Nori su\u017einoti daugiau?<\/strong> <a href=\"https:\/\/indreasada.com\/lt\/pinigai-technologijos-ir-tavo-laisve\/\">\u010cia rasi i\u0161samesn\u0119 informacij\u0105<\/a><\/p>\n<h3 class=\"whitespace-normal break-words\"><strong>Kelios patirtys<\/strong><\/h3>\n<blockquote>\n<p class=\"whitespace-normal break-words\"><strong><br \/>\n<\/strong>\u201eAt\u0117jau su baime ir ne\u017einomybe.<br data-start=\"475\" data-end=\"478\" \/>I\u0161\u0117jau su ramybe, ai\u0161kumu ir \u017einojimu, kaip saugiai pasiruo\u0161ti poky\u010diams.<br data-start=\"551\" data-end=\"554\" \/>Jei ne \u0161is kursas, art\u0117jantys reseto procesai mane b\u016bt\u0173 u\u017eklup\u0119 kaip \u0161okas.\u201c Lina B.<\/p>\n<\/blockquote>\n<blockquote><p><em>\u012esigijau \u0161it\u0105 kurs\u0105 ir galvojau \u2013 nu blemba, nelabai a\u0161 \u010dia k\u0105 suprantu, \u010dia visi\u0161kai ne man. Buvo ap\u0117m\u0119s tikrai stiprus nerimas d\u0117l ateities.<br \/>\n<\/em><em>Bet su kiekviena pamoka at\u0117jo vis gilesnis suvokimas kas ir kaip \u2013 ir at\u0117jo ramyb\u0117. Su Indr\u0117s pagalba tikrai galime b\u016bti stipr\u016bs ir tvirti, ir su pasitik\u0117jimu eiti \u012f ateinan\u010dius pasikeitimus.<br \/>\n<\/em>\u2014 <strong>\u017daneta Brazlauskait\u0117<\/strong><\/p><\/blockquote>\n<h3 class=\"text-lg font-bold text-text-100 mt-1 -mb-1.5\"><strong>Kurso trukm\u0117<\/strong><\/h3>\n<p class=\"whitespace-normal break-words\"><strong>Mini kursas sudarytas i\u0161 9 valand\u0173 trukm\u0117s pamok\u0173 su meditacijomis.<br \/>\n\u010ciatas<\/strong> Telegrame, kur galima u\u017eduoti klausimus ir bendrauti tarpusavyje.<br \/>\n<strong>Kurso prieiga neribota<\/strong>, gali klausytis savo tempu \u2013 internetu, bet kada tau patogu.<\/p>\n<h3 class=\"text-lg font-bold text-text-100 mt-1 -mb-1.5\"><strong>Tavo laikas yra DABAR<\/strong><\/h3>\n<p class=\"whitespace-normal break-words\">Nebijok naujojo laiko. <strong>Pasiruo\u0161k jam.<\/strong><br \/>\nSuprasdamas, kas vyksta, tu \u012fgauni gali\u0105.<br \/>\n\u017dinodamas, kaip veikti, tu tampi laisvas.<br \/>\nPa\u0161alindamas baimes, tu atgauni ramyb\u0119.<\/p>\n<p class=\"whitespace-normal break-words\"><strong>\u0160is kursas \u2013 tavo tiltas \u012f nauj\u0105 er\u0105. Ne su baime, o su Tiesos pa\u017einimu.<\/strong><\/p>\n<h3 class=\"whitespace-normal break-words\"><strong>PATIRTIS<\/strong><\/h3>\n<blockquote><p>\u201eJau po pus\u0117s kurso prad\u0117jau matyti visur \u017eenklus ir suprasti, kas i\u0161 tikr\u0173j\u0173 vyksta.<br \/>\nToks jausmas, kad akys atsiv\u0117r\u0117.\u201c Danut\u0117 J.<strong><br \/>\n<\/strong><\/p><\/blockquote>\n<h3 class=\"text-lg font-bold text-text-100 mt-1 -mb-1.5\"><strong>Prad\u0117k \u0161iandien. B\u016bk pasiruo\u0161\u0119s rytojui.<\/strong><\/h3>\n<p class=\"whitespace-normal break-words\"><strong>Prisijunk prie kurso ir \u017eengk \u012f nauj\u0105 lyg\u012f s\u0105moningumo, laisv\u0117s ir ramyb\u0117s.<\/strong><\/p>\n<p><strong>Jei nori geriau suprasti, ar \u0161is kursas tau &#8211; <\/strong>\u00a0<a href=\"https:\/\/indreasada.com\/lt\/pinigai-technologijos-ir-tavo-laisve\/\">paskaityk \u010dia<\/a><\/p>\n<p class=\"whitespace-normal break-words\">Su <em>meile ir \u0161viesa,<\/em><br \/>\n<strong>Indre Asada<\/strong><\/p>\n","protected":false},"excerpt":{"rendered":"<p>Pasiruo\u0161k naujam laikui su ramybe, ai\u0161kumu ir pasitik\u0117jimu \u2013 be baim\u0117s ir sud\u0117tingos terminologijos.<br \/>\nKursas auga, \u0161iai dienai jau <strong>9 valandos audio pamok\u0173<\/strong> vietoj planuot\u0173 6! Kaina taip pat kils netrukus!<br \/>\nKas prisijungia DABAR \u2013 gauna visus papildymus <strong>nemokamai!<\/strong><\/p>\n","protected":false},"featured_media":32823,"template":"","meta":{"_acf_changed":false},"product_brand":[],"product_cat":[305,176],"product_tag":[],"class_list":{"0":"post-23164","1":"product","2":"type-product","3":"status-publish","4":"has-post-thumbnail","6":"product_cat-samoningumas-ir-vidinis-virsmas","7":"product_cat-seminarai","9":"first","10":"instock","11":"virtual","12":"sold-individually","13":"purchasable","14":"product-type-simple"},"acf":[],"yoast_head":"<!-- This site is optimized with the Yoast SEO Premium plugin v27.3 (Yoast SEO v27.3) - https:\/\/yoast.com\/product\/yoast-seo-premium-wordpress\/ -->\n<title>Pingu ateitis: kaip pasiruosti - Indre Asada<\/title>\n<meta name=\"description\" content=\"Naujasis laikas \u2013 pinigai, technologijos ir Tavo laisv\u0117 \u2013 pa\u017eintinis kursas pradedantiesiems, kurie nori apsaugoti save ir i\u0161vengti klaid\u0173\" \/>\n<meta name=\"robots\" content=\"index, follow, max-snippet:-1, max-image-preview:large, max-video-preview:-1\" \/>\n<link rel=\"canonical\" href=\"https:\/\/indreasada.com\/lt\/produktas\/naujasis-laikas-pinigai-technologijos-ir-tavo-laisve\/\" \/>\n<meta property=\"og:locale\" content=\"lt_LT\" \/>\n<meta property=\"og:type\" content=\"article\" \/>\n<meta property=\"og:title\" content=\"Pingu ateitis: kaip pasiruosti\" \/>\n<meta property=\"og:description\" content=\"Naujasis laikas \u2013 pinigai, technologijos ir Tavo laisv\u0117 \u2013 pa\u017eintinis kursas pradedantiesiems, kurie nori apsaugoti save ir i\u0161vengti klaid\u0173\" \/>\n<meta property=\"og:url\" content=\"https:\/\/indreasada.com\/lt\/produktas\/naujasis-laikas-pinigai-technologijos-ir-tavo-laisve\/\" \/>\n<meta property=\"og:site_name\" content=\"Indre Asada\" \/>\n<meta property=\"article:publisher\" content=\"https:\/\/www.facebook.com\/asada.indre\/\" \/>\n<meta property=\"article:modified_time\" content=\"2026-04-16T17:23:01+00:00\" \/>\n<meta property=\"og:image\" content=\"https:\/\/indreasada.com\/wp-content\/uploads\/2026\/03\/GYVENIMO-akademija-pingu-ateitis-kaip-pasiruosti.png\" \/>\n\t<meta property=\"og:image:width\" content=\"950\" \/>\n\t<meta property=\"og:image:height\" content=\"625\" \/>\n\t<meta property=\"og:image:type\" content=\"image\/png\" \/>\n<meta name=\"twitter:card\" content=\"summary_large_image\" \/>\n<meta name=\"twitter:label1\" content=\"Est. reading time\" \/>\n\t<meta name=\"twitter:data1\" content=\"2 minut\u0117s\" \/>\n<script type=\"application\/ld+json\" class=\"yoast-schema-graph\">{\"@context\":\"https:\\\/\\\/schema.org\",\"@graph\":[{\"@type\":\"WebPage\",\"@id\":\"https:\\\/\\\/indreasada.com\\\/lt\\\/produktas\\\/naujasis-laikas-pinigai-technologijos-ir-tavo-laisve\\\/\",\"url\":\"https:\\\/\\\/indreasada.com\\\/lt\\\/produktas\\\/naujasis-laikas-pinigai-technologijos-ir-tavo-laisve\\\/\",\"name\":\"Pingu ateitis: kaip pasiruosti - Indre Asada\",\"isPartOf\":{\"@id\":\"https:\\\/\\\/indreasada.com\\\/lt\\\/#website\"},\"primaryImageOfPage\":{\"@id\":\"https:\\\/\\\/indreasada.com\\\/lt\\\/produktas\\\/naujasis-laikas-pinigai-technologijos-ir-tavo-laisve\\\/#primaryimage\"},\"image\":{\"@id\":\"https:\\\/\\\/indreasada.com\\\/lt\\\/produktas\\\/naujasis-laikas-pinigai-technologijos-ir-tavo-laisve\\\/#primaryimage\"},\"thumbnailUrl\":\"https:\\\/\\\/indreasada.com\\\/wp-content\\\/uploads\\\/2026\\\/03\\\/GYVENIMO-akademija-pingu-ateitis-kaip-pasiruosti.png\",\"datePublished\":\"2025-10-20T13:42:20+00:00\",\"dateModified\":\"2026-04-16T17:23:01+00:00\",\"description\":\"Naujasis laikas \u2013 pinigai, technologijos ir Tavo laisv\u0117 \u2013 pa\u017eintinis kursas pradedantiesiems, kurie nori apsaugoti save ir i\u0161vengti klaid\u0173\",\"breadcrumb\":{\"@id\":\"https:\\\/\\\/indreasada.com\\\/lt\\\/produktas\\\/naujasis-laikas-pinigai-technologijos-ir-tavo-laisve\\\/#breadcrumb\"},\"inLanguage\":\"lt-LT\",\"potentialAction\":[{\"@type\":\"ReadAction\",\"target\":[\"https:\\\/\\\/indreasada.com\\\/lt\\\/produktas\\\/naujasis-laikas-pinigai-technologijos-ir-tavo-laisve\\\/\"]}]},{\"@type\":\"ImageObject\",\"inLanguage\":\"lt-LT\",\"@id\":\"https:\\\/\\\/indreasada.com\\\/lt\\\/produktas\\\/naujasis-laikas-pinigai-technologijos-ir-tavo-laisve\\\/#primaryimage\",\"url\":\"https:\\\/\\\/indreasada.com\\\/wp-content\\\/uploads\\\/2026\\\/03\\\/GYVENIMO-akademija-pingu-ateitis-kaip-pasiruosti.png\",\"contentUrl\":\"https:\\\/\\\/indreasada.com\\\/wp-content\\\/uploads\\\/2026\\\/03\\\/GYVENIMO-akademija-pingu-ateitis-kaip-pasiruosti.png\",\"width\":950,\"height\":625,\"caption\":\"GYVENIMO akademija pingu ateitis kaip pasiruosti\"},{\"@type\":\"BreadcrumbList\",\"@id\":\"https:\\\/\\\/indreasada.com\\\/lt\\\/produktas\\\/naujasis-laikas-pinigai-technologijos-ir-tavo-laisve\\\/#breadcrumb\",\"itemListElement\":[{\"@type\":\"ListItem\",\"position\":1,\"name\":\"Home\",\"item\":\"https:\\\/\\\/indreasada.com\\\/lt\\\/\"},{\"@type\":\"ListItem\",\"position\":2,\"name\":\"Gyvenimo akademija &#8211; Visi kursai\",\"item\":\"https:\\\/\\\/indreasada.com\\\/lt\\\/visi-kursai\\\/\"},{\"@type\":\"ListItem\",\"position\":3,\"name\":\"Pingu ateitis: kaip pasiruosti\"}]},{\"@type\":\"WebSite\",\"@id\":\"https:\\\/\\\/indreasada.com\\\/lt\\\/#website\",\"url\":\"https:\\\/\\\/indreasada.com\\\/lt\\\/\",\"name\":\"Staging Indre Asada\",\"description\":\"Holistic Healing for Mind, Body, and Soul\",\"publisher\":{\"@id\":\"https:\\\/\\\/indreasada.com\\\/lt\\\/#organization\"},\"potentialAction\":[{\"@type\":\"SearchAction\",\"target\":{\"@type\":\"EntryPoint\",\"urlTemplate\":\"https:\\\/\\\/indreasada.com\\\/lt\\\/?s={search_term_string}\"},\"query-input\":{\"@type\":\"PropertyValueSpecification\",\"valueRequired\":true,\"valueName\":\"search_term_string\"}}],\"inLanguage\":\"lt-LT\"},{\"@type\":\"Organization\",\"@id\":\"https:\\\/\\\/indreasada.com\\\/lt\\\/#organization\",\"name\":\"Indre Asada\",\"url\":\"https:\\\/\\\/indreasada.com\\\/lt\\\/\",\"logo\":{\"@type\":\"ImageObject\",\"inLanguage\":\"lt-LT\",\"@id\":\"https:\\\/\\\/indreasada.com\\\/lt\\\/#\\\/schema\\\/logo\\\/image\\\/\",\"url\":\"\",\"contentUrl\":\"\",\"caption\":\"Indre Asada\"},\"image\":{\"@id\":\"https:\\\/\\\/indreasada.com\\\/lt\\\/#\\\/schema\\\/logo\\\/image\\\/\"},\"sameAs\":[\"https:\\\/\\\/www.facebook.com\\\/asada.indre\\\/\",\"https:\\\/\\\/www.youtube.com\\\/channel\\\/UCDLmKiMAxLtSrl12ddsQMqA\",\"https:\\\/\\\/t.me\\\/indreasadabendravimas\",\"https:\\\/\\\/www.instagram.com\\\/indreasada\\\/\"]}]}<\/script>\n<!-- \/ Yoast SEO Premium plugin. -->","yoast_head_json":{"title":"Pingu ateitis: kaip pasiruosti - Indre Asada","description":"Naujasis laikas \u2013 pinigai, technologijos ir Tavo laisv\u0117 \u2013 pa\u017eintinis kursas pradedantiesiems, kurie nori apsaugoti save ir i\u0161vengti klaid\u0173","robots":{"index":"index","follow":"follow","max-snippet":"max-snippet:-1","max-image-preview":"max-image-preview:large","max-video-preview":"max-video-preview:-1"},"canonical":"https:\/\/indreasada.com\/lt\/produktas\/naujasis-laikas-pinigai-technologijos-ir-tavo-laisve\/","og_locale":"lt_LT","og_type":"article","og_title":"Pingu ateitis: kaip pasiruosti","og_description":"Naujasis laikas \u2013 pinigai, technologijos ir Tavo laisv\u0117 \u2013 pa\u017eintinis kursas pradedantiesiems, kurie nori apsaugoti save ir i\u0161vengti klaid\u0173","og_url":"https:\/\/indreasada.com\/lt\/produktas\/naujasis-laikas-pinigai-technologijos-ir-tavo-laisve\/","og_site_name":"Indre Asada","article_publisher":"https:\/\/www.facebook.com\/asada.indre\/","article_modified_time":"2026-04-16T17:23:01+00:00","og_image":[{"width":950,"height":625,"url":"https:\/\/indreasada.com\/wp-content\/uploads\/2026\/03\/GYVENIMO-akademija-pingu-ateitis-kaip-pasiruosti.png","type":"image\/png"}],"twitter_card":"summary_large_image","twitter_misc":{"Est. reading time":"2 minut\u0117s"},"schema":{"@context":"https:\/\/schema.org","@graph":[{"@type":"WebPage","@id":"https:\/\/indreasada.com\/lt\/produktas\/naujasis-laikas-pinigai-technologijos-ir-tavo-laisve\/","url":"https:\/\/indreasada.com\/lt\/produktas\/naujasis-laikas-pinigai-technologijos-ir-tavo-laisve\/","name":"Pingu ateitis: kaip pasiruosti - Indre Asada","isPartOf":{"@id":"https:\/\/indreasada.com\/lt\/#website"},"primaryImageOfPage":{"@id":"https:\/\/indreasada.com\/lt\/produktas\/naujasis-laikas-pinigai-technologijos-ir-tavo-laisve\/#primaryimage"},"image":{"@id":"https:\/\/indreasada.com\/lt\/produktas\/naujasis-laikas-pinigai-technologijos-ir-tavo-laisve\/#primaryimage"},"thumbnailUrl":"https:\/\/indreasada.com\/wp-content\/uploads\/2026\/03\/GYVENIMO-akademija-pingu-ateitis-kaip-pasiruosti.png","datePublished":"2025-10-20T13:42:20+00:00","dateModified":"2026-04-16T17:23:01+00:00","description":"Naujasis laikas \u2013 pinigai, technologijos ir Tavo laisv\u0117 \u2013 pa\u017eintinis kursas pradedantiesiems, kurie nori apsaugoti save ir i\u0161vengti klaid\u0173","breadcrumb":{"@id":"https:\/\/indreasada.com\/lt\/produktas\/naujasis-laikas-pinigai-technologijos-ir-tavo-laisve\/#breadcrumb"},"inLanguage":"lt-LT","potentialAction":[{"@type":"ReadAction","target":["https:\/\/indreasada.com\/lt\/produktas\/naujasis-laikas-pinigai-technologijos-ir-tavo-laisve\/"]}]},{"@type":"ImageObject","inLanguage":"lt-LT","@id":"https:\/\/indreasada.com\/lt\/produktas\/naujasis-laikas-pinigai-technologijos-ir-tavo-laisve\/#primaryimage","url":"https:\/\/indreasada.com\/wp-content\/uploads\/2026\/03\/GYVENIMO-akademija-pingu-ateitis-kaip-pasiruosti.png","contentUrl":"https:\/\/indreasada.com\/wp-content\/uploads\/2026\/03\/GYVENIMO-akademija-pingu-ateitis-kaip-pasiruosti.png","width":950,"height":625,"caption":"GYVENIMO akademija pingu ateitis kaip pasiruosti"},{"@type":"BreadcrumbList","@id":"https:\/\/indreasada.com\/lt\/produktas\/naujasis-laikas-pinigai-technologijos-ir-tavo-laisve\/#breadcrumb","itemListElement":[{"@type":"ListItem","position":1,"name":"Home","item":"https:\/\/indreasada.com\/lt\/"},{"@type":"ListItem","position":2,"name":"Gyvenimo akademija &#8211; Visi kursai","item":"https:\/\/indreasada.com\/lt\/visi-kursai\/"},{"@type":"ListItem","position":3,"name":"Pingu ateitis: kaip pasiruosti"}]},{"@type":"WebSite","@id":"https:\/\/indreasada.com\/lt\/#website","url":"https:\/\/indreasada.com\/lt\/","name":"Staging Indre Asada","description":"Holistic Healing for Mind, Body, and Soul","publisher":{"@id":"https:\/\/indreasada.com\/lt\/#organization"},"potentialAction":[{"@type":"SearchAction","target":{"@type":"EntryPoint","urlTemplate":"https:\/\/indreasada.com\/lt\/?s={search_term_string}"},"query-input":{"@type":"PropertyValueSpecification","valueRequired":true,"valueName":"search_term_string"}}],"inLanguage":"lt-LT"},{"@type":"Organization","@id":"https:\/\/indreasada.com\/lt\/#organization","name":"Indre Asada","url":"https:\/\/indreasada.com\/lt\/","logo":{"@type":"ImageObject","inLanguage":"lt-LT","@id":"https:\/\/indreasada.com\/lt\/#\/schema\/logo\/image\/","url":"","contentUrl":"","caption":"Indre Asada"},"image":{"@id":"https:\/\/indreasada.com\/lt\/#\/schema\/logo\/image\/"},"sameAs":["https:\/\/www.facebook.com\/asada.indre\/","https:\/\/www.youtube.com\/channel\/UCDLmKiMAxLtSrl12ddsQMqA","https:\/\/t.me\/indreasadabendravimas","https:\/\/www.instagram.com\/indreasada\/"]}]}},"jetpack_sharing_enabled":true,"_links":{"self":[{"href":"https:\/\/indreasada.com\/lt\/wp-json\/wp\/v2\/product\/23164","targetHints":{"allow":["GET"]}}],"collection":[{"href":"https:\/\/indreasada.com\/lt\/wp-json\/wp\/v2\/product"}],"about":[{"href":"https:\/\/indreasada.com\/lt\/wp-json\/wp\/v2\/types\/product"}],"wp:featuredmedia":[{"embeddable":true,"href":"https:\/\/indreasada.com\/lt\/wp-json\/wp\/v2\/media\/32823"}],"wp:attachment":[{"href":"https:\/\/indreasada.com\/lt\/wp-json\/wp\/v2\/media?parent=23164"}],"wp:term":[{"taxonomy":"product_brand","embeddable":true,"href":"https:\/\/indreasada.com\/lt\/wp-json\/wp\/v2\/product_brand?post=23164"},{"taxonomy":"product_cat","embeddable":true,"href":"https:\/\/indreasada.com\/lt\/wp-json\/wp\/v2\/product_cat?post=23164"},{"taxonomy":"product_tag","embeddable":true,"href":"https:\/\/indreasada.com\/lt\/wp-json\/wp\/v2\/product_tag?post=23164"}],"curies":[{"name":"wp","href":"https:\/\/api.w.org\/{rel}","templated":true}]}}