{"id":23391,"date":"2025-11-03T14:43:26","date_gmt":"2025-11-03T12:43:26","guid":{"rendered":"https:\/\/indreasada.com\/?post_type=product&#038;p=23391"},"modified":"2026-03-24T14:31:01","modified_gmt":"2026-03-24T12:31:01","slug":"islaisvink-gyvenima-ir-megaukis-juo","status":"publish","type":"product","link":"https:\/\/indreasada.com\/lt\/produktas\/islaisvink-gyvenima-ir-megaukis-juo\/","title":{"rendered":"I\u0161laisvink gyvenim\u0105 ir m\u0117gaukis juo"},"content":{"rendered":"<h1>I\u0161laisvink gyvenim\u0105 ir m\u0117gaukis juo<\/h1>\n<h3><strong>Ar jauti, kad gyveni ne savo gyvenim\u0105?<\/strong><\/h3>\n<p>Tarsi ka\u017ekas spaud\u017eia i\u0161 vidaus.<br \/>\nTarsi t\u016bkstan\u010diai \u201eturiu&#8221;, \u201eprivalau&#8221;, \u201eb\u016bk geras&#8221; u\u017egul\u0119 tavo pe\u010dius.<br \/>\nD\u0117l to sunku kv\u0117puoti, nors jokios fizin\u0117s prie\u017easties tam n\u0117ra.<\/p>\n<p><strong>Tavo siela \u2013 begalinio dyd\u017eio.<\/strong><br \/>\nTa\u010diau kas nutinka, kai bandai j\u0105 \u012fsprausti \u012f svetimas formas&#8230;<br \/>\nPavyzd\u017eiui, \u012f norus, l\u016bkes\u010dius, socialinius standartus, vaidmenis?<\/p>\n<p>Tada atsiranda vidiniai narvai.<br \/>\nBe to, kuo labiau tu \u012fsikalin\u0119s, tuo labiau tave erzina laisv\u0117 t\u0173, kurie leid\u017eia sau gyventi.<\/p>\n<p>Trumput\u0117 i\u0161trauka:<\/p>\n<audio class=\"wp-audio-shortcode\" id=\"audio-23391-1\" preload=\"none\" style=\"width: 100%;\" controls=\"controls\"><source type=\"audio\/mpeg\" src=\"https:\/\/indreasada.com\/wp-content\/uploads\/2025\/11\/islaisvintas-gyvenimas-kaip-megautis-gyvenimu.mp3?_=1\" \/><a href=\"https:\/\/indreasada.com\/wp-content\/uploads\/2025\/11\/islaisvintas-gyvenimas-kaip-megautis-gyvenimu.mp3\">https:\/\/indreasada.com\/wp-content\/uploads\/2025\/11\/islaisvintas-gyvenimas-kaip-megautis-gyvenimu.mp3<\/a><\/audio>\n<h2><strong>Vebinare su\u017einosi kas trugdo m\u0117gautis gyvenimu:<\/strong><\/h2>\n<h3 class=\"text-lg font-bold text-text-100 mt-1 -mb-1.5\">Apie laisv\u0119<\/h3>\n<p class=\"whitespace-normal break-words\"><strong>I\u0161laisvintas gyvenimas \u2013<\/strong> kod\u0117l dauguma gyvename suspaustame re\u017eime<br \/>\n<strong>Vidiniai narvai \u2013<\/strong> kaip atpa\u017einti \u012fsitikinimus, baimes, kalt\u0119, g\u0117d\u0105<br \/>\n<strong>Liga kaip signalas \u2013<\/strong> kod\u0117l k\u016bnas kalba, kai gyveni ne savo gyvenim\u0105<\/p>\n<h3 class=\"text-lg font-bold text-text-100 mt-1 -mb-1.5\">Apie t\u0117km\u0119 ir energij\u0105<\/h3>\n<p class=\"whitespace-normal break-words\"><strong>T\u0117km\u0117s principas \u2013<\/strong> kaip leisti gyvenimui tek\u0117ti kaip upei<br \/>\n<strong>Kv\u0117pavimo metafora \u2013<\/strong> kod\u0117l sveikatos problemos prasideda, kai nutraukiama vidin\u0117 t\u0117km\u0117<br \/>\n<strong>Energijos paleidimas \u2013<\/strong> kaip \u012fsileisti gyvyb\u0119, d\u017eiaugsm\u0105, sveikat\u0105<\/p>\n<h3 class=\"text-lg font-bold text-text-100 mt-1 -mb-1.5\">Apie tikr\u0105j\u012f keli\u0105<\/h3>\n<p class=\"whitespace-normal break-words\"><strong>Meil\u0117 i\u0161 pertekliaus \u2013<\/strong> kod\u0117l pagalba kitiems veikia tik tada, kai pats pilnas<br \/>\n<strong>Sielos misija \u2013<\/strong> tavo kelias \u012f laisv\u0119 per tikrosios paskirties \u012fgyvendinim\u0105<\/p>\n<h2><strong>\u0160is vebinaras tau, jei:<\/strong><\/h2>\n<p>Jauti, kad gyveni ka\u017ekieno l\u016bkes\u010di\u0173 gyvenim\u0105<br \/>\n\u012etampa, stresas, nerimas yra tavo kasdienyb\u0117<br \/>\nNori suprasti, kaip kalba k\u016bnas<br \/>\nIe\u0161kai b\u016bd\u0173 i\u0161silaisvinti i\u0161 sen\u0173 \u012fsitikinim\u0173<br \/>\nNori gyventi i\u0161 \u0161irdies, o ne i\u0161 baim\u0117s<br \/>\nPasiruo\u0161\u0119s atsakomybei ir transformacijai<\/p>\n<h2><strong>Kas tav\u0119s laukia vebinare:<\/strong><\/h2>\n<p class=\"whitespace-normal break-words\"><strong>Vienos valandos trukm\u0117s transformacija\u00a0<\/strong><br \/>\nGilinamasi, kaip veikia tavo pas\u0105mon\u0117 ir gyvenimo t\u0117km\u0117<\/p>\n<p class=\"whitespace-normal break-words\"><strong>Gyvi pavyzd\u017eiai, metaforos ir motyvacija<\/strong><br \/>\nKaip atpa\u017einti, kur esi susispaud\u0119s<\/p>\n<p class=\"whitespace-normal break-words\"><strong>Supratimas<\/strong><br \/>\nKod\u0117l k\u016bnas kalba per ligas. Kod\u0117l t\u0117km\u0117 svarbi. Kaip gr\u012f\u017eti \u012f savo keli\u0105.<\/p>\n<h2><strong>Gyvenimas \u2013 tai ne formul\u0117<\/strong><\/h2>\n<p><strong>Tai t\u0117km\u0117, kuriai galima leisti tel\u0117ti<\/strong><\/p>\n<p>Tod\u0117l, kai gyveni savo gyvenim\u0105 \u2013 kv\u0117puoji laisvai.<br \/>\nD\u0117l to leidi sielai tek\u0117ti ir gyvyb\u0117 plaukia per tave.<br \/>\nTaigi, kai prisimi atsakomyb\u0119 \u2013 randi tikr\u0105j\u012f i\u0161laisvinim\u0105.<\/p>\n<p><strong>Nebijok pra\u0161yti pagalbos.<\/strong><br \/>\n<strong>Nebijok gyventi.<\/strong><br \/>\n<strong>Nes tavo siela \u017eino keli\u0105 \u2013 tereikia jai leisti tek\u0117ti.<\/strong><\/p>\n<h2><strong>\u012esigyk vebinar\u0105 dabar ir prad\u0117k keli\u0105 \u012f i\u0161laisvinim\u0105<\/strong><\/h2>\n<p>&nbsp;<\/p>\n<p><em>\u201eNieko gyvenime nevyksta atsitiktinai. Jei \u0161ie \u017eod\u017eiai pasiek\u0117 tave \u2013 tavo siela pasiruo\u0161usi.&#8221;<\/em><br \/>\n\u2013 Indre Asada<\/p>\n<p><strong>Kas turi i\u0161likti \u2013 i\u0161liks.<\/strong><br \/>\n<strong>Kas turi pasikeisti \u2013 pasikeisti.<\/strong><br \/>\n<strong>O kas turi prasid\u0117ti \u2013 prasid\u0117s dabar.<\/strong><\/p>\n<p><strong>Laikas gr\u012f\u017eti \u012f save. Laikas i\u0161silaisvinti.<\/strong><\/p>\n<p>&nbsp;<\/p>\n<p>&nbsp;<\/p>\n","protected":false},"excerpt":{"rendered":"<p><em>\u201eNieko gyvenime nevyksta atsitiktinai. Jei \u0161ie \u017eod\u017eiai pasiek\u0117 tave \u2013 tavo siela pasiruo\u0161usi.&#8221;\u00a0 <\/em>\u2013 Indre Asada<br \/>\nT\u016bkstan\u010diai \u201eturiu&#8221;, \u201eprivalau&#8221;, \u201eb\u016bk geras&#8221; u\u017egul\u0119 tavo pe\u010dius.<br \/>\n<strong>Tavo siela \u2013 begalinio dyd\u017eio. <\/strong>Ta\u010diau kas nutinka, kai bandai j\u0105 \u012fsprausti \u012f svetimas formas&#8230;<br \/>\n\u012e norus, l\u016bkes\u010dius, standartus, vaidmenis? &#8211; Tada atsiranda vidiniai narvai.<br \/>\nKuo labiau tu \u012fsikalin\u0119s, tuo labiau tave erzina laisv\u0117 t\u0173, kurie leid\u017eia sau gyventi&#8230;<br \/>\nI\u0161laisvink gyvenim\u0105 ir m\u0117gaukis juo!<\/p>\n","protected":false},"featured_media":32851,"template":"","meta":{"_acf_changed":false},"product_brand":[],"product_cat":[178],"product_tag":[],"class_list":{"0":"post-23391","1":"product","2":"type-product","3":"status-publish","4":"has-post-thumbnail","6":"product_cat-vebinarai","8":"first","9":"instock","10":"downloadable","11":"virtual","12":"sold-individually","13":"purchasable","14":"product-type-simple"},"acf":[],"yoast_head":"<!-- This site is optimized with the Yoast SEO Premium plugin v27.3 (Yoast SEO v27.3) - https:\/\/yoast.com\/product\/yoast-seo-premium-wordpress\/ -->\n<title>I\u0161laisvink gyvenim\u0105 ir m\u0117gaukis juo - Indre Asada<\/title>\n<meta name=\"description\" content=\"Vebinaras su Indre Asada I\u0161laisvink gyvenima apie tai - kas trugdo m\u0117gautis gyvenimu kasdienyb\u0117je. \u012ekv\u0117pimas, ap\u0161vietimas, motyvacija vienoje vietoje.\" \/>\n<meta name=\"robots\" content=\"index, follow, max-snippet:-1, max-image-preview:large, max-video-preview:-1\" \/>\n<link rel=\"canonical\" href=\"https:\/\/indreasada.com\/lt\/produktas\/islaisvink-gyvenima-ir-megaukis-juo\/\" \/>\n<meta property=\"og:locale\" content=\"lt_LT\" \/>\n<meta property=\"og:type\" content=\"article\" \/>\n<meta property=\"og:title\" content=\"I\u0161laisvink gyvenim\u0105 ir m\u0117gaukis juo\" \/>\n<meta property=\"og:description\" content=\"Vebinaras su Indre Asada I\u0161laisvink gyvenima apie tai - kas trugdo m\u0117gautis gyvenimu kasdienyb\u0117je. \u012ekv\u0117pimas, ap\u0161vietimas, motyvacija vienoje vietoje.\" \/>\n<meta property=\"og:url\" content=\"https:\/\/indreasada.com\/lt\/produktas\/islaisvink-gyvenima-ir-megaukis-juo\/\" \/>\n<meta property=\"og:site_name\" content=\"Indre Asada\" \/>\n<meta property=\"article:publisher\" content=\"https:\/\/www.facebook.com\/asada.indre\/\" \/>\n<meta property=\"article:modified_time\" content=\"2026-03-24T12:31:01+00:00\" \/>\n<meta property=\"og:image\" content=\"https:\/\/indreasada.com\/wp-content\/uploads\/2025\/11\/ISLAISVINTAS-GYVENIMAS.png\" \/>\n\t<meta property=\"og:image:width\" content=\"950\" \/>\n\t<meta property=\"og:image:height\" content=\"625\" \/>\n\t<meta property=\"og:image:type\" content=\"image\/png\" \/>\n<meta name=\"twitter:card\" content=\"summary_large_image\" \/>\n<meta name=\"twitter:label1\" content=\"Est. reading time\" \/>\n\t<meta name=\"twitter:data1\" content=\"2 minut\u0117s\" \/>\n<script type=\"application\/ld+json\" class=\"yoast-schema-graph\">{\"@context\":\"https:\\\/\\\/schema.org\",\"@graph\":[{\"@type\":\"WebPage\",\"@id\":\"https:\\\/\\\/indreasada.com\\\/lt\\\/produktas\\\/islaisvink-gyvenima-ir-megaukis-juo\\\/\",\"url\":\"https:\\\/\\\/indreasada.com\\\/lt\\\/produktas\\\/islaisvink-gyvenima-ir-megaukis-juo\\\/\",\"name\":\"I\u0161laisvink gyvenim\u0105 ir m\u0117gaukis juo - Indre Asada\",\"isPartOf\":{\"@id\":\"https:\\\/\\\/indreasada.com\\\/lt\\\/#website\"},\"primaryImageOfPage\":{\"@id\":\"https:\\\/\\\/indreasada.com\\\/lt\\\/produktas\\\/islaisvink-gyvenima-ir-megaukis-juo\\\/#primaryimage\"},\"image\":{\"@id\":\"https:\\\/\\\/indreasada.com\\\/lt\\\/produktas\\\/islaisvink-gyvenima-ir-megaukis-juo\\\/#primaryimage\"},\"thumbnailUrl\":\"https:\\\/\\\/indreasada.com\\\/wp-content\\\/uploads\\\/2026\\\/03\\\/GYVENIMO-akademija-kaip-megautis-gyvenimu.png\",\"datePublished\":\"2025-11-03T12:43:26+00:00\",\"dateModified\":\"2026-03-24T12:31:01+00:00\",\"description\":\"Vebinaras su Indre Asada I\u0161laisvink gyvenima apie tai - kas trugdo m\u0117gautis gyvenimu kasdienyb\u0117je. \u012ekv\u0117pimas, ap\u0161vietimas, motyvacija vienoje vietoje.\",\"breadcrumb\":{\"@id\":\"https:\\\/\\\/indreasada.com\\\/lt\\\/produktas\\\/islaisvink-gyvenima-ir-megaukis-juo\\\/#breadcrumb\"},\"inLanguage\":\"lt-LT\",\"potentialAction\":[{\"@type\":\"ReadAction\",\"target\":[\"https:\\\/\\\/indreasada.com\\\/lt\\\/produktas\\\/islaisvink-gyvenima-ir-megaukis-juo\\\/\"]}]},{\"@type\":\"ImageObject\",\"inLanguage\":\"lt-LT\",\"@id\":\"https:\\\/\\\/indreasada.com\\\/lt\\\/produktas\\\/islaisvink-gyvenima-ir-megaukis-juo\\\/#primaryimage\",\"url\":\"https:\\\/\\\/indreasada.com\\\/wp-content\\\/uploads\\\/2026\\\/03\\\/GYVENIMO-akademija-kaip-megautis-gyvenimu.png\",\"contentUrl\":\"https:\\\/\\\/indreasada.com\\\/wp-content\\\/uploads\\\/2026\\\/03\\\/GYVENIMO-akademija-kaip-megautis-gyvenimu.png\",\"width\":950,\"height\":625,\"caption\":\"GYVENIMO akademija kaip megautis gyvenimu\"},{\"@type\":\"BreadcrumbList\",\"@id\":\"https:\\\/\\\/indreasada.com\\\/lt\\\/produktas\\\/islaisvink-gyvenima-ir-megaukis-juo\\\/#breadcrumb\",\"itemListElement\":[{\"@type\":\"ListItem\",\"position\":1,\"name\":\"Home\",\"item\":\"https:\\\/\\\/indreasada.com\\\/lt\\\/\"},{\"@type\":\"ListItem\",\"position\":2,\"name\":\"Gyvenimo akademija &#8211; Visi kursai\",\"item\":\"https:\\\/\\\/indreasada.com\\\/lt\\\/visi-kursai\\\/\"},{\"@type\":\"ListItem\",\"position\":3,\"name\":\"I\u0161laisvink gyvenim\u0105 ir m\u0117gaukis juo\"}]},{\"@type\":\"WebSite\",\"@id\":\"https:\\\/\\\/indreasada.com\\\/lt\\\/#website\",\"url\":\"https:\\\/\\\/indreasada.com\\\/lt\\\/\",\"name\":\"Staging Indre Asada\",\"description\":\"Holistic Healing for Mind, Body, and Soul\",\"publisher\":{\"@id\":\"https:\\\/\\\/indreasada.com\\\/lt\\\/#organization\"},\"potentialAction\":[{\"@type\":\"SearchAction\",\"target\":{\"@type\":\"EntryPoint\",\"urlTemplate\":\"https:\\\/\\\/indreasada.com\\\/lt\\\/?s={search_term_string}\"},\"query-input\":{\"@type\":\"PropertyValueSpecification\",\"valueRequired\":true,\"valueName\":\"search_term_string\"}}],\"inLanguage\":\"lt-LT\"},{\"@type\":\"Organization\",\"@id\":\"https:\\\/\\\/indreasada.com\\\/lt\\\/#organization\",\"name\":\"Indre Asada\",\"url\":\"https:\\\/\\\/indreasada.com\\\/lt\\\/\",\"logo\":{\"@type\":\"ImageObject\",\"inLanguage\":\"lt-LT\",\"@id\":\"https:\\\/\\\/indreasada.com\\\/lt\\\/#\\\/schema\\\/logo\\\/image\\\/\",\"url\":\"\",\"contentUrl\":\"\",\"caption\":\"Indre Asada\"},\"image\":{\"@id\":\"https:\\\/\\\/indreasada.com\\\/lt\\\/#\\\/schema\\\/logo\\\/image\\\/\"},\"sameAs\":[\"https:\\\/\\\/www.facebook.com\\\/asada.indre\\\/\",\"https:\\\/\\\/www.youtube.com\\\/channel\\\/UCDLmKiMAxLtSrl12ddsQMqA\",\"https:\\\/\\\/t.me\\\/indreasadabendravimas\",\"https:\\\/\\\/www.instagram.com\\\/indreasada\\\/\"]}]}<\/script>\n<!-- \/ Yoast SEO Premium plugin. -->","yoast_head_json":{"title":"I\u0161laisvink gyvenim\u0105 ir m\u0117gaukis juo - Indre Asada","description":"Vebinaras su Indre Asada I\u0161laisvink gyvenima apie tai - kas trugdo m\u0117gautis gyvenimu kasdienyb\u0117je. \u012ekv\u0117pimas, ap\u0161vietimas, motyvacija vienoje vietoje.","robots":{"index":"index","follow":"follow","max-snippet":"max-snippet:-1","max-image-preview":"max-image-preview:large","max-video-preview":"max-video-preview:-1"},"canonical":"https:\/\/indreasada.com\/lt\/produktas\/islaisvink-gyvenima-ir-megaukis-juo\/","og_locale":"lt_LT","og_type":"article","og_title":"I\u0161laisvink gyvenim\u0105 ir m\u0117gaukis juo","og_description":"Vebinaras su Indre Asada I\u0161laisvink gyvenima apie tai - kas trugdo m\u0117gautis gyvenimu kasdienyb\u0117je. \u012ekv\u0117pimas, ap\u0161vietimas, motyvacija vienoje vietoje.","og_url":"https:\/\/indreasada.com\/lt\/produktas\/islaisvink-gyvenima-ir-megaukis-juo\/","og_site_name":"Indre Asada","article_publisher":"https:\/\/www.facebook.com\/asada.indre\/","article_modified_time":"2026-03-24T12:31:01+00:00","og_image":[{"width":950,"height":625,"url":"https:\/\/indreasada.com\/wp-content\/uploads\/2025\/11\/ISLAISVINTAS-GYVENIMAS.png","type":"image\/png"}],"twitter_card":"summary_large_image","twitter_misc":{"Est. reading time":"2 minut\u0117s"},"schema":{"@context":"https:\/\/schema.org","@graph":[{"@type":"WebPage","@id":"https:\/\/indreasada.com\/lt\/produktas\/islaisvink-gyvenima-ir-megaukis-juo\/","url":"https:\/\/indreasada.com\/lt\/produktas\/islaisvink-gyvenima-ir-megaukis-juo\/","name":"I\u0161laisvink gyvenim\u0105 ir m\u0117gaukis juo - Indre Asada","isPartOf":{"@id":"https:\/\/indreasada.com\/lt\/#website"},"primaryImageOfPage":{"@id":"https:\/\/indreasada.com\/lt\/produktas\/islaisvink-gyvenima-ir-megaukis-juo\/#primaryimage"},"image":{"@id":"https:\/\/indreasada.com\/lt\/produktas\/islaisvink-gyvenima-ir-megaukis-juo\/#primaryimage"},"thumbnailUrl":"https:\/\/indreasada.com\/wp-content\/uploads\/2026\/03\/GYVENIMO-akademija-kaip-megautis-gyvenimu.png","datePublished":"2025-11-03T12:43:26+00:00","dateModified":"2026-03-24T12:31:01+00:00","description":"Vebinaras su Indre Asada I\u0161laisvink gyvenima apie tai - kas trugdo m\u0117gautis gyvenimu kasdienyb\u0117je. \u012ekv\u0117pimas, ap\u0161vietimas, motyvacija vienoje vietoje.","breadcrumb":{"@id":"https:\/\/indreasada.com\/lt\/produktas\/islaisvink-gyvenima-ir-megaukis-juo\/#breadcrumb"},"inLanguage":"lt-LT","potentialAction":[{"@type":"ReadAction","target":["https:\/\/indreasada.com\/lt\/produktas\/islaisvink-gyvenima-ir-megaukis-juo\/"]}]},{"@type":"ImageObject","inLanguage":"lt-LT","@id":"https:\/\/indreasada.com\/lt\/produktas\/islaisvink-gyvenima-ir-megaukis-juo\/#primaryimage","url":"https:\/\/indreasada.com\/wp-content\/uploads\/2026\/03\/GYVENIMO-akademija-kaip-megautis-gyvenimu.png","contentUrl":"https:\/\/indreasada.com\/wp-content\/uploads\/2026\/03\/GYVENIMO-akademija-kaip-megautis-gyvenimu.png","width":950,"height":625,"caption":"GYVENIMO akademija kaip megautis gyvenimu"},{"@type":"BreadcrumbList","@id":"https:\/\/indreasada.com\/lt\/produktas\/islaisvink-gyvenima-ir-megaukis-juo\/#breadcrumb","itemListElement":[{"@type":"ListItem","position":1,"name":"Home","item":"https:\/\/indreasada.com\/lt\/"},{"@type":"ListItem","position":2,"name":"Gyvenimo akademija &#8211; Visi kursai","item":"https:\/\/indreasada.com\/lt\/visi-kursai\/"},{"@type":"ListItem","position":3,"name":"I\u0161laisvink gyvenim\u0105 ir m\u0117gaukis juo"}]},{"@type":"WebSite","@id":"https:\/\/indreasada.com\/lt\/#website","url":"https:\/\/indreasada.com\/lt\/","name":"Staging Indre Asada","description":"Holistic Healing for Mind, Body, and Soul","publisher":{"@id":"https:\/\/indreasada.com\/lt\/#organization"},"potentialAction":[{"@type":"SearchAction","target":{"@type":"EntryPoint","urlTemplate":"https:\/\/indreasada.com\/lt\/?s={search_term_string}"},"query-input":{"@type":"PropertyValueSpecification","valueRequired":true,"valueName":"search_term_string"}}],"inLanguage":"lt-LT"},{"@type":"Organization","@id":"https:\/\/indreasada.com\/lt\/#organization","name":"Indre Asada","url":"https:\/\/indreasada.com\/lt\/","logo":{"@type":"ImageObject","inLanguage":"lt-LT","@id":"https:\/\/indreasada.com\/lt\/#\/schema\/logo\/image\/","url":"","contentUrl":"","caption":"Indre Asada"},"image":{"@id":"https:\/\/indreasada.com\/lt\/#\/schema\/logo\/image\/"},"sameAs":["https:\/\/www.facebook.com\/asada.indre\/","https:\/\/www.youtube.com\/channel\/UCDLmKiMAxLtSrl12ddsQMqA","https:\/\/t.me\/indreasadabendravimas","https:\/\/www.instagram.com\/indreasada\/"]}]}},"jetpack_sharing_enabled":true,"_links":{"self":[{"href":"https:\/\/indreasada.com\/lt\/wp-json\/wp\/v2\/product\/23391","targetHints":{"allow":["GET"]}}],"collection":[{"href":"https:\/\/indreasada.com\/lt\/wp-json\/wp\/v2\/product"}],"about":[{"href":"https:\/\/indreasada.com\/lt\/wp-json\/wp\/v2\/types\/product"}],"wp:featuredmedia":[{"embeddable":true,"href":"https:\/\/indreasada.com\/lt\/wp-json\/wp\/v2\/media\/32851"}],"wp:attachment":[{"href":"https:\/\/indreasada.com\/lt\/wp-json\/wp\/v2\/media?parent=23391"}],"wp:term":[{"taxonomy":"product_brand","embeddable":true,"href":"https:\/\/indreasada.com\/lt\/wp-json\/wp\/v2\/product_brand?post=23391"},{"taxonomy":"product_cat","embeddable":true,"href":"https:\/\/indreasada.com\/lt\/wp-json\/wp\/v2\/product_cat?post=23391"},{"taxonomy":"product_tag","embeddable":true,"href":"https:\/\/indreasada.com\/lt\/wp-json\/wp\/v2\/product_tag?post=23391"}],"curies":[{"name":"wp","href":"https:\/\/api.w.org\/{rel}","templated":true}]}}