{"id":23822,"date":"2025-12-20T23:35:52","date_gmt":"2025-12-20T21:35:52","guid":{"rendered":"https:\/\/indreasada.com\/?post_type=product&#038;p=23822"},"modified":"2026-04-16T16:34:13","modified_gmt":"2026-04-16T13:34:13","slug":"apokalipse-samones-prabudimas","status":"publish","type":"product","link":"https:\/\/indreasada.com\/lt\/produktas\/apokalipse-samones-prabudimas\/","title":{"rendered":"Apokalips\u0117 ir prabudimas"},"content":{"rendered":"<h3>Seminaras <strong>Apokalips\u0117 &#8211; s\u0105mon\u0117s prabudimas\u00a0<\/strong><br \/>\napie tai, kas i\u0161 tikr\u0173j\u0173 vyksta \u2013 ir kaip s\u0105moningai \u012f\u017eengti \u012f nauj\u0105 laik\u0105.<\/h3>\n<p>Mes gyvename ne pasaulio pabaigoje, o seno \u017emogaus versijos pabaigoje.<br \/>\n\u0160is seminaras \u2013 apie tai, kaip prareg\u0117ti, atgauti savo gali\u0105 ir kurti i\u0161 meil\u0117s, ne i\u0161 baim\u0117s.<\/p>\n<p><strong>K\u0105 gausi:<\/strong><\/p>\n<p>&#8211; 3 pamokos po ~2 valandas (6 val. i\u0161 viso)<br \/>\n&#8211; <strong>Prareg\u0117jimas<\/strong> \u2013 kas vyksta pasaulyje ir kaip veikia kontrol\u0117s sistema<br \/>\n&#8211; <strong>Vidin\u0117 galia<\/strong> \u2013 kaip kurti i\u0161 meil\u0117s, ne i\u0161 baim\u0117s<br \/>\n&#8211; <strong>Perkrovimas<\/strong> \u2013 praktika, meditacija, naujo ciklo prad\u017eia<br \/>\n&#8211; Praktini\u0173 id\u0117j\u0173 rinkinys, kaip s\u0105moningai \u012f\u017eengti \u012f nauj\u0105 laik\u0105<br \/>\n&#8211; \u012era\u0161ai visam laikui<\/p>\n<blockquote><p>\u201eSeminaras gydantis, i\u0161laisvinantis i\u0161 sen\u0173 pan\u010di\u0173, sustiprinantis gali\u0105 kurti. Supratau pamok\u0105: kursiu d\u017eiaugsm\u0105 ir \u0161vies\u0105 \u2013 kad ne tik a\u0161, bet ir \u017emon\u0117s aplink mane b\u016bt\u0173 laimingi.&#8221; \u2013 <em>Ilona S.<\/em><\/p><\/blockquote>\n<h3><strong>Pla\u010diau apie seminar\u0105 <a href=\"https:\/\/indreasada.com\/lt\/apokalipse-uzdangos-nuemimas\/\">rasi \u010dia<\/a><\/strong><\/h3>\n<p><strong style=\"font-size: 1.3rem; letter-spacing: 0em;\">Kaip prisijungti:<\/strong><\/p>\n<div>\n<p>1. Po apmok\u0117jimo eik \u012f savo paskyr\u0105<br \/>\n2. Skiltyje \u201eMano kursai&#8221; rasi seminar\u0105 \u201eApokalips\u0117&#8221;<\/p>\n<\/div>\n","protected":false},"excerpt":{"rendered":"<p>Naujametinis seminaras apie global\u0173 perkrovim\u0105 ir kaip s\u0105moningai jame dalyvauti. 4 val. su meditacija + \u012fra\u0161as visam laikui.<\/p>\n","protected":false},"featured_media":32825,"template":"","meta":{"_acf_changed":false},"product_brand":[],"product_cat":[305,176],"product_tag":[],"class_list":{"0":"post-23822","1":"product","2":"type-product","3":"status-publish","4":"has-post-thumbnail","6":"product_cat-samoningumas-ir-vidinis-virsmas","7":"product_cat-seminarai","9":"first","10":"instock","11":"virtual","12":"sold-individually","13":"purchasable","14":"product-type-simple"},"acf":[],"yoast_head":"<!-- This site is optimized with the Yoast SEO Premium plugin v27.3 (Yoast SEO v27.3) - https:\/\/yoast.com\/product\/yoast-seo-premium-wordpress\/ -->\n<title>Apokalips\u0117 ir prabudimas - Indre Asada<\/title>\n<meta name=\"description\" content=\"Apokalips\u0117 - s\u0105mon\u0117s prabudimas. 6 val. seminaras apie tai, kas i\u0161 tikr\u0173j\u0173 vyksta pasaulyje ir kaip s\u0105moningai dalyvauti poky\u010diuose.\" \/>\n<meta name=\"robots\" content=\"index, follow, max-snippet:-1, max-image-preview:large, max-video-preview:-1\" \/>\n<link rel=\"canonical\" href=\"https:\/\/indreasada.com\/lt\/produktas\/apokalipse-samones-prabudimas\/\" \/>\n<meta property=\"og:locale\" content=\"lt_LT\" \/>\n<meta property=\"og:type\" content=\"article\" \/>\n<meta property=\"og:title\" content=\"Apokalips\u0117 ir prabudimas\" \/>\n<meta property=\"og:description\" content=\"Apokalips\u0117 - s\u0105mon\u0117s prabudimas. 6 val. seminaras apie tai, kas i\u0161 tikr\u0173j\u0173 vyksta pasaulyje ir kaip s\u0105moningai dalyvauti poky\u010diuose.\" \/>\n<meta property=\"og:url\" content=\"https:\/\/indreasada.com\/lt\/produktas\/apokalipse-samones-prabudimas\/\" \/>\n<meta property=\"og:site_name\" content=\"Indre Asada\" \/>\n<meta property=\"article:publisher\" content=\"https:\/\/www.facebook.com\/asada.indre\/\" \/>\n<meta property=\"article:modified_time\" content=\"2026-04-16T13:34:13+00:00\" \/>\n<meta property=\"og:image\" content=\"https:\/\/indreasada.com\/wp-content\/uploads\/2026\/03\/GYVENIMO-akademija-apokalipse-ir-prabudimas.png\" \/>\n\t<meta property=\"og:image:width\" content=\"950\" \/>\n\t<meta property=\"og:image:height\" content=\"625\" \/>\n\t<meta property=\"og:image:type\" content=\"image\/png\" \/>\n<meta name=\"twitter:card\" content=\"summary_large_image\" \/>\n<meta name=\"twitter:label1\" content=\"Est. reading time\" \/>\n\t<meta name=\"twitter:data1\" content=\"1 minut\u0117\" \/>\n<script type=\"application\/ld+json\" class=\"yoast-schema-graph\">{\"@context\":\"https:\\\/\\\/schema.org\",\"@graph\":[{\"@type\":\"WebPage\",\"@id\":\"https:\\\/\\\/indreasada.com\\\/lt\\\/produktas\\\/apokalipse-samones-prabudimas\\\/\",\"url\":\"https:\\\/\\\/indreasada.com\\\/lt\\\/produktas\\\/apokalipse-samones-prabudimas\\\/\",\"name\":\"Apokalips\u0117 ir prabudimas - Indre Asada\",\"isPartOf\":{\"@id\":\"https:\\\/\\\/indreasada.com\\\/lt\\\/#website\"},\"primaryImageOfPage\":{\"@id\":\"https:\\\/\\\/indreasada.com\\\/lt\\\/produktas\\\/apokalipse-samones-prabudimas\\\/#primaryimage\"},\"image\":{\"@id\":\"https:\\\/\\\/indreasada.com\\\/lt\\\/produktas\\\/apokalipse-samones-prabudimas\\\/#primaryimage\"},\"thumbnailUrl\":\"https:\\\/\\\/indreasada.com\\\/wp-content\\\/uploads\\\/2026\\\/03\\\/GYVENIMO-akademija-apokalipse-ir-prabudimas.png\",\"datePublished\":\"2025-12-20T21:35:52+00:00\",\"dateModified\":\"2026-04-16T13:34:13+00:00\",\"description\":\"Apokalips\u0117 - s\u0105mon\u0117s prabudimas. 6 val. seminaras apie tai, kas i\u0161 tikr\u0173j\u0173 vyksta pasaulyje ir kaip s\u0105moningai dalyvauti poky\u010diuose.\",\"breadcrumb\":{\"@id\":\"https:\\\/\\\/indreasada.com\\\/lt\\\/produktas\\\/apokalipse-samones-prabudimas\\\/#breadcrumb\"},\"inLanguage\":\"lt-LT\",\"potentialAction\":[{\"@type\":\"ReadAction\",\"target\":[\"https:\\\/\\\/indreasada.com\\\/lt\\\/produktas\\\/apokalipse-samones-prabudimas\\\/\"]}]},{\"@type\":\"ImageObject\",\"inLanguage\":\"lt-LT\",\"@id\":\"https:\\\/\\\/indreasada.com\\\/lt\\\/produktas\\\/apokalipse-samones-prabudimas\\\/#primaryimage\",\"url\":\"https:\\\/\\\/indreasada.com\\\/wp-content\\\/uploads\\\/2026\\\/03\\\/GYVENIMO-akademija-apokalipse-ir-prabudimas.png\",\"contentUrl\":\"https:\\\/\\\/indreasada.com\\\/wp-content\\\/uploads\\\/2026\\\/03\\\/GYVENIMO-akademija-apokalipse-ir-prabudimas.png\",\"width\":950,\"height\":625,\"caption\":\"GYVENIMO akademija apokalipse ir prabudimas\"},{\"@type\":\"BreadcrumbList\",\"@id\":\"https:\\\/\\\/indreasada.com\\\/lt\\\/produktas\\\/apokalipse-samones-prabudimas\\\/#breadcrumb\",\"itemListElement\":[{\"@type\":\"ListItem\",\"position\":1,\"name\":\"Home\",\"item\":\"https:\\\/\\\/indreasada.com\\\/lt\\\/\"},{\"@type\":\"ListItem\",\"position\":2,\"name\":\"Gyvenimo akademija &#8211; Visi kursai\",\"item\":\"https:\\\/\\\/indreasada.com\\\/lt\\\/visi-kursai\\\/\"},{\"@type\":\"ListItem\",\"position\":3,\"name\":\"Apokalips\u0117 ir prabudimas\"}]},{\"@type\":\"WebSite\",\"@id\":\"https:\\\/\\\/indreasada.com\\\/lt\\\/#website\",\"url\":\"https:\\\/\\\/indreasada.com\\\/lt\\\/\",\"name\":\"Staging Indre Asada\",\"description\":\"Holistic Healing for Mind, Body, and Soul\",\"publisher\":{\"@id\":\"https:\\\/\\\/indreasada.com\\\/lt\\\/#organization\"},\"potentialAction\":[{\"@type\":\"SearchAction\",\"target\":{\"@type\":\"EntryPoint\",\"urlTemplate\":\"https:\\\/\\\/indreasada.com\\\/lt\\\/?s={search_term_string}\"},\"query-input\":{\"@type\":\"PropertyValueSpecification\",\"valueRequired\":true,\"valueName\":\"search_term_string\"}}],\"inLanguage\":\"lt-LT\"},{\"@type\":\"Organization\",\"@id\":\"https:\\\/\\\/indreasada.com\\\/lt\\\/#organization\",\"name\":\"Indre Asada\",\"url\":\"https:\\\/\\\/indreasada.com\\\/lt\\\/\",\"logo\":{\"@type\":\"ImageObject\",\"inLanguage\":\"lt-LT\",\"@id\":\"https:\\\/\\\/indreasada.com\\\/lt\\\/#\\\/schema\\\/logo\\\/image\\\/\",\"url\":\"\",\"contentUrl\":\"\",\"caption\":\"Indre Asada\"},\"image\":{\"@id\":\"https:\\\/\\\/indreasada.com\\\/lt\\\/#\\\/schema\\\/logo\\\/image\\\/\"},\"sameAs\":[\"https:\\\/\\\/www.facebook.com\\\/asada.indre\\\/\",\"https:\\\/\\\/www.youtube.com\\\/channel\\\/UCDLmKiMAxLtSrl12ddsQMqA\",\"https:\\\/\\\/t.me\\\/indreasadabendravimas\",\"https:\\\/\\\/www.instagram.com\\\/indreasada\\\/\"]}]}<\/script>\n<!-- \/ Yoast SEO Premium plugin. -->","yoast_head_json":{"title":"Apokalips\u0117 ir prabudimas - Indre Asada","description":"Apokalips\u0117 - s\u0105mon\u0117s prabudimas. 6 val. seminaras apie tai, kas i\u0161 tikr\u0173j\u0173 vyksta pasaulyje ir kaip s\u0105moningai dalyvauti poky\u010diuose.","robots":{"index":"index","follow":"follow","max-snippet":"max-snippet:-1","max-image-preview":"max-image-preview:large","max-video-preview":"max-video-preview:-1"},"canonical":"https:\/\/indreasada.com\/lt\/produktas\/apokalipse-samones-prabudimas\/","og_locale":"lt_LT","og_type":"article","og_title":"Apokalips\u0117 ir prabudimas","og_description":"Apokalips\u0117 - s\u0105mon\u0117s prabudimas. 6 val. seminaras apie tai, kas i\u0161 tikr\u0173j\u0173 vyksta pasaulyje ir kaip s\u0105moningai dalyvauti poky\u010diuose.","og_url":"https:\/\/indreasada.com\/lt\/produktas\/apokalipse-samones-prabudimas\/","og_site_name":"Indre Asada","article_publisher":"https:\/\/www.facebook.com\/asada.indre\/","article_modified_time":"2026-04-16T13:34:13+00:00","og_image":[{"width":950,"height":625,"url":"https:\/\/indreasada.com\/wp-content\/uploads\/2026\/03\/GYVENIMO-akademija-apokalipse-ir-prabudimas.png","type":"image\/png"}],"twitter_card":"summary_large_image","twitter_misc":{"Est. reading time":"1 minut\u0117"},"schema":{"@context":"https:\/\/schema.org","@graph":[{"@type":"WebPage","@id":"https:\/\/indreasada.com\/lt\/produktas\/apokalipse-samones-prabudimas\/","url":"https:\/\/indreasada.com\/lt\/produktas\/apokalipse-samones-prabudimas\/","name":"Apokalips\u0117 ir prabudimas - Indre Asada","isPartOf":{"@id":"https:\/\/indreasada.com\/lt\/#website"},"primaryImageOfPage":{"@id":"https:\/\/indreasada.com\/lt\/produktas\/apokalipse-samones-prabudimas\/#primaryimage"},"image":{"@id":"https:\/\/indreasada.com\/lt\/produktas\/apokalipse-samones-prabudimas\/#primaryimage"},"thumbnailUrl":"https:\/\/indreasada.com\/wp-content\/uploads\/2026\/03\/GYVENIMO-akademija-apokalipse-ir-prabudimas.png","datePublished":"2025-12-20T21:35:52+00:00","dateModified":"2026-04-16T13:34:13+00:00","description":"Apokalips\u0117 - s\u0105mon\u0117s prabudimas. 6 val. seminaras apie tai, kas i\u0161 tikr\u0173j\u0173 vyksta pasaulyje ir kaip s\u0105moningai dalyvauti poky\u010diuose.","breadcrumb":{"@id":"https:\/\/indreasada.com\/lt\/produktas\/apokalipse-samones-prabudimas\/#breadcrumb"},"inLanguage":"lt-LT","potentialAction":[{"@type":"ReadAction","target":["https:\/\/indreasada.com\/lt\/produktas\/apokalipse-samones-prabudimas\/"]}]},{"@type":"ImageObject","inLanguage":"lt-LT","@id":"https:\/\/indreasada.com\/lt\/produktas\/apokalipse-samones-prabudimas\/#primaryimage","url":"https:\/\/indreasada.com\/wp-content\/uploads\/2026\/03\/GYVENIMO-akademija-apokalipse-ir-prabudimas.png","contentUrl":"https:\/\/indreasada.com\/wp-content\/uploads\/2026\/03\/GYVENIMO-akademija-apokalipse-ir-prabudimas.png","width":950,"height":625,"caption":"GYVENIMO akademija apokalipse ir prabudimas"},{"@type":"BreadcrumbList","@id":"https:\/\/indreasada.com\/lt\/produktas\/apokalipse-samones-prabudimas\/#breadcrumb","itemListElement":[{"@type":"ListItem","position":1,"name":"Home","item":"https:\/\/indreasada.com\/lt\/"},{"@type":"ListItem","position":2,"name":"Gyvenimo akademija &#8211; Visi kursai","item":"https:\/\/indreasada.com\/lt\/visi-kursai\/"},{"@type":"ListItem","position":3,"name":"Apokalips\u0117 ir prabudimas"}]},{"@type":"WebSite","@id":"https:\/\/indreasada.com\/lt\/#website","url":"https:\/\/indreasada.com\/lt\/","name":"Staging Indre Asada","description":"Holistic Healing for Mind, Body, and Soul","publisher":{"@id":"https:\/\/indreasada.com\/lt\/#organization"},"potentialAction":[{"@type":"SearchAction","target":{"@type":"EntryPoint","urlTemplate":"https:\/\/indreasada.com\/lt\/?s={search_term_string}"},"query-input":{"@type":"PropertyValueSpecification","valueRequired":true,"valueName":"search_term_string"}}],"inLanguage":"lt-LT"},{"@type":"Organization","@id":"https:\/\/indreasada.com\/lt\/#organization","name":"Indre Asada","url":"https:\/\/indreasada.com\/lt\/","logo":{"@type":"ImageObject","inLanguage":"lt-LT","@id":"https:\/\/indreasada.com\/lt\/#\/schema\/logo\/image\/","url":"","contentUrl":"","caption":"Indre Asada"},"image":{"@id":"https:\/\/indreasada.com\/lt\/#\/schema\/logo\/image\/"},"sameAs":["https:\/\/www.facebook.com\/asada.indre\/","https:\/\/www.youtube.com\/channel\/UCDLmKiMAxLtSrl12ddsQMqA","https:\/\/t.me\/indreasadabendravimas","https:\/\/www.instagram.com\/indreasada\/"]}]}},"jetpack_sharing_enabled":true,"_links":{"self":[{"href":"https:\/\/indreasada.com\/lt\/wp-json\/wp\/v2\/product\/23822","targetHints":{"allow":["GET"]}}],"collection":[{"href":"https:\/\/indreasada.com\/lt\/wp-json\/wp\/v2\/product"}],"about":[{"href":"https:\/\/indreasada.com\/lt\/wp-json\/wp\/v2\/types\/product"}],"wp:featuredmedia":[{"embeddable":true,"href":"https:\/\/indreasada.com\/lt\/wp-json\/wp\/v2\/media\/32825"}],"wp:attachment":[{"href":"https:\/\/indreasada.com\/lt\/wp-json\/wp\/v2\/media?parent=23822"}],"wp:term":[{"taxonomy":"product_brand","embeddable":true,"href":"https:\/\/indreasada.com\/lt\/wp-json\/wp\/v2\/product_brand?post=23822"},{"taxonomy":"product_cat","embeddable":true,"href":"https:\/\/indreasada.com\/lt\/wp-json\/wp\/v2\/product_cat?post=23822"},{"taxonomy":"product_tag","embeddable":true,"href":"https:\/\/indreasada.com\/lt\/wp-json\/wp\/v2\/product_tag?post=23822"}],"curies":[{"name":"wp","href":"https:\/\/api.w.org\/{rel}","templated":true}]}}