{"id":24130,"date":"2026-01-24T14:06:25","date_gmt":"2026-01-24T12:06:25","guid":{"rendered":"https:\/\/indreasada.com\/?post_type=product&#038;p=24130"},"modified":"2026-02-10T10:44:12","modified_gmt":"2026-02-10T08:44:12","slug":"individuali-sesija","status":"publish","type":"product","link":"https:\/\/indreasada.com\/lt\/produktas\/individuali-sesija\/","title":{"rendered":"Individuali sesija"},"content":{"rendered":"<p>Individualios transcendencijos sesijos yra skirtos tau, jei nori i\u0161spr\u0119sti konkre\u010di\u0105 problem\u0105.<br \/>\n\u0160is individualus darbas yra si\u016blomas tik tuomet, kai \u012fprasti kursai ar meditacijos tam yra nepakankami.<\/p>\n<p><span>\u0160i<strong> sesija su Indre Asada<\/strong>\u00a0<\/span>trunka vien\u0105 valand\u0105 ir vyksta nuotoliniu b\u016bdu.<br \/>\nJi yra \u012fra\u0161oma ir atsiun\u010diama tau, kad gal\u0117tum gr\u012f\u017eti prie jos v\u0117liau.<\/p>\n<p>Kartais a\u0161 rekomenduoju perklausyti \u012fra\u0161\u0105 dar ne vien\u0105 kart\u0105.<br \/>\nKlausydamasis i\u0161 naujo, tu pasteb\u0117si, kad kiekvien\u0105 kart\u0105 i\u0161girsti vis ka\u017ek\u0105 naujo ir dar negird\u0117to.<br \/>\nTai padeda tavo transformacijai.<\/p>\n<p>Vienos asmenin\u0117s sesijos kaina prasideda nuo 251 \u20ac.<\/p>\n<p>Pla\u010diau apie Individuali\u0105 sesij\u0105 <a href=\"https:\/\/indreasada.com\/lt\/individuali-sesija\/\">rasi \u010dia<\/a><\/p>\n","protected":false},"excerpt":{"rendered":"<p>Individualios transcendencijos sesijos yra skirtos tau, jei nori i\u0161spr\u0119sti konkre\u010di\u0105 problem\u0105. \u0160is individualus darbas yra si\u016blomas tik tuomet, kai \u012fprasti kursai ar meditacijos tam yra nepakankami. \u0160i sesija su Indre Asada\u00a0trunka vien\u0105 valand\u0105 ir vyksta nuotoliniu b\u016bdu. Ji yra \u012fra\u0161oma ir atsiun\u010diama tau, kad gal\u0117tum gr\u012f\u017eti prie jos v\u0117liau. Kartais a\u0161 rekomenduoju perklausyti \u012fra\u0161\u0105 dar&#8230;<\/p>\n","protected":false},"featured_media":24697,"template":"","meta":{"_acf_changed":false},"product_brand":[],"product_cat":[15],"product_tag":[],"class_list":{"0":"post-24130","1":"product","2":"type-product","3":"status-publish","4":"has-post-thumbnail","6":"product_cat-uncategorized","8":"first","9":"instock","10":"shipping-taxable","11":"purchasable","12":"product-type-simple"},"acf":[],"yoast_head":"<!-- This site is optimized with the Yoast SEO Premium plugin v27.3 (Yoast SEO v27.3) - https:\/\/yoast.com\/product\/yoast-seo-premium-wordpress\/ -->\n<title>Individuali sesija - Indre Asada<\/title>\n<meta name=\"robots\" content=\"index, follow, max-snippet:-1, max-image-preview:large, max-video-preview:-1\" \/>\n<link rel=\"canonical\" href=\"https:\/\/indreasada.com\/lt\/produktas\/individuali-sesija\/\" \/>\n<meta property=\"og:locale\" content=\"lt_LT\" \/>\n<meta property=\"og:type\" content=\"article\" \/>\n<meta property=\"og:title\" content=\"Individuali sesija\" \/>\n<meta property=\"og:description\" content=\"Individualios transcendencijos sesijos yra skirtos tau, jei nori i\u0161spr\u0119sti konkre\u010di\u0105 problem\u0105. \u0160is individualus darbas yra si\u016blomas tik tuomet, kai \u012fprasti kursai ar meditacijos tam yra nepakankami. \u0160i sesija su Indre Asada\u00a0trunka vien\u0105 valand\u0105 ir vyksta nuotoliniu b\u016bdu. Ji yra \u012fra\u0161oma ir atsiun\u010diama tau, kad gal\u0117tum gr\u012f\u017eti prie jos v\u0117liau. Kartais a\u0161 rekomenduoju perklausyti \u012fra\u0161\u0105 dar...\" \/>\n<meta property=\"og:url\" content=\"https:\/\/indreasada.com\/lt\/produktas\/individuali-sesija\/\" \/>\n<meta property=\"og:site_name\" content=\"Indre Asada\" \/>\n<meta property=\"article:publisher\" content=\"https:\/\/www.facebook.com\/asada.indre\/\" \/>\n<meta property=\"article:modified_time\" content=\"2026-02-10T08:44:12+00:00\" \/>\n<meta name=\"twitter:card\" content=\"summary_large_image\" \/>\n<meta name=\"twitter:label1\" content=\"Est. reading time\" \/>\n\t<meta name=\"twitter:data1\" content=\"1 minut\u0117\" \/>\n<script type=\"application\/ld+json\" class=\"yoast-schema-graph\">{\"@context\":\"https:\\\/\\\/schema.org\",\"@graph\":[{\"@type\":\"WebPage\",\"@id\":\"https:\\\/\\\/indreasada.com\\\/lt\\\/produktas\\\/individuali-sesija\\\/\",\"url\":\"https:\\\/\\\/indreasada.com\\\/lt\\\/produktas\\\/individuali-sesija\\\/\",\"name\":\"Individuali sesija - Indre Asada\",\"isPartOf\":{\"@id\":\"https:\\\/\\\/indreasada.com\\\/lt\\\/#website\"},\"primaryImageOfPage\":{\"@id\":\"https:\\\/\\\/indreasada.com\\\/lt\\\/produktas\\\/individuali-sesija\\\/#primaryimage\"},\"image\":{\"@id\":\"https:\\\/\\\/indreasada.com\\\/lt\\\/produktas\\\/individuali-sesija\\\/#primaryimage\"},\"thumbnailUrl\":\"https:\\\/\\\/indreasada.com\\\/wp-content\\\/uploads\\\/2026\\\/01\\\/individuali-sesija.png\",\"datePublished\":\"2026-01-24T12:06:25+00:00\",\"dateModified\":\"2026-02-10T08:44:12+00:00\",\"breadcrumb\":{\"@id\":\"https:\\\/\\\/indreasada.com\\\/lt\\\/produktas\\\/individuali-sesija\\\/#breadcrumb\"},\"inLanguage\":\"lt-LT\",\"potentialAction\":[{\"@type\":\"ReadAction\",\"target\":[\"https:\\\/\\\/indreasada.com\\\/lt\\\/produktas\\\/individuali-sesija\\\/\"]}]},{\"@type\":\"ImageObject\",\"inLanguage\":\"lt-LT\",\"@id\":\"https:\\\/\\\/indreasada.com\\\/lt\\\/produktas\\\/individuali-sesija\\\/#primaryimage\",\"url\":\"https:\\\/\\\/indreasada.com\\\/wp-content\\\/uploads\\\/2026\\\/01\\\/individuali-sesija.png\",\"contentUrl\":\"https:\\\/\\\/indreasada.com\\\/wp-content\\\/uploads\\\/2026\\\/01\\\/individuali-sesija.png\",\"width\":760,\"height\":500,\"caption\":\"individuali sesija su indre asada\"},{\"@type\":\"BreadcrumbList\",\"@id\":\"https:\\\/\\\/indreasada.com\\\/lt\\\/produktas\\\/individuali-sesija\\\/#breadcrumb\",\"itemListElement\":[{\"@type\":\"ListItem\",\"position\":1,\"name\":\"Home\",\"item\":\"https:\\\/\\\/indreasada.com\\\/lt\\\/\"},{\"@type\":\"ListItem\",\"position\":2,\"name\":\"Gyvenimo akademija &#8211; Visi kursai\",\"item\":\"https:\\\/\\\/indreasada.com\\\/lt\\\/visi-kursai\\\/\"},{\"@type\":\"ListItem\",\"position\":3,\"name\":\"Individuali sesija\"}]},{\"@type\":\"WebSite\",\"@id\":\"https:\\\/\\\/indreasada.com\\\/lt\\\/#website\",\"url\":\"https:\\\/\\\/indreasada.com\\\/lt\\\/\",\"name\":\"Staging Indre Asada\",\"description\":\"Holistic Healing for Mind, Body, and Soul\",\"publisher\":{\"@id\":\"https:\\\/\\\/indreasada.com\\\/lt\\\/#organization\"},\"potentialAction\":[{\"@type\":\"SearchAction\",\"target\":{\"@type\":\"EntryPoint\",\"urlTemplate\":\"https:\\\/\\\/indreasada.com\\\/lt\\\/?s={search_term_string}\"},\"query-input\":{\"@type\":\"PropertyValueSpecification\",\"valueRequired\":true,\"valueName\":\"search_term_string\"}}],\"inLanguage\":\"lt-LT\"},{\"@type\":\"Organization\",\"@id\":\"https:\\\/\\\/indreasada.com\\\/lt\\\/#organization\",\"name\":\"Indre Asada\",\"url\":\"https:\\\/\\\/indreasada.com\\\/lt\\\/\",\"logo\":{\"@type\":\"ImageObject\",\"inLanguage\":\"lt-LT\",\"@id\":\"https:\\\/\\\/indreasada.com\\\/lt\\\/#\\\/schema\\\/logo\\\/image\\\/\",\"url\":\"\",\"contentUrl\":\"\",\"caption\":\"Indre Asada\"},\"image\":{\"@id\":\"https:\\\/\\\/indreasada.com\\\/lt\\\/#\\\/schema\\\/logo\\\/image\\\/\"},\"sameAs\":[\"https:\\\/\\\/www.facebook.com\\\/asada.indre\\\/\",\"https:\\\/\\\/www.youtube.com\\\/channel\\\/UCDLmKiMAxLtSrl12ddsQMqA\",\"https:\\\/\\\/t.me\\\/indreasadabendravimas\",\"https:\\\/\\\/www.instagram.com\\\/indreasada\\\/\"]}]}<\/script>\n<!-- \/ Yoast SEO Premium plugin. -->","yoast_head_json":{"title":"Individuali sesija - Indre Asada","robots":{"index":"index","follow":"follow","max-snippet":"max-snippet:-1","max-image-preview":"max-image-preview:large","max-video-preview":"max-video-preview:-1"},"canonical":"https:\/\/indreasada.com\/lt\/produktas\/individuali-sesija\/","og_locale":"lt_LT","og_type":"article","og_title":"Individuali sesija","og_description":"Individualios transcendencijos sesijos yra skirtos tau, jei nori i\u0161spr\u0119sti konkre\u010di\u0105 problem\u0105. \u0160is individualus darbas yra si\u016blomas tik tuomet, kai \u012fprasti kursai ar meditacijos tam yra nepakankami. \u0160i sesija su Indre Asada\u00a0trunka vien\u0105 valand\u0105 ir vyksta nuotoliniu b\u016bdu. Ji yra \u012fra\u0161oma ir atsiun\u010diama tau, kad gal\u0117tum gr\u012f\u017eti prie jos v\u0117liau. Kartais a\u0161 rekomenduoju perklausyti \u012fra\u0161\u0105 dar...","og_url":"https:\/\/indreasada.com\/lt\/produktas\/individuali-sesija\/","og_site_name":"Indre Asada","article_publisher":"https:\/\/www.facebook.com\/asada.indre\/","article_modified_time":"2026-02-10T08:44:12+00:00","twitter_card":"summary_large_image","twitter_misc":{"Est. reading time":"1 minut\u0117"},"schema":{"@context":"https:\/\/schema.org","@graph":[{"@type":"WebPage","@id":"https:\/\/indreasada.com\/lt\/produktas\/individuali-sesija\/","url":"https:\/\/indreasada.com\/lt\/produktas\/individuali-sesija\/","name":"Individuali sesija - Indre Asada","isPartOf":{"@id":"https:\/\/indreasada.com\/lt\/#website"},"primaryImageOfPage":{"@id":"https:\/\/indreasada.com\/lt\/produktas\/individuali-sesija\/#primaryimage"},"image":{"@id":"https:\/\/indreasada.com\/lt\/produktas\/individuali-sesija\/#primaryimage"},"thumbnailUrl":"https:\/\/indreasada.com\/wp-content\/uploads\/2026\/01\/individuali-sesija.png","datePublished":"2026-01-24T12:06:25+00:00","dateModified":"2026-02-10T08:44:12+00:00","breadcrumb":{"@id":"https:\/\/indreasada.com\/lt\/produktas\/individuali-sesija\/#breadcrumb"},"inLanguage":"lt-LT","potentialAction":[{"@type":"ReadAction","target":["https:\/\/indreasada.com\/lt\/produktas\/individuali-sesija\/"]}]},{"@type":"ImageObject","inLanguage":"lt-LT","@id":"https:\/\/indreasada.com\/lt\/produktas\/individuali-sesija\/#primaryimage","url":"https:\/\/indreasada.com\/wp-content\/uploads\/2026\/01\/individuali-sesija.png","contentUrl":"https:\/\/indreasada.com\/wp-content\/uploads\/2026\/01\/individuali-sesija.png","width":760,"height":500,"caption":"individuali sesija su indre asada"},{"@type":"BreadcrumbList","@id":"https:\/\/indreasada.com\/lt\/produktas\/individuali-sesija\/#breadcrumb","itemListElement":[{"@type":"ListItem","position":1,"name":"Home","item":"https:\/\/indreasada.com\/lt\/"},{"@type":"ListItem","position":2,"name":"Gyvenimo akademija &#8211; Visi kursai","item":"https:\/\/indreasada.com\/lt\/visi-kursai\/"},{"@type":"ListItem","position":3,"name":"Individuali sesija"}]},{"@type":"WebSite","@id":"https:\/\/indreasada.com\/lt\/#website","url":"https:\/\/indreasada.com\/lt\/","name":"Staging Indre Asada","description":"Holistic Healing for Mind, Body, and Soul","publisher":{"@id":"https:\/\/indreasada.com\/lt\/#organization"},"potentialAction":[{"@type":"SearchAction","target":{"@type":"EntryPoint","urlTemplate":"https:\/\/indreasada.com\/lt\/?s={search_term_string}"},"query-input":{"@type":"PropertyValueSpecification","valueRequired":true,"valueName":"search_term_string"}}],"inLanguage":"lt-LT"},{"@type":"Organization","@id":"https:\/\/indreasada.com\/lt\/#organization","name":"Indre Asada","url":"https:\/\/indreasada.com\/lt\/","logo":{"@type":"ImageObject","inLanguage":"lt-LT","@id":"https:\/\/indreasada.com\/lt\/#\/schema\/logo\/image\/","url":"","contentUrl":"","caption":"Indre Asada"},"image":{"@id":"https:\/\/indreasada.com\/lt\/#\/schema\/logo\/image\/"},"sameAs":["https:\/\/www.facebook.com\/asada.indre\/","https:\/\/www.youtube.com\/channel\/UCDLmKiMAxLtSrl12ddsQMqA","https:\/\/t.me\/indreasadabendravimas","https:\/\/www.instagram.com\/indreasada\/"]}]}},"jetpack_sharing_enabled":true,"_links":{"self":[{"href":"https:\/\/indreasada.com\/lt\/wp-json\/wp\/v2\/product\/24130","targetHints":{"allow":["GET"]}}],"collection":[{"href":"https:\/\/indreasada.com\/lt\/wp-json\/wp\/v2\/product"}],"about":[{"href":"https:\/\/indreasada.com\/lt\/wp-json\/wp\/v2\/types\/product"}],"wp:featuredmedia":[{"embeddable":true,"href":"https:\/\/indreasada.com\/lt\/wp-json\/wp\/v2\/media\/24697"}],"wp:attachment":[{"href":"https:\/\/indreasada.com\/lt\/wp-json\/wp\/v2\/media?parent=24130"}],"wp:term":[{"taxonomy":"product_brand","embeddable":true,"href":"https:\/\/indreasada.com\/lt\/wp-json\/wp\/v2\/product_brand?post=24130"},{"taxonomy":"product_cat","embeddable":true,"href":"https:\/\/indreasada.com\/lt\/wp-json\/wp\/v2\/product_cat?post=24130"},{"taxonomy":"product_tag","embeddable":true,"href":"https:\/\/indreasada.com\/lt\/wp-json\/wp\/v2\/product_tag?post=24130"}],"curies":[{"name":"wp","href":"https:\/\/api.w.org\/{rel}","templated":true}]}}