{"id":24707,"date":"2026-02-10T11:19:40","date_gmt":"2026-02-10T09:19:40","guid":{"rendered":"https:\/\/indreasada.com\/?post_type=product&#038;p=24707"},"modified":"2026-02-10T21:45:26","modified_gmt":"2026-02-10T19:45:26","slug":"asmenine-konsultacija-30-min","status":"publish","type":"product","link":"https:\/\/indreasada.com\/lt\/produktas\/asmenine-konsultacija-30-min\/","title":{"rendered":"Asmenin\u0117 konsultacija 30 min"},"content":{"rendered":"<p>Jei jauti, kad tau reikia patarimo, ai\u0161kumo ar kito po\u017ei\u016brio ta\u0161ko \u2013 gali pad\u0117ti mano asmenin\u0117 konsultacija, pokalbis ar \u017evilgsnis i\u0161 \u0161alies.<\/p>\n<p>\u0160i konsultacija \u2013 tai vienos arba pus\u0117s valandos pokalbis be meditacij\u0173 ir gijimo proces\u0173.<br \/>\nJi skirta tau, jei tau reikia ai\u0161kumo, patvirtinimo ar tiesiog \u017evilgsnio i\u0161 \u0161alies \u012f savo situacij\u0105.<br \/>\nKonsultacija yra puikus pasirinkimas, jei nori giliau panagrin\u0117ti savo klausimus.<\/p>\n<p>Asmenin\u0117 konsultacija \u2013 tai atviras pokalbis, <strong>be meditacij\u0173 ar gydymo.<\/strong><br \/>\nJei tau reikalingas i\u0161gydymas, registruokis Individualiai sesijai.<\/p>\n<ul>\n<li>Valandos trukm\u0117s asmenin\u0117 konsultacija: 111 \u20ac<\/li>\n<li>Pus\u0117s valandos trukm\u0117s asmenin\u0117 konsultacija: 60 \u20ac<\/li>\n<\/ul>\n<p>Pla\u010diau apie Individuali\u0105 sesij\u0105 <a href=\"https:\/\/indreasada.com\/lt\/individuali-sesija\/\">rasi \u010dia<\/a><\/p>\n","protected":false},"excerpt":{"rendered":"<p>Jei jauti, kad tau reikia patarimo, ai\u0161kumo ar kito po\u017ei\u016brio ta\u0161ko \u2013 gali pad\u0117ti mano asmenin\u0117 konsultacija, pokalbis ar \u017evilgsnis i\u0161 \u0161alies. \u0160i konsultacija \u2013 tai vienos arba pus\u0117s valandos pokalbis be meditacij\u0173 ir gijimo proces\u0173. Ji skirta tau, jei tau reikia ai\u0161kumo, patvirtinimo ar tiesiog \u017evilgsnio i\u0161 \u0161alies \u012f savo situacij\u0105. Konsultacija yra puikus&#8230;<\/p>\n","protected":false},"featured_media":24925,"template":"","meta":{"_acf_changed":false},"product_brand":[],"product_cat":[290],"product_tag":[],"class_list":{"0":"post-24707","1":"product","2":"type-product","3":"status-publish","4":"has-post-thumbnail","6":"product_cat-sesijos","8":"first","9":"instock","10":"shipping-taxable","11":"purchasable","12":"product-type-simple"},"acf":[],"yoast_head":"<!-- This site is optimized with the Yoast SEO Premium plugin v27.3 (Yoast SEO v27.3) - https:\/\/yoast.com\/product\/yoast-seo-premium-wordpress\/ -->\n<title>Asmenin\u0117 konsultacija 30 min - Indre Asada<\/title>\n<meta name=\"description\" content=\"Jei tau reikalingas patarimas ar ai\u0161kumas, asmenin\u0117 konsultacija su Indre Asada gali b\u016bti sprendimas kurio tu ie\u0161kai.\" \/>\n<meta name=\"robots\" content=\"index, follow, max-snippet:-1, max-image-preview:large, max-video-preview:-1\" \/>\n<link rel=\"canonical\" href=\"https:\/\/indreasada.com\/lt\/produktas\/asmenine-konsultacija-30-min\/\" \/>\n<meta property=\"og:locale\" content=\"lt_LT\" \/>\n<meta property=\"og:type\" content=\"article\" \/>\n<meta property=\"og:title\" content=\"Asmenin\u0117 konsultacija 30 min\" \/>\n<meta property=\"og:description\" content=\"Jei tau reikalingas patarimas ar ai\u0161kumas, asmenin\u0117 konsultacija su Indre Asada gali b\u016bti sprendimas kurio tu ie\u0161kai.\" \/>\n<meta property=\"og:url\" content=\"https:\/\/indreasada.com\/lt\/produktas\/asmenine-konsultacija-30-min\/\" \/>\n<meta property=\"og:site_name\" content=\"Indre Asada\" \/>\n<meta property=\"article:publisher\" content=\"https:\/\/www.facebook.com\/asada.indre\/\" \/>\n<meta property=\"article:modified_time\" content=\"2026-02-10T19:45:26+00:00\" \/>\n<meta property=\"og:image\" content=\"https:\/\/indreasada.com\/wp-content\/uploads\/2026\/02\/konsultacija-30-min.png\" \/>\n\t<meta property=\"og:image:width\" content=\"760\" \/>\n\t<meta property=\"og:image:height\" content=\"500\" \/>\n\t<meta property=\"og:image:type\" content=\"image\/png\" \/>\n<meta name=\"twitter:card\" content=\"summary_large_image\" \/>\n<meta name=\"twitter:label1\" content=\"Est. reading time\" \/>\n\t<meta name=\"twitter:data1\" content=\"1 minut\u0117\" \/>\n<script type=\"application\/ld+json\" class=\"yoast-schema-graph\">{\"@context\":\"https:\\\/\\\/schema.org\",\"@graph\":[{\"@type\":\"WebPage\",\"@id\":\"https:\\\/\\\/indreasada.com\\\/lt\\\/produktas\\\/asmenine-konsultacija-30-min\\\/\",\"url\":\"https:\\\/\\\/indreasada.com\\\/lt\\\/produktas\\\/asmenine-konsultacija-30-min\\\/\",\"name\":\"Asmenin\u0117 konsultacija 30 min - Indre Asada\",\"isPartOf\":{\"@id\":\"https:\\\/\\\/indreasada.com\\\/lt\\\/#website\"},\"primaryImageOfPage\":{\"@id\":\"https:\\\/\\\/indreasada.com\\\/lt\\\/produktas\\\/asmenine-konsultacija-30-min\\\/#primaryimage\"},\"image\":{\"@id\":\"https:\\\/\\\/indreasada.com\\\/lt\\\/produktas\\\/asmenine-konsultacija-30-min\\\/#primaryimage\"},\"thumbnailUrl\":\"https:\\\/\\\/indreasada.com\\\/wp-content\\\/uploads\\\/2026\\\/02\\\/konsultacija-30-min.png\",\"datePublished\":\"2026-02-10T09:19:40+00:00\",\"dateModified\":\"2026-02-10T19:45:26+00:00\",\"description\":\"Jei tau reikalingas patarimas ar ai\u0161kumas, asmenin\u0117 konsultacija su Indre Asada gali b\u016bti sprendimas kurio tu ie\u0161kai.\",\"breadcrumb\":{\"@id\":\"https:\\\/\\\/indreasada.com\\\/lt\\\/produktas\\\/asmenine-konsultacija-30-min\\\/#breadcrumb\"},\"inLanguage\":\"lt-LT\",\"potentialAction\":[{\"@type\":\"ReadAction\",\"target\":[\"https:\\\/\\\/indreasada.com\\\/lt\\\/produktas\\\/asmenine-konsultacija-30-min\\\/\"]}]},{\"@type\":\"ImageObject\",\"inLanguage\":\"lt-LT\",\"@id\":\"https:\\\/\\\/indreasada.com\\\/lt\\\/produktas\\\/asmenine-konsultacija-30-min\\\/#primaryimage\",\"url\":\"https:\\\/\\\/indreasada.com\\\/wp-content\\\/uploads\\\/2026\\\/02\\\/konsultacija-30-min.png\",\"contentUrl\":\"https:\\\/\\\/indreasada.com\\\/wp-content\\\/uploads\\\/2026\\\/02\\\/konsultacija-30-min.png\",\"width\":760,\"height\":500,\"caption\":\"asmenine konsultacija su indre asada\"},{\"@type\":\"BreadcrumbList\",\"@id\":\"https:\\\/\\\/indreasada.com\\\/lt\\\/produktas\\\/asmenine-konsultacija-30-min\\\/#breadcrumb\",\"itemListElement\":[{\"@type\":\"ListItem\",\"position\":1,\"name\":\"Home\",\"item\":\"https:\\\/\\\/indreasada.com\\\/lt\\\/\"},{\"@type\":\"ListItem\",\"position\":2,\"name\":\"Gyvenimo akademija &#8211; Visi kursai\",\"item\":\"https:\\\/\\\/indreasada.com\\\/lt\\\/visi-kursai\\\/\"},{\"@type\":\"ListItem\",\"position\":3,\"name\":\"Asmenin\u0117 konsultacija 30 min\"}]},{\"@type\":\"WebSite\",\"@id\":\"https:\\\/\\\/indreasada.com\\\/lt\\\/#website\",\"url\":\"https:\\\/\\\/indreasada.com\\\/lt\\\/\",\"name\":\"Staging Indre Asada\",\"description\":\"Holistic Healing for Mind, Body, and Soul\",\"publisher\":{\"@id\":\"https:\\\/\\\/indreasada.com\\\/lt\\\/#organization\"},\"potentialAction\":[{\"@type\":\"SearchAction\",\"target\":{\"@type\":\"EntryPoint\",\"urlTemplate\":\"https:\\\/\\\/indreasada.com\\\/lt\\\/?s={search_term_string}\"},\"query-input\":{\"@type\":\"PropertyValueSpecification\",\"valueRequired\":true,\"valueName\":\"search_term_string\"}}],\"inLanguage\":\"lt-LT\"},{\"@type\":\"Organization\",\"@id\":\"https:\\\/\\\/indreasada.com\\\/lt\\\/#organization\",\"name\":\"Indre Asada\",\"url\":\"https:\\\/\\\/indreasada.com\\\/lt\\\/\",\"logo\":{\"@type\":\"ImageObject\",\"inLanguage\":\"lt-LT\",\"@id\":\"https:\\\/\\\/indreasada.com\\\/lt\\\/#\\\/schema\\\/logo\\\/image\\\/\",\"url\":\"\",\"contentUrl\":\"\",\"caption\":\"Indre Asada\"},\"image\":{\"@id\":\"https:\\\/\\\/indreasada.com\\\/lt\\\/#\\\/schema\\\/logo\\\/image\\\/\"},\"sameAs\":[\"https:\\\/\\\/www.facebook.com\\\/asada.indre\\\/\",\"https:\\\/\\\/www.youtube.com\\\/channel\\\/UCDLmKiMAxLtSrl12ddsQMqA\",\"https:\\\/\\\/t.me\\\/indreasadabendravimas\",\"https:\\\/\\\/www.instagram.com\\\/indreasada\\\/\"]}]}<\/script>\n<!-- \/ Yoast SEO Premium plugin. -->","yoast_head_json":{"title":"Asmenin\u0117 konsultacija 30 min - Indre Asada","description":"Jei tau reikalingas patarimas ar ai\u0161kumas, asmenin\u0117 konsultacija su Indre Asada gali b\u016bti sprendimas kurio tu ie\u0161kai.","robots":{"index":"index","follow":"follow","max-snippet":"max-snippet:-1","max-image-preview":"max-image-preview:large","max-video-preview":"max-video-preview:-1"},"canonical":"https:\/\/indreasada.com\/lt\/produktas\/asmenine-konsultacija-30-min\/","og_locale":"lt_LT","og_type":"article","og_title":"Asmenin\u0117 konsultacija 30 min","og_description":"Jei tau reikalingas patarimas ar ai\u0161kumas, asmenin\u0117 konsultacija su Indre Asada gali b\u016bti sprendimas kurio tu ie\u0161kai.","og_url":"https:\/\/indreasada.com\/lt\/produktas\/asmenine-konsultacija-30-min\/","og_site_name":"Indre Asada","article_publisher":"https:\/\/www.facebook.com\/asada.indre\/","article_modified_time":"2026-02-10T19:45:26+00:00","og_image":[{"width":760,"height":500,"url":"https:\/\/indreasada.com\/wp-content\/uploads\/2026\/02\/konsultacija-30-min.png","type":"image\/png"}],"twitter_card":"summary_large_image","twitter_misc":{"Est. reading time":"1 minut\u0117"},"schema":{"@context":"https:\/\/schema.org","@graph":[{"@type":"WebPage","@id":"https:\/\/indreasada.com\/lt\/produktas\/asmenine-konsultacija-30-min\/","url":"https:\/\/indreasada.com\/lt\/produktas\/asmenine-konsultacija-30-min\/","name":"Asmenin\u0117 konsultacija 30 min - Indre Asada","isPartOf":{"@id":"https:\/\/indreasada.com\/lt\/#website"},"primaryImageOfPage":{"@id":"https:\/\/indreasada.com\/lt\/produktas\/asmenine-konsultacija-30-min\/#primaryimage"},"image":{"@id":"https:\/\/indreasada.com\/lt\/produktas\/asmenine-konsultacija-30-min\/#primaryimage"},"thumbnailUrl":"https:\/\/indreasada.com\/wp-content\/uploads\/2026\/02\/konsultacija-30-min.png","datePublished":"2026-02-10T09:19:40+00:00","dateModified":"2026-02-10T19:45:26+00:00","description":"Jei tau reikalingas patarimas ar ai\u0161kumas, asmenin\u0117 konsultacija su Indre Asada gali b\u016bti sprendimas kurio tu ie\u0161kai.","breadcrumb":{"@id":"https:\/\/indreasada.com\/lt\/produktas\/asmenine-konsultacija-30-min\/#breadcrumb"},"inLanguage":"lt-LT","potentialAction":[{"@type":"ReadAction","target":["https:\/\/indreasada.com\/lt\/produktas\/asmenine-konsultacija-30-min\/"]}]},{"@type":"ImageObject","inLanguage":"lt-LT","@id":"https:\/\/indreasada.com\/lt\/produktas\/asmenine-konsultacija-30-min\/#primaryimage","url":"https:\/\/indreasada.com\/wp-content\/uploads\/2026\/02\/konsultacija-30-min.png","contentUrl":"https:\/\/indreasada.com\/wp-content\/uploads\/2026\/02\/konsultacija-30-min.png","width":760,"height":500,"caption":"asmenine konsultacija su indre asada"},{"@type":"BreadcrumbList","@id":"https:\/\/indreasada.com\/lt\/produktas\/asmenine-konsultacija-30-min\/#breadcrumb","itemListElement":[{"@type":"ListItem","position":1,"name":"Home","item":"https:\/\/indreasada.com\/lt\/"},{"@type":"ListItem","position":2,"name":"Gyvenimo akademija &#8211; Visi kursai","item":"https:\/\/indreasada.com\/lt\/visi-kursai\/"},{"@type":"ListItem","position":3,"name":"Asmenin\u0117 konsultacija 30 min"}]},{"@type":"WebSite","@id":"https:\/\/indreasada.com\/lt\/#website","url":"https:\/\/indreasada.com\/lt\/","name":"Staging Indre Asada","description":"Holistic Healing for Mind, Body, and Soul","publisher":{"@id":"https:\/\/indreasada.com\/lt\/#organization"},"potentialAction":[{"@type":"SearchAction","target":{"@type":"EntryPoint","urlTemplate":"https:\/\/indreasada.com\/lt\/?s={search_term_string}"},"query-input":{"@type":"PropertyValueSpecification","valueRequired":true,"valueName":"search_term_string"}}],"inLanguage":"lt-LT"},{"@type":"Organization","@id":"https:\/\/indreasada.com\/lt\/#organization","name":"Indre Asada","url":"https:\/\/indreasada.com\/lt\/","logo":{"@type":"ImageObject","inLanguage":"lt-LT","@id":"https:\/\/indreasada.com\/lt\/#\/schema\/logo\/image\/","url":"","contentUrl":"","caption":"Indre Asada"},"image":{"@id":"https:\/\/indreasada.com\/lt\/#\/schema\/logo\/image\/"},"sameAs":["https:\/\/www.facebook.com\/asada.indre\/","https:\/\/www.youtube.com\/channel\/UCDLmKiMAxLtSrl12ddsQMqA","https:\/\/t.me\/indreasadabendravimas","https:\/\/www.instagram.com\/indreasada\/"]}]}},"jetpack_sharing_enabled":true,"_links":{"self":[{"href":"https:\/\/indreasada.com\/lt\/wp-json\/wp\/v2\/product\/24707","targetHints":{"allow":["GET"]}}],"collection":[{"href":"https:\/\/indreasada.com\/lt\/wp-json\/wp\/v2\/product"}],"about":[{"href":"https:\/\/indreasada.com\/lt\/wp-json\/wp\/v2\/types\/product"}],"wp:featuredmedia":[{"embeddable":true,"href":"https:\/\/indreasada.com\/lt\/wp-json\/wp\/v2\/media\/24925"}],"wp:attachment":[{"href":"https:\/\/indreasada.com\/lt\/wp-json\/wp\/v2\/media?parent=24707"}],"wp:term":[{"taxonomy":"product_brand","embeddable":true,"href":"https:\/\/indreasada.com\/lt\/wp-json\/wp\/v2\/product_brand?post=24707"},{"taxonomy":"product_cat","embeddable":true,"href":"https:\/\/indreasada.com\/lt\/wp-json\/wp\/v2\/product_cat?post=24707"},{"taxonomy":"product_tag","embeddable":true,"href":"https:\/\/indreasada.com\/lt\/wp-json\/wp\/v2\/product_tag?post=24707"}],"curies":[{"name":"wp","href":"https:\/\/api.w.org\/{rel}","templated":true}]}}