{"id":24938,"date":"2026-03-20T09:54:47","date_gmt":"2026-03-20T07:54:47","guid":{"rendered":"https:\/\/indreasada.com\/?post_type=product&#038;p=24938"},"modified":"2026-04-16T16:35:03","modified_gmt":"2026-04-16T13:35:03","slug":"islaisvinta-gyventi","status":"publish","type":"product","link":"https:\/\/indreasada.com\/lt\/produktas\/islaisvinta-gyventi\/","title":{"rendered":"I\u0161laisvinta gyventi"},"content":{"rendered":"<h3><strong>I\u0160LAISVINTA GYVENTI\u00a0<\/strong><\/h3>\n<p data-start=\"1139\" data-end=\"1324\">tai procesas moterims, kurios pavargo b\u016bti tomis, kurios visk\u0105 laiko, visk\u0105 sutvarko ir per ilgai gyvena nuolatin\u0117je atsakomyb\u0117je, kontrol\u0117je ir vidin\u0117je \u012ftampoje.<\/p>\n<p data-start=\"1326\" data-end=\"1609\">I\u0161 i\u0161or\u0117s gali atrodyti, kad tu tiesiog stipri.<br \/>\nKad moki pasir\u016bpinti, numatyti, laikyti ir nepal\u016b\u017eti.<br \/>\nTa\u010diau viduje tai da\u017enai rei\u0161kia perkraut\u0105 mint\u012f, pavargus\u012f k\u016bn\u0105, nuolatin\u012f budrum\u0105 ir jausm\u0105, kad net kai norisi gyventi lengviau, ka\u017ekas vis tiek gr\u0105\u017eina \u012f t\u0105 pat\u012f laikymo re\u017eim\u0105.<\/p>\n<p data-start=\"1611\" data-end=\"1884\">\u0160is procesas padeda ai\u0161kiau pamatyti, kas i\u0161 ties\u0173 vyksta tavo vidin\u0117je sistemoje.<br \/>\nNe tik pasekmes, bet ir gilesnes prie\u017eastis: baimes, nuoskaudas, i\u0161moktus vaidmenis, hiperatsakomyb\u0119, kontrol\u0119 ir \u201estiprios moters\u201c tapatyb\u0119, kuri ilgainiui gali tapti ne atrama, o spaudimu.<\/p>\n<p data-start=\"1886\" data-end=\"2130\">Proces\u0105 sudaro 3 gyvi susitikimai.<br \/>\nPrie\u0161 kiekvien\u0105 etap\u0105 vyksta vidin\u0117s sistemos refleksija, kuri padeda \u012f susitikim\u0105 ateiti jau su daug ai\u0161kesniu matymu: k\u0105 laikai, kod\u0117l tai laikai ir kas tavo vidin\u0117je sistemoje vis dar neleid\u017eia to paleisti.<\/p>\n<p data-start=\"2132\" data-end=\"2339\">\u0160iame procese pokytis nevyksta per gri\u016bt\u012f.<br \/>\n\u010cia nespaudi sav\u0119s keistis radikaliai.<br \/>\n\u010cia pradedi po truput\u012f laikyti ma\u017eiau, kad vidin\u0117 sistema gal\u0117t\u0173 pajausti: pokytis n\u0117ra gr\u0117sm\u0117, o lengviau gyventi yra saugu.<\/p>\n<p data-start=\"2341\" data-end=\"2518\">Po \u0161io proceso i\u0161sine\u0161i ne tik daugiau ai\u0161kumo. Pradedi geriau suprasti, kas tave i\u0161 ties\u0173 laiko, k\u0105 i\u0161 ties\u0173 reikia keisti ir koks tolimesnis \u017eingsnis tau b\u016bt\u0173 prasmingiausias.<\/p>\n<p><strong>Jeigu nori giliau suprasti,<\/strong> kam skirtas \u0161is procesas, kaip jis vyksta ir k\u0105 i\u0161 jo i\u0161sine\u0161i, pla\u010diau <a href=\"https:\/\/indreasada.com\/lt\/islaisvinta-gyventi\/\">susipa\u017einti gali \u010dia.<\/a><\/p>\n<h4 data-start=\"2520\" data-end=\"2540\">Praktin\u0117 informacija<\/h4>\n<p data-start=\"2542\" data-end=\"2609\"><strong>Startas \u2013 kovo 17 d.<\/strong><br \/>\nKaina \u2013 199 Eur.<br \/>\nGrup\u0117 ribota \u2013 iki 20 moter\u0173.<\/p>\n<p data-start=\"2611\" data-end=\"2758\">Jeigu po \u0161io proceso ai\u0161kiai pamatysi savo tolimesn\u012f keli\u0105,<br \/>\nprisijungiant prie vieno i\u0161 t\u0119stini\u0173 kurs\u0173 per 2 savaites, tau galios 100 Eur nuolaida.<\/p>\n","protected":false},"excerpt":{"rendered":"<p data-start=\"697\" data-end=\"828\">I\u0160LAISVINTA GYVENTI \u2013 tai 3 gyv\u0173 susitikim\u0173 procesas moterims, kurios pavargo gyventi laikymo, kontrol\u0117s ir vidin\u0117s \u012ftampos re\u017eime.<\/p>\n<p data-start=\"830\" data-end=\"1110\">Prie\u0161 kiekvien\u0105 etap\u0105 vyksta vidin\u0117s sistemos refleksija, padedanti ai\u0161kiau pamatyti, kas i\u0161 ties\u0173 palaiko hiperatsakomyb\u0117s, kontrol\u0117s ir \u201estiprios moters\u201c model\u012f. \u0160is procesas padeda ne dar labiau stengtis, o ai\u0161kiau suprasti, k\u0105 laikai, kod\u0117l tai darai ir nuo ko prad\u0117ti pokyt\u012f.<\/p>\n","protected":false},"featured_media":32950,"template":"","meta":{"_acf_changed":false},"product_brand":[],"product_cat":[305,176],"product_tag":[],"class_list":{"0":"post-24938","1":"product","2":"type-product","3":"status-publish","4":"has-post-thumbnail","6":"product_cat-samoningumas-ir-vidinis-virsmas","7":"product_cat-seminarai","9":"first","10":"instock","11":"virtual","12":"purchasable","13":"product-type-simple"},"acf":[],"yoast_head":"<!-- This site is optimized with the Yoast SEO Premium plugin v27.3 (Yoast SEO v27.3) - https:\/\/yoast.com\/product\/yoast-seo-premium-wordpress\/ -->\n<title>I\u0161laisvinta gyventi - Indre Asada<\/title>\n<meta name=\"description\" content=\"I\u0161laisvinta gyventi \u2013 14 dien\u0173 procesas moterims, kurios pavargo laikyti visk\u0105 vienos ir nori peraugti sen\u0105 vidin\u0119 form\u0105.\" \/>\n<meta name=\"robots\" content=\"index, follow, max-snippet:-1, max-image-preview:large, max-video-preview:-1\" \/>\n<link rel=\"canonical\" href=\"https:\/\/indreasada.com\/lt\/produktas\/islaisvinta-gyventi\/\" \/>\n<meta property=\"og:locale\" content=\"lt_LT\" \/>\n<meta property=\"og:type\" content=\"article\" \/>\n<meta property=\"og:title\" content=\"I\u0161laisvinta gyventi\" \/>\n<meta property=\"og:description\" content=\"I\u0161laisvinta gyventi \u2013 14 dien\u0173 procesas moterims, kurios pavargo laikyti visk\u0105 vienos ir nori peraugti sen\u0105 vidin\u0119 form\u0105.\" \/>\n<meta property=\"og:url\" content=\"https:\/\/indreasada.com\/lt\/produktas\/islaisvinta-gyventi\/\" \/>\n<meta property=\"og:site_name\" content=\"Indre Asada\" \/>\n<meta property=\"article:publisher\" content=\"https:\/\/www.facebook.com\/asada.indre\/\" \/>\n<meta property=\"article:modified_time\" content=\"2026-04-16T13:35:03+00:00\" \/>\n<meta property=\"og:image\" content=\"https:\/\/indreasada.com\/wp-content\/uploads\/2026\/03\/GYVENIMO-akademija-isklaisvinta-gyventiS.png\" \/>\n\t<meta property=\"og:image:width\" content=\"1\" \/>\n\t<meta property=\"og:image:height\" content=\"1\" \/>\n\t<meta property=\"og:image:type\" content=\"image\/png\" \/>\n<meta name=\"twitter:card\" content=\"summary_large_image\" \/>\n<meta name=\"twitter:label1\" content=\"Est. reading time\" \/>\n\t<meta name=\"twitter:data1\" content=\"2 minut\u0117s\" \/>\n<script type=\"application\/ld+json\" class=\"yoast-schema-graph\">{\"@context\":\"https:\\\/\\\/schema.org\",\"@graph\":[{\"@type\":\"WebPage\",\"@id\":\"https:\\\/\\\/indreasada.com\\\/lt\\\/produktas\\\/islaisvinta-gyventi\\\/\",\"url\":\"https:\\\/\\\/indreasada.com\\\/lt\\\/produktas\\\/islaisvinta-gyventi\\\/\",\"name\":\"I\u0161laisvinta gyventi - Indre Asada\",\"isPartOf\":{\"@id\":\"https:\\\/\\\/indreasada.com\\\/lt\\\/#website\"},\"primaryImageOfPage\":{\"@id\":\"https:\\\/\\\/indreasada.com\\\/lt\\\/produktas\\\/islaisvinta-gyventi\\\/#primaryimage\"},\"image\":{\"@id\":\"https:\\\/\\\/indreasada.com\\\/lt\\\/produktas\\\/islaisvinta-gyventi\\\/#primaryimage\"},\"thumbnailUrl\":\"https:\\\/\\\/indreasada.com\\\/wp-content\\\/uploads\\\/2026\\\/03\\\/GYVENIMO-akademija-isklaisvinta-gyventiS.png\",\"datePublished\":\"2026-03-20T07:54:47+00:00\",\"dateModified\":\"2026-04-16T13:35:03+00:00\",\"description\":\"I\u0161laisvinta gyventi \u2013 14 dien\u0173 procesas moterims, kurios pavargo laikyti visk\u0105 vienos ir nori peraugti sen\u0105 vidin\u0119 form\u0105.\",\"breadcrumb\":{\"@id\":\"https:\\\/\\\/indreasada.com\\\/lt\\\/produktas\\\/islaisvinta-gyventi\\\/#breadcrumb\"},\"inLanguage\":\"lt-LT\",\"potentialAction\":[{\"@type\":\"ReadAction\",\"target\":[\"https:\\\/\\\/indreasada.com\\\/lt\\\/produktas\\\/islaisvinta-gyventi\\\/\"]}]},{\"@type\":\"ImageObject\",\"inLanguage\":\"lt-LT\",\"@id\":\"https:\\\/\\\/indreasada.com\\\/lt\\\/produktas\\\/islaisvinta-gyventi\\\/#primaryimage\",\"url\":\"https:\\\/\\\/indreasada.com\\\/wp-content\\\/uploads\\\/2026\\\/03\\\/GYVENIMO-akademija-isklaisvinta-gyventiS.png\",\"contentUrl\":\"https:\\\/\\\/indreasada.com\\\/wp-content\\\/uploads\\\/2026\\\/03\\\/GYVENIMO-akademija-isklaisvinta-gyventiS.png\",\"caption\":\"GYVENIMO akademija islaisvinta gyventi\"},{\"@type\":\"BreadcrumbList\",\"@id\":\"https:\\\/\\\/indreasada.com\\\/lt\\\/produktas\\\/islaisvinta-gyventi\\\/#breadcrumb\",\"itemListElement\":[{\"@type\":\"ListItem\",\"position\":1,\"name\":\"Home\",\"item\":\"https:\\\/\\\/indreasada.com\\\/lt\\\/\"},{\"@type\":\"ListItem\",\"position\":2,\"name\":\"Gyvenimo akademija &#8211; Visi kursai\",\"item\":\"https:\\\/\\\/indreasada.com\\\/lt\\\/visi-kursai\\\/\"},{\"@type\":\"ListItem\",\"position\":3,\"name\":\"I\u0161laisvinta gyventi\"}]},{\"@type\":\"WebSite\",\"@id\":\"https:\\\/\\\/indreasada.com\\\/lt\\\/#website\",\"url\":\"https:\\\/\\\/indreasada.com\\\/lt\\\/\",\"name\":\"Staging Indre Asada\",\"description\":\"Holistic Healing for Mind, Body, and Soul\",\"publisher\":{\"@id\":\"https:\\\/\\\/indreasada.com\\\/lt\\\/#organization\"},\"potentialAction\":[{\"@type\":\"SearchAction\",\"target\":{\"@type\":\"EntryPoint\",\"urlTemplate\":\"https:\\\/\\\/indreasada.com\\\/lt\\\/?s={search_term_string}\"},\"query-input\":{\"@type\":\"PropertyValueSpecification\",\"valueRequired\":true,\"valueName\":\"search_term_string\"}}],\"inLanguage\":\"lt-LT\"},{\"@type\":\"Organization\",\"@id\":\"https:\\\/\\\/indreasada.com\\\/lt\\\/#organization\",\"name\":\"Indre Asada\",\"url\":\"https:\\\/\\\/indreasada.com\\\/lt\\\/\",\"logo\":{\"@type\":\"ImageObject\",\"inLanguage\":\"lt-LT\",\"@id\":\"https:\\\/\\\/indreasada.com\\\/lt\\\/#\\\/schema\\\/logo\\\/image\\\/\",\"url\":\"\",\"contentUrl\":\"\",\"caption\":\"Indre Asada\"},\"image\":{\"@id\":\"https:\\\/\\\/indreasada.com\\\/lt\\\/#\\\/schema\\\/logo\\\/image\\\/\"},\"sameAs\":[\"https:\\\/\\\/www.facebook.com\\\/asada.indre\\\/\",\"https:\\\/\\\/www.youtube.com\\\/channel\\\/UCDLmKiMAxLtSrl12ddsQMqA\",\"https:\\\/\\\/t.me\\\/indreasadabendravimas\",\"https:\\\/\\\/www.instagram.com\\\/indreasada\\\/\"]}]}<\/script>\n<!-- \/ Yoast SEO Premium plugin. -->","yoast_head_json":{"title":"I\u0161laisvinta gyventi - Indre Asada","description":"I\u0161laisvinta gyventi \u2013 14 dien\u0173 procesas moterims, kurios pavargo laikyti visk\u0105 vienos ir nori peraugti sen\u0105 vidin\u0119 form\u0105.","robots":{"index":"index","follow":"follow","max-snippet":"max-snippet:-1","max-image-preview":"max-image-preview:large","max-video-preview":"max-video-preview:-1"},"canonical":"https:\/\/indreasada.com\/lt\/produktas\/islaisvinta-gyventi\/","og_locale":"lt_LT","og_type":"article","og_title":"I\u0161laisvinta gyventi","og_description":"I\u0161laisvinta gyventi \u2013 14 dien\u0173 procesas moterims, kurios pavargo laikyti visk\u0105 vienos ir nori peraugti sen\u0105 vidin\u0119 form\u0105.","og_url":"https:\/\/indreasada.com\/lt\/produktas\/islaisvinta-gyventi\/","og_site_name":"Indre Asada","article_publisher":"https:\/\/www.facebook.com\/asada.indre\/","article_modified_time":"2026-04-16T13:35:03+00:00","og_image":[{"url":"https:\/\/indreasada.com\/wp-content\/uploads\/2026\/03\/GYVENIMO-akademija-isklaisvinta-gyventiS.png","width":1,"height":1,"type":"image\/png"}],"twitter_card":"summary_large_image","twitter_misc":{"Est. reading time":"2 minut\u0117s"},"schema":{"@context":"https:\/\/schema.org","@graph":[{"@type":"WebPage","@id":"https:\/\/indreasada.com\/lt\/produktas\/islaisvinta-gyventi\/","url":"https:\/\/indreasada.com\/lt\/produktas\/islaisvinta-gyventi\/","name":"I\u0161laisvinta gyventi - Indre Asada","isPartOf":{"@id":"https:\/\/indreasada.com\/lt\/#website"},"primaryImageOfPage":{"@id":"https:\/\/indreasada.com\/lt\/produktas\/islaisvinta-gyventi\/#primaryimage"},"image":{"@id":"https:\/\/indreasada.com\/lt\/produktas\/islaisvinta-gyventi\/#primaryimage"},"thumbnailUrl":"https:\/\/indreasada.com\/wp-content\/uploads\/2026\/03\/GYVENIMO-akademija-isklaisvinta-gyventiS.png","datePublished":"2026-03-20T07:54:47+00:00","dateModified":"2026-04-16T13:35:03+00:00","description":"I\u0161laisvinta gyventi \u2013 14 dien\u0173 procesas moterims, kurios pavargo laikyti visk\u0105 vienos ir nori peraugti sen\u0105 vidin\u0119 form\u0105.","breadcrumb":{"@id":"https:\/\/indreasada.com\/lt\/produktas\/islaisvinta-gyventi\/#breadcrumb"},"inLanguage":"lt-LT","potentialAction":[{"@type":"ReadAction","target":["https:\/\/indreasada.com\/lt\/produktas\/islaisvinta-gyventi\/"]}]},{"@type":"ImageObject","inLanguage":"lt-LT","@id":"https:\/\/indreasada.com\/lt\/produktas\/islaisvinta-gyventi\/#primaryimage","url":"https:\/\/indreasada.com\/wp-content\/uploads\/2026\/03\/GYVENIMO-akademija-isklaisvinta-gyventiS.png","contentUrl":"https:\/\/indreasada.com\/wp-content\/uploads\/2026\/03\/GYVENIMO-akademija-isklaisvinta-gyventiS.png","caption":"GYVENIMO akademija islaisvinta gyventi"},{"@type":"BreadcrumbList","@id":"https:\/\/indreasada.com\/lt\/produktas\/islaisvinta-gyventi\/#breadcrumb","itemListElement":[{"@type":"ListItem","position":1,"name":"Home","item":"https:\/\/indreasada.com\/lt\/"},{"@type":"ListItem","position":2,"name":"Gyvenimo akademija &#8211; Visi kursai","item":"https:\/\/indreasada.com\/lt\/visi-kursai\/"},{"@type":"ListItem","position":3,"name":"I\u0161laisvinta gyventi"}]},{"@type":"WebSite","@id":"https:\/\/indreasada.com\/lt\/#website","url":"https:\/\/indreasada.com\/lt\/","name":"Staging Indre Asada","description":"Holistic Healing for Mind, Body, and Soul","publisher":{"@id":"https:\/\/indreasada.com\/lt\/#organization"},"potentialAction":[{"@type":"SearchAction","target":{"@type":"EntryPoint","urlTemplate":"https:\/\/indreasada.com\/lt\/?s={search_term_string}"},"query-input":{"@type":"PropertyValueSpecification","valueRequired":true,"valueName":"search_term_string"}}],"inLanguage":"lt-LT"},{"@type":"Organization","@id":"https:\/\/indreasada.com\/lt\/#organization","name":"Indre Asada","url":"https:\/\/indreasada.com\/lt\/","logo":{"@type":"ImageObject","inLanguage":"lt-LT","@id":"https:\/\/indreasada.com\/lt\/#\/schema\/logo\/image\/","url":"","contentUrl":"","caption":"Indre Asada"},"image":{"@id":"https:\/\/indreasada.com\/lt\/#\/schema\/logo\/image\/"},"sameAs":["https:\/\/www.facebook.com\/asada.indre\/","https:\/\/www.youtube.com\/channel\/UCDLmKiMAxLtSrl12ddsQMqA","https:\/\/t.me\/indreasadabendravimas","https:\/\/www.instagram.com\/indreasada\/"]}]}},"jetpack_sharing_enabled":true,"_links":{"self":[{"href":"https:\/\/indreasada.com\/lt\/wp-json\/wp\/v2\/product\/24938","targetHints":{"allow":["GET"]}}],"collection":[{"href":"https:\/\/indreasada.com\/lt\/wp-json\/wp\/v2\/product"}],"about":[{"href":"https:\/\/indreasada.com\/lt\/wp-json\/wp\/v2\/types\/product"}],"wp:featuredmedia":[{"embeddable":true,"href":"https:\/\/indreasada.com\/lt\/wp-json\/wp\/v2\/media\/32950"}],"wp:attachment":[{"href":"https:\/\/indreasada.com\/lt\/wp-json\/wp\/v2\/media?parent=24938"}],"wp:term":[{"taxonomy":"product_brand","embeddable":true,"href":"https:\/\/indreasada.com\/lt\/wp-json\/wp\/v2\/product_brand?post=24938"},{"taxonomy":"product_cat","embeddable":true,"href":"https:\/\/indreasada.com\/lt\/wp-json\/wp\/v2\/product_cat?post=24938"},{"taxonomy":"product_tag","embeddable":true,"href":"https:\/\/indreasada.com\/lt\/wp-json\/wp\/v2\/product_tag?post=24938"}],"curies":[{"name":"wp","href":"https:\/\/api.w.org\/{rel}","templated":true}]}}