{"id":8558,"date":"2024-10-24T20:37:53","date_gmt":"2024-10-24T20:37:53","guid":{"rendered":"http:\/\/dev.indreasada.com\/?post_type=product&#038;p=8558"},"modified":"2026-03-24T14:03:57","modified_gmt":"2026-03-24T12:03:57","slug":"turbo-ii-meditacija","status":"publish","type":"product","link":"https:\/\/indreasada.com\/lt\/produktas\/turbo-ii-meditacija\/","title":{"rendered":"Turbo II Meditacija"},"content":{"rendered":"<p><strong>\u201eTURBO MEDITACIJA 2\u201c \u2013 ypatingai gili ir koncentruota meditacija, kuri leid\u017eia pasiekti prad\u017ei\u0173 prad\u017ei\u0105 ir i\u0161valyti giliausius pas\u0105mon\u0117s sluoksnius.<\/strong><\/p>\n<p>\u0160ioje meditacijoje leisit\u0117s \u012f kelion\u0119 iki pa\u010di\u0173 giliausi\u0173 savo esyb\u0117s gelmi\u0173, kurioje:<\/p>\n<ul>\n<li>Atsisakysite g\u0117rio ir blogio pa\u017einimo vaisiaus \u2013 sugr\u012f\u0161ite prie gyvenimo med\u017eio.<\/li>\n<li>I\u0161rausite melo \u0161aknis, slypin\u010dias pas\u0105mon\u0117je.<\/li>\n<li>I\u0161valysite gyvat\u0117s nuodus \u2013 manipuliacijas ir apgaul\u0119.<\/li>\n<li>Sutrai\u0161kysite gyvat\u0117s galv\u0105 \u2013 simbolin\u012f ego ar melagingos energijos \u0161altin\u012f.<\/li>\n<\/ul>\n<p><strong>Kod\u0117l verta?<\/strong><br \/>\nTai daugiau nei meditacija \u2013 tai transformacin\u0117 praktika, skirta giliam vidiniam apsivalymui ir sav\u0119s suvokimui. \u0160i meditacija yra intensyvi, galinga ir sukurta tiems, kurie yra pasiruo\u0161\u0119 dr\u0105siai pa\u017evelgti \u012f savo vidin\u012f pasaul\u012f ir j\u012f i\u0161gydyti.<\/p>\n<p><strong>Meditacijos nauda:<\/strong><\/p>\n<ul>\n<li>Pa\u0161alinsite pas\u0105monines manipuliacijas ir apgaules, kurios trukdo harmoningam gyvenimui.<\/li>\n<li>Pajusite vidin\u012f lengvum\u0105 ir ai\u0161kum\u0105, sugr\u012f\u017edami prie savo esm\u0117s.<\/li>\n<li>Atkursite ry\u0161\u012f su gyvenimo med\u017eiu \u2013 gyvyb\u0117s \u0161altiniu j\u016bs\u0173 viduje.<\/li>\n<\/ul>\n<p>Prisijunkite prie meditacijos ir leiskit\u0117s \u012f giliausi\u0105 savo kelion\u0119 jau \u0161iandien!<\/p>\n","protected":false},"excerpt":{"rendered":"<p>Gili ir koncentruota, transformuojanti meditacija, skirta melo \u0161akn\u0173 pa\u0161alinimui, manipuliacij\u0173 valymui ir ry\u0161io su gyvenimo med\u017eiu atk\u016brimui.<\/p>\n","protected":false},"featured_media":32841,"template":"","meta":{"_acf_changed":false},"product_brand":[],"product_cat":[15],"product_tag":[149,186,181,143],"class_list":{"0":"post-8558","1":"product","2":"type-product","3":"status-publish","4":"has-post-thumbnail","6":"product_cat-uncategorized","7":"product_tag-kaltes-jausmas","8":"product_tag-melo-ir-saviapgaules-isgydymas","9":"product_tag-pasitikejimo-sustiprinimas","10":"product_tag-transformacija","12":"first","13":"instock","14":"virtual","15":"sold-individually","16":"purchasable","17":"product-type-simple"},"acf":[],"yoast_head":"<!-- This site is optimized with the Yoast SEO Premium plugin v27.3 (Yoast SEO v27.3) - https:\/\/yoast.com\/product\/yoast-seo-premium-wordpress\/ -->\n<title>Turbo II Meditacija - Indre Asada<\/title>\n<meta name=\"description\" content=\"Pasiekite prad\u017ei\u0173 prad\u017ei\u0105 ir i\u0161valykite giliausius pas\u0105mon\u0117s sluoksnius su \u201eTURBO MEDITACIJA 2\u201c. Transformuokite save jau dabar!\" \/>\n<meta name=\"robots\" content=\"index, follow, max-snippet:-1, max-image-preview:large, max-video-preview:-1\" \/>\n<link rel=\"canonical\" href=\"https:\/\/indreasada.com\/lt\/produktas\/turbo-ii-meditacija\/\" \/>\n<meta property=\"og:locale\" content=\"lt_LT\" \/>\n<meta property=\"og:type\" content=\"article\" \/>\n<meta property=\"og:title\" content=\"Turbo II Meditacija\" \/>\n<meta property=\"og:description\" content=\"Pasiekite prad\u017ei\u0173 prad\u017ei\u0105 ir i\u0161valykite giliausius pas\u0105mon\u0117s sluoksnius su \u201eTURBO MEDITACIJA 2\u201c. Transformuokite save jau dabar!\" \/>\n<meta property=\"og:url\" content=\"https:\/\/indreasada.com\/lt\/produktas\/turbo-ii-meditacija\/\" \/>\n<meta property=\"og:site_name\" content=\"Indre Asada\" \/>\n<meta property=\"article:publisher\" content=\"https:\/\/www.facebook.com\/asada.indre\/\" \/>\n<meta property=\"article:modified_time\" content=\"2026-03-24T12:03:57+00:00\" \/>\n<meta property=\"og:image\" content=\"https:\/\/indreasada.com\/wp-content\/uploads\/2024\/11\/turbo2.jpg\" \/>\n\t<meta property=\"og:image:width\" content=\"380\" \/>\n\t<meta property=\"og:image:height\" content=\"250\" \/>\n\t<meta property=\"og:image:type\" content=\"image\/jpeg\" \/>\n<meta name=\"twitter:card\" content=\"summary_large_image\" \/>\n<meta name=\"twitter:label1\" content=\"Est. reading time\" \/>\n\t<meta name=\"twitter:data1\" content=\"1 minut\u0117\" \/>\n<script type=\"application\/ld+json\" class=\"yoast-schema-graph\">{\"@context\":\"https:\\\/\\\/schema.org\",\"@graph\":[{\"@type\":\"WebPage\",\"@id\":\"https:\\\/\\\/indreasada.com\\\/lt\\\/produktas\\\/turbo-ii-meditacija\\\/\",\"url\":\"https:\\\/\\\/indreasada.com\\\/lt\\\/produktas\\\/turbo-ii-meditacija\\\/\",\"name\":\"Turbo II Meditacija - Indre Asada\",\"isPartOf\":{\"@id\":\"https:\\\/\\\/indreasada.com\\\/lt\\\/#website\"},\"primaryImageOfPage\":{\"@id\":\"https:\\\/\\\/indreasada.com\\\/lt\\\/produktas\\\/turbo-ii-meditacija\\\/#primaryimage\"},\"image\":{\"@id\":\"https:\\\/\\\/indreasada.com\\\/lt\\\/produktas\\\/turbo-ii-meditacija\\\/#primaryimage\"},\"thumbnailUrl\":\"https:\\\/\\\/indreasada.com\\\/wp-content\\\/uploads\\\/2026\\\/03\\\/GYVENIMO-akademija-turbo-2.png\",\"datePublished\":\"2024-10-24T20:37:53+00:00\",\"dateModified\":\"2026-03-24T12:03:57+00:00\",\"description\":\"Pasiekite prad\u017ei\u0173 prad\u017ei\u0105 ir i\u0161valykite giliausius pas\u0105mon\u0117s sluoksnius su \u201eTURBO MEDITACIJA 2\u201c. Transformuokite save jau dabar!\",\"breadcrumb\":{\"@id\":\"https:\\\/\\\/indreasada.com\\\/lt\\\/produktas\\\/turbo-ii-meditacija\\\/#breadcrumb\"},\"inLanguage\":\"lt-LT\",\"potentialAction\":[{\"@type\":\"ReadAction\",\"target\":[\"https:\\\/\\\/indreasada.com\\\/lt\\\/produktas\\\/turbo-ii-meditacija\\\/\"]}]},{\"@type\":\"ImageObject\",\"inLanguage\":\"lt-LT\",\"@id\":\"https:\\\/\\\/indreasada.com\\\/lt\\\/produktas\\\/turbo-ii-meditacija\\\/#primaryimage\",\"url\":\"https:\\\/\\\/indreasada.com\\\/wp-content\\\/uploads\\\/2026\\\/03\\\/GYVENIMO-akademija-turbo-2.png\",\"contentUrl\":\"https:\\\/\\\/indreasada.com\\\/wp-content\\\/uploads\\\/2026\\\/03\\\/GYVENIMO-akademija-turbo-2.png\",\"width\":950,\"height\":625,\"caption\":\"GYVENIMO akademija turbo 2\"},{\"@type\":\"BreadcrumbList\",\"@id\":\"https:\\\/\\\/indreasada.com\\\/lt\\\/produktas\\\/turbo-ii-meditacija\\\/#breadcrumb\",\"itemListElement\":[{\"@type\":\"ListItem\",\"position\":1,\"name\":\"Home\",\"item\":\"https:\\\/\\\/indreasada.com\\\/lt\\\/\"},{\"@type\":\"ListItem\",\"position\":2,\"name\":\"Gyvenimo akademija &#8211; Visi kursai\",\"item\":\"https:\\\/\\\/indreasada.com\\\/lt\\\/visi-kursai\\\/\"},{\"@type\":\"ListItem\",\"position\":3,\"name\":\"Turbo II Meditacija\"}]},{\"@type\":\"WebSite\",\"@id\":\"https:\\\/\\\/indreasada.com\\\/lt\\\/#website\",\"url\":\"https:\\\/\\\/indreasada.com\\\/lt\\\/\",\"name\":\"Staging Indre Asada\",\"description\":\"Holistic Healing for Mind, Body, and Soul\",\"publisher\":{\"@id\":\"https:\\\/\\\/indreasada.com\\\/lt\\\/#organization\"},\"potentialAction\":[{\"@type\":\"SearchAction\",\"target\":{\"@type\":\"EntryPoint\",\"urlTemplate\":\"https:\\\/\\\/indreasada.com\\\/lt\\\/?s={search_term_string}\"},\"query-input\":{\"@type\":\"PropertyValueSpecification\",\"valueRequired\":true,\"valueName\":\"search_term_string\"}}],\"inLanguage\":\"lt-LT\"},{\"@type\":\"Organization\",\"@id\":\"https:\\\/\\\/indreasada.com\\\/lt\\\/#organization\",\"name\":\"Indre Asada\",\"url\":\"https:\\\/\\\/indreasada.com\\\/lt\\\/\",\"logo\":{\"@type\":\"ImageObject\",\"inLanguage\":\"lt-LT\",\"@id\":\"https:\\\/\\\/indreasada.com\\\/lt\\\/#\\\/schema\\\/logo\\\/image\\\/\",\"url\":\"\",\"contentUrl\":\"\",\"caption\":\"Indre Asada\"},\"image\":{\"@id\":\"https:\\\/\\\/indreasada.com\\\/lt\\\/#\\\/schema\\\/logo\\\/image\\\/\"},\"sameAs\":[\"https:\\\/\\\/www.facebook.com\\\/asada.indre\\\/\",\"https:\\\/\\\/www.youtube.com\\\/channel\\\/UCDLmKiMAxLtSrl12ddsQMqA\",\"https:\\\/\\\/t.me\\\/indreasadabendravimas\",\"https:\\\/\\\/www.instagram.com\\\/indreasada\\\/\"]}]}<\/script>\n<!-- \/ Yoast SEO Premium plugin. -->","yoast_head_json":{"title":"Turbo II Meditacija - Indre Asada","description":"Pasiekite prad\u017ei\u0173 prad\u017ei\u0105 ir i\u0161valykite giliausius pas\u0105mon\u0117s sluoksnius su \u201eTURBO MEDITACIJA 2\u201c. Transformuokite save jau dabar!","robots":{"index":"index","follow":"follow","max-snippet":"max-snippet:-1","max-image-preview":"max-image-preview:large","max-video-preview":"max-video-preview:-1"},"canonical":"https:\/\/indreasada.com\/lt\/produktas\/turbo-ii-meditacija\/","og_locale":"lt_LT","og_type":"article","og_title":"Turbo II Meditacija","og_description":"Pasiekite prad\u017ei\u0173 prad\u017ei\u0105 ir i\u0161valykite giliausius pas\u0105mon\u0117s sluoksnius su \u201eTURBO MEDITACIJA 2\u201c. Transformuokite save jau dabar!","og_url":"https:\/\/indreasada.com\/lt\/produktas\/turbo-ii-meditacija\/","og_site_name":"Indre Asada","article_publisher":"https:\/\/www.facebook.com\/asada.indre\/","article_modified_time":"2026-03-24T12:03:57+00:00","og_image":[{"width":380,"height":250,"url":"https:\/\/indreasada.com\/wp-content\/uploads\/2024\/11\/turbo2.jpg","type":"image\/jpeg"}],"twitter_card":"summary_large_image","twitter_misc":{"Est. reading time":"1 minut\u0117"},"schema":{"@context":"https:\/\/schema.org","@graph":[{"@type":"WebPage","@id":"https:\/\/indreasada.com\/lt\/produktas\/turbo-ii-meditacija\/","url":"https:\/\/indreasada.com\/lt\/produktas\/turbo-ii-meditacija\/","name":"Turbo II Meditacija - Indre Asada","isPartOf":{"@id":"https:\/\/indreasada.com\/lt\/#website"},"primaryImageOfPage":{"@id":"https:\/\/indreasada.com\/lt\/produktas\/turbo-ii-meditacija\/#primaryimage"},"image":{"@id":"https:\/\/indreasada.com\/lt\/produktas\/turbo-ii-meditacija\/#primaryimage"},"thumbnailUrl":"https:\/\/indreasada.com\/wp-content\/uploads\/2026\/03\/GYVENIMO-akademija-turbo-2.png","datePublished":"2024-10-24T20:37:53+00:00","dateModified":"2026-03-24T12:03:57+00:00","description":"Pasiekite prad\u017ei\u0173 prad\u017ei\u0105 ir i\u0161valykite giliausius pas\u0105mon\u0117s sluoksnius su \u201eTURBO MEDITACIJA 2\u201c. Transformuokite save jau dabar!","breadcrumb":{"@id":"https:\/\/indreasada.com\/lt\/produktas\/turbo-ii-meditacija\/#breadcrumb"},"inLanguage":"lt-LT","potentialAction":[{"@type":"ReadAction","target":["https:\/\/indreasada.com\/lt\/produktas\/turbo-ii-meditacija\/"]}]},{"@type":"ImageObject","inLanguage":"lt-LT","@id":"https:\/\/indreasada.com\/lt\/produktas\/turbo-ii-meditacija\/#primaryimage","url":"https:\/\/indreasada.com\/wp-content\/uploads\/2026\/03\/GYVENIMO-akademija-turbo-2.png","contentUrl":"https:\/\/indreasada.com\/wp-content\/uploads\/2026\/03\/GYVENIMO-akademija-turbo-2.png","width":950,"height":625,"caption":"GYVENIMO akademija turbo 2"},{"@type":"BreadcrumbList","@id":"https:\/\/indreasada.com\/lt\/produktas\/turbo-ii-meditacija\/#breadcrumb","itemListElement":[{"@type":"ListItem","position":1,"name":"Home","item":"https:\/\/indreasada.com\/lt\/"},{"@type":"ListItem","position":2,"name":"Gyvenimo akademija &#8211; Visi kursai","item":"https:\/\/indreasada.com\/lt\/visi-kursai\/"},{"@type":"ListItem","position":3,"name":"Turbo II Meditacija"}]},{"@type":"WebSite","@id":"https:\/\/indreasada.com\/lt\/#website","url":"https:\/\/indreasada.com\/lt\/","name":"Staging Indre Asada","description":"Holistic Healing for Mind, Body, and Soul","publisher":{"@id":"https:\/\/indreasada.com\/lt\/#organization"},"potentialAction":[{"@type":"SearchAction","target":{"@type":"EntryPoint","urlTemplate":"https:\/\/indreasada.com\/lt\/?s={search_term_string}"},"query-input":{"@type":"PropertyValueSpecification","valueRequired":true,"valueName":"search_term_string"}}],"inLanguage":"lt-LT"},{"@type":"Organization","@id":"https:\/\/indreasada.com\/lt\/#organization","name":"Indre Asada","url":"https:\/\/indreasada.com\/lt\/","logo":{"@type":"ImageObject","inLanguage":"lt-LT","@id":"https:\/\/indreasada.com\/lt\/#\/schema\/logo\/image\/","url":"","contentUrl":"","caption":"Indre Asada"},"image":{"@id":"https:\/\/indreasada.com\/lt\/#\/schema\/logo\/image\/"},"sameAs":["https:\/\/www.facebook.com\/asada.indre\/","https:\/\/www.youtube.com\/channel\/UCDLmKiMAxLtSrl12ddsQMqA","https:\/\/t.me\/indreasadabendravimas","https:\/\/www.instagram.com\/indreasada\/"]}]}},"jetpack_sharing_enabled":true,"_links":{"self":[{"href":"https:\/\/indreasada.com\/lt\/wp-json\/wp\/v2\/product\/8558","targetHints":{"allow":["GET"]}}],"collection":[{"href":"https:\/\/indreasada.com\/lt\/wp-json\/wp\/v2\/product"}],"about":[{"href":"https:\/\/indreasada.com\/lt\/wp-json\/wp\/v2\/types\/product"}],"wp:featuredmedia":[{"embeddable":true,"href":"https:\/\/indreasada.com\/lt\/wp-json\/wp\/v2\/media\/32841"}],"wp:attachment":[{"href":"https:\/\/indreasada.com\/lt\/wp-json\/wp\/v2\/media?parent=8558"}],"wp:term":[{"taxonomy":"product_brand","embeddable":true,"href":"https:\/\/indreasada.com\/lt\/wp-json\/wp\/v2\/product_brand?post=8558"},{"taxonomy":"product_cat","embeddable":true,"href":"https:\/\/indreasada.com\/lt\/wp-json\/wp\/v2\/product_cat?post=8558"},{"taxonomy":"product_tag","embeddable":true,"href":"https:\/\/indreasada.com\/lt\/wp-json\/wp\/v2\/product_tag?post=8558"}],"curies":[{"name":"wp","href":"https:\/\/api.w.org\/{rel}","templated":true}]}}