{"id":9118,"date":"2024-11-09T11:16:43","date_gmt":"2024-11-09T09:16:43","guid":{"rendered":"http:\/\/dev.indreasada.com\/?post_type=product&#038;p=9118"},"modified":"2026-03-24T14:02:57","modified_gmt":"2026-03-24T12:02:57","slug":"raktas-i-gerus-santykius","status":"publish","type":"product","link":"https:\/\/indreasada.com\/lt\/produktas\/raktas-i-gerus-santykius\/","title":{"rendered":"Santyki\u0173 architekt\u016bra"},"content":{"rendered":"<p><strong>Pagrindinis santykis\u201c \u2013 kursas, kuris pad\u0117s jums suprasti ir i\u0161gydyti svarbiausi\u0105 santyk\u012f j\u016bs\u0173 gyvenime \u2013 santyk\u012f su savimi.<\/strong><\/p>\n<p>Santykis su savimi yra pamatas, nuo kurio priklauso visi kiti santykiai: \u0161eimoje, darbe, su draugais ir net su praeiviais. \u0160iame kurse mes gilinam\u0117s \u012f vidin\u012f pasaul\u012f, gydome \u0161irdies \u017eaizdas, kei\u010diame pas\u0105moninius \u012fsitikinimus ir praktikuojame naujus veikimo modelius.<\/p>\n<p><strong>K\u0105 su\u017einosite kurso metu:<\/strong><\/p>\n<ul>\n<li>Kaip santykiai i\u0161kelia m\u016bs\u0173 baimes ir moko mus apie vien\u012f.<\/li>\n<li>Kaip atpa\u017einti pasaulio ir \u017emoni\u0173 atspind\u017eius savo gyvenime.<\/li>\n<li>Kaip pradedant nuo sav\u0119s, pagerinti visus kitus santykius.<\/li>\n<li>Kaip gydyti \u0161irdies \u017eaizdas ir keisti ribojan\u010dius \u012fsitikinimus.<\/li>\n<\/ul>\n<p><strong>Kod\u0117l verta?<\/strong><br \/>\nSantykiai yra stipriausia evoliucin\u0117 j\u0117ga, ver\u010dianti mus augti. \u0160is kursas pad\u0117s suprasti, kaip santykiai su aplinkiniais veikia m\u016bs\u0173 vid\u0173, ir kaip i\u0161gydytas santykis su savimi gali keisti vis\u0105 gyvenim\u0105.<\/p>\n<p><strong>Kurso strukt\u016bra:<\/strong><\/p>\n<ul>\n<li>3 pamokos su galingomis meditacijomis, skirtomis vidiniam gydymui ir santyki\u0173 tobulinimui.<\/li>\n<li>Vir\u0161 6 valand\u0173 praktin\u0117s med\u017eiagos, apiman\u010dios teorij\u0105, meditacijas ir praktikas, kurios kei\u010dia visus santykius j\u016bs\u0173 gyvenime.<\/li>\n<\/ul>\n<p>Prisijunkite prie kurso ir prad\u0117kite savo kelion\u0119 \u012f harmoningus santykius jau \u0161iandien!<\/p>\n","protected":false},"excerpt":{"rendered":"<p>Kursas su meditacijomis, skirtas santyki\u0173 i\u0161gydymui ir harmonijos k\u016brimui visose gyvenimo srityse.<\/p>\n","protected":false},"featured_media":32840,"template":"","meta":{"_acf_changed":false},"product_brand":[],"product_cat":[15],"product_tag":[159,195,149,140,181,191,179,111,192,123,190],"class_list":{"0":"post-9118","1":"product","2":"type-product","3":"status-publish","4":"has-post-thumbnail","6":"product_cat-uncategorized","7":"product_tag-emociju-gydymas","8":"product_tag-jausmu-isgydymas","9":"product_tag-kaltes-jausmas","10":"product_tag-meiles-isgydymas","11":"product_tag-pasitikejimo-sustiprinimas","12":"product_tag-rytine-meditacija","13":"product_tag-santykiu-isgydymas","14":"product_tag-savivertes-isgydymas","15":"product_tag-vakarine-meditacija","16":"product_tag-vidine-harmonija","17":"product_tag-vienisumo-jausmas-ir-santykiai","19":"first","20":"instock","21":"virtual","22":"sold-individually","23":"purchasable","24":"product-type-simple"},"acf":[],"yoast_head":"<!-- This site is optimized with the Yoast SEO Premium plugin v27.3 (Yoast SEO v27.3) - https:\/\/yoast.com\/product\/yoast-seo-premium-wordpress\/ -->\n<title>Santyki\u0173 architekt\u016bra - Indre Asada<\/title>\n<meta name=\"description\" content=\"Atraskite rakt\u0105 \u012f gerus santykius i\u0161gydydami santyk\u012f su savimi. Vsis raktai i sveikus santykius yra j\u016bs\u0173 rankose. Prisijunkite dabar!\" \/>\n<meta name=\"robots\" content=\"index, follow, max-snippet:-1, max-image-preview:large, max-video-preview:-1\" \/>\n<link rel=\"canonical\" href=\"https:\/\/indreasada.com\/lt\/produktas\/raktas-i-gerus-santykius\/\" \/>\n<meta property=\"og:locale\" content=\"lt_LT\" \/>\n<meta property=\"og:type\" content=\"article\" \/>\n<meta property=\"og:title\" content=\"Santyki\u0173 architekt\u016bra\" \/>\n<meta property=\"og:description\" content=\"Atraskite rakt\u0105 \u012f gerus santykius i\u0161gydydami santyk\u012f su savimi. Vsis raktai i sveikus santykius yra j\u016bs\u0173 rankose. Prisijunkite dabar!\" \/>\n<meta property=\"og:url\" content=\"https:\/\/indreasada.com\/lt\/produktas\/raktas-i-gerus-santykius\/\" \/>\n<meta property=\"og:site_name\" content=\"Indre Asada\" \/>\n<meta property=\"article:publisher\" content=\"https:\/\/www.facebook.com\/asada.indre\/\" \/>\n<meta property=\"article:modified_time\" content=\"2026-03-24T12:02:57+00:00\" \/>\n<meta property=\"og:image\" content=\"https:\/\/indreasada.com\/wp-content\/uploads\/2024\/11\/raktai-i-geru-santykius.jpg\" \/>\n\t<meta property=\"og:image:width\" content=\"380\" \/>\n\t<meta property=\"og:image:height\" content=\"250\" \/>\n\t<meta property=\"og:image:type\" content=\"image\/jpeg\" \/>\n<meta name=\"twitter:card\" content=\"summary_large_image\" \/>\n<meta name=\"twitter:label1\" content=\"Est. reading time\" \/>\n\t<meta name=\"twitter:data1\" content=\"1 minut\u0117\" \/>\n<script type=\"application\/ld+json\" class=\"yoast-schema-graph\">{\"@context\":\"https:\\\/\\\/schema.org\",\"@graph\":[{\"@type\":\"WebPage\",\"@id\":\"https:\\\/\\\/indreasada.com\\\/lt\\\/produktas\\\/raktas-i-gerus-santykius\\\/\",\"url\":\"https:\\\/\\\/indreasada.com\\\/lt\\\/produktas\\\/raktas-i-gerus-santykius\\\/\",\"name\":\"Santyki\u0173 architekt\u016bra - Indre Asada\",\"isPartOf\":{\"@id\":\"https:\\\/\\\/indreasada.com\\\/lt\\\/#website\"},\"primaryImageOfPage\":{\"@id\":\"https:\\\/\\\/indreasada.com\\\/lt\\\/produktas\\\/raktas-i-gerus-santykius\\\/#primaryimage\"},\"image\":{\"@id\":\"https:\\\/\\\/indreasada.com\\\/lt\\\/produktas\\\/raktas-i-gerus-santykius\\\/#primaryimage\"},\"thumbnailUrl\":\"https:\\\/\\\/indreasada.com\\\/wp-content\\\/uploads\\\/2026\\\/03\\\/GYVENIMO-akademija-santykiu-architektura.png\",\"datePublished\":\"2024-11-09T09:16:43+00:00\",\"dateModified\":\"2026-03-24T12:02:57+00:00\",\"description\":\"Atraskite rakt\u0105 \u012f gerus santykius i\u0161gydydami santyk\u012f su savimi. Vsis raktai i sveikus santykius yra j\u016bs\u0173 rankose. Prisijunkite dabar!\",\"breadcrumb\":{\"@id\":\"https:\\\/\\\/indreasada.com\\\/lt\\\/produktas\\\/raktas-i-gerus-santykius\\\/#breadcrumb\"},\"inLanguage\":\"lt-LT\",\"potentialAction\":[{\"@type\":\"ReadAction\",\"target\":[\"https:\\\/\\\/indreasada.com\\\/lt\\\/produktas\\\/raktas-i-gerus-santykius\\\/\"]}]},{\"@type\":\"ImageObject\",\"inLanguage\":\"lt-LT\",\"@id\":\"https:\\\/\\\/indreasada.com\\\/lt\\\/produktas\\\/raktas-i-gerus-santykius\\\/#primaryimage\",\"url\":\"https:\\\/\\\/indreasada.com\\\/wp-content\\\/uploads\\\/2026\\\/03\\\/GYVENIMO-akademija-santykiu-architektura.png\",\"contentUrl\":\"https:\\\/\\\/indreasada.com\\\/wp-content\\\/uploads\\\/2026\\\/03\\\/GYVENIMO-akademija-santykiu-architektura.png\",\"width\":950,\"height\":625,\"caption\":\"GYVENIMO akademija santykiu architektura\"},{\"@type\":\"BreadcrumbList\",\"@id\":\"https:\\\/\\\/indreasada.com\\\/lt\\\/produktas\\\/raktas-i-gerus-santykius\\\/#breadcrumb\",\"itemListElement\":[{\"@type\":\"ListItem\",\"position\":1,\"name\":\"Home\",\"item\":\"https:\\\/\\\/indreasada.com\\\/lt\\\/\"},{\"@type\":\"ListItem\",\"position\":2,\"name\":\"Gyvenimo akademija &#8211; Visi kursai\",\"item\":\"https:\\\/\\\/indreasada.com\\\/lt\\\/visi-kursai\\\/\"},{\"@type\":\"ListItem\",\"position\":3,\"name\":\"Santyki\u0173 architekt\u016bra\"}]},{\"@type\":\"WebSite\",\"@id\":\"https:\\\/\\\/indreasada.com\\\/lt\\\/#website\",\"url\":\"https:\\\/\\\/indreasada.com\\\/lt\\\/\",\"name\":\"Staging Indre Asada\",\"description\":\"Holistic Healing for Mind, Body, and Soul\",\"publisher\":{\"@id\":\"https:\\\/\\\/indreasada.com\\\/lt\\\/#organization\"},\"potentialAction\":[{\"@type\":\"SearchAction\",\"target\":{\"@type\":\"EntryPoint\",\"urlTemplate\":\"https:\\\/\\\/indreasada.com\\\/lt\\\/?s={search_term_string}\"},\"query-input\":{\"@type\":\"PropertyValueSpecification\",\"valueRequired\":true,\"valueName\":\"search_term_string\"}}],\"inLanguage\":\"lt-LT\"},{\"@type\":\"Organization\",\"@id\":\"https:\\\/\\\/indreasada.com\\\/lt\\\/#organization\",\"name\":\"Indre Asada\",\"url\":\"https:\\\/\\\/indreasada.com\\\/lt\\\/\",\"logo\":{\"@type\":\"ImageObject\",\"inLanguage\":\"lt-LT\",\"@id\":\"https:\\\/\\\/indreasada.com\\\/lt\\\/#\\\/schema\\\/logo\\\/image\\\/\",\"url\":\"\",\"contentUrl\":\"\",\"caption\":\"Indre Asada\"},\"image\":{\"@id\":\"https:\\\/\\\/indreasada.com\\\/lt\\\/#\\\/schema\\\/logo\\\/image\\\/\"},\"sameAs\":[\"https:\\\/\\\/www.facebook.com\\\/asada.indre\\\/\",\"https:\\\/\\\/www.youtube.com\\\/channel\\\/UCDLmKiMAxLtSrl12ddsQMqA\",\"https:\\\/\\\/t.me\\\/indreasadabendravimas\",\"https:\\\/\\\/www.instagram.com\\\/indreasada\\\/\"]}]}<\/script>\n<!-- \/ Yoast SEO Premium plugin. -->","yoast_head_json":{"title":"Santyki\u0173 architekt\u016bra - Indre Asada","description":"Atraskite rakt\u0105 \u012f gerus santykius i\u0161gydydami santyk\u012f su savimi. Vsis raktai i sveikus santykius yra j\u016bs\u0173 rankose. Prisijunkite dabar!","robots":{"index":"index","follow":"follow","max-snippet":"max-snippet:-1","max-image-preview":"max-image-preview:large","max-video-preview":"max-video-preview:-1"},"canonical":"https:\/\/indreasada.com\/lt\/produktas\/raktas-i-gerus-santykius\/","og_locale":"lt_LT","og_type":"article","og_title":"Santyki\u0173 architekt\u016bra","og_description":"Atraskite rakt\u0105 \u012f gerus santykius i\u0161gydydami santyk\u012f su savimi. Vsis raktai i sveikus santykius yra j\u016bs\u0173 rankose. Prisijunkite dabar!","og_url":"https:\/\/indreasada.com\/lt\/produktas\/raktas-i-gerus-santykius\/","og_site_name":"Indre Asada","article_publisher":"https:\/\/www.facebook.com\/asada.indre\/","article_modified_time":"2026-03-24T12:02:57+00:00","og_image":[{"width":380,"height":250,"url":"https:\/\/indreasada.com\/wp-content\/uploads\/2024\/11\/raktai-i-geru-santykius.jpg","type":"image\/jpeg"}],"twitter_card":"summary_large_image","twitter_misc":{"Est. reading time":"1 minut\u0117"},"schema":{"@context":"https:\/\/schema.org","@graph":[{"@type":"WebPage","@id":"https:\/\/indreasada.com\/lt\/produktas\/raktas-i-gerus-santykius\/","url":"https:\/\/indreasada.com\/lt\/produktas\/raktas-i-gerus-santykius\/","name":"Santyki\u0173 architekt\u016bra - Indre Asada","isPartOf":{"@id":"https:\/\/indreasada.com\/lt\/#website"},"primaryImageOfPage":{"@id":"https:\/\/indreasada.com\/lt\/produktas\/raktas-i-gerus-santykius\/#primaryimage"},"image":{"@id":"https:\/\/indreasada.com\/lt\/produktas\/raktas-i-gerus-santykius\/#primaryimage"},"thumbnailUrl":"https:\/\/indreasada.com\/wp-content\/uploads\/2026\/03\/GYVENIMO-akademija-santykiu-architektura.png","datePublished":"2024-11-09T09:16:43+00:00","dateModified":"2026-03-24T12:02:57+00:00","description":"Atraskite rakt\u0105 \u012f gerus santykius i\u0161gydydami santyk\u012f su savimi. Vsis raktai i sveikus santykius yra j\u016bs\u0173 rankose. Prisijunkite dabar!","breadcrumb":{"@id":"https:\/\/indreasada.com\/lt\/produktas\/raktas-i-gerus-santykius\/#breadcrumb"},"inLanguage":"lt-LT","potentialAction":[{"@type":"ReadAction","target":["https:\/\/indreasada.com\/lt\/produktas\/raktas-i-gerus-santykius\/"]}]},{"@type":"ImageObject","inLanguage":"lt-LT","@id":"https:\/\/indreasada.com\/lt\/produktas\/raktas-i-gerus-santykius\/#primaryimage","url":"https:\/\/indreasada.com\/wp-content\/uploads\/2026\/03\/GYVENIMO-akademija-santykiu-architektura.png","contentUrl":"https:\/\/indreasada.com\/wp-content\/uploads\/2026\/03\/GYVENIMO-akademija-santykiu-architektura.png","width":950,"height":625,"caption":"GYVENIMO akademija santykiu architektura"},{"@type":"BreadcrumbList","@id":"https:\/\/indreasada.com\/lt\/produktas\/raktas-i-gerus-santykius\/#breadcrumb","itemListElement":[{"@type":"ListItem","position":1,"name":"Home","item":"https:\/\/indreasada.com\/lt\/"},{"@type":"ListItem","position":2,"name":"Gyvenimo akademija &#8211; Visi kursai","item":"https:\/\/indreasada.com\/lt\/visi-kursai\/"},{"@type":"ListItem","position":3,"name":"Santyki\u0173 architekt\u016bra"}]},{"@type":"WebSite","@id":"https:\/\/indreasada.com\/lt\/#website","url":"https:\/\/indreasada.com\/lt\/","name":"Staging Indre Asada","description":"Holistic Healing for Mind, Body, and Soul","publisher":{"@id":"https:\/\/indreasada.com\/lt\/#organization"},"potentialAction":[{"@type":"SearchAction","target":{"@type":"EntryPoint","urlTemplate":"https:\/\/indreasada.com\/lt\/?s={search_term_string}"},"query-input":{"@type":"PropertyValueSpecification","valueRequired":true,"valueName":"search_term_string"}}],"inLanguage":"lt-LT"},{"@type":"Organization","@id":"https:\/\/indreasada.com\/lt\/#organization","name":"Indre Asada","url":"https:\/\/indreasada.com\/lt\/","logo":{"@type":"ImageObject","inLanguage":"lt-LT","@id":"https:\/\/indreasada.com\/lt\/#\/schema\/logo\/image\/","url":"","contentUrl":"","caption":"Indre Asada"},"image":{"@id":"https:\/\/indreasada.com\/lt\/#\/schema\/logo\/image\/"},"sameAs":["https:\/\/www.facebook.com\/asada.indre\/","https:\/\/www.youtube.com\/channel\/UCDLmKiMAxLtSrl12ddsQMqA","https:\/\/t.me\/indreasadabendravimas","https:\/\/www.instagram.com\/indreasada\/"]}]}},"jetpack_sharing_enabled":true,"_links":{"self":[{"href":"https:\/\/indreasada.com\/lt\/wp-json\/wp\/v2\/product\/9118","targetHints":{"allow":["GET"]}}],"collection":[{"href":"https:\/\/indreasada.com\/lt\/wp-json\/wp\/v2\/product"}],"about":[{"href":"https:\/\/indreasada.com\/lt\/wp-json\/wp\/v2\/types\/product"}],"wp:featuredmedia":[{"embeddable":true,"href":"https:\/\/indreasada.com\/lt\/wp-json\/wp\/v2\/media\/32840"}],"wp:attachment":[{"href":"https:\/\/indreasada.com\/lt\/wp-json\/wp\/v2\/media?parent=9118"}],"wp:term":[{"taxonomy":"product_brand","embeddable":true,"href":"https:\/\/indreasada.com\/lt\/wp-json\/wp\/v2\/product_brand?post=9118"},{"taxonomy":"product_cat","embeddable":true,"href":"https:\/\/indreasada.com\/lt\/wp-json\/wp\/v2\/product_cat?post=9118"},{"taxonomy":"product_tag","embeddable":true,"href":"https:\/\/indreasada.com\/lt\/wp-json\/wp\/v2\/product_tag?post=9118"}],"curies":[{"name":"wp","href":"https:\/\/api.w.org\/{rel}","templated":true}]}}