{"id":9148,"date":"2024-11-09T12:52:26","date_gmt":"2024-11-09T10:52:26","guid":{"rendered":"http:\/\/dev.indreasada.com\/?post_type=product&#038;p=9148"},"modified":"2026-03-24T13:11:24","modified_gmt":"2026-03-24T11:11:24","slug":"fokuse-vaikai","status":"publish","type":"product","link":"https:\/\/indreasada.com\/lt\/produktas\/fokuse-vaikai\/","title":{"rendered":"Ry\u0161ys su vaiku"},"content":{"rendered":"<p><strong>Fokuse \u2013 VAIKAI \u2013 unikalus kursas t\u0117vams, siekiantiems i\u0161laisvinti save i\u0161 \u201eauklybos\u201c \u012ftampos ir kurti sveikus bei harmoningus santykius su vaikais.<\/strong><\/p>\n<p><strong>Kurso metu:<\/strong><\/p>\n<ul>\n<li>Gydysite savo vidines patirtis ir elgesio kli\u0161es, kurios formuoja j\u016bs\u0173 santyk\u012f su vaikais.<\/li>\n<li>Mokysit\u0117s, kaip atsipalaiduoti, gyventi meil\u0117je ir kurti aplink\u0105, kurioje vaikai nat\u016braliai i\u0161lieka sveiki.<\/li>\n<li>\u012egysite praktini\u0173 \u012franki\u0173, pad\u0117sian\u010di\u0173 spr\u0119sti \u012fvairius klausimus, susijusius su vaik\u0173 aukl\u0117jimu ir nam\u0173 atmosfera.<\/li>\n<li>Kursite pagarbius, supratingus ir tvirtus santykius su savo vaikais.<\/li>\n<li>Dirbsite su meditacijomis, kurios padeda atrasti ir gydyti problem\u0173 \u0161aknis pas\u0105mon\u0117s lygmenyje.<\/li>\n<\/ul>\n<p><strong>Kod\u0117l verta?<\/strong><br \/>\nKursas skirtas t\u0117vams, mokytojams, aukl\u0117tojams, seneliams ir kitiems, kurie nori ne tik pad\u0117ti\u00a0 vaikams, bet ir patys gyventi be \u012ftampos, su d\u017eiaugsmu ir ramybe. Tai yra kelias \u012f harmoning\u0105 santyk\u012f,\u00a0 kur vyrauja pagarba ir supratimas.<\/p>\n<p><strong>Kurso strukt\u016bra:<\/strong><\/p>\n<ul>\n<li>Praktin\u0117s situacij\u0173 analiz\u0117s.<\/li>\n<li>Nam\u0173 u\u017eduotys, padedan\u010dios keisti m\u0105stymo ir veiksm\u0173 modelius.<\/li>\n<li>Nauj\u0173, s\u0105moning\u0173 bendravimo form\u0173 k\u016brimas.<\/li>\n<\/ul>\n<p>Prisijunkite prie kurso ir prad\u0117kite kurti laiming\u0105, harmoning\u0105 \u0161eimos gyvenim\u0105 jau \u0161iandien!<\/p>\n","protected":false},"excerpt":{"rendered":"<p>Kursas t\u0117vams ir pedagogams , skirtas i\u0161laisvinti aukl\u0117jim\u0105 nuo \u012ftampos ir kurti tvirtus santykius su vaikais.<\/p>\n","protected":false},"featured_media":32776,"template":"","meta":{"_acf_changed":false},"product_brand":[],"product_cat":[174],"product_tag":[],"class_list":{"0":"post-9148","1":"product","2":"type-product","3":"status-publish","4":"has-post-thumbnail","6":"product_cat-etapas","8":"first","9":"instock","10":"virtual","11":"sold-individually","12":"purchasable","13":"product-type-simple"},"acf":[],"yoast_head":"<!-- This site is optimized with the Yoast SEO Premium plugin v27.3 (Yoast SEO v27.3) - https:\/\/yoast.com\/product\/yoast-seo-premium-wordpress\/ -->\n<title>Ry\u0161ys su vaiku - Indre Asada<\/title>\n<meta name=\"description\" content=\"I\u0161laisvinkite save i\u0161 aukl\u0117jimo \u012ftampos ir kurkite sveikus, pagarbius santykius su savo vaikais. Prisijunkite prie unikalios kelion\u0117s \u012f harmonij\u0105!\" \/>\n<meta name=\"robots\" content=\"index, follow, max-snippet:-1, max-image-preview:large, max-video-preview:-1\" \/>\n<link rel=\"canonical\" href=\"https:\/\/indreasada.com\/lt\/produktas\/fokuse-vaikai\/\" \/>\n<meta property=\"og:locale\" content=\"lt_LT\" \/>\n<meta property=\"og:type\" content=\"article\" \/>\n<meta property=\"og:title\" content=\"Ry\u0161ys su vaiku\" \/>\n<meta property=\"og:description\" content=\"I\u0161laisvinkite save i\u0161 aukl\u0117jimo \u012ftampos ir kurkite sveikus, pagarbius santykius su savo vaikais. Prisijunkite prie unikalios kelion\u0117s \u012f harmonij\u0105!\" \/>\n<meta property=\"og:url\" content=\"https:\/\/indreasada.com\/lt\/produktas\/fokuse-vaikai\/\" \/>\n<meta property=\"og:site_name\" content=\"Indre Asada\" \/>\n<meta property=\"article:publisher\" content=\"https:\/\/www.facebook.com\/asada.indre\/\" \/>\n<meta property=\"article:modified_time\" content=\"2026-03-24T11:11:24+00:00\" \/>\n<meta property=\"og:image\" content=\"https:\/\/indreasada.com\/wp-content\/uploads\/2024\/11\/fokuse-vaikai-1.jpg\" \/>\n\t<meta property=\"og:image:width\" content=\"380\" \/>\n\t<meta property=\"og:image:height\" content=\"250\" \/>\n\t<meta property=\"og:image:type\" content=\"image\/jpeg\" \/>\n<meta name=\"twitter:card\" content=\"summary_large_image\" \/>\n<meta name=\"twitter:label1\" content=\"Est. reading time\" \/>\n\t<meta name=\"twitter:data1\" content=\"1 minut\u0117\" \/>\n<script type=\"application\/ld+json\" class=\"yoast-schema-graph\">{\"@context\":\"https:\\\/\\\/schema.org\",\"@graph\":[{\"@type\":\"WebPage\",\"@id\":\"https:\\\/\\\/indreasada.com\\\/lt\\\/produktas\\\/fokuse-vaikai\\\/\",\"url\":\"https:\\\/\\\/indreasada.com\\\/lt\\\/produktas\\\/fokuse-vaikai\\\/\",\"name\":\"Ry\u0161ys su vaiku - Indre Asada\",\"isPartOf\":{\"@id\":\"https:\\\/\\\/indreasada.com\\\/lt\\\/#website\"},\"primaryImageOfPage\":{\"@id\":\"https:\\\/\\\/indreasada.com\\\/lt\\\/produktas\\\/fokuse-vaikai\\\/#primaryimage\"},\"image\":{\"@id\":\"https:\\\/\\\/indreasada.com\\\/lt\\\/produktas\\\/fokuse-vaikai\\\/#primaryimage\"},\"thumbnailUrl\":\"https:\\\/\\\/indreasada.com\\\/wp-content\\\/uploads\\\/2026\\\/03\\\/gyvenimo-akademija-rysys-su-vaiku.png\",\"datePublished\":\"2024-11-09T10:52:26+00:00\",\"dateModified\":\"2026-03-24T11:11:24+00:00\",\"description\":\"I\u0161laisvinkite save i\u0161 aukl\u0117jimo \u012ftampos ir kurkite sveikus, pagarbius santykius su savo vaikais. Prisijunkite prie unikalios kelion\u0117s \u012f harmonij\u0105!\",\"breadcrumb\":{\"@id\":\"https:\\\/\\\/indreasada.com\\\/lt\\\/produktas\\\/fokuse-vaikai\\\/#breadcrumb\"},\"inLanguage\":\"lt-LT\",\"potentialAction\":[{\"@type\":\"ReadAction\",\"target\":[\"https:\\\/\\\/indreasada.com\\\/lt\\\/produktas\\\/fokuse-vaikai\\\/\"]}]},{\"@type\":\"ImageObject\",\"inLanguage\":\"lt-LT\",\"@id\":\"https:\\\/\\\/indreasada.com\\\/lt\\\/produktas\\\/fokuse-vaikai\\\/#primaryimage\",\"url\":\"https:\\\/\\\/indreasada.com\\\/wp-content\\\/uploads\\\/2026\\\/03\\\/gyvenimo-akademija-rysys-su-vaiku.png\",\"contentUrl\":\"https:\\\/\\\/indreasada.com\\\/wp-content\\\/uploads\\\/2026\\\/03\\\/gyvenimo-akademija-rysys-su-vaiku.png\",\"width\":950,\"height\":625,\"caption\":\"gyvenimo akademija, rysys su vaiku\"},{\"@type\":\"BreadcrumbList\",\"@id\":\"https:\\\/\\\/indreasada.com\\\/lt\\\/produktas\\\/fokuse-vaikai\\\/#breadcrumb\",\"itemListElement\":[{\"@type\":\"ListItem\",\"position\":1,\"name\":\"Home\",\"item\":\"https:\\\/\\\/indreasada.com\\\/lt\\\/\"},{\"@type\":\"ListItem\",\"position\":2,\"name\":\"Gyvenimo akademija &#8211; Visi kursai\",\"item\":\"https:\\\/\\\/indreasada.com\\\/lt\\\/visi-kursai\\\/\"},{\"@type\":\"ListItem\",\"position\":3,\"name\":\"Ry\u0161ys su vaiku\"}]},{\"@type\":\"WebSite\",\"@id\":\"https:\\\/\\\/indreasada.com\\\/lt\\\/#website\",\"url\":\"https:\\\/\\\/indreasada.com\\\/lt\\\/\",\"name\":\"Staging Indre Asada\",\"description\":\"Holistic Healing for Mind, Body, and Soul\",\"publisher\":{\"@id\":\"https:\\\/\\\/indreasada.com\\\/lt\\\/#organization\"},\"potentialAction\":[{\"@type\":\"SearchAction\",\"target\":{\"@type\":\"EntryPoint\",\"urlTemplate\":\"https:\\\/\\\/indreasada.com\\\/lt\\\/?s={search_term_string}\"},\"query-input\":{\"@type\":\"PropertyValueSpecification\",\"valueRequired\":true,\"valueName\":\"search_term_string\"}}],\"inLanguage\":\"lt-LT\"},{\"@type\":\"Organization\",\"@id\":\"https:\\\/\\\/indreasada.com\\\/lt\\\/#organization\",\"name\":\"Indre Asada\",\"url\":\"https:\\\/\\\/indreasada.com\\\/lt\\\/\",\"logo\":{\"@type\":\"ImageObject\",\"inLanguage\":\"lt-LT\",\"@id\":\"https:\\\/\\\/indreasada.com\\\/lt\\\/#\\\/schema\\\/logo\\\/image\\\/\",\"url\":\"\",\"contentUrl\":\"\",\"caption\":\"Indre Asada\"},\"image\":{\"@id\":\"https:\\\/\\\/indreasada.com\\\/lt\\\/#\\\/schema\\\/logo\\\/image\\\/\"},\"sameAs\":[\"https:\\\/\\\/www.facebook.com\\\/asada.indre\\\/\",\"https:\\\/\\\/www.youtube.com\\\/channel\\\/UCDLmKiMAxLtSrl12ddsQMqA\",\"https:\\\/\\\/t.me\\\/indreasadabendravimas\",\"https:\\\/\\\/www.instagram.com\\\/indreasada\\\/\"]}]}<\/script>\n<!-- \/ Yoast SEO Premium plugin. -->","yoast_head_json":{"title":"Ry\u0161ys su vaiku - Indre Asada","description":"I\u0161laisvinkite save i\u0161 aukl\u0117jimo \u012ftampos ir kurkite sveikus, pagarbius santykius su savo vaikais. Prisijunkite prie unikalios kelion\u0117s \u012f harmonij\u0105!","robots":{"index":"index","follow":"follow","max-snippet":"max-snippet:-1","max-image-preview":"max-image-preview:large","max-video-preview":"max-video-preview:-1"},"canonical":"https:\/\/indreasada.com\/lt\/produktas\/fokuse-vaikai\/","og_locale":"lt_LT","og_type":"article","og_title":"Ry\u0161ys su vaiku","og_description":"I\u0161laisvinkite save i\u0161 aukl\u0117jimo \u012ftampos ir kurkite sveikus, pagarbius santykius su savo vaikais. Prisijunkite prie unikalios kelion\u0117s \u012f harmonij\u0105!","og_url":"https:\/\/indreasada.com\/lt\/produktas\/fokuse-vaikai\/","og_site_name":"Indre Asada","article_publisher":"https:\/\/www.facebook.com\/asada.indre\/","article_modified_time":"2026-03-24T11:11:24+00:00","og_image":[{"width":380,"height":250,"url":"https:\/\/indreasada.com\/wp-content\/uploads\/2024\/11\/fokuse-vaikai-1.jpg","type":"image\/jpeg"}],"twitter_card":"summary_large_image","twitter_misc":{"Est. reading time":"1 minut\u0117"},"schema":{"@context":"https:\/\/schema.org","@graph":[{"@type":"WebPage","@id":"https:\/\/indreasada.com\/lt\/produktas\/fokuse-vaikai\/","url":"https:\/\/indreasada.com\/lt\/produktas\/fokuse-vaikai\/","name":"Ry\u0161ys su vaiku - Indre Asada","isPartOf":{"@id":"https:\/\/indreasada.com\/lt\/#website"},"primaryImageOfPage":{"@id":"https:\/\/indreasada.com\/lt\/produktas\/fokuse-vaikai\/#primaryimage"},"image":{"@id":"https:\/\/indreasada.com\/lt\/produktas\/fokuse-vaikai\/#primaryimage"},"thumbnailUrl":"https:\/\/indreasada.com\/wp-content\/uploads\/2026\/03\/gyvenimo-akademija-rysys-su-vaiku.png","datePublished":"2024-11-09T10:52:26+00:00","dateModified":"2026-03-24T11:11:24+00:00","description":"I\u0161laisvinkite save i\u0161 aukl\u0117jimo \u012ftampos ir kurkite sveikus, pagarbius santykius su savo vaikais. Prisijunkite prie unikalios kelion\u0117s \u012f harmonij\u0105!","breadcrumb":{"@id":"https:\/\/indreasada.com\/lt\/produktas\/fokuse-vaikai\/#breadcrumb"},"inLanguage":"lt-LT","potentialAction":[{"@type":"ReadAction","target":["https:\/\/indreasada.com\/lt\/produktas\/fokuse-vaikai\/"]}]},{"@type":"ImageObject","inLanguage":"lt-LT","@id":"https:\/\/indreasada.com\/lt\/produktas\/fokuse-vaikai\/#primaryimage","url":"https:\/\/indreasada.com\/wp-content\/uploads\/2026\/03\/gyvenimo-akademija-rysys-su-vaiku.png","contentUrl":"https:\/\/indreasada.com\/wp-content\/uploads\/2026\/03\/gyvenimo-akademija-rysys-su-vaiku.png","width":950,"height":625,"caption":"gyvenimo akademija, rysys su vaiku"},{"@type":"BreadcrumbList","@id":"https:\/\/indreasada.com\/lt\/produktas\/fokuse-vaikai\/#breadcrumb","itemListElement":[{"@type":"ListItem","position":1,"name":"Home","item":"https:\/\/indreasada.com\/lt\/"},{"@type":"ListItem","position":2,"name":"Gyvenimo akademija &#8211; Visi kursai","item":"https:\/\/indreasada.com\/lt\/visi-kursai\/"},{"@type":"ListItem","position":3,"name":"Ry\u0161ys su vaiku"}]},{"@type":"WebSite","@id":"https:\/\/indreasada.com\/lt\/#website","url":"https:\/\/indreasada.com\/lt\/","name":"Staging Indre Asada","description":"Holistic Healing for Mind, Body, and Soul","publisher":{"@id":"https:\/\/indreasada.com\/lt\/#organization"},"potentialAction":[{"@type":"SearchAction","target":{"@type":"EntryPoint","urlTemplate":"https:\/\/indreasada.com\/lt\/?s={search_term_string}"},"query-input":{"@type":"PropertyValueSpecification","valueRequired":true,"valueName":"search_term_string"}}],"inLanguage":"lt-LT"},{"@type":"Organization","@id":"https:\/\/indreasada.com\/lt\/#organization","name":"Indre Asada","url":"https:\/\/indreasada.com\/lt\/","logo":{"@type":"ImageObject","inLanguage":"lt-LT","@id":"https:\/\/indreasada.com\/lt\/#\/schema\/logo\/image\/","url":"","contentUrl":"","caption":"Indre Asada"},"image":{"@id":"https:\/\/indreasada.com\/lt\/#\/schema\/logo\/image\/"},"sameAs":["https:\/\/www.facebook.com\/asada.indre\/","https:\/\/www.youtube.com\/channel\/UCDLmKiMAxLtSrl12ddsQMqA","https:\/\/t.me\/indreasadabendravimas","https:\/\/www.instagram.com\/indreasada\/"]}]}},"jetpack_sharing_enabled":true,"_links":{"self":[{"href":"https:\/\/indreasada.com\/lt\/wp-json\/wp\/v2\/product\/9148","targetHints":{"allow":["GET"]}}],"collection":[{"href":"https:\/\/indreasada.com\/lt\/wp-json\/wp\/v2\/product"}],"about":[{"href":"https:\/\/indreasada.com\/lt\/wp-json\/wp\/v2\/types\/product"}],"wp:featuredmedia":[{"embeddable":true,"href":"https:\/\/indreasada.com\/lt\/wp-json\/wp\/v2\/media\/32776"}],"wp:attachment":[{"href":"https:\/\/indreasada.com\/lt\/wp-json\/wp\/v2\/media?parent=9148"}],"wp:term":[{"taxonomy":"product_brand","embeddable":true,"href":"https:\/\/indreasada.com\/lt\/wp-json\/wp\/v2\/product_brand?post=9148"},{"taxonomy":"product_cat","embeddable":true,"href":"https:\/\/indreasada.com\/lt\/wp-json\/wp\/v2\/product_cat?post=9148"},{"taxonomy":"product_tag","embeddable":true,"href":"https:\/\/indreasada.com\/lt\/wp-json\/wp\/v2\/product_tag?post=9148"}],"curies":[{"name":"wp","href":"https:\/\/api.w.org\/{rel}","templated":true}]}}