{"id":9163,"date":"2024-11-09T12:28:37","date_gmt":"2024-11-09T12:28:37","guid":{"rendered":"http:\/\/dev.indreasada.com\/?post_type=product&#038;p=9163"},"modified":"2026-03-24T14:25:40","modified_gmt":"2026-03-24T12:25:40","slug":"verta-moteris","status":"publish","type":"product","link":"https:\/\/indreasada.com\/lt\/produktas\/verta-moteris\/","title":{"rendered":"Verta moteris"},"content":{"rendered":"<p><strong>\u201eVerta moteris\u201c \u2013 kursas, skirtas moterims, norin\u010dioms atkurti vidin\u0119 savivert\u0119, pasitik\u0117jim\u0105 savimi ir sukurti gyvenim\u0105, kuris atspindi j\u0173 tikr\u0105j\u0105 vert\u0119.<\/strong><\/p>\n<p>Kaip su jumis elgiasi aplinkiniai? Kokios aplinkyb\u0117s jus supa? \u0160is kursas pad\u0117s suvokti, kad gyvenimas \u2013 tai veidrodis, atspindintis tai, kas slypi m\u016bs\u0173 viduje. Jei jums nepatinka tai, k\u0105 matote, laikas keisti vidines b\u016bsenas ir gydyti save.<\/p>\n<p><strong>\u0160iame kurse:<\/strong><\/p>\n<ul>\n<li>Gydysite vidines \u017eaizdas: nevertumo jausm\u0105, kalt\u0119, baim\u0119 b\u016bti savimi.<\/li>\n<li>Spr\u0119site giliai pas\u0105mon\u0117je slypin\u010dias problemas, susijusias su skausmu, prievarta, ir tu\u0161tumo jausmu po santyki\u0173.<\/li>\n<li>Gydysite patirtis, atsine\u0161tas ne tik i\u0161 \u0161io gyvenimo, bet ir i\u0161 ankstesni\u0173.<\/li>\n<li>Atkursite savo vidin\u0119 vert\u0119 ir tapsime moterimi, kuri skleid\u017eia pasitik\u0117jim\u0105 ir orum\u0105.<\/li>\n<\/ul>\n<p><strong>Kod\u0117l verta?<\/strong><br \/>\nVerta moteris \u2013 tai moteris su \u201ekar\u016bna\u201c, kuri\u0105 mato ir jau\u010dia visi. Ji n\u0117ra princes\u0117, ie\u0161kanti d\u0117mesio, ji \u2013 karalien\u0117, kuri su pasitik\u0117jimu kuria savo gyvenim\u0105. \u0160is kursas \u2013 tai kelias \u012f j\u016bs\u0173 asmenin\u0119 transformacij\u0105, kurio metu atrasite savo tikr\u0105j\u0105 vert\u0119.<\/p>\n<p><strong>K\u0105 gausite?<\/strong><\/p>\n<ul>\n<li>Praktines pamokas su meditacijomis, skirtomis vidiniam gydymui ir savivert\u0117s stiprinimui.<\/li>\n<li>Galimyb\u0119 spr\u0119sti vidinius blokus, kurie trukdo pasitik\u0117ti savimi.<\/li>\n<li>Naujus \u012frankius, kaip kurti gyvenim\u0105, kuris atspindi j\u016bs\u0173 tikr\u0105j\u0105 vert\u0119.<\/li>\n<\/ul>\n<p>Prisijunkite prie kurso ir prad\u0117kite kelion\u0119 \u012f savo vert\u0105 gyvenim\u0105 jau \u0161iandien!<\/p>\n","protected":false},"excerpt":{"rendered":"<p class=\"ai-optimize-27 ai-optimize-introduction\">Kursas moterims, skirtas vidin\u0117s savivert\u0117s atk\u016brimui ir gyvenimo transformacijai.<\/p>\n","protected":false},"featured_media":32850,"template":"","meta":{"_acf_changed":false},"product_brand":[],"product_cat":[174],"product_tag":[159,149,181,111],"class_list":{"0":"post-9163","1":"product","2":"type-product","3":"status-publish","4":"has-post-thumbnail","6":"product_cat-etapas","7":"product_tag-emociju-gydymas","8":"product_tag-kaltes-jausmas","9":"product_tag-pasitikejimo-sustiprinimas","10":"product_tag-savivertes-isgydymas","12":"first","13":"instock","14":"virtual","15":"sold-individually","16":"purchasable","17":"product-type-simple"},"acf":[],"yoast_head":"<!-- This site is optimized with the Yoast SEO Premium plugin v27.3 (Yoast SEO v27.3) - https:\/\/yoast.com\/product\/yoast-seo-premium-wordpress\/ -->\n<title>Verta moteris - Indre Asada<\/title>\n<meta name=\"description\" content=\"Atraskite savo vidin\u0119 vert\u0119 ir pasitik\u0117jim\u0105 savimi. I\u0161gydykite praeities \u017eaizdas ir kurkite gyvenim\u0105, kuris atspindi j\u016bs\u0173 tikr\u0105j\u0105 vert\u0119. Prisijunkite dabar!\" \/>\n<meta name=\"robots\" content=\"index, follow, max-snippet:-1, max-image-preview:large, max-video-preview:-1\" \/>\n<link rel=\"canonical\" href=\"https:\/\/indreasada.com\/lt\/produktas\/verta-moteris\/\" \/>\n<meta property=\"og:locale\" content=\"lt_LT\" \/>\n<meta property=\"og:type\" content=\"article\" \/>\n<meta property=\"og:title\" content=\"Verta moteris\" \/>\n<meta property=\"og:description\" content=\"Atraskite savo vidin\u0119 vert\u0119 ir pasitik\u0117jim\u0105 savimi. I\u0161gydykite praeities \u017eaizdas ir kurkite gyvenim\u0105, kuris atspindi j\u016bs\u0173 tikr\u0105j\u0105 vert\u0119. Prisijunkite dabar!\" \/>\n<meta property=\"og:url\" content=\"https:\/\/indreasada.com\/lt\/produktas\/verta-moteris\/\" \/>\n<meta property=\"og:site_name\" content=\"Indre Asada\" \/>\n<meta property=\"article:publisher\" content=\"https:\/\/www.facebook.com\/asada.indre\/\" \/>\n<meta property=\"article:modified_time\" content=\"2026-03-24T12:25:40+00:00\" \/>\n<meta property=\"og:image\" content=\"https:\/\/indreasada.com\/wp-content\/uploads\/2024\/11\/verta-moteris.jpg\" \/>\n\t<meta property=\"og:image:width\" content=\"380\" \/>\n\t<meta property=\"og:image:height\" content=\"250\" \/>\n\t<meta property=\"og:image:type\" content=\"image\/jpeg\" \/>\n<meta name=\"twitter:card\" content=\"summary_large_image\" \/>\n<meta name=\"twitter:label1\" content=\"Est. reading time\" \/>\n\t<meta name=\"twitter:data1\" content=\"2 minut\u0117s\" \/>\n<script type=\"application\/ld+json\" class=\"yoast-schema-graph\">{\"@context\":\"https:\\\/\\\/schema.org\",\"@graph\":[{\"@type\":\"WebPage\",\"@id\":\"https:\\\/\\\/indreasada.com\\\/lt\\\/produktas\\\/verta-moteris\\\/\",\"url\":\"https:\\\/\\\/indreasada.com\\\/lt\\\/produktas\\\/verta-moteris\\\/\",\"name\":\"Verta moteris - Indre Asada\",\"isPartOf\":{\"@id\":\"https:\\\/\\\/indreasada.com\\\/lt\\\/#website\"},\"primaryImageOfPage\":{\"@id\":\"https:\\\/\\\/indreasada.com\\\/lt\\\/produktas\\\/verta-moteris\\\/#primaryimage\"},\"image\":{\"@id\":\"https:\\\/\\\/indreasada.com\\\/lt\\\/produktas\\\/verta-moteris\\\/#primaryimage\"},\"thumbnailUrl\":\"https:\\\/\\\/indreasada.com\\\/wp-content\\\/uploads\\\/2026\\\/03\\\/GYVENIMO-akademija-verta-moteris.png\",\"datePublished\":\"2024-11-09T12:28:37+00:00\",\"dateModified\":\"2026-03-24T12:25:40+00:00\",\"description\":\"Atraskite savo vidin\u0119 vert\u0119 ir pasitik\u0117jim\u0105 savimi. I\u0161gydykite praeities \u017eaizdas ir kurkite gyvenim\u0105, kuris atspindi j\u016bs\u0173 tikr\u0105j\u0105 vert\u0119. Prisijunkite dabar!\",\"breadcrumb\":{\"@id\":\"https:\\\/\\\/indreasada.com\\\/lt\\\/produktas\\\/verta-moteris\\\/#breadcrumb\"},\"inLanguage\":\"lt-LT\",\"potentialAction\":[{\"@type\":\"ReadAction\",\"target\":[\"https:\\\/\\\/indreasada.com\\\/lt\\\/produktas\\\/verta-moteris\\\/\"]}]},{\"@type\":\"ImageObject\",\"inLanguage\":\"lt-LT\",\"@id\":\"https:\\\/\\\/indreasada.com\\\/lt\\\/produktas\\\/verta-moteris\\\/#primaryimage\",\"url\":\"https:\\\/\\\/indreasada.com\\\/wp-content\\\/uploads\\\/2026\\\/03\\\/GYVENIMO-akademija-verta-moteris.png\",\"contentUrl\":\"https:\\\/\\\/indreasada.com\\\/wp-content\\\/uploads\\\/2026\\\/03\\\/GYVENIMO-akademija-verta-moteris.png\",\"width\":950,\"height\":625},{\"@type\":\"BreadcrumbList\",\"@id\":\"https:\\\/\\\/indreasada.com\\\/lt\\\/produktas\\\/verta-moteris\\\/#breadcrumb\",\"itemListElement\":[{\"@type\":\"ListItem\",\"position\":1,\"name\":\"Home\",\"item\":\"https:\\\/\\\/indreasada.com\\\/lt\\\/\"},{\"@type\":\"ListItem\",\"position\":2,\"name\":\"Gyvenimo akademija &#8211; Visi kursai\",\"item\":\"https:\\\/\\\/indreasada.com\\\/lt\\\/visi-kursai\\\/\"},{\"@type\":\"ListItem\",\"position\":3,\"name\":\"Verta moteris\"}]},{\"@type\":\"WebSite\",\"@id\":\"https:\\\/\\\/indreasada.com\\\/lt\\\/#website\",\"url\":\"https:\\\/\\\/indreasada.com\\\/lt\\\/\",\"name\":\"Staging Indre Asada\",\"description\":\"Holistic Healing for Mind, Body, and Soul\",\"publisher\":{\"@id\":\"https:\\\/\\\/indreasada.com\\\/lt\\\/#organization\"},\"potentialAction\":[{\"@type\":\"SearchAction\",\"target\":{\"@type\":\"EntryPoint\",\"urlTemplate\":\"https:\\\/\\\/indreasada.com\\\/lt\\\/?s={search_term_string}\"},\"query-input\":{\"@type\":\"PropertyValueSpecification\",\"valueRequired\":true,\"valueName\":\"search_term_string\"}}],\"inLanguage\":\"lt-LT\"},{\"@type\":\"Organization\",\"@id\":\"https:\\\/\\\/indreasada.com\\\/lt\\\/#organization\",\"name\":\"Indre Asada\",\"url\":\"https:\\\/\\\/indreasada.com\\\/lt\\\/\",\"logo\":{\"@type\":\"ImageObject\",\"inLanguage\":\"lt-LT\",\"@id\":\"https:\\\/\\\/indreasada.com\\\/lt\\\/#\\\/schema\\\/logo\\\/image\\\/\",\"url\":\"\",\"contentUrl\":\"\",\"caption\":\"Indre Asada\"},\"image\":{\"@id\":\"https:\\\/\\\/indreasada.com\\\/lt\\\/#\\\/schema\\\/logo\\\/image\\\/\"},\"sameAs\":[\"https:\\\/\\\/www.facebook.com\\\/asada.indre\\\/\",\"https:\\\/\\\/www.youtube.com\\\/channel\\\/UCDLmKiMAxLtSrl12ddsQMqA\",\"https:\\\/\\\/t.me\\\/indreasadabendravimas\",\"https:\\\/\\\/www.instagram.com\\\/indreasada\\\/\"]}]}<\/script>\n<!-- \/ Yoast SEO Premium plugin. -->","yoast_head_json":{"title":"Verta moteris - Indre Asada","description":"Atraskite savo vidin\u0119 vert\u0119 ir pasitik\u0117jim\u0105 savimi. I\u0161gydykite praeities \u017eaizdas ir kurkite gyvenim\u0105, kuris atspindi j\u016bs\u0173 tikr\u0105j\u0105 vert\u0119. Prisijunkite dabar!","robots":{"index":"index","follow":"follow","max-snippet":"max-snippet:-1","max-image-preview":"max-image-preview:large","max-video-preview":"max-video-preview:-1"},"canonical":"https:\/\/indreasada.com\/lt\/produktas\/verta-moteris\/","og_locale":"lt_LT","og_type":"article","og_title":"Verta moteris","og_description":"Atraskite savo vidin\u0119 vert\u0119 ir pasitik\u0117jim\u0105 savimi. I\u0161gydykite praeities \u017eaizdas ir kurkite gyvenim\u0105, kuris atspindi j\u016bs\u0173 tikr\u0105j\u0105 vert\u0119. Prisijunkite dabar!","og_url":"https:\/\/indreasada.com\/lt\/produktas\/verta-moteris\/","og_site_name":"Indre Asada","article_publisher":"https:\/\/www.facebook.com\/asada.indre\/","article_modified_time":"2026-03-24T12:25:40+00:00","og_image":[{"width":380,"height":250,"url":"https:\/\/indreasada.com\/wp-content\/uploads\/2024\/11\/verta-moteris.jpg","type":"image\/jpeg"}],"twitter_card":"summary_large_image","twitter_misc":{"Est. reading time":"2 minut\u0117s"},"schema":{"@context":"https:\/\/schema.org","@graph":[{"@type":"WebPage","@id":"https:\/\/indreasada.com\/lt\/produktas\/verta-moteris\/","url":"https:\/\/indreasada.com\/lt\/produktas\/verta-moteris\/","name":"Verta moteris - Indre Asada","isPartOf":{"@id":"https:\/\/indreasada.com\/lt\/#website"},"primaryImageOfPage":{"@id":"https:\/\/indreasada.com\/lt\/produktas\/verta-moteris\/#primaryimage"},"image":{"@id":"https:\/\/indreasada.com\/lt\/produktas\/verta-moteris\/#primaryimage"},"thumbnailUrl":"https:\/\/indreasada.com\/wp-content\/uploads\/2026\/03\/GYVENIMO-akademija-verta-moteris.png","datePublished":"2024-11-09T12:28:37+00:00","dateModified":"2026-03-24T12:25:40+00:00","description":"Atraskite savo vidin\u0119 vert\u0119 ir pasitik\u0117jim\u0105 savimi. I\u0161gydykite praeities \u017eaizdas ir kurkite gyvenim\u0105, kuris atspindi j\u016bs\u0173 tikr\u0105j\u0105 vert\u0119. Prisijunkite dabar!","breadcrumb":{"@id":"https:\/\/indreasada.com\/lt\/produktas\/verta-moteris\/#breadcrumb"},"inLanguage":"lt-LT","potentialAction":[{"@type":"ReadAction","target":["https:\/\/indreasada.com\/lt\/produktas\/verta-moteris\/"]}]},{"@type":"ImageObject","inLanguage":"lt-LT","@id":"https:\/\/indreasada.com\/lt\/produktas\/verta-moteris\/#primaryimage","url":"https:\/\/indreasada.com\/wp-content\/uploads\/2026\/03\/GYVENIMO-akademija-verta-moteris.png","contentUrl":"https:\/\/indreasada.com\/wp-content\/uploads\/2026\/03\/GYVENIMO-akademija-verta-moteris.png","width":950,"height":625},{"@type":"BreadcrumbList","@id":"https:\/\/indreasada.com\/lt\/produktas\/verta-moteris\/#breadcrumb","itemListElement":[{"@type":"ListItem","position":1,"name":"Home","item":"https:\/\/indreasada.com\/lt\/"},{"@type":"ListItem","position":2,"name":"Gyvenimo akademija &#8211; Visi kursai","item":"https:\/\/indreasada.com\/lt\/visi-kursai\/"},{"@type":"ListItem","position":3,"name":"Verta moteris"}]},{"@type":"WebSite","@id":"https:\/\/indreasada.com\/lt\/#website","url":"https:\/\/indreasada.com\/lt\/","name":"Staging Indre Asada","description":"Holistic Healing for Mind, Body, and Soul","publisher":{"@id":"https:\/\/indreasada.com\/lt\/#organization"},"potentialAction":[{"@type":"SearchAction","target":{"@type":"EntryPoint","urlTemplate":"https:\/\/indreasada.com\/lt\/?s={search_term_string}"},"query-input":{"@type":"PropertyValueSpecification","valueRequired":true,"valueName":"search_term_string"}}],"inLanguage":"lt-LT"},{"@type":"Organization","@id":"https:\/\/indreasada.com\/lt\/#organization","name":"Indre Asada","url":"https:\/\/indreasada.com\/lt\/","logo":{"@type":"ImageObject","inLanguage":"lt-LT","@id":"https:\/\/indreasada.com\/lt\/#\/schema\/logo\/image\/","url":"","contentUrl":"","caption":"Indre Asada"},"image":{"@id":"https:\/\/indreasada.com\/lt\/#\/schema\/logo\/image\/"},"sameAs":["https:\/\/www.facebook.com\/asada.indre\/","https:\/\/www.youtube.com\/channel\/UCDLmKiMAxLtSrl12ddsQMqA","https:\/\/t.me\/indreasadabendravimas","https:\/\/www.instagram.com\/indreasada\/"]}]}},"jetpack_sharing_enabled":true,"_links":{"self":[{"href":"https:\/\/indreasada.com\/lt\/wp-json\/wp\/v2\/product\/9163","targetHints":{"allow":["GET"]}}],"collection":[{"href":"https:\/\/indreasada.com\/lt\/wp-json\/wp\/v2\/product"}],"about":[{"href":"https:\/\/indreasada.com\/lt\/wp-json\/wp\/v2\/types\/product"}],"wp:featuredmedia":[{"embeddable":true,"href":"https:\/\/indreasada.com\/lt\/wp-json\/wp\/v2\/media\/32850"}],"wp:attachment":[{"href":"https:\/\/indreasada.com\/lt\/wp-json\/wp\/v2\/media?parent=9163"}],"wp:term":[{"taxonomy":"product_brand","embeddable":true,"href":"https:\/\/indreasada.com\/lt\/wp-json\/wp\/v2\/product_brand?post=9163"},{"taxonomy":"product_cat","embeddable":true,"href":"https:\/\/indreasada.com\/lt\/wp-json\/wp\/v2\/product_cat?post=9163"},{"taxonomy":"product_tag","embeddable":true,"href":"https:\/\/indreasada.com\/lt\/wp-json\/wp\/v2\/product_tag?post=9163"}],"curies":[{"name":"wp","href":"https:\/\/api.w.org\/{rel}","templated":true}]}}