{"id":9220,"date":"2024-11-09T13:40:12","date_gmt":"2024-11-09T13:40:12","guid":{"rendered":"http:\/\/dev.indreasada.com\/?post_type=product&#038;p=9220"},"modified":"2026-04-16T16:52:05","modified_gmt":"2026-04-16T13:52:05","slug":"samoningumas-gyvenime","status":"publish","type":"product","link":"https:\/\/indreasada.com\/lt\/produktas\/samoningumas-gyvenime\/","title":{"rendered":"S\u0105moningumas gyvenime"},"content":{"rendered":"<p><strong>\u201eS\u0105moningumas gyvenime\u201c \u2013 seminaras, kuris taps pagrindu j\u016bs\u0173 gyvenimui, pad\u0117siantis nuraminti prot\u0105, atrasti esm\u0119 ir i\u0161mokti s\u0105moningai pasirinkti.<\/strong><\/p>\n<p>\u0160iame seminare:<\/p>\n<ul>\n<li><strong>Nuraminsite prot\u0105<\/strong> ir \u012fvesite ai\u0161kias ribas, kurios apsaugos nuo bla\u0161kymosi ir energijos \u0161vaistymo.<\/li>\n<li><strong>Atrasite esm\u0119<\/strong> ir i\u0161moksite pamatyti platesn\u012f gyvenimo paveiksl\u0105.<\/li>\n<li><strong>I\u0161moksite priimti s\u0105moningus sprendimus<\/strong>, kurie apsaugos nuo bereikaling\u0173 klaid\u0173 ir leis taupyti laik\u0105 bei pinigus.<\/li>\n<\/ul>\n<p><strong>K\u0105 gausite?<\/strong><\/p>\n<ul>\n<li>3 pagrindines pamokas su giliomis meditacijomis.<\/li>\n<li>Papildomus bonusus, \u012fskaitant galimyb\u0119 parsisi\u0173sti rytines ir vakarines meditacijas bei klausytis j\u0173 be reklam\u0173.<\/li>\n<\/ul>\n<p><strong>Kod\u0117l verta?<\/strong><br \/>\n\u0160is seminaras \u2013 tai ne tik gyvenimo pagrind\u0173 kursas, bet ir praktinis \u012frankis, kuris pad\u0117s s\u0105moningai kurti savo gyvenim\u0105. S\u0105moningumas suteikia ramyb\u0117s, ai\u0161kumo ir pasitik\u0117jimo priimant sprendimus.<\/p>\n<p>Prisijunkite prie kurso ir prad\u0117kite gyventi s\u0105moningai jau \u0161iandien!<\/p>\n","protected":false},"excerpt":{"rendered":"<p>Seminaras su meditacijomis, skirtas s\u0105moningumui lavinti, ai\u0161kumui rasti ir gyvenimui be bla\u0161kymosi kurti.<\/p>\n","protected":false},"featured_media":32843,"template":"","meta":{"_acf_changed":false},"product_brand":[],"product_cat":[305,176],"product_tag":[],"class_list":{"0":"post-9220","1":"product","2":"type-product","3":"status-publish","4":"has-post-thumbnail","6":"product_cat-samoningumas-ir-vidinis-virsmas","7":"product_cat-seminarai","9":"first","10":"instock","11":"virtual","12":"sold-individually","13":"purchasable","14":"product-type-simple"},"acf":[],"yoast_head":"<!-- This site is optimized with the Yoast SEO Premium plugin v27.3 (Yoast SEO v27.3) - https:\/\/yoast.com\/product\/yoast-seo-premium-wordpress\/ -->\n<title>S\u0105moningumas gyvenime - Indre Asada<\/title>\n<meta name=\"description\" content=\"Atraskite s\u0105moningum\u0105 kaip pagrind\u0105 gyvenimui. Nuraminkite prot\u0105, priimkite s\u0105moningus sprendimus ir i\u0161mokite gyventi harmoningai. Prisijunkite dabar!\" \/>\n<meta name=\"robots\" content=\"index, follow, max-snippet:-1, max-image-preview:large, max-video-preview:-1\" \/>\n<link rel=\"canonical\" href=\"https:\/\/indreasada.com\/lt\/produktas\/samoningumas-gyvenime\/\" \/>\n<meta property=\"og:locale\" content=\"lt_LT\" \/>\n<meta property=\"og:type\" content=\"article\" \/>\n<meta property=\"og:title\" content=\"S\u0105moningumas gyvenime\" \/>\n<meta property=\"og:description\" content=\"Atraskite s\u0105moningum\u0105 kaip pagrind\u0105 gyvenimui. Nuraminkite prot\u0105, priimkite s\u0105moningus sprendimus ir i\u0161mokite gyventi harmoningai. Prisijunkite dabar!\" \/>\n<meta property=\"og:url\" content=\"https:\/\/indreasada.com\/lt\/produktas\/samoningumas-gyvenime\/\" \/>\n<meta property=\"og:site_name\" content=\"Indre Asada\" \/>\n<meta property=\"article:publisher\" content=\"https:\/\/www.facebook.com\/asada.indre\/\" \/>\n<meta property=\"article:modified_time\" content=\"2026-04-16T13:52:05+00:00\" \/>\n<meta property=\"og:image\" content=\"https:\/\/indreasada.com\/wp-content\/uploads\/2026\/03\/GYVENIMO-akademija-samoningumas.png\" \/>\n\t<meta property=\"og:image:width\" content=\"950\" \/>\n\t<meta property=\"og:image:height\" content=\"625\" \/>\n\t<meta property=\"og:image:type\" content=\"image\/png\" \/>\n<meta name=\"twitter:card\" content=\"summary_large_image\" \/>\n<meta name=\"twitter:label1\" content=\"Est. reading time\" \/>\n\t<meta name=\"twitter:data1\" content=\"1 minut\u0117\" \/>\n<script type=\"application\/ld+json\" class=\"yoast-schema-graph\">{\"@context\":\"https:\\\/\\\/schema.org\",\"@graph\":[{\"@type\":\"WebPage\",\"@id\":\"https:\\\/\\\/indreasada.com\\\/lt\\\/produktas\\\/samoningumas-gyvenime\\\/\",\"url\":\"https:\\\/\\\/indreasada.com\\\/lt\\\/produktas\\\/samoningumas-gyvenime\\\/\",\"name\":\"S\u0105moningumas gyvenime - Indre Asada\",\"isPartOf\":{\"@id\":\"https:\\\/\\\/indreasada.com\\\/lt\\\/#website\"},\"primaryImageOfPage\":{\"@id\":\"https:\\\/\\\/indreasada.com\\\/lt\\\/produktas\\\/samoningumas-gyvenime\\\/#primaryimage\"},\"image\":{\"@id\":\"https:\\\/\\\/indreasada.com\\\/lt\\\/produktas\\\/samoningumas-gyvenime\\\/#primaryimage\"},\"thumbnailUrl\":\"https:\\\/\\\/indreasada.com\\\/wp-content\\\/uploads\\\/2026\\\/03\\\/GYVENIMO-akademija-samoningumas.png\",\"datePublished\":\"2024-11-09T13:40:12+00:00\",\"dateModified\":\"2026-04-16T13:52:05+00:00\",\"description\":\"Atraskite s\u0105moningum\u0105 kaip pagrind\u0105 gyvenimui. Nuraminkite prot\u0105, priimkite s\u0105moningus sprendimus ir i\u0161mokite gyventi harmoningai. Prisijunkite dabar!\",\"breadcrumb\":{\"@id\":\"https:\\\/\\\/indreasada.com\\\/lt\\\/produktas\\\/samoningumas-gyvenime\\\/#breadcrumb\"},\"inLanguage\":\"lt-LT\",\"potentialAction\":[{\"@type\":\"ReadAction\",\"target\":[\"https:\\\/\\\/indreasada.com\\\/lt\\\/produktas\\\/samoningumas-gyvenime\\\/\"]}]},{\"@type\":\"ImageObject\",\"inLanguage\":\"lt-LT\",\"@id\":\"https:\\\/\\\/indreasada.com\\\/lt\\\/produktas\\\/samoningumas-gyvenime\\\/#primaryimage\",\"url\":\"https:\\\/\\\/indreasada.com\\\/wp-content\\\/uploads\\\/2026\\\/03\\\/GYVENIMO-akademija-samoningumas.png\",\"contentUrl\":\"https:\\\/\\\/indreasada.com\\\/wp-content\\\/uploads\\\/2026\\\/03\\\/GYVENIMO-akademija-samoningumas.png\",\"width\":950,\"height\":625,\"caption\":\"GYVENIMO akademija samoningumas\"},{\"@type\":\"BreadcrumbList\",\"@id\":\"https:\\\/\\\/indreasada.com\\\/lt\\\/produktas\\\/samoningumas-gyvenime\\\/#breadcrumb\",\"itemListElement\":[{\"@type\":\"ListItem\",\"position\":1,\"name\":\"Home\",\"item\":\"https:\\\/\\\/indreasada.com\\\/lt\\\/\"},{\"@type\":\"ListItem\",\"position\":2,\"name\":\"Gyvenimo akademija &#8211; Visi kursai\",\"item\":\"https:\\\/\\\/indreasada.com\\\/lt\\\/visi-kursai\\\/\"},{\"@type\":\"ListItem\",\"position\":3,\"name\":\"S\u0105moningumas gyvenime\"}]},{\"@type\":\"WebSite\",\"@id\":\"https:\\\/\\\/indreasada.com\\\/lt\\\/#website\",\"url\":\"https:\\\/\\\/indreasada.com\\\/lt\\\/\",\"name\":\"Staging Indre Asada\",\"description\":\"Holistic Healing for Mind, Body, and Soul\",\"publisher\":{\"@id\":\"https:\\\/\\\/indreasada.com\\\/lt\\\/#organization\"},\"potentialAction\":[{\"@type\":\"SearchAction\",\"target\":{\"@type\":\"EntryPoint\",\"urlTemplate\":\"https:\\\/\\\/indreasada.com\\\/lt\\\/?s={search_term_string}\"},\"query-input\":{\"@type\":\"PropertyValueSpecification\",\"valueRequired\":true,\"valueName\":\"search_term_string\"}}],\"inLanguage\":\"lt-LT\"},{\"@type\":\"Organization\",\"@id\":\"https:\\\/\\\/indreasada.com\\\/lt\\\/#organization\",\"name\":\"Indre Asada\",\"url\":\"https:\\\/\\\/indreasada.com\\\/lt\\\/\",\"logo\":{\"@type\":\"ImageObject\",\"inLanguage\":\"lt-LT\",\"@id\":\"https:\\\/\\\/indreasada.com\\\/lt\\\/#\\\/schema\\\/logo\\\/image\\\/\",\"url\":\"\",\"contentUrl\":\"\",\"caption\":\"Indre Asada\"},\"image\":{\"@id\":\"https:\\\/\\\/indreasada.com\\\/lt\\\/#\\\/schema\\\/logo\\\/image\\\/\"},\"sameAs\":[\"https:\\\/\\\/www.facebook.com\\\/asada.indre\\\/\",\"https:\\\/\\\/www.youtube.com\\\/channel\\\/UCDLmKiMAxLtSrl12ddsQMqA\",\"https:\\\/\\\/t.me\\\/indreasadabendravimas\",\"https:\\\/\\\/www.instagram.com\\\/indreasada\\\/\"]}]}<\/script>\n<!-- \/ Yoast SEO Premium plugin. -->","yoast_head_json":{"title":"S\u0105moningumas gyvenime - Indre Asada","description":"Atraskite s\u0105moningum\u0105 kaip pagrind\u0105 gyvenimui. Nuraminkite prot\u0105, priimkite s\u0105moningus sprendimus ir i\u0161mokite gyventi harmoningai. Prisijunkite dabar!","robots":{"index":"index","follow":"follow","max-snippet":"max-snippet:-1","max-image-preview":"max-image-preview:large","max-video-preview":"max-video-preview:-1"},"canonical":"https:\/\/indreasada.com\/lt\/produktas\/samoningumas-gyvenime\/","og_locale":"lt_LT","og_type":"article","og_title":"S\u0105moningumas gyvenime","og_description":"Atraskite s\u0105moningum\u0105 kaip pagrind\u0105 gyvenimui. Nuraminkite prot\u0105, priimkite s\u0105moningus sprendimus ir i\u0161mokite gyventi harmoningai. Prisijunkite dabar!","og_url":"https:\/\/indreasada.com\/lt\/produktas\/samoningumas-gyvenime\/","og_site_name":"Indre Asada","article_publisher":"https:\/\/www.facebook.com\/asada.indre\/","article_modified_time":"2026-04-16T13:52:05+00:00","og_image":[{"width":950,"height":625,"url":"https:\/\/indreasada.com\/wp-content\/uploads\/2026\/03\/GYVENIMO-akademija-samoningumas.png","type":"image\/png"}],"twitter_card":"summary_large_image","twitter_misc":{"Est. reading time":"1 minut\u0117"},"schema":{"@context":"https:\/\/schema.org","@graph":[{"@type":"WebPage","@id":"https:\/\/indreasada.com\/lt\/produktas\/samoningumas-gyvenime\/","url":"https:\/\/indreasada.com\/lt\/produktas\/samoningumas-gyvenime\/","name":"S\u0105moningumas gyvenime - Indre Asada","isPartOf":{"@id":"https:\/\/indreasada.com\/lt\/#website"},"primaryImageOfPage":{"@id":"https:\/\/indreasada.com\/lt\/produktas\/samoningumas-gyvenime\/#primaryimage"},"image":{"@id":"https:\/\/indreasada.com\/lt\/produktas\/samoningumas-gyvenime\/#primaryimage"},"thumbnailUrl":"https:\/\/indreasada.com\/wp-content\/uploads\/2026\/03\/GYVENIMO-akademija-samoningumas.png","datePublished":"2024-11-09T13:40:12+00:00","dateModified":"2026-04-16T13:52:05+00:00","description":"Atraskite s\u0105moningum\u0105 kaip pagrind\u0105 gyvenimui. Nuraminkite prot\u0105, priimkite s\u0105moningus sprendimus ir i\u0161mokite gyventi harmoningai. Prisijunkite dabar!","breadcrumb":{"@id":"https:\/\/indreasada.com\/lt\/produktas\/samoningumas-gyvenime\/#breadcrumb"},"inLanguage":"lt-LT","potentialAction":[{"@type":"ReadAction","target":["https:\/\/indreasada.com\/lt\/produktas\/samoningumas-gyvenime\/"]}]},{"@type":"ImageObject","inLanguage":"lt-LT","@id":"https:\/\/indreasada.com\/lt\/produktas\/samoningumas-gyvenime\/#primaryimage","url":"https:\/\/indreasada.com\/wp-content\/uploads\/2026\/03\/GYVENIMO-akademija-samoningumas.png","contentUrl":"https:\/\/indreasada.com\/wp-content\/uploads\/2026\/03\/GYVENIMO-akademija-samoningumas.png","width":950,"height":625,"caption":"GYVENIMO akademija samoningumas"},{"@type":"BreadcrumbList","@id":"https:\/\/indreasada.com\/lt\/produktas\/samoningumas-gyvenime\/#breadcrumb","itemListElement":[{"@type":"ListItem","position":1,"name":"Home","item":"https:\/\/indreasada.com\/lt\/"},{"@type":"ListItem","position":2,"name":"Gyvenimo akademija &#8211; Visi kursai","item":"https:\/\/indreasada.com\/lt\/visi-kursai\/"},{"@type":"ListItem","position":3,"name":"S\u0105moningumas gyvenime"}]},{"@type":"WebSite","@id":"https:\/\/indreasada.com\/lt\/#website","url":"https:\/\/indreasada.com\/lt\/","name":"Staging Indre Asada","description":"Holistic Healing for Mind, Body, and Soul","publisher":{"@id":"https:\/\/indreasada.com\/lt\/#organization"},"potentialAction":[{"@type":"SearchAction","target":{"@type":"EntryPoint","urlTemplate":"https:\/\/indreasada.com\/lt\/?s={search_term_string}"},"query-input":{"@type":"PropertyValueSpecification","valueRequired":true,"valueName":"search_term_string"}}],"inLanguage":"lt-LT"},{"@type":"Organization","@id":"https:\/\/indreasada.com\/lt\/#organization","name":"Indre Asada","url":"https:\/\/indreasada.com\/lt\/","logo":{"@type":"ImageObject","inLanguage":"lt-LT","@id":"https:\/\/indreasada.com\/lt\/#\/schema\/logo\/image\/","url":"","contentUrl":"","caption":"Indre Asada"},"image":{"@id":"https:\/\/indreasada.com\/lt\/#\/schema\/logo\/image\/"},"sameAs":["https:\/\/www.facebook.com\/asada.indre\/","https:\/\/www.youtube.com\/channel\/UCDLmKiMAxLtSrl12ddsQMqA","https:\/\/t.me\/indreasadabendravimas","https:\/\/www.instagram.com\/indreasada\/"]}]}},"jetpack_sharing_enabled":true,"_links":{"self":[{"href":"https:\/\/indreasada.com\/lt\/wp-json\/wp\/v2\/product\/9220","targetHints":{"allow":["GET"]}}],"collection":[{"href":"https:\/\/indreasada.com\/lt\/wp-json\/wp\/v2\/product"}],"about":[{"href":"https:\/\/indreasada.com\/lt\/wp-json\/wp\/v2\/types\/product"}],"wp:featuredmedia":[{"embeddable":true,"href":"https:\/\/indreasada.com\/lt\/wp-json\/wp\/v2\/media\/32843"}],"wp:attachment":[{"href":"https:\/\/indreasada.com\/lt\/wp-json\/wp\/v2\/media?parent=9220"}],"wp:term":[{"taxonomy":"product_brand","embeddable":true,"href":"https:\/\/indreasada.com\/lt\/wp-json\/wp\/v2\/product_brand?post=9220"},{"taxonomy":"product_cat","embeddable":true,"href":"https:\/\/indreasada.com\/lt\/wp-json\/wp\/v2\/product_cat?post=9220"},{"taxonomy":"product_tag","embeddable":true,"href":"https:\/\/indreasada.com\/lt\/wp-json\/wp\/v2\/product_tag?post=9220"}],"curies":[{"name":"wp","href":"https:\/\/api.w.org\/{rel}","templated":true}]}}