{"id":9401,"date":"2024-11-10T12:30:14","date_gmt":"2024-11-10T12:30:14","guid":{"rendered":"http:\/\/dev.indreasada.com\/?post_type=product&#038;p=9401"},"modified":"2026-03-24T13:58:07","modified_gmt":"2026-03-24T11:58:07","slug":"laiminga-vidine-mergaite","status":"publish","type":"product","link":"https:\/\/indreasada.com\/lt\/produktas\/laiminga-vidine-mergaite\/","title":{"rendered":"Laiminga vidin\u0117 Mergait\u0117"},"content":{"rendered":"<p><strong>\u201eLaiminga vidin\u0117 mergait\u0117\u201c \u2013 seminaras su transformuojan\u010dia meditacija, skirtas atkurti ry\u0161\u012f su vidine savastimi ir i\u0161gydyti vidines emocines \u017eaizdas.<\/strong><\/p>\n<p>Ar jau\u010diate, kad j\u016bs\u0173 viduje gyvena ma\u017eoji mergait\u0117, kuri trok\u0161ta meil\u0117s, d\u0117mesio ir supratimo? \u0160is seminaras skirtas jums, jei patiriate ka\u017ekuriuos i\u0161 \u0161i\u0173 pasirei\u0161kim\u0173:<\/p>\n<ul>\n<li>\u017dem\u0105 savivert\u0119 ir baim\u0119 b\u016bti nepriimta.<\/li>\n<li>Nor\u0105 \u012ftikti kitiems ir baim\u0119 suklysti.<\/li>\n<li>Persivalgym\u0105 ar emocin\u012f valgym\u0105 kaip komforto \u0161altin\u012f.<\/li>\n<li>Kontrol\u0117s poreik\u012f ir nuolatin\u012f \u012ftamp\u0105 \u201evisk\u0105 susp\u0117ti\u201c.<\/li>\n<li>Nepakankamos meil\u0117s ar d\u0117mesio jausm\u0105.<\/li>\n<\/ul>\n<p><strong>K\u0105 gausite dalyvaudami?<\/strong><\/p>\n<ul>\n<li>I\u0161moksite atpa\u017einti ir paleisti pas\u0105moninius \u012fsitikinimus, kurie neleid\u017eia jaustis pilnaver\u010diu \u017emogumi.<\/li>\n<li>Gydysite vidin\u0119 mergait\u0119 \u2013 t\u0105 dal\u012f sav\u0119s, kuri da\u017enai jau\u010diasi ignoruojama ar nuskriausta.<\/li>\n<li>Atkursite vidin\u0119 harmonij\u0105 ir i\u0161moksite b\u016bti d\u0117mesinga sau.<\/li>\n<\/ul>\n<p><strong>Meditacijos nauda:<\/strong><br \/>\nMeditacijos metu giliai dirbsite su savo vidine mergaite, leisite jai jaustis mylimai, saugiai ir suprastai. \u0160i praktika atkurs ry\u0161\u012f su j\u016bs\u0173 vidine savastimi, pad\u0117s susikurti gilesn\u012f pasitik\u0117jim\u0105 savimi ir atsikratyti neigiam\u0173 emocini\u0173 modeli\u0173.<\/p>\n<p><strong>Kod\u0117l verta?<\/strong><br \/>\nAtsikrat\u0119 vidinio emocinio disbalanso, gal\u0117site m\u0117gautis tikra vidine laisve, meile sau ir harmonija su aplinkiniais. Tai kelias \u012f j\u016bs\u0173 laiming\u0105 ir pasitikin\u010di\u0105 save.<\/p>\n","protected":false},"excerpt":{"rendered":"<p>Seminaras su meditacija, skirtas vidin\u0117s mergait\u0117s gydymui, savivertei stiprinti ir vidinei harmonijai atkurti.<\/p>\n","protected":false},"featured_media":32836,"template":"","meta":{"_acf_changed":false},"product_brand":[],"product_cat":[176],"product_tag":[159,184,195,110,191,111,143,192,123,158],"class_list":{"0":"post-9401","1":"product","2":"type-product","3":"status-publish","4":"has-post-thumbnail","6":"product_cat-seminarai","7":"product_tag-emociju-gydymas","8":"product_tag-gedos-jausmo-isgydymas","9":"product_tag-jausmu-isgydymas","10":"product_tag-pasamones-blokai","11":"product_tag-rytine-meditacija","12":"product_tag-savivertes-isgydymas","13":"product_tag-transformacija","14":"product_tag-vakarine-meditacija","15":"product_tag-vidine-harmonija","16":"product_tag-vidinio-vaiko-isgydymas","18":"first","19":"instock","20":"virtual","21":"sold-individually","22":"purchasable","23":"product-type-simple"},"acf":[],"yoast_head":"<!-- This site is optimized with the Yoast SEO Premium plugin v27.2 (Yoast SEO v27.2) - https:\/\/yoast.com\/product\/yoast-seo-premium-wordpress\/ -->\n<title>Laiminga vidin\u0117 Mergait\u0117 - Indre Asada<\/title>\n<meta name=\"description\" content=\"I\u0161laisvinkite savo vidin\u0119 mergait\u0119 nuo emocini\u0173 \u017eaizd\u0173 ir atkurkite vidin\u0119 harmonij\u0105. Prisijunkite prie transformuojan\u010dio seminaro jau dabar!\" \/>\n<meta name=\"robots\" content=\"index, follow, max-snippet:-1, max-image-preview:large, max-video-preview:-1\" \/>\n<link rel=\"canonical\" href=\"https:\/\/indreasada.com\/lt\/produktas\/laiminga-vidine-mergaite\/\" \/>\n<meta property=\"og:locale\" content=\"lt_LT\" \/>\n<meta property=\"og:type\" content=\"article\" \/>\n<meta property=\"og:title\" content=\"Laiminga vidin\u0117 Mergait\u0117\" \/>\n<meta property=\"og:description\" content=\"I\u0161laisvinkite savo vidin\u0119 mergait\u0119 nuo emocini\u0173 \u017eaizd\u0173 ir atkurkite vidin\u0119 harmonij\u0105. Prisijunkite prie transformuojan\u010dio seminaro jau dabar!\" \/>\n<meta property=\"og:url\" content=\"https:\/\/indreasada.com\/lt\/produktas\/laiminga-vidine-mergaite\/\" \/>\n<meta property=\"og:site_name\" content=\"Indre Asada\" \/>\n<meta property=\"article:publisher\" content=\"https:\/\/www.facebook.com\/asada.indre\/\" \/>\n<meta property=\"article:modified_time\" content=\"2026-03-24T11:58:07+00:00\" \/>\n<meta property=\"og:image\" content=\"https:\/\/indreasada.com\/wp-content\/uploads\/2024\/11\/laiminga-vidine-mergaite.jpg\" \/>\n\t<meta property=\"og:image:width\" content=\"380\" \/>\n\t<meta property=\"og:image:height\" content=\"250\" \/>\n\t<meta property=\"og:image:type\" content=\"image\/jpeg\" \/>\n<meta name=\"twitter:card\" content=\"summary_large_image\" \/>\n<meta name=\"twitter:label1\" content=\"Est. reading time\" \/>\n\t<meta name=\"twitter:data1\" content=\"1 minut\u0117\" \/>\n<script type=\"application\/ld+json\" class=\"yoast-schema-graph\">{\"@context\":\"https:\/\/schema.org\",\"@graph\":[{\"@type\":\"WebPage\",\"@id\":\"https:\/\/indreasada.com\/lt\/produktas\/laiminga-vidine-mergaite\/\",\"url\":\"https:\/\/indreasada.com\/lt\/produktas\/laiminga-vidine-mergaite\/\",\"name\":\"Laiminga vidin\u0117 Mergait\u0117 - Indre Asada\",\"isPartOf\":{\"@id\":\"https:\/\/indreasada.com\/lt\/#website\"},\"primaryImageOfPage\":{\"@id\":\"https:\/\/indreasada.com\/lt\/produktas\/laiminga-vidine-mergaite\/#primaryimage\"},\"image\":{\"@id\":\"https:\/\/indreasada.com\/lt\/produktas\/laiminga-vidine-mergaite\/#primaryimage\"},\"thumbnailUrl\":\"https:\/\/indreasada.com\/wp-content\/uploads\/2026\/03\/GYVENIMO-akademija-laiminga-vidine-mergaite.png\",\"datePublished\":\"2024-11-10T12:30:14+00:00\",\"dateModified\":\"2026-03-24T11:58:07+00:00\",\"description\":\"I\u0161laisvinkite savo vidin\u0119 mergait\u0119 nuo emocini\u0173 \u017eaizd\u0173 ir atkurkite vidin\u0119 harmonij\u0105. Prisijunkite prie transformuojan\u010dio seminaro jau dabar!\",\"breadcrumb\":{\"@id\":\"https:\/\/indreasada.com\/lt\/produktas\/laiminga-vidine-mergaite\/#breadcrumb\"},\"inLanguage\":\"lt-LT\",\"potentialAction\":[{\"@type\":\"ReadAction\",\"target\":[\"https:\/\/indreasada.com\/lt\/produktas\/laiminga-vidine-mergaite\/\"]}]},{\"@type\":\"ImageObject\",\"inLanguage\":\"lt-LT\",\"@id\":\"https:\/\/indreasada.com\/lt\/produktas\/laiminga-vidine-mergaite\/#primaryimage\",\"url\":\"https:\/\/indreasada.com\/wp-content\/uploads\/2026\/03\/GYVENIMO-akademija-laiminga-vidine-mergaite.png\",\"contentUrl\":\"https:\/\/indreasada.com\/wp-content\/uploads\/2026\/03\/GYVENIMO-akademija-laiminga-vidine-mergaite.png\",\"width\":950,\"height\":625,\"caption\":\"GYVENIMO akademija laiminga vidine mergaite\"},{\"@type\":\"BreadcrumbList\",\"@id\":\"https:\/\/indreasada.com\/lt\/produktas\/laiminga-vidine-mergaite\/#breadcrumb\",\"itemListElement\":[{\"@type\":\"ListItem\",\"position\":1,\"name\":\"Home\",\"item\":\"https:\/\/indreasada.com\/lt\/\"},{\"@type\":\"ListItem\",\"position\":2,\"name\":\"Gyvenimo akademija &#8211; Visi kursai\",\"item\":\"https:\/\/indreasada.com\/lt\/visi-kursai\/\"},{\"@type\":\"ListItem\",\"position\":3,\"name\":\"Laiminga vidin\u0117 Mergait\u0117\"}]},{\"@type\":\"WebSite\",\"@id\":\"https:\/\/indreasada.com\/lt\/#website\",\"url\":\"https:\/\/indreasada.com\/lt\/\",\"name\":\"Staging Indre Asada\",\"description\":\"Holistic Healing for Mind, Body, and Soul\",\"publisher\":{\"@id\":\"https:\/\/indreasada.com\/lt\/#organization\"},\"potentialAction\":[{\"@type\":\"SearchAction\",\"target\":{\"@type\":\"EntryPoint\",\"urlTemplate\":\"https:\/\/indreasada.com\/lt\/?s={search_term_string}\"},\"query-input\":{\"@type\":\"PropertyValueSpecification\",\"valueRequired\":true,\"valueName\":\"search_term_string\"}}],\"inLanguage\":\"lt-LT\"},{\"@type\":\"Organization\",\"@id\":\"https:\/\/indreasada.com\/lt\/#organization\",\"name\":\"Indre Asada\",\"url\":\"https:\/\/indreasada.com\/lt\/\",\"logo\":{\"@type\":\"ImageObject\",\"inLanguage\":\"lt-LT\",\"@id\":\"https:\/\/indreasada.com\/lt\/#\/schema\/logo\/image\/\",\"url\":\"\",\"contentUrl\":\"\",\"caption\":\"Indre Asada\"},\"image\":{\"@id\":\"https:\/\/indreasada.com\/lt\/#\/schema\/logo\/image\/\"},\"sameAs\":[\"https:\/\/www.facebook.com\/asada.indre\/\",\"https:\/\/www.youtube.com\/channel\/UCDLmKiMAxLtSrl12ddsQMqA\",\"https:\/\/t.me\/indreasadabendravimas\",\"https:\/\/www.instagram.com\/indreasada\/\"]}]}<\/script>\n<!-- \/ Yoast SEO Premium plugin. -->","yoast_head_json":{"title":"Laiminga vidin\u0117 Mergait\u0117 - Indre Asada","description":"I\u0161laisvinkite savo vidin\u0119 mergait\u0119 nuo emocini\u0173 \u017eaizd\u0173 ir atkurkite vidin\u0119 harmonij\u0105. Prisijunkite prie transformuojan\u010dio seminaro jau dabar!","robots":{"index":"index","follow":"follow","max-snippet":"max-snippet:-1","max-image-preview":"max-image-preview:large","max-video-preview":"max-video-preview:-1"},"canonical":"https:\/\/indreasada.com\/lt\/produktas\/laiminga-vidine-mergaite\/","og_locale":"lt_LT","og_type":"article","og_title":"Laiminga vidin\u0117 Mergait\u0117","og_description":"I\u0161laisvinkite savo vidin\u0119 mergait\u0119 nuo emocini\u0173 \u017eaizd\u0173 ir atkurkite vidin\u0119 harmonij\u0105. Prisijunkite prie transformuojan\u010dio seminaro jau dabar!","og_url":"https:\/\/indreasada.com\/lt\/produktas\/laiminga-vidine-mergaite\/","og_site_name":"Indre Asada","article_publisher":"https:\/\/www.facebook.com\/asada.indre\/","article_modified_time":"2026-03-24T11:58:07+00:00","og_image":[{"width":380,"height":250,"url":"https:\/\/indreasada.com\/wp-content\/uploads\/2024\/11\/laiminga-vidine-mergaite.jpg","type":"image\/jpeg"}],"twitter_card":"summary_large_image","twitter_misc":{"Est. reading time":"1 minut\u0117"},"schema":{"@context":"https:\/\/schema.org","@graph":[{"@type":"WebPage","@id":"https:\/\/indreasada.com\/lt\/produktas\/laiminga-vidine-mergaite\/","url":"https:\/\/indreasada.com\/lt\/produktas\/laiminga-vidine-mergaite\/","name":"Laiminga vidin\u0117 Mergait\u0117 - Indre Asada","isPartOf":{"@id":"https:\/\/indreasada.com\/lt\/#website"},"primaryImageOfPage":{"@id":"https:\/\/indreasada.com\/lt\/produktas\/laiminga-vidine-mergaite\/#primaryimage"},"image":{"@id":"https:\/\/indreasada.com\/lt\/produktas\/laiminga-vidine-mergaite\/#primaryimage"},"thumbnailUrl":"https:\/\/indreasada.com\/wp-content\/uploads\/2026\/03\/GYVENIMO-akademija-laiminga-vidine-mergaite.png","datePublished":"2024-11-10T12:30:14+00:00","dateModified":"2026-03-24T11:58:07+00:00","description":"I\u0161laisvinkite savo vidin\u0119 mergait\u0119 nuo emocini\u0173 \u017eaizd\u0173 ir atkurkite vidin\u0119 harmonij\u0105. Prisijunkite prie transformuojan\u010dio seminaro jau dabar!","breadcrumb":{"@id":"https:\/\/indreasada.com\/lt\/produktas\/laiminga-vidine-mergaite\/#breadcrumb"},"inLanguage":"lt-LT","potentialAction":[{"@type":"ReadAction","target":["https:\/\/indreasada.com\/lt\/produktas\/laiminga-vidine-mergaite\/"]}]},{"@type":"ImageObject","inLanguage":"lt-LT","@id":"https:\/\/indreasada.com\/lt\/produktas\/laiminga-vidine-mergaite\/#primaryimage","url":"https:\/\/indreasada.com\/wp-content\/uploads\/2026\/03\/GYVENIMO-akademija-laiminga-vidine-mergaite.png","contentUrl":"https:\/\/indreasada.com\/wp-content\/uploads\/2026\/03\/GYVENIMO-akademija-laiminga-vidine-mergaite.png","width":950,"height":625,"caption":"GYVENIMO akademija laiminga vidine mergaite"},{"@type":"BreadcrumbList","@id":"https:\/\/indreasada.com\/lt\/produktas\/laiminga-vidine-mergaite\/#breadcrumb","itemListElement":[{"@type":"ListItem","position":1,"name":"Home","item":"https:\/\/indreasada.com\/lt\/"},{"@type":"ListItem","position":2,"name":"Gyvenimo akademija &#8211; Visi kursai","item":"https:\/\/indreasada.com\/lt\/visi-kursai\/"},{"@type":"ListItem","position":3,"name":"Laiminga vidin\u0117 Mergait\u0117"}]},{"@type":"WebSite","@id":"https:\/\/indreasada.com\/lt\/#website","url":"https:\/\/indreasada.com\/lt\/","name":"Staging Indre Asada","description":"Holistic Healing for Mind, Body, and Soul","publisher":{"@id":"https:\/\/indreasada.com\/lt\/#organization"},"potentialAction":[{"@type":"SearchAction","target":{"@type":"EntryPoint","urlTemplate":"https:\/\/indreasada.com\/lt\/?s={search_term_string}"},"query-input":{"@type":"PropertyValueSpecification","valueRequired":true,"valueName":"search_term_string"}}],"inLanguage":"lt-LT"},{"@type":"Organization","@id":"https:\/\/indreasada.com\/lt\/#organization","name":"Indre Asada","url":"https:\/\/indreasada.com\/lt\/","logo":{"@type":"ImageObject","inLanguage":"lt-LT","@id":"https:\/\/indreasada.com\/lt\/#\/schema\/logo\/image\/","url":"","contentUrl":"","caption":"Indre Asada"},"image":{"@id":"https:\/\/indreasada.com\/lt\/#\/schema\/logo\/image\/"},"sameAs":["https:\/\/www.facebook.com\/asada.indre\/","https:\/\/www.youtube.com\/channel\/UCDLmKiMAxLtSrl12ddsQMqA","https:\/\/t.me\/indreasadabendravimas","https:\/\/www.instagram.com\/indreasada\/"]}]}},"jetpack_sharing_enabled":true,"_links":{"self":[{"href":"https:\/\/indreasada.com\/lt\/wp-json\/wp\/v2\/product\/9401","targetHints":{"allow":["GET"]}}],"collection":[{"href":"https:\/\/indreasada.com\/lt\/wp-json\/wp\/v2\/product"}],"about":[{"href":"https:\/\/indreasada.com\/lt\/wp-json\/wp\/v2\/types\/product"}],"wp:featuredmedia":[{"embeddable":true,"href":"https:\/\/indreasada.com\/lt\/wp-json\/wp\/v2\/media\/32836"}],"wp:attachment":[{"href":"https:\/\/indreasada.com\/lt\/wp-json\/wp\/v2\/media?parent=9401"}],"wp:term":[{"taxonomy":"product_brand","embeddable":true,"href":"https:\/\/indreasada.com\/lt\/wp-json\/wp\/v2\/product_brand?post=9401"},{"taxonomy":"product_cat","embeddable":true,"href":"https:\/\/indreasada.com\/lt\/wp-json\/wp\/v2\/product_cat?post=9401"},{"taxonomy":"product_tag","embeddable":true,"href":"https:\/\/indreasada.com\/lt\/wp-json\/wp\/v2\/product_tag?post=9401"}],"curies":[{"name":"wp","href":"https:\/\/api.w.org\/{rel}","templated":true}]}}