{"id":9447,"date":"2024-11-10T17:11:21","date_gmt":"2024-11-10T15:11:21","guid":{"rendered":"http:\/\/dev.indreasada.com\/?post_type=product&#038;p=9447"},"modified":"2026-04-16T16:40:25","modified_gmt":"2026-04-16T13:40:25","slug":"seminaras-su-meditacija-meiles-portreto-isgydymas","status":"publish","type":"product","link":"https:\/\/indreasada.com\/lt\/produktas\/seminaras-su-meditacija-meiles-portreto-isgydymas\/","title":{"rendered":"Meil\u0117s portreto atstatymas"},"content":{"rendered":"<p><strong>Seminaras su meditacija \u201eMeil\u0117s portreto i\u0161gydymas\u201c \u2013 tai gili ir transformuojanti patirtis, skirta atstatyti tikr\u0105j\u012f meil\u0117s suvokim\u0105 ir gydyti pas\u0105moninius \u012fsitikinimus apie meil\u0119.<\/strong><\/p>\n<p>Seminaro metu:<\/p>\n<ul>\n<li>Gydysite pas\u0105mon\u0117je slypin\u010dius i\u0161kreiptus meil\u0117s \u012fsitikinimus, \u017eaizdas ir programas.<\/li>\n<li>Transformuosite daugiau nei <strong>400 \u017eod\u017ei\u0173, program\u0173 ir \u012fsitikinim\u0173<\/strong>, kurie formavo j\u016bs\u0173 meil\u0117s portret\u0105.<\/li>\n<li>U\u017esipildysite bes\u0105lygin\u0117s meil\u0117s energija ir sukursite tok\u012f meil\u0117s portret\u0105, kurio esate verti.<\/li>\n<li>Atkursite harmoning\u0105 santyk\u012f su meile \u2013 pirmiausia savyje, o po to ir savo aplinkoje.<\/li>\n<\/ul>\n<p><strong>Kod\u0117l verta rinktis \u0161\u012f seminar\u0105?<\/strong><br \/>\n\u0160i meditacija \u2013 viena stipriausi\u0173, transformuojan\u010di\u0173 j\u016bs\u0173 pas\u0105mon\u0119. Gydant meil\u0119, j\u016bs gydote save. Tai ne tik vidin\u0117s harmonijos atk\u016brimas, bet ir galimyb\u0117 pakeisti savo gyvenimo aplinkybes \u012f geresnes.<\/p>\n<p><strong>Seminaro trukm\u0117:<\/strong> 4 valandos 22 minut\u0117s. Galite pakartoti meditacij\u0105 tiek kart\u0173, kiek norite, ir su kiekvienu kartojimu jausti vis stipresn\u012f efekt\u0105.<\/p>\n<p><strong>Prisijunkite ir prad\u0117kite savo meil\u0117s transformacij\u0105 jau dabar!<\/strong><\/p>\n","protected":false},"excerpt":{"rendered":"<p>Seminaras su meditacija, skirtas transformuoti pas\u0105mon\u0117s meil\u0117s portret\u0105 ir u\u017esipildyti bes\u0105lygine meile.<\/p>\n","protected":false},"featured_media":32834,"template":"","meta":{"_acf_changed":false},"product_brand":[],"product_cat":[303,176],"product_tag":[],"class_list":{"0":"post-9447","1":"product","2":"type-product","3":"status-publish","4":"has-post-thumbnail","6":"product_cat-santykiai-ir-seima","7":"product_cat-seminarai","9":"first","10":"instock","11":"virtual","12":"sold-individually","13":"purchasable","14":"product-type-simple"},"acf":[],"yoast_head":"<!-- This site is optimized with the Yoast SEO Premium plugin v27.3 (Yoast SEO v27.3) - https:\/\/yoast.com\/product\/yoast-seo-premium-wordpress\/ -->\n<title>Meil\u0117s portreto atstatymas - Indre Asada<\/title>\n<meta name=\"description\" content=\"Gydykite pas\u0105mon\u0117s \u012fsitikinimus apie meil\u0119 ir transformuokite savo meil\u0117s portret\u0105 su galingu seminaru ir meditacija. Prad\u0117kite jau dabar!\" \/>\n<meta name=\"robots\" content=\"index, follow, max-snippet:-1, max-image-preview:large, max-video-preview:-1\" \/>\n<link rel=\"canonical\" href=\"https:\/\/indreasada.com\/lt\/produktas\/seminaras-su-meditacija-meiles-portreto-isgydymas\/\" \/>\n<meta property=\"og:locale\" content=\"lt_LT\" \/>\n<meta property=\"og:type\" content=\"article\" \/>\n<meta property=\"og:title\" content=\"Meil\u0117s portreto atstatymas\" \/>\n<meta property=\"og:description\" content=\"Gydykite pas\u0105mon\u0117s \u012fsitikinimus apie meil\u0119 ir transformuokite savo meil\u0117s portret\u0105 su galingu seminaru ir meditacija. Prad\u0117kite jau dabar!\" \/>\n<meta property=\"og:url\" content=\"https:\/\/indreasada.com\/lt\/produktas\/seminaras-su-meditacija-meiles-portreto-isgydymas\/\" \/>\n<meta property=\"og:site_name\" content=\"Indre Asada\" \/>\n<meta property=\"article:publisher\" content=\"https:\/\/www.facebook.com\/asada.indre\/\" \/>\n<meta property=\"article:modified_time\" content=\"2026-04-16T13:40:25+00:00\" \/>\n<meta property=\"og:image\" content=\"https:\/\/indreasada.com\/wp-content\/uploads\/2026\/03\/GYVENIMO-akademija-meiles-portreto-atstatymas.png\" \/>\n\t<meta property=\"og:image:width\" content=\"950\" \/>\n\t<meta property=\"og:image:height\" content=\"625\" \/>\n\t<meta property=\"og:image:type\" content=\"image\/png\" \/>\n<meta name=\"twitter:card\" content=\"summary_large_image\" \/>\n<meta name=\"twitter:label1\" content=\"Est. reading time\" \/>\n\t<meta name=\"twitter:data1\" content=\"1 minut\u0117\" \/>\n<script type=\"application\/ld+json\" class=\"yoast-schema-graph\">{\"@context\":\"https:\\\/\\\/schema.org\",\"@graph\":[{\"@type\":\"WebPage\",\"@id\":\"https:\\\/\\\/indreasada.com\\\/lt\\\/produktas\\\/seminaras-su-meditacija-meiles-portreto-isgydymas\\\/\",\"url\":\"https:\\\/\\\/indreasada.com\\\/lt\\\/produktas\\\/seminaras-su-meditacija-meiles-portreto-isgydymas\\\/\",\"name\":\"Meil\u0117s portreto atstatymas - Indre Asada\",\"isPartOf\":{\"@id\":\"https:\\\/\\\/indreasada.com\\\/lt\\\/#website\"},\"primaryImageOfPage\":{\"@id\":\"https:\\\/\\\/indreasada.com\\\/lt\\\/produktas\\\/seminaras-su-meditacija-meiles-portreto-isgydymas\\\/#primaryimage\"},\"image\":{\"@id\":\"https:\\\/\\\/indreasada.com\\\/lt\\\/produktas\\\/seminaras-su-meditacija-meiles-portreto-isgydymas\\\/#primaryimage\"},\"thumbnailUrl\":\"https:\\\/\\\/indreasada.com\\\/wp-content\\\/uploads\\\/2026\\\/03\\\/GYVENIMO-akademija-meiles-portreto-atstatymas.png\",\"datePublished\":\"2024-11-10T15:11:21+00:00\",\"dateModified\":\"2026-04-16T13:40:25+00:00\",\"description\":\"Gydykite pas\u0105mon\u0117s \u012fsitikinimus apie meil\u0119 ir transformuokite savo meil\u0117s portret\u0105 su galingu seminaru ir meditacija. Prad\u0117kite jau dabar!\",\"breadcrumb\":{\"@id\":\"https:\\\/\\\/indreasada.com\\\/lt\\\/produktas\\\/seminaras-su-meditacija-meiles-portreto-isgydymas\\\/#breadcrumb\"},\"inLanguage\":\"lt-LT\",\"potentialAction\":[{\"@type\":\"ReadAction\",\"target\":[\"https:\\\/\\\/indreasada.com\\\/lt\\\/produktas\\\/seminaras-su-meditacija-meiles-portreto-isgydymas\\\/\"]}]},{\"@type\":\"ImageObject\",\"inLanguage\":\"lt-LT\",\"@id\":\"https:\\\/\\\/indreasada.com\\\/lt\\\/produktas\\\/seminaras-su-meditacija-meiles-portreto-isgydymas\\\/#primaryimage\",\"url\":\"https:\\\/\\\/indreasada.com\\\/wp-content\\\/uploads\\\/2026\\\/03\\\/GYVENIMO-akademija-meiles-portreto-atstatymas.png\",\"contentUrl\":\"https:\\\/\\\/indreasada.com\\\/wp-content\\\/uploads\\\/2026\\\/03\\\/GYVENIMO-akademija-meiles-portreto-atstatymas.png\",\"width\":950,\"height\":625,\"caption\":\"GYVENIMO akademija meiles portreto atstatymas\"},{\"@type\":\"BreadcrumbList\",\"@id\":\"https:\\\/\\\/indreasada.com\\\/lt\\\/produktas\\\/seminaras-su-meditacija-meiles-portreto-isgydymas\\\/#breadcrumb\",\"itemListElement\":[{\"@type\":\"ListItem\",\"position\":1,\"name\":\"Home\",\"item\":\"https:\\\/\\\/indreasada.com\\\/lt\\\/\"},{\"@type\":\"ListItem\",\"position\":2,\"name\":\"Gyvenimo akademija &#8211; Visi kursai\",\"item\":\"https:\\\/\\\/indreasada.com\\\/lt\\\/visi-kursai\\\/\"},{\"@type\":\"ListItem\",\"position\":3,\"name\":\"Meil\u0117s portreto atstatymas\"}]},{\"@type\":\"WebSite\",\"@id\":\"https:\\\/\\\/indreasada.com\\\/lt\\\/#website\",\"url\":\"https:\\\/\\\/indreasada.com\\\/lt\\\/\",\"name\":\"Staging Indre Asada\",\"description\":\"Holistic Healing for Mind, Body, and Soul\",\"publisher\":{\"@id\":\"https:\\\/\\\/indreasada.com\\\/lt\\\/#organization\"},\"potentialAction\":[{\"@type\":\"SearchAction\",\"target\":{\"@type\":\"EntryPoint\",\"urlTemplate\":\"https:\\\/\\\/indreasada.com\\\/lt\\\/?s={search_term_string}\"},\"query-input\":{\"@type\":\"PropertyValueSpecification\",\"valueRequired\":true,\"valueName\":\"search_term_string\"}}],\"inLanguage\":\"lt-LT\"},{\"@type\":\"Organization\",\"@id\":\"https:\\\/\\\/indreasada.com\\\/lt\\\/#organization\",\"name\":\"Indre Asada\",\"url\":\"https:\\\/\\\/indreasada.com\\\/lt\\\/\",\"logo\":{\"@type\":\"ImageObject\",\"inLanguage\":\"lt-LT\",\"@id\":\"https:\\\/\\\/indreasada.com\\\/lt\\\/#\\\/schema\\\/logo\\\/image\\\/\",\"url\":\"\",\"contentUrl\":\"\",\"caption\":\"Indre Asada\"},\"image\":{\"@id\":\"https:\\\/\\\/indreasada.com\\\/lt\\\/#\\\/schema\\\/logo\\\/image\\\/\"},\"sameAs\":[\"https:\\\/\\\/www.facebook.com\\\/asada.indre\\\/\",\"https:\\\/\\\/www.youtube.com\\\/channel\\\/UCDLmKiMAxLtSrl12ddsQMqA\",\"https:\\\/\\\/t.me\\\/indreasadabendravimas\",\"https:\\\/\\\/www.instagram.com\\\/indreasada\\\/\"]}]}<\/script>\n<!-- \/ Yoast SEO Premium plugin. -->","yoast_head_json":{"title":"Meil\u0117s portreto atstatymas - Indre Asada","description":"Gydykite pas\u0105mon\u0117s \u012fsitikinimus apie meil\u0119 ir transformuokite savo meil\u0117s portret\u0105 su galingu seminaru ir meditacija. Prad\u0117kite jau dabar!","robots":{"index":"index","follow":"follow","max-snippet":"max-snippet:-1","max-image-preview":"max-image-preview:large","max-video-preview":"max-video-preview:-1"},"canonical":"https:\/\/indreasada.com\/lt\/produktas\/seminaras-su-meditacija-meiles-portreto-isgydymas\/","og_locale":"lt_LT","og_type":"article","og_title":"Meil\u0117s portreto atstatymas","og_description":"Gydykite pas\u0105mon\u0117s \u012fsitikinimus apie meil\u0119 ir transformuokite savo meil\u0117s portret\u0105 su galingu seminaru ir meditacija. Prad\u0117kite jau dabar!","og_url":"https:\/\/indreasada.com\/lt\/produktas\/seminaras-su-meditacija-meiles-portreto-isgydymas\/","og_site_name":"Indre Asada","article_publisher":"https:\/\/www.facebook.com\/asada.indre\/","article_modified_time":"2026-04-16T13:40:25+00:00","og_image":[{"width":950,"height":625,"url":"https:\/\/indreasada.com\/wp-content\/uploads\/2026\/03\/GYVENIMO-akademija-meiles-portreto-atstatymas.png","type":"image\/png"}],"twitter_card":"summary_large_image","twitter_misc":{"Est. reading time":"1 minut\u0117"},"schema":{"@context":"https:\/\/schema.org","@graph":[{"@type":"WebPage","@id":"https:\/\/indreasada.com\/lt\/produktas\/seminaras-su-meditacija-meiles-portreto-isgydymas\/","url":"https:\/\/indreasada.com\/lt\/produktas\/seminaras-su-meditacija-meiles-portreto-isgydymas\/","name":"Meil\u0117s portreto atstatymas - Indre Asada","isPartOf":{"@id":"https:\/\/indreasada.com\/lt\/#website"},"primaryImageOfPage":{"@id":"https:\/\/indreasada.com\/lt\/produktas\/seminaras-su-meditacija-meiles-portreto-isgydymas\/#primaryimage"},"image":{"@id":"https:\/\/indreasada.com\/lt\/produktas\/seminaras-su-meditacija-meiles-portreto-isgydymas\/#primaryimage"},"thumbnailUrl":"https:\/\/indreasada.com\/wp-content\/uploads\/2026\/03\/GYVENIMO-akademija-meiles-portreto-atstatymas.png","datePublished":"2024-11-10T15:11:21+00:00","dateModified":"2026-04-16T13:40:25+00:00","description":"Gydykite pas\u0105mon\u0117s \u012fsitikinimus apie meil\u0119 ir transformuokite savo meil\u0117s portret\u0105 su galingu seminaru ir meditacija. Prad\u0117kite jau dabar!","breadcrumb":{"@id":"https:\/\/indreasada.com\/lt\/produktas\/seminaras-su-meditacija-meiles-portreto-isgydymas\/#breadcrumb"},"inLanguage":"lt-LT","potentialAction":[{"@type":"ReadAction","target":["https:\/\/indreasada.com\/lt\/produktas\/seminaras-su-meditacija-meiles-portreto-isgydymas\/"]}]},{"@type":"ImageObject","inLanguage":"lt-LT","@id":"https:\/\/indreasada.com\/lt\/produktas\/seminaras-su-meditacija-meiles-portreto-isgydymas\/#primaryimage","url":"https:\/\/indreasada.com\/wp-content\/uploads\/2026\/03\/GYVENIMO-akademija-meiles-portreto-atstatymas.png","contentUrl":"https:\/\/indreasada.com\/wp-content\/uploads\/2026\/03\/GYVENIMO-akademija-meiles-portreto-atstatymas.png","width":950,"height":625,"caption":"GYVENIMO akademija meiles portreto atstatymas"},{"@type":"BreadcrumbList","@id":"https:\/\/indreasada.com\/lt\/produktas\/seminaras-su-meditacija-meiles-portreto-isgydymas\/#breadcrumb","itemListElement":[{"@type":"ListItem","position":1,"name":"Home","item":"https:\/\/indreasada.com\/lt\/"},{"@type":"ListItem","position":2,"name":"Gyvenimo akademija &#8211; Visi kursai","item":"https:\/\/indreasada.com\/lt\/visi-kursai\/"},{"@type":"ListItem","position":3,"name":"Meil\u0117s portreto atstatymas"}]},{"@type":"WebSite","@id":"https:\/\/indreasada.com\/lt\/#website","url":"https:\/\/indreasada.com\/lt\/","name":"Staging Indre Asada","description":"Holistic Healing for Mind, Body, and Soul","publisher":{"@id":"https:\/\/indreasada.com\/lt\/#organization"},"potentialAction":[{"@type":"SearchAction","target":{"@type":"EntryPoint","urlTemplate":"https:\/\/indreasada.com\/lt\/?s={search_term_string}"},"query-input":{"@type":"PropertyValueSpecification","valueRequired":true,"valueName":"search_term_string"}}],"inLanguage":"lt-LT"},{"@type":"Organization","@id":"https:\/\/indreasada.com\/lt\/#organization","name":"Indre Asada","url":"https:\/\/indreasada.com\/lt\/","logo":{"@type":"ImageObject","inLanguage":"lt-LT","@id":"https:\/\/indreasada.com\/lt\/#\/schema\/logo\/image\/","url":"","contentUrl":"","caption":"Indre Asada"},"image":{"@id":"https:\/\/indreasada.com\/lt\/#\/schema\/logo\/image\/"},"sameAs":["https:\/\/www.facebook.com\/asada.indre\/","https:\/\/www.youtube.com\/channel\/UCDLmKiMAxLtSrl12ddsQMqA","https:\/\/t.me\/indreasadabendravimas","https:\/\/www.instagram.com\/indreasada\/"]}]}},"jetpack_sharing_enabled":true,"_links":{"self":[{"href":"https:\/\/indreasada.com\/lt\/wp-json\/wp\/v2\/product\/9447","targetHints":{"allow":["GET"]}}],"collection":[{"href":"https:\/\/indreasada.com\/lt\/wp-json\/wp\/v2\/product"}],"about":[{"href":"https:\/\/indreasada.com\/lt\/wp-json\/wp\/v2\/types\/product"}],"wp:featuredmedia":[{"embeddable":true,"href":"https:\/\/indreasada.com\/lt\/wp-json\/wp\/v2\/media\/32834"}],"wp:attachment":[{"href":"https:\/\/indreasada.com\/lt\/wp-json\/wp\/v2\/media?parent=9447"}],"wp:term":[{"taxonomy":"product_brand","embeddable":true,"href":"https:\/\/indreasada.com\/lt\/wp-json\/wp\/v2\/product_brand?post=9447"},{"taxonomy":"product_cat","embeddable":true,"href":"https:\/\/indreasada.com\/lt\/wp-json\/wp\/v2\/product_cat?post=9447"},{"taxonomy":"product_tag","embeddable":true,"href":"https:\/\/indreasada.com\/lt\/wp-json\/wp\/v2\/product_tag?post=9447"}],"curies":[{"name":"wp","href":"https:\/\/api.w.org\/{rel}","templated":true}]}}