{"id":14977,"date":"2024-10-29T18:49:25","date_gmt":"2024-10-29T16:49:25","guid":{"rendered":"https:\/\/indreasada.com\/individual-session\/"},"modified":"2025-01-09T16:20:08","modified_gmt":"2025-01-09T14:20:08","slug":"individual-session","status":"publish","type":"page","link":"https:\/\/indreasada.com\/ru\/individual-session\/","title":{"rendered":"Individual session"},"content":{"rendered":"<section class=\"l-section wpb_row height_medium with_img\"><div class=\"l-section-img\" role=\"img\" aria-label=\"Home page Indre Asada heading\" data-img-width=\"1732\" data-img-height=\"529\" style=\"background-image: url(https:\/\/indreasada.com\/wp-content\/uploads\/2024\/11\/1-1.jpg);\"><\/div><div class=\"l-section-h i-cf\"><div class=\"g-cols vc_row via_grid cols_1 laptops-cols_inherit tablets-cols_inherit mobiles-cols_1 valign_top type_default stacking_default\"><div class=\"wpb_column vc_column_container\"><div class=\"vc_column-inner\"><div class=\"wpb_text_column us_custom_e9dad30b has_text_color\"><div class=\"wpb_wrapper\"><h1 style=\"text-align: center;\"><em>One-on-One Sessions: Unlock Your Potential and Heal from Within<\/em><\/h1>\n<\/div><\/div><\/div><\/div><\/div><\/div><\/section><section class=\"l-section wpb_row height_small\"><div class=\"l-section-h i-cf\"><div class=\"g-cols vc_row via_grid cols_2-1 laptops-cols_inherit tablets-cols_inherit mobiles-cols_1 valign_top type_default stacking_default\"><div class=\"wpb_column vc_column_container\"><div class=\"vc_column-inner\"><div class=\"wpb_text_column\"><div class=\"wpb_wrapper\"><h3><span style=\"font-size: 3em; font-weight: bold; font-family: 'Gwendolyn', serif;\">W<\/span>hat is an individual session?<\/h3>\n<p>Currently, individual sessions are conducted by <strong>Indre Asada<\/strong> and <strong>Erika Giniotis<\/strong> together. Erika has an extraordinary ability to quickly sense and diagnose the root causes of problems, even those deeply buried in the subconscious. This accelerates the healing process, enabling deep fears, anxiety, or even serious illnesses to be addressed within one or a few sessions. Meanwhile, Indre provides the tools and strength to resolve these issues effectively.<\/p>\n<p>We also offer specialized sessions such as release work, curse removal, and other unique processes.<\/p>\n<\/div><\/div><\/div><\/div><div class=\"wpb_column vc_column_container\"><div class=\"vc_column-inner\"><\/div><\/div><\/div><\/div><\/section><section class=\"l-section wpb_row height_small\"><div class=\"l-section-h i-cf\"><div class=\"g-cols vc_row via_grid cols_1-2 laptops-cols_inherit tablets-cols_inherit mobiles-cols_1 valign_top type_default stacking_default\"><div class=\"wpb_column vc_column_container\"><div class=\"vc_column-inner\"><\/div><\/div><div class=\"wpb_column vc_column_container\"><div class=\"vc_column-inner\"><div class=\"wpb_text_column\"><div class=\"wpb_wrapper\"><h3><strong><span style=\"font-size: 3em; font-weight: bold; font-family: 'Gwendolyn', serif;\">D<\/span>eep and Targeted Healing Through Individual Sessions<\/strong><\/h3>\n<p>Individual sessions are designed for those seeking solutions to specific problems. These sessions are offered in exceptional cases\u2014when courses or meditations are not sufficient to resolve the issue.<\/p>\n<p>Before scheduling a session, we recommend a <strong>15-minute preliminary consultation<\/strong> to ensure that an individual session is necessary and will be effective. You can read more and book your consultation<\/p>\n<\/div><\/div><\/div><\/div><\/div><\/div><\/section><section class=\"l-section wpb_row height_small\"><div class=\"l-section-h i-cf\"><div class=\"g-cols vc_row via_grid cols_1-4-1 laptops-cols_inherit tablets-cols_inherit mobiles-cols_1 valign_top type_default stacking_default\"><div class=\"wpb_column vc_column_container\"><div class=\"vc_column-inner\"><\/div><\/div><div class=\"wpb_column vc_column_container\"><div class=\"vc_column-inner\"><div class=\"wpb_text_column\"><div class=\"wpb_wrapper\"><h3><span style=\"font-size: 3em; font-weight: bold; font-family: 'Gwendolyn', serif;\">I<\/span>mportant Notes:<\/h3>\n<p>The individual must have a genuine desire to heal. It\u2019s not enough for their family members to want it.<\/p>\n<\/div><\/div><\/div><\/div><div class=\"wpb_column vc_column_container\"><div class=\"vc_column-inner\"><\/div><\/div><\/div><\/div><\/section><section class=\"l-section wpb_row height_small\"><div class=\"l-section-h i-cf\"><div class=\"g-cols vc_row via_grid cols_2 laptops-cols_inherit tablets-cols_inherit mobiles-cols_1 valign_top type_default stacking_default\"><div class=\"wpb_column vc_column_container\"><div class=\"vc_column-inner\"><div class=\"wpb_text_column\"><div class=\"wpb_wrapper\"><h3><strong><span style=\"font-size: 3em; font-weight: bold; font-family: 'Gwendolyn', serif;\">S<\/span>ession Details<\/strong>:<\/h3>\n<ul>\n<li><strong>Duration<\/strong>: 1 hour, conducted online.<\/li>\n<li><strong>Recording<\/strong>: The session is recorded and sent to you. In some cases, listening to the session multiple times is recommended to process and internalize the insights. Each time you revisit it, you may discover something new.<\/li>\n<li><strong>Facilitators<\/strong>: Conducted together with Erika Giniotis.<\/li>\n<li><strong>Price<\/strong>: Starting from <strong>\u20ac251<\/strong> per session.<\/li>\n<\/ul>\n<p>If you believe an individual session is right for you, submit your request. We will contact you to outline the next steps.<\/p>\n<\/div><\/div><div class=\"w-btn-wrapper align_none\"><a class=\"w-btn us-btn-style_1\" href=\"#\"><span class=\"w-btn-label\">Request<\/span><\/a><\/div><\/div><\/div><div class=\"wpb_column vc_column_container\"><div class=\"vc_column-inner\"><div class=\"wpb_text_column\"><div class=\"wpb_wrapper\"><h3><strong><span style=\"font-size: 3em; font-weight: bold; font-family: 'Gwendolyn', serif;\">P<\/span>ersonal Consultation<\/strong><\/h3>\n<p>A personal consultation is a one-hour or half-hour conversation without meditations or healing. This is ideal if you have a specific question and need clarity, guidance, confirmation, or an external perspective.<\/p>\n<p>If you\u2019ve already used your <strong>15-minute free consultation<\/strong>, you can book a personal consultation.<\/p>\n<ul>\n<li><strong>Price<\/strong>: \u20ac111 for 1 hour, \u20ac60 for 30 minutes.<\/li>\n<li><strong>Registration<\/strong>: Book your consultation <a href=\"#\" rel=\"noopener\"><span>here<\/span><\/a>.<\/li>\n<\/ul>\n<\/div><\/div><div class=\"w-btn-wrapper align_none\"><a class=\"w-btn us-btn-style_1\" href=\"#\"><span class=\"w-btn-label\">Request<\/span><\/a><\/div><\/div><\/div><\/div><\/div><\/section><section class=\"l-section wpb_row height_small\"><div class=\"l-section-h i-cf\"><div class=\"g-cols vc_row via_grid cols_1 laptops-cols_inherit tablets-cols_inherit mobiles-cols_1 valign_top type_default stacking_default\"><div class=\"wpb_column vc_column_container\"><div class=\"vc_column-inner\"><div class=\"wpb_text_column\"><div class=\"wpb_wrapper\"><h3 style=\"text-align: center;\"><span style=\"font-size: 3em; font-weight: bold; font-family: 'Gwendolyn', serif;\">T<\/span>opics We Address<\/h3>\n<\/div><\/div><\/div><\/div><\/div><\/div><\/section><section class=\"l-section wpb_row height_small\"><div class=\"l-section-h i-cf\"><div class=\"g-cols vc_row via_grid cols_2 laptops-cols_inherit tablets-cols_inherit mobiles-cols_1 valign_top type_default stacking_default\"><div class=\"wpb_column vc_column_container\"><div class=\"vc_column-inner\"><div class=\"wpb_text_column\"><div class=\"wpb_wrapper\"><ul>\n<li style=\"font-weight: 400;\" aria-level=\"1\"><b>Relationships<\/b><span style=\"font-weight: 400;\">: Toxic patterns, recurring issues in personal or professional relationships.<\/span><\/li>\n<li style=\"font-weight: 400;\" aria-level=\"1\"><b>Children<\/b><span style=\"font-weight: 400;\">: Health issues, conflicts, relationship challenges.<\/span><\/li>\n<li style=\"font-weight: 400;\" aria-level=\"1\"><b>Loss and Grief<\/b><span style=\"font-weight: 400;\">: Healing after the loss of children, relationships, pets, and more.<\/span><\/li>\n<li style=\"font-weight: 400;\" aria-level=\"1\"><b>Infertility<\/b><span style=\"font-weight: 400;\">: Consequences of miscarriages and abortions.<\/span><\/li>\n<li style=\"font-weight: 400;\" aria-level=\"1\"><b>Pregnancy<\/b><span style=\"font-weight: 400;\">: Morning sickness, psychic attacks, postpartum depression.<\/span><\/li>\n<li style=\"font-weight: 400;\" aria-level=\"1\"><b>Health Issues<\/b><span style=\"font-weight: 400;\">: Diseases, traumas, physical ailments, pain.<\/span><\/li>\n<li style=\"font-weight: 400;\" aria-level=\"1\"><b>Chronic Conditions<\/b><span style=\"font-weight: 400;\">: Hypertension, arrhythmia, diabetes, etc.<\/span><\/li>\n<li style=\"font-weight: 400;\" aria-level=\"1\"><b>Root Causes of Illnesses<\/b><span style=\"font-weight: 400;\">: Identifying and resolving the underlying causes.<\/span><\/li>\n<li style=\"font-weight: 400;\" aria-level=\"1\"><b>Weight Programs<\/b><span style=\"font-weight: 400;\">: Emotional eating or avoidance of food.<\/span><\/li>\n<li style=\"font-weight: 400;\" aria-level=\"1\"><b>Emotional Trauma<\/b><span style=\"font-weight: 400;\">: Healing from past traumas and their effects.<\/span><\/li>\n<li style=\"font-weight: 400;\" aria-level=\"1\"><b>Fears and Phobias<\/b><span style=\"font-weight: 400;\">: Including panic attacks, stuttering, tics, and more.<\/span><\/li>\n<li style=\"font-weight: 400;\" aria-level=\"1\"><b>Anxiety and Obsessive Thoughts<\/b><span style=\"font-weight: 400;\">: Overcoming panic and intrusive thoughts.<\/span><\/li>\n<\/ul>\n<\/div><\/div><\/div><\/div><div class=\"wpb_column vc_column_container\"><div class=\"vc_column-inner\"><div class=\"wpb_text_column\"><div class=\"wpb_wrapper\"><ul>\n<li style=\"font-weight: 400;\" aria-level=\"1\"><b>Emotional States<\/b><span style=\"font-weight: 400;\">: Guilt, shame, anger, and other challenges.<\/span><\/li>\n<li style=\"font-weight: 400;\" aria-level=\"1\"><b>Depression and Low Energy<\/b><span style=\"font-weight: 400;\">: Addressing apathy and energy depletion.<\/span><\/li>\n<li style=\"font-weight: 400;\" aria-level=\"1\"><b>OCD (Obsessive-Compulsive Disorder)<\/b><\/li>\n<li style=\"font-weight: 400;\" aria-level=\"1\"><b>Hormonal Issues<\/b><span style=\"font-weight: 400;\">: Migraines, PMS, menopause symptoms.<\/span><\/li>\n<li style=\"font-weight: 400;\" aria-level=\"1\"><b>Allergies<\/b><span style=\"font-weight: 400;\">: Food, environmental, and other types.<\/span><\/li>\n<li style=\"font-weight: 400;\" aria-level=\"1\"><b>Addictions<\/b><span style=\"font-weight: 400;\">: Smoking, alcohol, relationships, pain, medications, etc.<\/span><\/li>\n<li style=\"font-weight: 400;\" aria-level=\"1\"><b>Living with Addiction<\/b><span style=\"font-weight: 400;\">: Support for those around addicted individuals.<\/span><\/li>\n<li style=\"font-weight: 400;\" aria-level=\"1\"><b>Self-Realization<\/b><span style=\"font-weight: 400;\">: Finding your calling and life\u2019s purpose.<\/span><\/li>\n<li style=\"font-weight: 400;\" aria-level=\"1\"><b>Stress and Imbalance<\/b><span style=\"font-weight: 400;\">: Addressing a chaotic lifestyle.<\/span><\/li>\n<li style=\"font-weight: 400;\" aria-level=\"1\"><b>Energetic Cleansing<\/b><span style=\"font-weight: 400;\">: Removing curses, possessions, evil eyes, magic, and their effects.<\/span><\/li>\n<li style=\"font-weight: 400;\" aria-level=\"1\"><b>Karma<\/b><span style=\"font-weight: 400;\">: Ancestral and past life karmic patterns.<\/span><\/li>\n<\/ul>\n<p><b>Business Failures<\/b><span style=\"font-weight: 400;\">: Psychological, subconscious, emotional, and spiritual reasons behind bankruptcies or professional setbacks, and how to overcome them.<\/span><\/p>\n<\/div><\/div><\/div><\/div><\/div><\/div><\/section><section class=\"l-section wpb_row height_small\"><div class=\"l-section-h i-cf\"><div class=\"g-cols vc_row via_grid cols_1-4-1 laptops-cols_inherit tablets-cols_inherit mobiles-cols_1 valign_top type_default stacking_default\"><div class=\"wpb_column vc_column_container\"><div class=\"vc_column-inner\"><\/div><\/div><div class=\"wpb_column vc_column_container\"><div class=\"vc_column-inner\"><div class=\"wpb_text_column\"><div class=\"wpb_wrapper\"><blockquote>\n<p><em><span style=\"font-weight: 400;\">If your specific concern is not listed, feel free to contact us. We\u2019ll assess your situation and let you know how we can help.<\/span><\/em><\/p>\n<\/blockquote>\n<\/div><\/div><\/div><\/div><div class=\"wpb_column vc_column_container\"><div class=\"vc_column-inner\"><\/div><\/div><\/div><\/div><\/section>\n","protected":false},"excerpt":{"rendered":"One-on-One Sessions: Unlock Your Potential and Heal from Within What is an individual session? Currently, individual sessions are conducted by Indre Asada and Erika Giniotis together. Erika has an extraordinary ability to quickly sense and diagnose the root causes of problems, even those deeply buried in the subconscious. This accelerates the healing process, enabling deep...","protected":false},"author":1,"featured_media":0,"parent":0,"menu_order":0,"comment_status":"closed","ping_status":"closed","template":"","meta":{"_acf_changed":false,"footnotes":""},"class_list":["post-14977","page","type-page","status-publish","hentry"],"acf":[],"yoast_head":"<!-- This site is optimized with the Yoast SEO Premium plugin v27.3 (Yoast SEO v27.3) - https:\/\/yoast.com\/product\/yoast-seo-premium-wordpress\/ -->\n<title>Individual session - Indre Asada<\/title>\n<meta name=\"description\" content=\"Pasinerkite \u012f gilumin\u012f gydym\u0105 per individualias sesijas. Spr\u0119skite santyki\u0173, sveikatos, emocini\u0173 traum\u0173 problemas ir dar daugiau su specialist\u0173 pagalba.\" \/>\n<meta name=\"robots\" content=\"index, follow, max-snippet:-1, max-image-preview:large, max-video-preview:-1\" \/>\n<link rel=\"canonical\" href=\"https:\/\/indreasada.com\/ru\/individual-session\/\" \/>\n<meta property=\"og:locale\" content=\"ru_RU\" \/>\n<meta property=\"og:type\" content=\"article\" \/>\n<meta property=\"og:title\" content=\"Individual session\" \/>\n<meta property=\"og:description\" content=\"Pasinerkite \u012f gilumin\u012f gydym\u0105 per individualias sesijas. Spr\u0119skite santyki\u0173, sveikatos, emocini\u0173 traum\u0173 problemas ir dar daugiau su specialist\u0173 pagalba.\" \/>\n<meta property=\"og:url\" content=\"https:\/\/indreasada.com\/ru\/individual-session\/\" \/>\n<meta property=\"og:site_name\" content=\"Indre Asada\" \/>\n<meta property=\"article:publisher\" content=\"https:\/\/www.facebook.com\/asada.indre\/\" \/>\n<meta property=\"article:modified_time\" content=\"2025-01-09T14:20:08+00:00\" \/>\n<meta name=\"twitter:card\" content=\"summary_large_image\" \/>\n<meta name=\"twitter:label1\" content=\"\u041f\u0440\u0438\u043c\u0435\u0440\u043d\u043e\u0435 \u0432\u0440\u0435\u043c\u044f \u0434\u043b\u044f \u0447\u0442\u0435\u043d\u0438\u044f\" \/>\n\t<meta name=\"twitter:data1\" content=\"3 \u043c\u0438\u043d\u0443\u0442\u044b\" \/>\n<script type=\"application\/ld+json\" class=\"yoast-schema-graph\">{\"@context\":\"https:\\\/\\\/schema.org\",\"@graph\":[{\"@type\":\"WebPage\",\"@id\":\"https:\\\/\\\/indreasada.com\\\/ru\\\/individual-session\\\/\",\"url\":\"https:\\\/\\\/indreasada.com\\\/ru\\\/individual-session\\\/\",\"name\":\"Individual session - Indre Asada\",\"isPartOf\":{\"@id\":\"https:\\\/\\\/indreasada.com\\\/ru\\\/#website\"},\"datePublished\":\"2024-10-29T16:49:25+00:00\",\"dateModified\":\"2025-01-09T14:20:08+00:00\",\"description\":\"Pasinerkite \u012f gilumin\u012f gydym\u0105 per individualias sesijas. Spr\u0119skite santyki\u0173, sveikatos, emocini\u0173 traum\u0173 problemas ir dar daugiau su specialist\u0173 pagalba.\",\"breadcrumb\":{\"@id\":\"https:\\\/\\\/indreasada.com\\\/ru\\\/individual-session\\\/#breadcrumb\"},\"inLanguage\":\"ru-RU\",\"potentialAction\":[{\"@type\":\"ReadAction\",\"target\":[\"https:\\\/\\\/indreasada.com\\\/ru\\\/individual-session\\\/\"]}]},{\"@type\":\"BreadcrumbList\",\"@id\":\"https:\\\/\\\/indreasada.com\\\/ru\\\/individual-session\\\/#breadcrumb\",\"itemListElement\":[{\"@type\":\"ListItem\",\"position\":1,\"name\":\"Home\",\"item\":\"https:\\\/\\\/indreasada.com\\\/ru\\\/pradekite-savo-kelione\\\/\"},{\"@type\":\"ListItem\",\"position\":2,\"name\":\"Individual session\"}]},{\"@type\":\"WebSite\",\"@id\":\"https:\\\/\\\/indreasada.com\\\/ru\\\/#website\",\"url\":\"https:\\\/\\\/indreasada.com\\\/ru\\\/\",\"name\":\"Staging Indre Asada\",\"description\":\"Holistic Healing for Mind, Body, and Soul\",\"publisher\":{\"@id\":\"https:\\\/\\\/indreasada.com\\\/ru\\\/#organization\"},\"potentialAction\":[{\"@type\":\"SearchAction\",\"target\":{\"@type\":\"EntryPoint\",\"urlTemplate\":\"https:\\\/\\\/indreasada.com\\\/ru\\\/?s={search_term_string}\"},\"query-input\":{\"@type\":\"PropertyValueSpecification\",\"valueRequired\":true,\"valueName\":\"search_term_string\"}}],\"inLanguage\":\"ru-RU\"},{\"@type\":\"Organization\",\"@id\":\"https:\\\/\\\/indreasada.com\\\/ru\\\/#organization\",\"name\":\"Indre Asada\",\"url\":\"https:\\\/\\\/indreasada.com\\\/ru\\\/\",\"logo\":{\"@type\":\"ImageObject\",\"inLanguage\":\"ru-RU\",\"@id\":\"https:\\\/\\\/indreasada.com\\\/ru\\\/#\\\/schema\\\/logo\\\/image\\\/\",\"url\":\"\",\"contentUrl\":\"\",\"caption\":\"Indre Asada\"},\"image\":{\"@id\":\"https:\\\/\\\/indreasada.com\\\/ru\\\/#\\\/schema\\\/logo\\\/image\\\/\"},\"sameAs\":[\"https:\\\/\\\/www.facebook.com\\\/asada.indre\\\/\",\"https:\\\/\\\/www.youtube.com\\\/channel\\\/UCDLmKiMAxLtSrl12ddsQMqA\",\"https:\\\/\\\/t.me\\\/indreasadabendravimas\",\"https:\\\/\\\/www.instagram.com\\\/indreasada\\\/\"]}]}<\/script>\n<!-- \/ Yoast SEO Premium plugin. -->","yoast_head_json":{"title":"Individual session - Indre Asada","description":"Pasinerkite \u012f gilumin\u012f gydym\u0105 per individualias sesijas. Spr\u0119skite santyki\u0173, sveikatos, emocini\u0173 traum\u0173 problemas ir dar daugiau su specialist\u0173 pagalba.","robots":{"index":"index","follow":"follow","max-snippet":"max-snippet:-1","max-image-preview":"max-image-preview:large","max-video-preview":"max-video-preview:-1"},"canonical":"https:\/\/indreasada.com\/ru\/individual-session\/","og_locale":"ru_RU","og_type":"article","og_title":"Individual session","og_description":"Pasinerkite \u012f gilumin\u012f gydym\u0105 per individualias sesijas. Spr\u0119skite santyki\u0173, sveikatos, emocini\u0173 traum\u0173 problemas ir dar daugiau su specialist\u0173 pagalba.","og_url":"https:\/\/indreasada.com\/ru\/individual-session\/","og_site_name":"Indre Asada","article_publisher":"https:\/\/www.facebook.com\/asada.indre\/","article_modified_time":"2025-01-09T14:20:08+00:00","twitter_card":"summary_large_image","twitter_misc":{"\u041f\u0440\u0438\u043c\u0435\u0440\u043d\u043e\u0435 \u0432\u0440\u0435\u043c\u044f \u0434\u043b\u044f \u0447\u0442\u0435\u043d\u0438\u044f":"3 \u043c\u0438\u043d\u0443\u0442\u044b"},"schema":{"@context":"https:\/\/schema.org","@graph":[{"@type":"WebPage","@id":"https:\/\/indreasada.com\/ru\/individual-session\/","url":"https:\/\/indreasada.com\/ru\/individual-session\/","name":"Individual session - Indre Asada","isPartOf":{"@id":"https:\/\/indreasada.com\/ru\/#website"},"datePublished":"2024-10-29T16:49:25+00:00","dateModified":"2025-01-09T14:20:08+00:00","description":"Pasinerkite \u012f gilumin\u012f gydym\u0105 per individualias sesijas. Spr\u0119skite santyki\u0173, sveikatos, emocini\u0173 traum\u0173 problemas ir dar daugiau su specialist\u0173 pagalba.","breadcrumb":{"@id":"https:\/\/indreasada.com\/ru\/individual-session\/#breadcrumb"},"inLanguage":"ru-RU","potentialAction":[{"@type":"ReadAction","target":["https:\/\/indreasada.com\/ru\/individual-session\/"]}]},{"@type":"BreadcrumbList","@id":"https:\/\/indreasada.com\/ru\/individual-session\/#breadcrumb","itemListElement":[{"@type":"ListItem","position":1,"name":"Home","item":"https:\/\/indreasada.com\/ru\/pradekite-savo-kelione\/"},{"@type":"ListItem","position":2,"name":"Individual session"}]},{"@type":"WebSite","@id":"https:\/\/indreasada.com\/ru\/#website","url":"https:\/\/indreasada.com\/ru\/","name":"Staging Indre Asada","description":"Holistic Healing for Mind, Body, and Soul","publisher":{"@id":"https:\/\/indreasada.com\/ru\/#organization"},"potentialAction":[{"@type":"SearchAction","target":{"@type":"EntryPoint","urlTemplate":"https:\/\/indreasada.com\/ru\/?s={search_term_string}"},"query-input":{"@type":"PropertyValueSpecification","valueRequired":true,"valueName":"search_term_string"}}],"inLanguage":"ru-RU"},{"@type":"Organization","@id":"https:\/\/indreasada.com\/ru\/#organization","name":"Indre Asada","url":"https:\/\/indreasada.com\/ru\/","logo":{"@type":"ImageObject","inLanguage":"ru-RU","@id":"https:\/\/indreasada.com\/ru\/#\/schema\/logo\/image\/","url":"","contentUrl":"","caption":"Indre Asada"},"image":{"@id":"https:\/\/indreasada.com\/ru\/#\/schema\/logo\/image\/"},"sameAs":["https:\/\/www.facebook.com\/asada.indre\/","https:\/\/www.youtube.com\/channel\/UCDLmKiMAxLtSrl12ddsQMqA","https:\/\/t.me\/indreasadabendravimas","https:\/\/www.instagram.com\/indreasada\/"]}]}},"jetpack_sharing_enabled":true,"_links":{"self":[{"href":"https:\/\/indreasada.com\/ru\/wp-json\/wp\/v2\/pages\/14977","targetHints":{"allow":["GET"]}}],"collection":[{"href":"https:\/\/indreasada.com\/ru\/wp-json\/wp\/v2\/pages"}],"about":[{"href":"https:\/\/indreasada.com\/ru\/wp-json\/wp\/v2\/types\/page"}],"author":[{"embeddable":true,"href":"https:\/\/indreasada.com\/ru\/wp-json\/wp\/v2\/users\/1"}],"replies":[{"embeddable":true,"href":"https:\/\/indreasada.com\/ru\/wp-json\/wp\/v2\/comments?post=14977"}],"version-history":[{"count":0,"href":"https:\/\/indreasada.com\/ru\/wp-json\/wp\/v2\/pages\/14977\/revisions"}],"wp:attachment":[{"href":"https:\/\/indreasada.com\/ru\/wp-json\/wp\/v2\/media?parent=14977"}],"curies":[{"name":"wp","href":"https:\/\/api.w.org\/{rel}","templated":true}]}}