{"id":22475,"date":"2025-09-14T14:45:09","date_gmt":"2025-09-14T11:45:09","guid":{"rendered":"https:\/\/indreasada.com\/?page_id=22475"},"modified":"2025-09-14T14:53:59","modified_gmt":"2025-09-14T11:53:59","slug":"blagodarnost-i-podderzka","status":"publish","type":"page","link":"https:\/\/indreasada.com\/ru\/blagodarnost-i-podderzka\/","title":{"rendered":"\u0411\u043b\u0430\u0433\u043e\u0434\u0430\u0440\u043d\u043e\u0441\u0442\u044c \u0438 \u043f\u043e\u0434\u0434\u0435\u0440\u0436\u043a\u0430"},"content":{"rendered":"<section class=\"l-section wpb_row height_medium with_img\"><div class=\"l-section-img\" role=\"img\" aria-label=\"Home Page Indre Asada Header\" data-img-width=\"1732\" data-img-height=\"529\" style=\"background-image: url(https:\/\/indreasada.com\/wp-content\/uploads\/2024\/11\/1-1.jpg);\"><\/div><div class=\"l-section-h i-cf\"><div class=\"g-cols vc_row via_grid cols_1 laptops-cols_inherit tablets-cols_inherit mobiles-cols_1 valign_top type_default stacking_default\"><div class=\"wpb_column vc_column_container\"><div class=\"vc_column-inner\"><div class=\"wpb_text_column us_custom_0068b94e has_text_color\"><div class=\"wpb_wrapper\"><h1 style=\"text-align: center;\">Light contributers<\/h1>\n<\/div><\/div><\/div><\/div><\/div><\/div><\/section><section class=\"l-section wpb_row height_small\"><div class=\"l-section-h i-cf\"><div class=\"g-cols vc_row via_grid cols_2-1 laptops-cols_inherit tablets-cols_inherit mobiles-cols_1 valign_top type_default stacking_default\"><div class=\"wpb_column vc_column_container\"><div class=\"vc_column-inner\"><div class=\"wpb_text_column\"><div class=\"wpb_wrapper\"><h3><span style=\"font-size: 3em; font-weight: bold; font-family: 'Gwendolyn', serif;\">D<\/span><strong data-start=\"415\" data-end=\"459\">aug \u0161viesos ir meil\u0117s tavo pasirinkimui<\/strong><\/h3>\n<div id=\"model-response-message-contentr_8d769cd5bdaf919a\" class=\"markdown markdown-main-panel enable-updated-hr-color\" dir=\"ltr\">\n<div>\n<p data-start=\"466\" data-end=\"634\">Tavo sprendimas dalintis \u0161viesa \u2013 tai kur kas daugiau nei pad\u0117ka ar parama. Tai tavo \u0161irdies intencija, kuri pasiekia sielas, klaid\u017eiojan\u010dias tamsoje ir ie\u0161kan\u010dias pagalbos.<\/p>\n<p data-start=\"641\" data-end=\"818\">Tavo pasirinkimas prisid\u0117ti prie \u0161viesos darbo gali tapti raktu ne tik \u012f tavo artim\u0173j\u0173 \u0161irdis. Jis taip pat atveria tavo paties \u0161ird\u012f gausai, pri\u0117mimui ir prasmingam buvimui.<\/p>\n<p data-start=\"825\" data-end=\"907\">D\u0117kojame tau u\u017e tai, kad padedi skleisti \u0161vies\u0105, s\u0105moningum\u0105 ir meil\u0119 visame pasaulyje. Kiekvienas veiksmas, kylantis i\u0161 \u0161irdies, yra tavo ind\u0117lis \u012f geresn\u012f pasaul\u012f.<\/p>\n<\/div>\n<\/div>\n<\/div><\/div><\/div><\/div><div class=\"wpb_column vc_column_container\"><div class=\"vc_column-inner\"><div data-us-scroll=\"{&quot;from_initial_position&quot;:&quot;0&quot;,&quot;start_position&quot;:&quot;0%&quot;,&quot;end_position&quot;:&quot;100%&quot;,&quot;delay&quot;:&quot;0.1s&quot;,&quot;opacity_direction&quot;:&quot;out-in&quot;}\" class=\"w-image hide_on_tablets hide_on_mobiles has_scroll_effects has_opacity align_center\"><div class=\"w-image-h\"><img decoding=\"async\" width=\"467\" height=\"862\" src=\"https:\/\/indreasada.com\/wp-content\/uploads\/2024\/11\/ornamentas-4-1.png\" class=\"attachment-large size-large\" alt=\"\" loading=\"lazy\" srcset=\"https:\/\/indreasada.com\/wp-content\/uploads\/2024\/11\/ornamentas-4-1.png 467w, https:\/\/indreasada.com\/wp-content\/uploads\/2024\/11\/ornamentas-4-1-163x300.png 163w\" sizes=\"auto, (max-width: 467px) 100vw, 467px\" \/><\/div><\/div><\/div><\/div><\/div><\/div><\/section><section class=\"l-section wpb_row height_small\"><div class=\"l-section-overlay\" style=\"background:var(--color-background-indre-light)\"><\/div><div class=\"l-section-h i-cf\"><div class=\"g-cols vc_row via_grid cols_1-2 laptops-cols_inherit tablets-cols_inherit mobiles-cols_1 valign_top type_default stacking_default\"><div class=\"wpb_column vc_column_container\"><div class=\"vc_column-inner\"><div data-us-scroll=\"{&quot;from_initial_position&quot;:&quot;0&quot;,&quot;start_position&quot;:&quot;0%&quot;,&quot;end_position&quot;:&quot;100%&quot;,&quot;delay&quot;:&quot;0.1s&quot;,&quot;opacity_direction&quot;:&quot;out-in&quot;}\" class=\"w-image hide_on_tablets hide_on_mobiles has_scroll_effects has_opacity align_center\"><div class=\"w-image-h\"><img decoding=\"async\" width=\"466\" height=\"861\" src=\"https:\/\/indreasada.com\/wp-content\/uploads\/2024\/11\/ornamentas-1.png\" class=\"attachment-large size-large\" alt=\"\" loading=\"lazy\" srcset=\"https:\/\/indreasada.com\/wp-content\/uploads\/2024\/11\/ornamentas-1.png 466w, https:\/\/indreasada.com\/wp-content\/uploads\/2024\/11\/ornamentas-1-162x300.png 162w\" sizes=\"auto, (max-width: 466px) 100vw, 466px\" \/><\/div><\/div><\/div><\/div><div class=\"wpb_column vc_column_container\"><div class=\"vc_column-inner\"><div class=\"wpb_text_column\"><div class=\"wpb_wrapper\"><h3><span style=\"font-size: 3em; font-weight: bold; font-family: 'Gwendolyn', serif;\">T<\/span><b>avo pad\u0117ka ar parama padeda mums:<\/b><\/h3>\n<ul>\n<li><b>Kurti<\/b> saugias ir jaukias erdves transformacijai, gijimui ir s\u0105moningam augimui.<\/li>\n<li><b>Auginti<\/b> bendruomen\u0119, kurioje kiekvienas jau\u010diasi priimtas, matomas ir svarbus.<\/li>\n<li><b>Kurti<\/b> turin\u012f, kuris pasiekia, \u017eadina ir \u012fkvepia \u2013 tiek pradedan\u010dius, tiek tuos, kurie jau yra savo kelyje.<\/li>\n<li><b>I\u0161pl\u0117sti<\/b> misij\u0105, kad \u0161viesa sklist\u0173 trimis kalbomis ir pasiekt\u0173 dar daugiau siel\u0173.<\/li>\n<li><b>Dalintis<\/b> \u0161viesa per meditacijas, mokymus ir gyvus susitikimus \u012fvairiomis kalbomis.<\/li>\n<li><b>Sukurti<\/b> \u0161ird\u012f atverian\u010di\u0105 erdv\u0119 bendrystei, sielos poilsiui ir vidiniam augimui.<\/li>\n<\/ul>\n<\/div><\/div><\/div><\/div><\/div><\/div><\/section><section class=\"l-section wpb_row height_small\"><div class=\"l-section-overlay\" style=\"background:var(--color-background-indre-light)\"><\/div><div class=\"l-section-h i-cf\"><div class=\"g-cols vc_row via_grid cols_1-4-1 laptops-cols_inherit tablets-cols_inherit mobiles-cols_1 valign_top type_default stacking_default\"><div class=\"wpb_column vc_column_container\"><div class=\"vc_column-inner\"><\/div><\/div><div class=\"wpb_column vc_column_container\"><div class=\"vc_column-inner\"><div class=\"wpb_text_column us_custom_4a593b65 us_animate_this\"><div class=\"wpb_wrapper\"><h3><span style=\"font-size: 3em; font-weight: bold; font-family: 'Gwendolyn', serif;\">S<\/span>varbu<\/h3>\n<ol>\n<li style=\"font-weight: 400;\" aria-level=\"1\">\u017dmogus turi pats nor\u0117ti i\u0161sigydyti. Tai kad to nori artimieji, negana.<\/li>\n<li style=\"font-weight: 400;\" aria-level=\"1\">Jei problem\u0173 yra daug, geriau rinktis kursus. Juose yra viskas, ko reikia, norint spr\u0119sti \u012fvairias problemas nuosekliai ir giluminiai.<\/li>\n<\/ol>\n<\/div><\/div><\/div><\/div><div class=\"wpb_column vc_column_container\"><div class=\"vc_column-inner\"><\/div><\/div><\/div><\/div><\/section><section class=\"l-section wpb_row height_small\"><div class=\"l-section-h i-cf\"><div class=\"g-cols vc_row via_grid cols_1-4-1 laptops-cols_inherit tablets-cols_inherit mobiles-cols_1 valign_top type_default stacking_default\"><div class=\"wpb_column vc_column_container\"><div class=\"vc_column-inner\"><div class=\"w-image align_center\"><div class=\"w-image-h\"><img decoding=\"async\" width=\"584\" height=\"405\" src=\"https:\/\/indreasada.com\/wp-content\/uploads\/2024\/11\/10.png\" class=\"attachment-large size-large\" alt=\"\" loading=\"lazy\" srcset=\"https:\/\/indreasada.com\/wp-content\/uploads\/2024\/11\/10.png 584w, https:\/\/indreasada.com\/wp-content\/uploads\/2024\/11\/10-300x208.png 300w\" sizes=\"auto, (max-width: 584px) 100vw, 584px\" \/><\/div><\/div><\/div><\/div><div class=\"wpb_column vc_column_container\"><div class=\"vc_column-inner\"><div class=\"wpb_text_column\"><div class=\"wpb_wrapper\"><blockquote>\n<p style=\"text-align: center;\"><em>Daug \u0161viesos ir meil\u0117s tau, teb\u016bna tau atlyginta daugiariopai pagal tavo \u0161ird\u012f.<\/em><\/p>\n<\/blockquote>\n<h3><\/h3>\n<\/div><\/div><div class=\"w-btn-wrapper align_center\"><a class=\"w-btn us-btn-style_1 us_custom_eb849559 popmake-10426\" href=\"\/lt\/kontaktai\/\"><span class=\"w-btn-label\">Susisiekti<\/span><\/a><\/div><\/div><\/div><div class=\"wpb_column vc_column_container\"><div class=\"vc_column-inner\"><div data-us-scroll=\"{&quot;from_initial_position&quot;:&quot;0&quot;,&quot;start_position&quot;:&quot;0%&quot;,&quot;end_position&quot;:&quot;100%&quot;,&quot;delay&quot;:&quot;0.1s&quot;,&quot;opacity_direction&quot;:&quot;out-in&quot;}\" class=\"w-image hide_on_tablets hide_on_mobiles has_scroll_effects has_opacity align_center\"><div class=\"w-image-h\"><img decoding=\"async\" width=\"862\" height=\"467\" src=\"https:\/\/indreasada.com\/wp-content\/uploads\/2024\/11\/3.png\" class=\"attachment-large size-large\" alt=\"\" loading=\"lazy\" srcset=\"https:\/\/indreasada.com\/wp-content\/uploads\/2024\/11\/3.png 862w, https:\/\/indreasada.com\/wp-content\/uploads\/2024\/11\/3-300x163.png 300w, https:\/\/indreasada.com\/wp-content\/uploads\/2024\/11\/3-600x325.png 600w\" sizes=\"auto, (max-width: 862px) 100vw, 862px\" \/><\/div><\/div><\/div><\/div><\/div><\/div><\/section><section class=\"l-section wpb_row height_small with_img\"><div class=\"l-section-img\" role=\"img\" aria-label=\"Bottom image Indre Asada services\" data-img-width=\"1440\" data-img-height=\"169\" style=\"background-image: url(https:\/\/indreasada.com\/wp-content\/uploads\/2024\/11\/3.jpg);\"><\/div><div class=\"l-section-h i-cf\"><div class=\"g-cols vc_row via_grid cols_1 laptops-cols_inherit tablets-cols_inherit mobiles-cols_1 valign_top type_default stacking_default\"><div class=\"wpb_column vc_column_container\"><div class=\"vc_column-inner\"><\/div><\/div><\/div><\/div><\/section>\n","protected":false},"excerpt":{"rendered":"Light contributers Daug \u0161viesos ir meil\u0117s tavo pasirinkimui Tavo sprendimas dalintis \u0161viesa \u2013 tai kur kas daugiau nei pad\u0117ka ar parama. Tai tavo \u0161irdies intencija, kuri pasiekia sielas, klaid\u017eiojan\u010dias tamsoje ir ie\u0161kan\u010dias pagalbos. Tavo pasirinkimas prisid\u0117ti prie \u0161viesos darbo gali tapti raktu ne tik \u012f tavo artim\u0173j\u0173 \u0161irdis. Jis taip pat atveria tavo paties \u0161ird\u012f...","protected":false},"author":1,"featured_media":0,"parent":0,"menu_order":0,"comment_status":"closed","ping_status":"closed","template":"","meta":{"_acf_changed":false,"footnotes":""},"class_list":["post-22475","page","type-page","status-publish","hentry"],"acf":[],"yoast_head":"<!-- This site is optimized with the Yoast SEO Premium plugin v27.3 (Yoast SEO v27.3) - https:\/\/yoast.com\/product\/yoast-seo-premium-wordpress\/ -->\n<title>\u0411\u043b\u0430\u0433\u043e\u0434\u0430\u0440\u043d\u043e\u0441\u0442\u044c \u0438 \u043f\u043e\u0434\u0434\u0435\u0440\u0436\u043a\u0430 - Indre Asada<\/title>\n<meta name=\"robots\" content=\"index, follow, max-snippet:-1, max-image-preview:large, max-video-preview:-1\" \/>\n<link rel=\"canonical\" href=\"https:\/\/indreasada.com\/ru\/blagodarnost-i-podderzka\/\" \/>\n<meta property=\"og:locale\" content=\"ru_RU\" \/>\n<meta property=\"og:type\" content=\"article\" \/>\n<meta property=\"og:title\" content=\"\u0411\u043b\u0430\u0433\u043e\u0434\u0430\u0440\u043d\u043e\u0441\u0442\u044c \u0438 \u043f\u043e\u0434\u0434\u0435\u0440\u0436\u043a\u0430\" \/>\n<meta property=\"og:url\" content=\"https:\/\/indreasada.com\/ru\/blagodarnost-i-podderzka\/\" \/>\n<meta property=\"og:site_name\" content=\"Indre Asada\" \/>\n<meta property=\"article:publisher\" content=\"https:\/\/www.facebook.com\/asada.indre\/\" \/>\n<meta property=\"article:modified_time\" content=\"2025-09-14T11:53:59+00:00\" \/>\n<meta name=\"twitter:card\" content=\"summary_large_image\" \/>\n<meta name=\"twitter:label1\" content=\"\u041f\u0440\u0438\u043c\u0435\u0440\u043d\u043e\u0435 \u0432\u0440\u0435\u043c\u044f \u0434\u043b\u044f \u0447\u0442\u0435\u043d\u0438\u044f\" \/>\n\t<meta name=\"twitter:data1\" content=\"2 \u043c\u0438\u043d\u0443\u0442\u044b\" \/>\n<script type=\"application\/ld+json\" class=\"yoast-schema-graph\">{\"@context\":\"https:\\\/\\\/schema.org\",\"@graph\":[{\"@type\":\"WebPage\",\"@id\":\"https:\\\/\\\/indreasada.com\\\/ru\\\/blagodarnost-i-podderzka\\\/\",\"url\":\"https:\\\/\\\/indreasada.com\\\/ru\\\/blagodarnost-i-podderzka\\\/\",\"name\":\"\u0411\u043b\u0430\u0433\u043e\u0434\u0430\u0440\u043d\u043e\u0441\u0442\u044c \u0438 \u043f\u043e\u0434\u0434\u0435\u0440\u0436\u043a\u0430 - Indre Asada\",\"isPartOf\":{\"@id\":\"https:\\\/\\\/indreasada.com\\\/ru\\\/#website\"},\"datePublished\":\"2025-09-14T11:45:09+00:00\",\"dateModified\":\"2025-09-14T11:53:59+00:00\",\"breadcrumb\":{\"@id\":\"https:\\\/\\\/indreasada.com\\\/ru\\\/blagodarnost-i-podderzka\\\/#breadcrumb\"},\"inLanguage\":\"ru-RU\",\"potentialAction\":[{\"@type\":\"ReadAction\",\"target\":[\"https:\\\/\\\/indreasada.com\\\/ru\\\/blagodarnost-i-podderzka\\\/\"]}]},{\"@type\":\"BreadcrumbList\",\"@id\":\"https:\\\/\\\/indreasada.com\\\/ru\\\/blagodarnost-i-podderzka\\\/#breadcrumb\",\"itemListElement\":[{\"@type\":\"ListItem\",\"position\":1,\"name\":\"Home\",\"item\":\"https:\\\/\\\/indreasada.com\\\/ru\\\/pradekite-savo-kelione\\\/\"},{\"@type\":\"ListItem\",\"position\":2,\"name\":\"\u0411\u043b\u0430\u0433\u043e\u0434\u0430\u0440\u043d\u043e\u0441\u0442\u044c \u0438 \u043f\u043e\u0434\u0434\u0435\u0440\u0436\u043a\u0430\"}]},{\"@type\":\"WebSite\",\"@id\":\"https:\\\/\\\/indreasada.com\\\/ru\\\/#website\",\"url\":\"https:\\\/\\\/indreasada.com\\\/ru\\\/\",\"name\":\"Staging Indre Asada\",\"description\":\"Holistic Healing for Mind, Body, and Soul\",\"publisher\":{\"@id\":\"https:\\\/\\\/indreasada.com\\\/ru\\\/#organization\"},\"potentialAction\":[{\"@type\":\"SearchAction\",\"target\":{\"@type\":\"EntryPoint\",\"urlTemplate\":\"https:\\\/\\\/indreasada.com\\\/ru\\\/?s={search_term_string}\"},\"query-input\":{\"@type\":\"PropertyValueSpecification\",\"valueRequired\":true,\"valueName\":\"search_term_string\"}}],\"inLanguage\":\"ru-RU\"},{\"@type\":\"Organization\",\"@id\":\"https:\\\/\\\/indreasada.com\\\/ru\\\/#organization\",\"name\":\"Indre Asada\",\"url\":\"https:\\\/\\\/indreasada.com\\\/ru\\\/\",\"logo\":{\"@type\":\"ImageObject\",\"inLanguage\":\"ru-RU\",\"@id\":\"https:\\\/\\\/indreasada.com\\\/ru\\\/#\\\/schema\\\/logo\\\/image\\\/\",\"url\":\"\",\"contentUrl\":\"\",\"caption\":\"Indre Asada\"},\"image\":{\"@id\":\"https:\\\/\\\/indreasada.com\\\/ru\\\/#\\\/schema\\\/logo\\\/image\\\/\"},\"sameAs\":[\"https:\\\/\\\/www.facebook.com\\\/asada.indre\\\/\",\"https:\\\/\\\/www.youtube.com\\\/channel\\\/UCDLmKiMAxLtSrl12ddsQMqA\",\"https:\\\/\\\/t.me\\\/indreasadabendravimas\",\"https:\\\/\\\/www.instagram.com\\\/indreasada\\\/\"]}]}<\/script>\n<!-- \/ Yoast SEO Premium plugin. -->","yoast_head_json":{"title":"\u0411\u043b\u0430\u0433\u043e\u0434\u0430\u0440\u043d\u043e\u0441\u0442\u044c \u0438 \u043f\u043e\u0434\u0434\u0435\u0440\u0436\u043a\u0430 - Indre Asada","robots":{"index":"index","follow":"follow","max-snippet":"max-snippet:-1","max-image-preview":"max-image-preview:large","max-video-preview":"max-video-preview:-1"},"canonical":"https:\/\/indreasada.com\/ru\/blagodarnost-i-podderzka\/","og_locale":"ru_RU","og_type":"article","og_title":"\u0411\u043b\u0430\u0433\u043e\u0434\u0430\u0440\u043d\u043e\u0441\u0442\u044c \u0438 \u043f\u043e\u0434\u0434\u0435\u0440\u0436\u043a\u0430","og_url":"https:\/\/indreasada.com\/ru\/blagodarnost-i-podderzka\/","og_site_name":"Indre Asada","article_publisher":"https:\/\/www.facebook.com\/asada.indre\/","article_modified_time":"2025-09-14T11:53:59+00:00","twitter_card":"summary_large_image","twitter_misc":{"\u041f\u0440\u0438\u043c\u0435\u0440\u043d\u043e\u0435 \u0432\u0440\u0435\u043c\u044f \u0434\u043b\u044f \u0447\u0442\u0435\u043d\u0438\u044f":"2 \u043c\u0438\u043d\u0443\u0442\u044b"},"schema":{"@context":"https:\/\/schema.org","@graph":[{"@type":"WebPage","@id":"https:\/\/indreasada.com\/ru\/blagodarnost-i-podderzka\/","url":"https:\/\/indreasada.com\/ru\/blagodarnost-i-podderzka\/","name":"\u0411\u043b\u0430\u0433\u043e\u0434\u0430\u0440\u043d\u043e\u0441\u0442\u044c \u0438 \u043f\u043e\u0434\u0434\u0435\u0440\u0436\u043a\u0430 - Indre Asada","isPartOf":{"@id":"https:\/\/indreasada.com\/ru\/#website"},"datePublished":"2025-09-14T11:45:09+00:00","dateModified":"2025-09-14T11:53:59+00:00","breadcrumb":{"@id":"https:\/\/indreasada.com\/ru\/blagodarnost-i-podderzka\/#breadcrumb"},"inLanguage":"ru-RU","potentialAction":[{"@type":"ReadAction","target":["https:\/\/indreasada.com\/ru\/blagodarnost-i-podderzka\/"]}]},{"@type":"BreadcrumbList","@id":"https:\/\/indreasada.com\/ru\/blagodarnost-i-podderzka\/#breadcrumb","itemListElement":[{"@type":"ListItem","position":1,"name":"Home","item":"https:\/\/indreasada.com\/ru\/pradekite-savo-kelione\/"},{"@type":"ListItem","position":2,"name":"\u0411\u043b\u0430\u0433\u043e\u0434\u0430\u0440\u043d\u043e\u0441\u0442\u044c \u0438 \u043f\u043e\u0434\u0434\u0435\u0440\u0436\u043a\u0430"}]},{"@type":"WebSite","@id":"https:\/\/indreasada.com\/ru\/#website","url":"https:\/\/indreasada.com\/ru\/","name":"Staging Indre Asada","description":"Holistic Healing for Mind, Body, and Soul","publisher":{"@id":"https:\/\/indreasada.com\/ru\/#organization"},"potentialAction":[{"@type":"SearchAction","target":{"@type":"EntryPoint","urlTemplate":"https:\/\/indreasada.com\/ru\/?s={search_term_string}"},"query-input":{"@type":"PropertyValueSpecification","valueRequired":true,"valueName":"search_term_string"}}],"inLanguage":"ru-RU"},{"@type":"Organization","@id":"https:\/\/indreasada.com\/ru\/#organization","name":"Indre Asada","url":"https:\/\/indreasada.com\/ru\/","logo":{"@type":"ImageObject","inLanguage":"ru-RU","@id":"https:\/\/indreasada.com\/ru\/#\/schema\/logo\/image\/","url":"","contentUrl":"","caption":"Indre Asada"},"image":{"@id":"https:\/\/indreasada.com\/ru\/#\/schema\/logo\/image\/"},"sameAs":["https:\/\/www.facebook.com\/asada.indre\/","https:\/\/www.youtube.com\/channel\/UCDLmKiMAxLtSrl12ddsQMqA","https:\/\/t.me\/indreasadabendravimas","https:\/\/www.instagram.com\/indreasada\/"]}]}},"jetpack_sharing_enabled":true,"_links":{"self":[{"href":"https:\/\/indreasada.com\/ru\/wp-json\/wp\/v2\/pages\/22475","targetHints":{"allow":["GET"]}}],"collection":[{"href":"https:\/\/indreasada.com\/ru\/wp-json\/wp\/v2\/pages"}],"about":[{"href":"https:\/\/indreasada.com\/ru\/wp-json\/wp\/v2\/types\/page"}],"author":[{"embeddable":true,"href":"https:\/\/indreasada.com\/ru\/wp-json\/wp\/v2\/users\/1"}],"replies":[{"embeddable":true,"href":"https:\/\/indreasada.com\/ru\/wp-json\/wp\/v2\/comments?post=22475"}],"version-history":[{"count":3,"href":"https:\/\/indreasada.com\/ru\/wp-json\/wp\/v2\/pages\/22475\/revisions"}],"predecessor-version":[{"id":22478,"href":"https:\/\/indreasada.com\/ru\/wp-json\/wp\/v2\/pages\/22475\/revisions\/22478"}],"wp:attachment":[{"href":"https:\/\/indreasada.com\/ru\/wp-json\/wp\/v2\/media?parent=22475"}],"curies":[{"name":"wp","href":"https:\/\/api.w.org\/{rel}","templated":true}]}}